{"id":3966,"date":"2019-01-13T10:00:44","date_gmt":"2019-01-13T09:00:44","guid":{"rendered":"http:\/\/www.cascinasancassiano.it\/web\/prodotto\/mirtilli-neri-sciroppati\/"},"modified":"2024-06-07T18:18:01","modified_gmt":"2024-06-07T16:18:01","slug":"mirtilli-neri-sciroppati","status":"publish","type":"product","link":"https:\/\/cascinasancassiano.com\/fr\/prodotto\/mirtilli-neri-sciroppati\/","title":{"rendered":"Myrtilles au sirop"},"content":{"rendered":"<p>Myrtilles tremp\u00e9es dans un sirop d&rsquo;eau et de sucre brun. Ils sont id\u00e9aux en dessert, pour pr\u00e9parer des salades de fruits ou pour garnir des yaourts, des glaces, des cocktails et des g\u00e2teaux. Le sirop peut ensuite \u00eatre utilis\u00e9 pour pr\u00e9parer des jus de fruits ou des sucettes glac\u00e9es naturelles.<\/p>\n","protected":false},"excerpt":{"rendered":"<p>Myrtilles tremp\u00e9es dans un sirop d&rsquo;eau et de sucre brun. [&hellip;]<\/p>\n","protected":false},"featured_media":37622,"template":"","meta":{"_acf_changed":false},"product_brand":[],"product_cat":[512,159,196],"product_tag":[532],"class_list":{"0":"post-3966","1":"product","2":"type-product","3":"status-publish","4":"has-post-thumbnail","6":"product_cat-frutte-sciroppate","7":"product_cat-dolce","8":"product_cat-frutta-sciroppata","9":"product_tag-vegano","11":"first","12":"instock","13":"taxable","14":"shipping-taxable","15":"purchasable","16":"product-type-simple"},"acf":[],"yoast_head":"<!-- This site is optimized with the Yoast SEO plugin v27.4 - https:\/\/yoast.com\/product\/yoast-seo-wordpress\/ -->\n<title>Myrtilles au sirop - Cascina San Cassiano<\/title>\n<meta name=\"robots\" content=\"index, follow, max-snippet:-1, max-image-preview:large, max-video-preview:-1\" \/>\n<link rel=\"canonical\" href=\"https:\/\/cascinasancassiano.com\/fr\/prodotto\/mirtilli-neri-sciroppati\/\" \/>\n<meta property=\"og:locale\" content=\"fr_FR\" \/>\n<meta property=\"og:type\" content=\"article\" \/>\n<meta property=\"og:title\" content=\"Myrtilles au sirop - Cascina San Cassiano\" \/>\n<meta property=\"og:description\" content=\"Myrtilles tremp\u00e9es dans un sirop d&rsquo;eau et de sucre brun. [&hellip;]\" \/>\n<meta property=\"og:url\" content=\"https:\/\/cascinasancassiano.com\/fr\/prodotto\/mirtilli-neri-sciroppati\/\" \/>\n<meta property=\"og:site_name\" content=\"Cascina San Cassiano\" \/>\n<meta property=\"article:modified_time\" content=\"2024-06-07T16:18:01+00:00\" \/>\n<meta property=\"og:image\" content=\"https:\/\/cascina.demoengagemint.it\/wp-content\/uploads\/2019\/01\/CSC2901-Mirtilli-sciroppati.png\" \/>\n\t<meta property=\"og:image:width\" content=\"500\" \/>\n\t<meta property=\"og:image:height\" content=\"500\" \/>\n\t<meta property=\"og:image:type\" content=\"image\/png\" \/>\n<meta name=\"twitter:card\" content=\"summary_large_image\" \/>\n<meta name=\"twitter:label1\" content=\"Dur\u00e9e de lecture estim\u00e9e\" \/>\n\t<meta name=\"twitter:data1\" content=\"2 minutes\" \/>\n<script type=\"application\/ld+json\" class=\"yoast-schema-graph\">{\"@context\":\"https:\\\/\\\/schema.org\",\"@graph\":[{\"@type\":\"WebPage\",\"@id\":\"https:\\\/\\\/cascinasancassiano.com\\\/fr\\\/prodotto\\\/mirtilli-neri-sciroppati\\\/\",\"url\":\"https:\\\/\\\/cascinasancassiano.com\\\/fr\\\/prodotto\\\/mirtilli-neri-sciroppati\\\/\",\"name\":\"Myrtilles au sirop - Cascina San Cassiano\",\"isPartOf\":{\"@id\":\"https:\\\/\\\/paolos156.sg-host.com\\\/#website\"},\"primaryImageOfPage\":{\"@id\":\"https:\\\/\\\/cascinasancassiano.com\\\/fr\\\/prodotto\\\/mirtilli-neri-sciroppati\\\/#primaryimage\"},\"image\":{\"@id\":\"https:\\\/\\\/cascinasancassiano.com\\\/fr\\\/prodotto\\\/mirtilli-neri-sciroppati\\\/#primaryimage\"},\"thumbnailUrl\":\"https:\\\/\\\/cascinasancassiano.com\\\/wp-content\\\/uploads\\\/2019\\\/01\\\/CSC-2901-Frutta-Scirop-mirtilli-neri-New-26.png\",\"datePublished\":\"2019-01-13T09:00:44+00:00\",\"dateModified\":\"2024-06-07T16:18:01+00:00\",\"breadcrumb\":{\"@id\":\"https:\\\/\\\/cascinasancassiano.com\\\/fr\\\/prodotto\\\/mirtilli-neri-sciroppati\\\/#breadcrumb\"},\"inLanguage\":\"fr-FR\",\"potentialAction\":[{\"@type\":\"ReadAction\",\"target\":[\"https:\\\/\\\/cascinasancassiano.com\\\/fr\\\/prodotto\\\/mirtilli-neri-sciroppati\\\/\"]}]},{\"@type\":\"ImageObject\",\"inLanguage\":\"fr-FR\",\"@id\":\"https:\\\/\\\/cascinasancassiano.com\\\/fr\\\/prodotto\\\/mirtilli-neri-sciroppati\\\/#primaryimage\",\"url\":\"https:\\\/\\\/cascinasancassiano.com\\\/wp-content\\\/uploads\\\/2019\\\/01\\\/CSC-2901-Frutta-Scirop-mirtilli-neri-New-26.png\",\"contentUrl\":\"https:\\\/\\\/cascinasancassiano.com\\\/wp-content\\\/uploads\\\/2019\\\/01\\\/CSC-2901-Frutta-Scirop-mirtilli-neri-New-26.png\",\"width\":1000,\"height\":1000,\"caption\":\"Frutta Sciroppata mirtilli neri\"},{\"@type\":\"BreadcrumbList\",\"@id\":\"https:\\\/\\\/cascinasancassiano.com\\\/fr\\\/prodotto\\\/mirtilli-neri-sciroppati\\\/#breadcrumb\",\"itemListElement\":[{\"@type\":\"ListItem\",\"position\":1,\"name\":\"Produits\",\"item\":\"https:\\\/\\\/cascinasancassiano.com\\\/fr\\\/shop\\\/\"},{\"@type\":\"ListItem\",\"position\":2,\"name\":\"Myrtilles au sirop\"}]},{\"@type\":\"WebSite\",\"@id\":\"https:\\\/\\\/paolos156.sg-host.com\\\/#website\",\"url\":\"https:\\\/\\\/paolos156.sg-host.com\\\/\",\"name\":\"Cascina San Cassiano\",\"description\":\"Gusta, credi, ama.\",\"publisher\":{\"@id\":\"https:\\\/\\\/paolos156.sg-host.com\\\/#organization\"},\"potentialAction\":[{\"@type\":\"SearchAction\",\"target\":{\"@type\":\"EntryPoint\",\"urlTemplate\":\"https:\\\/\\\/paolos156.sg-host.com\\\/?s={search_term_string}\"},\"query-input\":{\"@type\":\"PropertyValueSpecification\",\"valueRequired\":true,\"valueName\":\"search_term_string\"}}],\"inLanguage\":\"fr-FR\"},{\"@type\":\"Organization\",\"@id\":\"https:\\\/\\\/paolos156.sg-host.com\\\/#organization\",\"name\":\"Cascina San Cassiano\",\"url\":\"https:\\\/\\\/paolos156.sg-host.com\\\/\",\"logo\":{\"@type\":\"ImageObject\",\"inLanguage\":\"fr-FR\",\"@id\":\"https:\\\/\\\/paolos156.sg-host.com\\\/#\\\/schema\\\/logo\\\/image\\\/\",\"url\":\"https:\\\/\\\/cascinasancassiano.com\\\/wp-content\\\/uploads\\\/2021\\\/09\\\/cascina-san-cassiano-logo.png\",\"contentUrl\":\"https:\\\/\\\/cascinasancassiano.com\\\/wp-content\\\/uploads\\\/2021\\\/09\\\/cascina-san-cassiano-logo.png\",\"width\":700,\"height\":700,\"caption\":\"Cascina San Cassiano\"},\"image\":{\"@id\":\"https:\\\/\\\/paolos156.sg-host.com\\\/#\\\/schema\\\/logo\\\/image\\\/\"}}]}<\/script>\n<!-- \/ Yoast SEO plugin. -->","yoast_head_json":{"title":"Myrtilles au sirop - Cascina San Cassiano","robots":{"index":"index","follow":"follow","max-snippet":"max-snippet:-1","max-image-preview":"max-image-preview:large","max-video-preview":"max-video-preview:-1"},"canonical":"https:\/\/cascinasancassiano.com\/fr\/prodotto\/mirtilli-neri-sciroppati\/","og_locale":"fr_FR","og_type":"article","og_title":"Myrtilles au sirop - Cascina San Cassiano","og_description":"Myrtilles tremp\u00e9es dans un sirop d&rsquo;eau et de sucre brun. [&hellip;]","og_url":"https:\/\/cascinasancassiano.com\/fr\/prodotto\/mirtilli-neri-sciroppati\/","og_site_name":"Cascina San Cassiano","article_modified_time":"2024-06-07T16:18:01+00:00","og_image":[{"width":500,"height":500,"url":"https:\/\/cascina.demoengagemint.it\/wp-content\/uploads\/2019\/01\/CSC2901-Mirtilli-sciroppati.png","type":"image\/png"}],"twitter_card":"summary_large_image","twitter_misc":{"Dur\u00e9e de lecture estim\u00e9e":"2 minutes"},"schema":{"@context":"https:\/\/schema.org","@graph":[{"@type":"WebPage","@id":"https:\/\/cascinasancassiano.com\/fr\/prodotto\/mirtilli-neri-sciroppati\/","url":"https:\/\/cascinasancassiano.com\/fr\/prodotto\/mirtilli-neri-sciroppati\/","name":"Myrtilles au sirop - Cascina San Cassiano","isPartOf":{"@id":"https:\/\/paolos156.sg-host.com\/#website"},"primaryImageOfPage":{"@id":"https:\/\/cascinasancassiano.com\/fr\/prodotto\/mirtilli-neri-sciroppati\/#primaryimage"},"image":{"@id":"https:\/\/cascinasancassiano.com\/fr\/prodotto\/mirtilli-neri-sciroppati\/#primaryimage"},"thumbnailUrl":"https:\/\/cascinasancassiano.com\/wp-content\/uploads\/2019\/01\/CSC-2901-Frutta-Scirop-mirtilli-neri-New-26.png","datePublished":"2019-01-13T09:00:44+00:00","dateModified":"2024-06-07T16:18:01+00:00","breadcrumb":{"@id":"https:\/\/cascinasancassiano.com\/fr\/prodotto\/mirtilli-neri-sciroppati\/#breadcrumb"},"inLanguage":"fr-FR","potentialAction":[{"@type":"ReadAction","target":["https:\/\/cascinasancassiano.com\/fr\/prodotto\/mirtilli-neri-sciroppati\/"]}]},{"@type":"ImageObject","inLanguage":"fr-FR","@id":"https:\/\/cascinasancassiano.com\/fr\/prodotto\/mirtilli-neri-sciroppati\/#primaryimage","url":"https:\/\/cascinasancassiano.com\/wp-content\/uploads\/2019\/01\/CSC-2901-Frutta-Scirop-mirtilli-neri-New-26.png","contentUrl":"https:\/\/cascinasancassiano.com\/wp-content\/uploads\/2019\/01\/CSC-2901-Frutta-Scirop-mirtilli-neri-New-26.png","width":1000,"height":1000,"caption":"Frutta Sciroppata mirtilli neri"},{"@type":"BreadcrumbList","@id":"https:\/\/cascinasancassiano.com\/fr\/prodotto\/mirtilli-neri-sciroppati\/#breadcrumb","itemListElement":[{"@type":"ListItem","position":1,"name":"Produits","item":"https:\/\/cascinasancassiano.com\/fr\/shop\/"},{"@type":"ListItem","position":2,"name":"Myrtilles au sirop"}]},{"@type":"WebSite","@id":"https:\/\/paolos156.sg-host.com\/#website","url":"https:\/\/paolos156.sg-host.com\/","name":"Cascina San Cassiano","description":"Gusta, credi, ama.","publisher":{"@id":"https:\/\/paolos156.sg-host.com\/#organization"},"potentialAction":[{"@type":"SearchAction","target":{"@type":"EntryPoint","urlTemplate":"https:\/\/paolos156.sg-host.com\/?s={search_term_string}"},"query-input":{"@type":"PropertyValueSpecification","valueRequired":true,"valueName":"search_term_string"}}],"inLanguage":"fr-FR"},{"@type":"Organization","@id":"https:\/\/paolos156.sg-host.com\/#organization","name":"Cascina San Cassiano","url":"https:\/\/paolos156.sg-host.com\/","logo":{"@type":"ImageObject","inLanguage":"fr-FR","@id":"https:\/\/paolos156.sg-host.com\/#\/schema\/logo\/image\/","url":"https:\/\/cascinasancassiano.com\/wp-content\/uploads\/2021\/09\/cascina-san-cassiano-logo.png","contentUrl":"https:\/\/cascinasancassiano.com\/wp-content\/uploads\/2021\/09\/cascina-san-cassiano-logo.png","width":700,"height":700,"caption":"Cascina San Cassiano"},"image":{"@id":"https:\/\/paolos156.sg-host.com\/#\/schema\/logo\/image\/"}}]}},"_links":{"self":[{"href":"https:\/\/cascinasancassiano.com\/fr\/wp-json\/wp\/v2\/product\/3966","targetHints":{"allow":["GET"]}}],"collection":[{"href":"https:\/\/cascinasancassiano.com\/fr\/wp-json\/wp\/v2\/product"}],"about":[{"href":"https:\/\/cascinasancassiano.com\/fr\/wp-json\/wp\/v2\/types\/product"}],"version-history":[{"count":0,"href":"https:\/\/cascinasancassiano.com\/fr\/wp-json\/wp\/v2\/product\/3966\/revisions"}],"wp:featuredmedia":[{"embeddable":true,"href":"https:\/\/cascinasancassiano.com\/fr\/wp-json\/wp\/v2\/media\/37622"}],"wp:attachment":[{"href":"https:\/\/cascinasancassiano.com\/fr\/wp-json\/wp\/v2\/media?parent=3966"}],"wp:term":[{"taxonomy":"product_brand","embeddable":true,"href":"https:\/\/cascinasancassiano.com\/fr\/wp-json\/wp\/v2\/product_brand?post=3966"},{"taxonomy":"product_cat","embeddable":true,"href":"https:\/\/cascinasancassiano.com\/fr\/wp-json\/wp\/v2\/product_cat?post=3966"},{"taxonomy":"product_tag","embeddable":true,"href":"https:\/\/cascinasancassiano.com\/fr\/wp-json\/wp\/v2\/product_tag?post=3966"}],"curies":[{"name":"wp","href":"https:\/\/api.w.org\/{rel}","templated":true}]}}