{"id":39452,"date":"2026-01-14T16:51:47","date_gmt":"2026-01-14T15:51:47","guid":{"rendered":"https:\/\/cascinasancassiano.com\/?post_type=product&#038;p=39452"},"modified":"2026-05-07T11:32:37","modified_gmt":"2026-05-07T09:32:37","slug":"crema-mou-monoporzione","status":"publish","type":"product","link":"https:\/\/cascinasancassiano.com\/fr\/prodotto\/crema-mou-monoporzione\/","title":{"rendered":"Cr\u00e8me au caramel"},"content":{"rendered":"<p>La cr\u00e8me au caramel est un produit d&rsquo;origine anglaise, qui est devenu tr\u00e8s populaire dans le monde entier et compte aujourd&rsquo;hui des milliers de variantes diff\u00e9rentes. Notre cr\u00e8me au caramel est enrichie par l&rsquo;utilisation de lait symbiotique certifi\u00e9. Un lait qui contient naturellement un pourcentage plus \u00e9lev\u00e9 de prot\u00e9ines et de vitamines, produit directement par les bovins gr\u00e2ce au fait qu&rsquo;ils sont \u00e9lev\u00e9s dans le respect de leur bien-\u00eatre, depuis l&rsquo;alimentation, le mouvement, le cycle de repos, jusqu&rsquo;au confort de l&rsquo;\u00e9table. D\u00e9couvrez le lait issu de l&rsquo;agriculture symbiotique produit de notre partenaire Erbalatte<\/p>\n","protected":false},"excerpt":{"rendered":"<p>La cr\u00e8me au caramel est un produit d&rsquo;origine anglaise, qui [&hellip;]<\/p>\n","protected":false},"featured_media":37888,"template":"","meta":{"_acf_changed":false},"product_brand":[],"product_cat":[159,179,511],"product_tag":[],"class_list":{"0":"post-39452","1":"product","2":"type-product","3":"status-publish","4":"has-post-thumbnail","6":"product_cat-dolce","7":"product_cat-creme-dolci-e-dessert","8":"product_cat-dessert-monoporzione","10":"first","11":"instock","12":"taxable","13":"shipping-taxable","14":"product-type-simple"},"acf":[],"yoast_head":"<!-- This site is optimized with the Yoast SEO plugin v27.4 - https:\/\/yoast.com\/product\/yoast-seo-wordpress\/ -->\n<title>Cr\u00e8me au caramel - Cascina San Cassiano<\/title>\n<meta name=\"robots\" content=\"index, follow, max-snippet:-1, max-image-preview:large, max-video-preview:-1\" \/>\n<link rel=\"canonical\" href=\"https:\/\/cascinasancassiano.com\/fr\/prodotto\/crema-mou-monoporzione\/\" \/>\n<meta property=\"og:locale\" content=\"fr_FR\" \/>\n<meta property=\"og:type\" content=\"article\" \/>\n<meta property=\"og:title\" content=\"Cr\u00e8me au caramel - Cascina San Cassiano\" \/>\n<meta property=\"og:description\" content=\"La cr\u00e8me au caramel est un produit d&rsquo;origine anglaise, qui [&hellip;]\" \/>\n<meta property=\"og:url\" content=\"https:\/\/cascinasancassiano.com\/fr\/prodotto\/crema-mou-monoporzione\/\" \/>\n<meta property=\"og:site_name\" content=\"Cascina San Cassiano\" \/>\n<meta property=\"article:modified_time\" content=\"2026-05-07T09:32:37+00:00\" \/>\n<meta property=\"og:image\" content=\"https:\/\/cascinasancassiano.com\/wp-content\/uploads\/2026\/01\/CSC-3632-Mou-New-26.png\" \/>\n\t<meta property=\"og:image:width\" content=\"1000\" \/>\n\t<meta property=\"og:image:height\" content=\"1000\" \/>\n\t<meta property=\"og:image:type\" content=\"image\/png\" \/>\n<meta name=\"twitter:card\" content=\"summary_large_image\" \/>\n<meta name=\"twitter:label1\" content=\"Dur\u00e9e de lecture estim\u00e9e\" \/>\n\t<meta name=\"twitter:data1\" content=\"2 minutes\" \/>\n<script type=\"application\/ld+json\" class=\"yoast-schema-graph\">{\"@context\":\"https:\\\/\\\/schema.org\",\"@graph\":[{\"@type\":\"WebPage\",\"@id\":\"https:\\\/\\\/cascinasancassiano.com\\\/fr\\\/prodotto\\\/crema-mou-monoporzione\\\/\",\"url\":\"https:\\\/\\\/cascinasancassiano.com\\\/fr\\\/prodotto\\\/crema-mou-monoporzione\\\/\",\"name\":\"Cr\u00e8me au caramel - Cascina San Cassiano\",\"isPartOf\":{\"@id\":\"https:\\\/\\\/paolos156.sg-host.com\\\/#website\"},\"primaryImageOfPage\":{\"@id\":\"https:\\\/\\\/cascinasancassiano.com\\\/fr\\\/prodotto\\\/crema-mou-monoporzione\\\/#primaryimage\"},\"image\":{\"@id\":\"https:\\\/\\\/cascinasancassiano.com\\\/fr\\\/prodotto\\\/crema-mou-monoporzione\\\/#primaryimage\"},\"thumbnailUrl\":\"https:\\\/\\\/cascinasancassiano.com\\\/wp-content\\\/uploads\\\/2026\\\/01\\\/CSC-3632-Mou-New-26.png\",\"datePublished\":\"2026-01-14T15:51:47+00:00\",\"dateModified\":\"2026-05-07T09:32:37+00:00\",\"breadcrumb\":{\"@id\":\"https:\\\/\\\/cascinasancassiano.com\\\/fr\\\/prodotto\\\/crema-mou-monoporzione\\\/#breadcrumb\"},\"inLanguage\":\"fr-FR\",\"potentialAction\":[{\"@type\":\"ReadAction\",\"target\":[\"https:\\\/\\\/cascinasancassiano.com\\\/fr\\\/prodotto\\\/crema-mou-monoporzione\\\/\"]}]},{\"@type\":\"ImageObject\",\"inLanguage\":\"fr-FR\",\"@id\":\"https:\\\/\\\/cascinasancassiano.com\\\/fr\\\/prodotto\\\/crema-mou-monoporzione\\\/#primaryimage\",\"url\":\"https:\\\/\\\/cascinasancassiano.com\\\/wp-content\\\/uploads\\\/2026\\\/01\\\/CSC-3632-Mou-New-26.png\",\"contentUrl\":\"https:\\\/\\\/cascinasancassiano.com\\\/wp-content\\\/uploads\\\/2026\\\/01\\\/CSC-3632-Mou-New-26.png\",\"width\":1000,\"height\":1000,\"caption\":\"Mou\"},{\"@type\":\"BreadcrumbList\",\"@id\":\"https:\\\/\\\/cascinasancassiano.com\\\/fr\\\/prodotto\\\/crema-mou-monoporzione\\\/#breadcrumb\",\"itemListElement\":[{\"@type\":\"ListItem\",\"position\":1,\"name\":\"Produits\",\"item\":\"https:\\\/\\\/cascinasancassiano.com\\\/fr\\\/shop\\\/\"},{\"@type\":\"ListItem\",\"position\":2,\"name\":\"Cr\u00e8me au caramel\"}]},{\"@type\":\"WebSite\",\"@id\":\"https:\\\/\\\/paolos156.sg-host.com\\\/#website\",\"url\":\"https:\\\/\\\/paolos156.sg-host.com\\\/\",\"name\":\"Cascina San Cassiano\",\"description\":\"Gusta, credi, ama.\",\"publisher\":{\"@id\":\"https:\\\/\\\/paolos156.sg-host.com\\\/#organization\"},\"potentialAction\":[{\"@type\":\"SearchAction\",\"target\":{\"@type\":\"EntryPoint\",\"urlTemplate\":\"https:\\\/\\\/paolos156.sg-host.com\\\/?s={search_term_string}\"},\"query-input\":{\"@type\":\"PropertyValueSpecification\",\"valueRequired\":true,\"valueName\":\"search_term_string\"}}],\"inLanguage\":\"fr-FR\"},{\"@type\":\"Organization\",\"@id\":\"https:\\\/\\\/paolos156.sg-host.com\\\/#organization\",\"name\":\"Cascina San Cassiano\",\"url\":\"https:\\\/\\\/paolos156.sg-host.com\\\/\",\"logo\":{\"@type\":\"ImageObject\",\"inLanguage\":\"fr-FR\",\"@id\":\"https:\\\/\\\/paolos156.sg-host.com\\\/#\\\/schema\\\/logo\\\/image\\\/\",\"url\":\"https:\\\/\\\/cascinasancassiano.com\\\/wp-content\\\/uploads\\\/2021\\\/09\\\/cascina-san-cassiano-logo.png\",\"contentUrl\":\"https:\\\/\\\/cascinasancassiano.com\\\/wp-content\\\/uploads\\\/2021\\\/09\\\/cascina-san-cassiano-logo.png\",\"width\":700,\"height\":700,\"caption\":\"Cascina San Cassiano\"},\"image\":{\"@id\":\"https:\\\/\\\/paolos156.sg-host.com\\\/#\\\/schema\\\/logo\\\/image\\\/\"}}]}<\/script>\n<!-- \/ Yoast SEO plugin. -->","yoast_head_json":{"title":"Cr\u00e8me au caramel - Cascina San Cassiano","robots":{"index":"index","follow":"follow","max-snippet":"max-snippet:-1","max-image-preview":"max-image-preview:large","max-video-preview":"max-video-preview:-1"},"canonical":"https:\/\/cascinasancassiano.com\/fr\/prodotto\/crema-mou-monoporzione\/","og_locale":"fr_FR","og_type":"article","og_title":"Cr\u00e8me au caramel - Cascina San Cassiano","og_description":"La cr\u00e8me au caramel est un produit d&rsquo;origine anglaise, qui [&hellip;]","og_url":"https:\/\/cascinasancassiano.com\/fr\/prodotto\/crema-mou-monoporzione\/","og_site_name":"Cascina San Cassiano","article_modified_time":"2026-05-07T09:32:37+00:00","og_image":[{"width":1000,"height":1000,"url":"https:\/\/cascinasancassiano.com\/wp-content\/uploads\/2026\/01\/CSC-3632-Mou-New-26.png","type":"image\/png"}],"twitter_card":"summary_large_image","twitter_misc":{"Dur\u00e9e de lecture estim\u00e9e":"2 minutes"},"schema":{"@context":"https:\/\/schema.org","@graph":[{"@type":"WebPage","@id":"https:\/\/cascinasancassiano.com\/fr\/prodotto\/crema-mou-monoporzione\/","url":"https:\/\/cascinasancassiano.com\/fr\/prodotto\/crema-mou-monoporzione\/","name":"Cr\u00e8me au caramel - Cascina San Cassiano","isPartOf":{"@id":"https:\/\/paolos156.sg-host.com\/#website"},"primaryImageOfPage":{"@id":"https:\/\/cascinasancassiano.com\/fr\/prodotto\/crema-mou-monoporzione\/#primaryimage"},"image":{"@id":"https:\/\/cascinasancassiano.com\/fr\/prodotto\/crema-mou-monoporzione\/#primaryimage"},"thumbnailUrl":"https:\/\/cascinasancassiano.com\/wp-content\/uploads\/2026\/01\/CSC-3632-Mou-New-26.png","datePublished":"2026-01-14T15:51:47+00:00","dateModified":"2026-05-07T09:32:37+00:00","breadcrumb":{"@id":"https:\/\/cascinasancassiano.com\/fr\/prodotto\/crema-mou-monoporzione\/#breadcrumb"},"inLanguage":"fr-FR","potentialAction":[{"@type":"ReadAction","target":["https:\/\/cascinasancassiano.com\/fr\/prodotto\/crema-mou-monoporzione\/"]}]},{"@type":"ImageObject","inLanguage":"fr-FR","@id":"https:\/\/cascinasancassiano.com\/fr\/prodotto\/crema-mou-monoporzione\/#primaryimage","url":"https:\/\/cascinasancassiano.com\/wp-content\/uploads\/2026\/01\/CSC-3632-Mou-New-26.png","contentUrl":"https:\/\/cascinasancassiano.com\/wp-content\/uploads\/2026\/01\/CSC-3632-Mou-New-26.png","width":1000,"height":1000,"caption":"Mou"},{"@type":"BreadcrumbList","@id":"https:\/\/cascinasancassiano.com\/fr\/prodotto\/crema-mou-monoporzione\/#breadcrumb","itemListElement":[{"@type":"ListItem","position":1,"name":"Produits","item":"https:\/\/cascinasancassiano.com\/fr\/shop\/"},{"@type":"ListItem","position":2,"name":"Cr\u00e8me au caramel"}]},{"@type":"WebSite","@id":"https:\/\/paolos156.sg-host.com\/#website","url":"https:\/\/paolos156.sg-host.com\/","name":"Cascina San Cassiano","description":"Gusta, credi, ama.","publisher":{"@id":"https:\/\/paolos156.sg-host.com\/#organization"},"potentialAction":[{"@type":"SearchAction","target":{"@type":"EntryPoint","urlTemplate":"https:\/\/paolos156.sg-host.com\/?s={search_term_string}"},"query-input":{"@type":"PropertyValueSpecification","valueRequired":true,"valueName":"search_term_string"}}],"inLanguage":"fr-FR"},{"@type":"Organization","@id":"https:\/\/paolos156.sg-host.com\/#organization","name":"Cascina San Cassiano","url":"https:\/\/paolos156.sg-host.com\/","logo":{"@type":"ImageObject","inLanguage":"fr-FR","@id":"https:\/\/paolos156.sg-host.com\/#\/schema\/logo\/image\/","url":"https:\/\/cascinasancassiano.com\/wp-content\/uploads\/2021\/09\/cascina-san-cassiano-logo.png","contentUrl":"https:\/\/cascinasancassiano.com\/wp-content\/uploads\/2021\/09\/cascina-san-cassiano-logo.png","width":700,"height":700,"caption":"Cascina San Cassiano"},"image":{"@id":"https:\/\/paolos156.sg-host.com\/#\/schema\/logo\/image\/"}}]}},"_links":{"self":[{"href":"https:\/\/cascinasancassiano.com\/fr\/wp-json\/wp\/v2\/product\/39452","targetHints":{"allow":["GET"]}}],"collection":[{"href":"https:\/\/cascinasancassiano.com\/fr\/wp-json\/wp\/v2\/product"}],"about":[{"href":"https:\/\/cascinasancassiano.com\/fr\/wp-json\/wp\/v2\/types\/product"}],"version-history":[{"count":2,"href":"https:\/\/cascinasancassiano.com\/fr\/wp-json\/wp\/v2\/product\/39452\/revisions"}],"predecessor-version":[{"id":39454,"href":"https:\/\/cascinasancassiano.com\/fr\/wp-json\/wp\/v2\/product\/39452\/revisions\/39454"}],"wp:featuredmedia":[{"embeddable":true,"href":"https:\/\/cascinasancassiano.com\/fr\/wp-json\/wp\/v2\/media\/37888"}],"wp:attachment":[{"href":"https:\/\/cascinasancassiano.com\/fr\/wp-json\/wp\/v2\/media?parent=39452"}],"wp:term":[{"taxonomy":"product_brand","embeddable":true,"href":"https:\/\/cascinasancassiano.com\/fr\/wp-json\/wp\/v2\/product_brand?post=39452"},{"taxonomy":"product_cat","embeddable":true,"href":"https:\/\/cascinasancassiano.com\/fr\/wp-json\/wp\/v2\/product_cat?post=39452"},{"taxonomy":"product_tag","embeddable":true,"href":"https:\/\/cascinasancassiano.com\/fr\/wp-json\/wp\/v2\/product_tag?post=39452"}],"curies":[{"name":"wp","href":"https:\/\/api.w.org\/{rel}","templated":true}]}}