{"id":39360,"date":"2026-05-04T10:48:06","date_gmt":"2026-05-04T08:48:06","guid":{"rendered":"https:\/\/cascinasancassiano.com\/?post_type=product&#038;p=39360"},"modified":"2026-05-04T10:57:41","modified_gmt":"2026-05-04T08:57:41","slug":"vellutata-di-zucca","status":"publish","type":"product","link":"https:\/\/cascinasancassiano.com\/fr\/prodotto\/vellutata-di-zucca\/","title":{"rendered":"Velout\u00e9 de courge butternut"},"content":{"rendered":"<p>Soupe pr\u00eate \u00e0 l\u2019emploi \u00e0 base de courge butternut et de mascarpone, \u00e0 la texture onctueuse et au go\u00fbt doux et aromatique. \u00c0 servir chaud ou ti\u00e8de. \u00c0 compl\u00e9ter d\u2019huile d\u2019olive vierge extra, de Parmesan r\u00e2p\u00e9. Vous pouvez \u00e9galement l\u2019agr\u00e9menter de graines de courge grill\u00e9es et d\u2019\u00e9pices.<\/p>\n","protected":false},"excerpt":{"rendered":"<p>Soupe pr\u00eate \u00e0 l\u2019emploi \u00e0 base de courge butternut et [&hellip;]<\/p>\n","protected":false},"featured_media":39366,"template":"","meta":{"_acf_changed":false},"product_brand":[],"product_cat":[118,528,240],"product_tag":[],"class_list":{"0":"post-39360","1":"product","2":"type-product","3":"status-publish","4":"has-post-thumbnail","6":"product_cat-salato","7":"product_cat-vellutate","8":"product_cat-zuppe-e-vellutate","9":"pa_novita-novita","11":"first","12":"instock","13":"taxable","14":"shipping-taxable","15":"product-type-simple"},"acf":[],"yoast_head":"<!-- This site is optimized with the Yoast SEO plugin v27.4 - https:\/\/yoast.com\/product\/yoast-seo-wordpress\/ -->\n<title>Velout\u00e9 de courge butternut - Cascina San Cassiano<\/title>\n<meta name=\"robots\" content=\"index, follow, max-snippet:-1, max-image-preview:large, max-video-preview:-1\" \/>\n<link rel=\"canonical\" href=\"https:\/\/cascinasancassiano.com\/fr\/prodotto\/vellutata-di-zucca\/\" \/>\n<meta property=\"og:locale\" content=\"fr_FR\" \/>\n<meta property=\"og:type\" content=\"article\" \/>\n<meta property=\"og:title\" content=\"Velout\u00e9 de courge butternut - Cascina San Cassiano\" \/>\n<meta property=\"og:description\" content=\"Soupe pr\u00eate \u00e0 l\u2019emploi \u00e0 base de courge butternut et [&hellip;]\" \/>\n<meta property=\"og:url\" content=\"https:\/\/cascinasancassiano.com\/fr\/prodotto\/vellutata-di-zucca\/\" \/>\n<meta property=\"og:site_name\" content=\"Cascina San Cassiano\" \/>\n<meta property=\"article:modified_time\" content=\"2026-05-04T08:57:41+00:00\" \/>\n<meta property=\"og:image\" content=\"https:\/\/cascinasancassiano.com\/wp-content\/uploads\/2026\/04\/CSC1007-Vellutata-zucca-New26.png\" \/>\n\t<meta property=\"og:image:width\" content=\"1000\" \/>\n\t<meta property=\"og:image:height\" content=\"1000\" \/>\n\t<meta property=\"og:image:type\" content=\"image\/png\" \/>\n<meta name=\"twitter:card\" content=\"summary_large_image\" \/>\n<meta name=\"twitter:label1\" content=\"Dur\u00e9e de lecture estim\u00e9e\" \/>\n\t<meta name=\"twitter:data1\" content=\"2 minutes\" \/>\n<script type=\"application\/ld+json\" class=\"yoast-schema-graph\">{\"@context\":\"https:\\\/\\\/schema.org\",\"@graph\":[{\"@type\":\"WebPage\",\"@id\":\"https:\\\/\\\/cascinasancassiano.com\\\/fr\\\/prodotto\\\/vellutata-di-zucca\\\/\",\"url\":\"https:\\\/\\\/cascinasancassiano.com\\\/fr\\\/prodotto\\\/vellutata-di-zucca\\\/\",\"name\":\"Velout\u00e9 de courge butternut - Cascina San Cassiano\",\"isPartOf\":{\"@id\":\"https:\\\/\\\/paolos156.sg-host.com\\\/#website\"},\"primaryImageOfPage\":{\"@id\":\"https:\\\/\\\/cascinasancassiano.com\\\/fr\\\/prodotto\\\/vellutata-di-zucca\\\/#primaryimage\"},\"image\":{\"@id\":\"https:\\\/\\\/cascinasancassiano.com\\\/fr\\\/prodotto\\\/vellutata-di-zucca\\\/#primaryimage\"},\"thumbnailUrl\":\"https:\\\/\\\/cascinasancassiano.com\\\/wp-content\\\/uploads\\\/2026\\\/04\\\/CSC1007-Vellutata-zucca-New26.png\",\"datePublished\":\"2026-05-04T08:48:06+00:00\",\"dateModified\":\"2026-05-04T08:57:41+00:00\",\"breadcrumb\":{\"@id\":\"https:\\\/\\\/cascinasancassiano.com\\\/fr\\\/prodotto\\\/vellutata-di-zucca\\\/#breadcrumb\"},\"inLanguage\":\"fr-FR\",\"potentialAction\":[{\"@type\":\"ReadAction\",\"target\":[\"https:\\\/\\\/cascinasancassiano.com\\\/fr\\\/prodotto\\\/vellutata-di-zucca\\\/\"]}]},{\"@type\":\"ImageObject\",\"inLanguage\":\"fr-FR\",\"@id\":\"https:\\\/\\\/cascinasancassiano.com\\\/fr\\\/prodotto\\\/vellutata-di-zucca\\\/#primaryimage\",\"url\":\"https:\\\/\\\/cascinasancassiano.com\\\/wp-content\\\/uploads\\\/2026\\\/04\\\/CSC1007-Vellutata-zucca-New26.png\",\"contentUrl\":\"https:\\\/\\\/cascinasancassiano.com\\\/wp-content\\\/uploads\\\/2026\\\/04\\\/CSC1007-Vellutata-zucca-New26.png\",\"width\":1000,\"height\":1000,\"caption\":\"vellutata di zucca\"},{\"@type\":\"BreadcrumbList\",\"@id\":\"https:\\\/\\\/cascinasancassiano.com\\\/fr\\\/prodotto\\\/vellutata-di-zucca\\\/#breadcrumb\",\"itemListElement\":[{\"@type\":\"ListItem\",\"position\":1,\"name\":\"Produits\",\"item\":\"https:\\\/\\\/cascinasancassiano.com\\\/fr\\\/shop\\\/\"},{\"@type\":\"ListItem\",\"position\":2,\"name\":\"Velout\u00e9 de courge butternut\"}]},{\"@type\":\"WebSite\",\"@id\":\"https:\\\/\\\/paolos156.sg-host.com\\\/#website\",\"url\":\"https:\\\/\\\/paolos156.sg-host.com\\\/\",\"name\":\"Cascina San Cassiano\",\"description\":\"Gusta, credi, ama.\",\"publisher\":{\"@id\":\"https:\\\/\\\/paolos156.sg-host.com\\\/#organization\"},\"potentialAction\":[{\"@type\":\"SearchAction\",\"target\":{\"@type\":\"EntryPoint\",\"urlTemplate\":\"https:\\\/\\\/paolos156.sg-host.com\\\/?s={search_term_string}\"},\"query-input\":{\"@type\":\"PropertyValueSpecification\",\"valueRequired\":true,\"valueName\":\"search_term_string\"}}],\"inLanguage\":\"fr-FR\"},{\"@type\":\"Organization\",\"@id\":\"https:\\\/\\\/paolos156.sg-host.com\\\/#organization\",\"name\":\"Cascina San Cassiano\",\"url\":\"https:\\\/\\\/paolos156.sg-host.com\\\/\",\"logo\":{\"@type\":\"ImageObject\",\"inLanguage\":\"fr-FR\",\"@id\":\"https:\\\/\\\/paolos156.sg-host.com\\\/#\\\/schema\\\/logo\\\/image\\\/\",\"url\":\"https:\\\/\\\/cascinasancassiano.com\\\/wp-content\\\/uploads\\\/2021\\\/09\\\/cascina-san-cassiano-logo.png\",\"contentUrl\":\"https:\\\/\\\/cascinasancassiano.com\\\/wp-content\\\/uploads\\\/2021\\\/09\\\/cascina-san-cassiano-logo.png\",\"width\":700,\"height\":700,\"caption\":\"Cascina San Cassiano\"},\"image\":{\"@id\":\"https:\\\/\\\/paolos156.sg-host.com\\\/#\\\/schema\\\/logo\\\/image\\\/\"}}]}<\/script>\n<!-- \/ Yoast SEO plugin. -->","yoast_head_json":{"title":"Velout\u00e9 de courge butternut - Cascina San Cassiano","robots":{"index":"index","follow":"follow","max-snippet":"max-snippet:-1","max-image-preview":"max-image-preview:large","max-video-preview":"max-video-preview:-1"},"canonical":"https:\/\/cascinasancassiano.com\/fr\/prodotto\/vellutata-di-zucca\/","og_locale":"fr_FR","og_type":"article","og_title":"Velout\u00e9 de courge butternut - Cascina San Cassiano","og_description":"Soupe pr\u00eate \u00e0 l\u2019emploi \u00e0 base de courge butternut et [&hellip;]","og_url":"https:\/\/cascinasancassiano.com\/fr\/prodotto\/vellutata-di-zucca\/","og_site_name":"Cascina San Cassiano","article_modified_time":"2026-05-04T08:57:41+00:00","og_image":[{"width":1000,"height":1000,"url":"https:\/\/cascinasancassiano.com\/wp-content\/uploads\/2026\/04\/CSC1007-Vellutata-zucca-New26.png","type":"image\/png"}],"twitter_card":"summary_large_image","twitter_misc":{"Dur\u00e9e de lecture estim\u00e9e":"2 minutes"},"schema":{"@context":"https:\/\/schema.org","@graph":[{"@type":"WebPage","@id":"https:\/\/cascinasancassiano.com\/fr\/prodotto\/vellutata-di-zucca\/","url":"https:\/\/cascinasancassiano.com\/fr\/prodotto\/vellutata-di-zucca\/","name":"Velout\u00e9 de courge butternut - Cascina San Cassiano","isPartOf":{"@id":"https:\/\/paolos156.sg-host.com\/#website"},"primaryImageOfPage":{"@id":"https:\/\/cascinasancassiano.com\/fr\/prodotto\/vellutata-di-zucca\/#primaryimage"},"image":{"@id":"https:\/\/cascinasancassiano.com\/fr\/prodotto\/vellutata-di-zucca\/#primaryimage"},"thumbnailUrl":"https:\/\/cascinasancassiano.com\/wp-content\/uploads\/2026\/04\/CSC1007-Vellutata-zucca-New26.png","datePublished":"2026-05-04T08:48:06+00:00","dateModified":"2026-05-04T08:57:41+00:00","breadcrumb":{"@id":"https:\/\/cascinasancassiano.com\/fr\/prodotto\/vellutata-di-zucca\/#breadcrumb"},"inLanguage":"fr-FR","potentialAction":[{"@type":"ReadAction","target":["https:\/\/cascinasancassiano.com\/fr\/prodotto\/vellutata-di-zucca\/"]}]},{"@type":"ImageObject","inLanguage":"fr-FR","@id":"https:\/\/cascinasancassiano.com\/fr\/prodotto\/vellutata-di-zucca\/#primaryimage","url":"https:\/\/cascinasancassiano.com\/wp-content\/uploads\/2026\/04\/CSC1007-Vellutata-zucca-New26.png","contentUrl":"https:\/\/cascinasancassiano.com\/wp-content\/uploads\/2026\/04\/CSC1007-Vellutata-zucca-New26.png","width":1000,"height":1000,"caption":"vellutata di zucca"},{"@type":"BreadcrumbList","@id":"https:\/\/cascinasancassiano.com\/fr\/prodotto\/vellutata-di-zucca\/#breadcrumb","itemListElement":[{"@type":"ListItem","position":1,"name":"Produits","item":"https:\/\/cascinasancassiano.com\/fr\/shop\/"},{"@type":"ListItem","position":2,"name":"Velout\u00e9 de courge butternut"}]},{"@type":"WebSite","@id":"https:\/\/paolos156.sg-host.com\/#website","url":"https:\/\/paolos156.sg-host.com\/","name":"Cascina San Cassiano","description":"Gusta, credi, ama.","publisher":{"@id":"https:\/\/paolos156.sg-host.com\/#organization"},"potentialAction":[{"@type":"SearchAction","target":{"@type":"EntryPoint","urlTemplate":"https:\/\/paolos156.sg-host.com\/?s={search_term_string}"},"query-input":{"@type":"PropertyValueSpecification","valueRequired":true,"valueName":"search_term_string"}}],"inLanguage":"fr-FR"},{"@type":"Organization","@id":"https:\/\/paolos156.sg-host.com\/#organization","name":"Cascina San Cassiano","url":"https:\/\/paolos156.sg-host.com\/","logo":{"@type":"ImageObject","inLanguage":"fr-FR","@id":"https:\/\/paolos156.sg-host.com\/#\/schema\/logo\/image\/","url":"https:\/\/cascinasancassiano.com\/wp-content\/uploads\/2021\/09\/cascina-san-cassiano-logo.png","contentUrl":"https:\/\/cascinasancassiano.com\/wp-content\/uploads\/2021\/09\/cascina-san-cassiano-logo.png","width":700,"height":700,"caption":"Cascina San Cassiano"},"image":{"@id":"https:\/\/paolos156.sg-host.com\/#\/schema\/logo\/image\/"}}]}},"_links":{"self":[{"href":"https:\/\/cascinasancassiano.com\/fr\/wp-json\/wp\/v2\/product\/39360","targetHints":{"allow":["GET"]}}],"collection":[{"href":"https:\/\/cascinasancassiano.com\/fr\/wp-json\/wp\/v2\/product"}],"about":[{"href":"https:\/\/cascinasancassiano.com\/fr\/wp-json\/wp\/v2\/types\/product"}],"version-history":[{"count":1,"href":"https:\/\/cascinasancassiano.com\/fr\/wp-json\/wp\/v2\/product\/39360\/revisions"}],"predecessor-version":[{"id":39372,"href":"https:\/\/cascinasancassiano.com\/fr\/wp-json\/wp\/v2\/product\/39360\/revisions\/39372"}],"wp:featuredmedia":[{"embeddable":true,"href":"https:\/\/cascinasancassiano.com\/fr\/wp-json\/wp\/v2\/media\/39366"}],"wp:attachment":[{"href":"https:\/\/cascinasancassiano.com\/fr\/wp-json\/wp\/v2\/media?parent=39360"}],"wp:term":[{"taxonomy":"product_brand","embeddable":true,"href":"https:\/\/cascinasancassiano.com\/fr\/wp-json\/wp\/v2\/product_brand?post=39360"},{"taxonomy":"product_cat","embeddable":true,"href":"https:\/\/cascinasancassiano.com\/fr\/wp-json\/wp\/v2\/product_cat?post=39360"},{"taxonomy":"product_tag","embeddable":true,"href":"https:\/\/cascinasancassiano.com\/fr\/wp-json\/wp\/v2\/product_tag?post=39360"}],"curies":[{"name":"wp","href":"https:\/\/api.w.org\/{rel}","templated":true}]}}