{"id":3812,"date":"2018-02-04T10:00:47","date_gmt":"2018-02-04T09:00:47","guid":{"rendered":"http:\/\/www.cascinasancassiano.it\/web\/prodotto\/salsa-di-zucca-e-amaretti\/"},"modified":"2023-01-23T11:31:49","modified_gmt":"2023-01-23T10:31:49","slug":"salsa-di-zucca-e-amaretti","status":"publish","type":"product","link":"https:\/\/cascinasancassiano.com\/fr\/prodotto\/salsa-di-zucca-e-amaretti\/","title":{"rendered":"Sauce de potiron"},"content":{"rendered":"<p style=\"text-align: left;\">Sauce pr\u00e9par\u00e9e avec du potiron et des biscuits amaretti, caract\u00e9ris\u00e9e par un go\u00fbt tr\u00e8s d\u00e9licat. Id\u00e9ale pour les plats de p\u00e2tes fra\u00eeches, notamment les tortellini, ou les p\u00e2tes aux \u0153ufs. Elle est \u00e9galement excellente pour cr\u00e9er des bouch\u00e9es ou comme garniture pour les plats principaux \u00e0 base de viande.<\/p>\n","protected":false},"excerpt":{"rendered":"<p>Sauce pr\u00e9par\u00e9e avec du potiron et des biscuits amaretti, caract\u00e9ris\u00e9e [&hellip;]<\/p>\n","protected":false},"featured_media":15345,"template":"","meta":{"_acf_changed":false},"product_brand":[],"product_cat":[118,519,148],"product_tag":[],"class_list":{"0":"post-3812","1":"product","2":"type-product","3":"status-publish","4":"has-post-thumbnail","6":"product_cat-salato","7":"product_cat-salse-della-tradizione","8":"product_cat-salse-gourmet","10":"first","11":"instock","12":"taxable","13":"shipping-taxable","14":"purchasable","15":"product-type-simple"},"acf":[],"yoast_head":"<!-- This site is optimized with the Yoast SEO plugin v27.4 - https:\/\/yoast.com\/product\/yoast-seo-wordpress\/ -->\n<title>Sauce de potiron - Cascina San Cassiano<\/title>\n<meta name=\"robots\" content=\"index, follow, max-snippet:-1, max-image-preview:large, max-video-preview:-1\" \/>\n<link rel=\"canonical\" href=\"https:\/\/cascinasancassiano.com\/fr\/prodotto\/salsa-di-zucca-e-amaretti\/\" \/>\n<meta property=\"og:locale\" content=\"fr_FR\" \/>\n<meta property=\"og:type\" content=\"article\" \/>\n<meta property=\"og:title\" content=\"Sauce de potiron - Cascina San Cassiano\" \/>\n<meta property=\"og:description\" content=\"Sauce pr\u00e9par\u00e9e avec du potiron et des biscuits amaretti, caract\u00e9ris\u00e9e [&hellip;]\" \/>\n<meta property=\"og:url\" content=\"https:\/\/cascinasancassiano.com\/fr\/prodotto\/salsa-di-zucca-e-amaretti\/\" \/>\n<meta property=\"og:site_name\" content=\"Cascina San Cassiano\" \/>\n<meta property=\"article:modified_time\" content=\"2023-01-23T10:31:49+00:00\" \/>\n<meta property=\"og:image\" content=\"https:\/\/cascina.demoengagemint.it\/wp-content\/uploads\/2018\/02\/CSC631_Salsa_zucca.png\" \/>\n\t<meta property=\"og:image:width\" content=\"500\" \/>\n\t<meta property=\"og:image:height\" content=\"500\" \/>\n\t<meta property=\"og:image:type\" content=\"image\/png\" \/>\n<meta name=\"twitter:card\" content=\"summary_large_image\" \/>\n<script type=\"application\/ld+json\" class=\"yoast-schema-graph\">{\"@context\":\"https:\\\/\\\/schema.org\",\"@graph\":[{\"@type\":\"WebPage\",\"@id\":\"https:\\\/\\\/cascinasancassiano.com\\\/fr\\\/prodotto\\\/salsa-di-zucca-e-amaretti\\\/\",\"url\":\"https:\\\/\\\/cascinasancassiano.com\\\/fr\\\/prodotto\\\/salsa-di-zucca-e-amaretti\\\/\",\"name\":\"Sauce de potiron - Cascina San Cassiano\",\"isPartOf\":{\"@id\":\"https:\\\/\\\/paolos156.sg-host.com\\\/#website\"},\"primaryImageOfPage\":{\"@id\":\"https:\\\/\\\/cascinasancassiano.com\\\/fr\\\/prodotto\\\/salsa-di-zucca-e-amaretti\\\/#primaryimage\"},\"image\":{\"@id\":\"https:\\\/\\\/cascinasancassiano.com\\\/fr\\\/prodotto\\\/salsa-di-zucca-e-amaretti\\\/#primaryimage\"},\"thumbnailUrl\":\"https:\\\/\\\/cascinasancassiano.com\\\/wp-content\\\/uploads\\\/2018\\\/02\\\/CSC631_Salsa_zucca.png\",\"datePublished\":\"2018-02-04T09:00:47+00:00\",\"dateModified\":\"2023-01-23T10:31:49+00:00\",\"breadcrumb\":{\"@id\":\"https:\\\/\\\/cascinasancassiano.com\\\/fr\\\/prodotto\\\/salsa-di-zucca-e-amaretti\\\/#breadcrumb\"},\"inLanguage\":\"fr-FR\",\"potentialAction\":[{\"@type\":\"ReadAction\",\"target\":[\"https:\\\/\\\/cascinasancassiano.com\\\/fr\\\/prodotto\\\/salsa-di-zucca-e-amaretti\\\/\"]}]},{\"@type\":\"ImageObject\",\"inLanguage\":\"fr-FR\",\"@id\":\"https:\\\/\\\/cascinasancassiano.com\\\/fr\\\/prodotto\\\/salsa-di-zucca-e-amaretti\\\/#primaryimage\",\"url\":\"https:\\\/\\\/cascinasancassiano.com\\\/wp-content\\\/uploads\\\/2018\\\/02\\\/CSC631_Salsa_zucca.png\",\"contentUrl\":\"https:\\\/\\\/cascinasancassiano.com\\\/wp-content\\\/uploads\\\/2018\\\/02\\\/CSC631_Salsa_zucca.png\",\"width\":500,\"height\":500},{\"@type\":\"BreadcrumbList\",\"@id\":\"https:\\\/\\\/cascinasancassiano.com\\\/fr\\\/prodotto\\\/salsa-di-zucca-e-amaretti\\\/#breadcrumb\",\"itemListElement\":[{\"@type\":\"ListItem\",\"position\":1,\"name\":\"Produits\",\"item\":\"https:\\\/\\\/cascinasancassiano.com\\\/fr\\\/shop\\\/\"},{\"@type\":\"ListItem\",\"position\":2,\"name\":\"Sauce de potiron\"}]},{\"@type\":\"WebSite\",\"@id\":\"https:\\\/\\\/paolos156.sg-host.com\\\/#website\",\"url\":\"https:\\\/\\\/paolos156.sg-host.com\\\/\",\"name\":\"Cascina San Cassiano\",\"description\":\"Gusta, credi, ama.\",\"publisher\":{\"@id\":\"https:\\\/\\\/paolos156.sg-host.com\\\/#organization\"},\"potentialAction\":[{\"@type\":\"SearchAction\",\"target\":{\"@type\":\"EntryPoint\",\"urlTemplate\":\"https:\\\/\\\/paolos156.sg-host.com\\\/?s={search_term_string}\"},\"query-input\":{\"@type\":\"PropertyValueSpecification\",\"valueRequired\":true,\"valueName\":\"search_term_string\"}}],\"inLanguage\":\"fr-FR\"},{\"@type\":\"Organization\",\"@id\":\"https:\\\/\\\/paolos156.sg-host.com\\\/#organization\",\"name\":\"Cascina San Cassiano\",\"url\":\"https:\\\/\\\/paolos156.sg-host.com\\\/\",\"logo\":{\"@type\":\"ImageObject\",\"inLanguage\":\"fr-FR\",\"@id\":\"https:\\\/\\\/paolos156.sg-host.com\\\/#\\\/schema\\\/logo\\\/image\\\/\",\"url\":\"https:\\\/\\\/cascinasancassiano.com\\\/wp-content\\\/uploads\\\/2021\\\/09\\\/cascina-san-cassiano-logo.png\",\"contentUrl\":\"https:\\\/\\\/cascinasancassiano.com\\\/wp-content\\\/uploads\\\/2021\\\/09\\\/cascina-san-cassiano-logo.png\",\"width\":700,\"height\":700,\"caption\":\"Cascina San Cassiano\"},\"image\":{\"@id\":\"https:\\\/\\\/paolos156.sg-host.com\\\/#\\\/schema\\\/logo\\\/image\\\/\"}}]}<\/script>\n<!-- \/ Yoast SEO plugin. -->","yoast_head_json":{"title":"Sauce de potiron - Cascina San Cassiano","robots":{"index":"index","follow":"follow","max-snippet":"max-snippet:-1","max-image-preview":"max-image-preview:large","max-video-preview":"max-video-preview:-1"},"canonical":"https:\/\/cascinasancassiano.com\/fr\/prodotto\/salsa-di-zucca-e-amaretti\/","og_locale":"fr_FR","og_type":"article","og_title":"Sauce de potiron - Cascina San Cassiano","og_description":"Sauce pr\u00e9par\u00e9e avec du potiron et des biscuits amaretti, caract\u00e9ris\u00e9e [&hellip;]","og_url":"https:\/\/cascinasancassiano.com\/fr\/prodotto\/salsa-di-zucca-e-amaretti\/","og_site_name":"Cascina San Cassiano","article_modified_time":"2023-01-23T10:31:49+00:00","og_image":[{"width":500,"height":500,"url":"https:\/\/cascina.demoengagemint.it\/wp-content\/uploads\/2018\/02\/CSC631_Salsa_zucca.png","type":"image\/png"}],"twitter_card":"summary_large_image","schema":{"@context":"https:\/\/schema.org","@graph":[{"@type":"WebPage","@id":"https:\/\/cascinasancassiano.com\/fr\/prodotto\/salsa-di-zucca-e-amaretti\/","url":"https:\/\/cascinasancassiano.com\/fr\/prodotto\/salsa-di-zucca-e-amaretti\/","name":"Sauce de potiron - Cascina San Cassiano","isPartOf":{"@id":"https:\/\/paolos156.sg-host.com\/#website"},"primaryImageOfPage":{"@id":"https:\/\/cascinasancassiano.com\/fr\/prodotto\/salsa-di-zucca-e-amaretti\/#primaryimage"},"image":{"@id":"https:\/\/cascinasancassiano.com\/fr\/prodotto\/salsa-di-zucca-e-amaretti\/#primaryimage"},"thumbnailUrl":"https:\/\/cascinasancassiano.com\/wp-content\/uploads\/2018\/02\/CSC631_Salsa_zucca.png","datePublished":"2018-02-04T09:00:47+00:00","dateModified":"2023-01-23T10:31:49+00:00","breadcrumb":{"@id":"https:\/\/cascinasancassiano.com\/fr\/prodotto\/salsa-di-zucca-e-amaretti\/#breadcrumb"},"inLanguage":"fr-FR","potentialAction":[{"@type":"ReadAction","target":["https:\/\/cascinasancassiano.com\/fr\/prodotto\/salsa-di-zucca-e-amaretti\/"]}]},{"@type":"ImageObject","inLanguage":"fr-FR","@id":"https:\/\/cascinasancassiano.com\/fr\/prodotto\/salsa-di-zucca-e-amaretti\/#primaryimage","url":"https:\/\/cascinasancassiano.com\/wp-content\/uploads\/2018\/02\/CSC631_Salsa_zucca.png","contentUrl":"https:\/\/cascinasancassiano.com\/wp-content\/uploads\/2018\/02\/CSC631_Salsa_zucca.png","width":500,"height":500},{"@type":"BreadcrumbList","@id":"https:\/\/cascinasancassiano.com\/fr\/prodotto\/salsa-di-zucca-e-amaretti\/#breadcrumb","itemListElement":[{"@type":"ListItem","position":1,"name":"Produits","item":"https:\/\/cascinasancassiano.com\/fr\/shop\/"},{"@type":"ListItem","position":2,"name":"Sauce de potiron"}]},{"@type":"WebSite","@id":"https:\/\/paolos156.sg-host.com\/#website","url":"https:\/\/paolos156.sg-host.com\/","name":"Cascina San Cassiano","description":"Gusta, credi, ama.","publisher":{"@id":"https:\/\/paolos156.sg-host.com\/#organization"},"potentialAction":[{"@type":"SearchAction","target":{"@type":"EntryPoint","urlTemplate":"https:\/\/paolos156.sg-host.com\/?s={search_term_string}"},"query-input":{"@type":"PropertyValueSpecification","valueRequired":true,"valueName":"search_term_string"}}],"inLanguage":"fr-FR"},{"@type":"Organization","@id":"https:\/\/paolos156.sg-host.com\/#organization","name":"Cascina San Cassiano","url":"https:\/\/paolos156.sg-host.com\/","logo":{"@type":"ImageObject","inLanguage":"fr-FR","@id":"https:\/\/paolos156.sg-host.com\/#\/schema\/logo\/image\/","url":"https:\/\/cascinasancassiano.com\/wp-content\/uploads\/2021\/09\/cascina-san-cassiano-logo.png","contentUrl":"https:\/\/cascinasancassiano.com\/wp-content\/uploads\/2021\/09\/cascina-san-cassiano-logo.png","width":700,"height":700,"caption":"Cascina San Cassiano"},"image":{"@id":"https:\/\/paolos156.sg-host.com\/#\/schema\/logo\/image\/"}}]}},"_links":{"self":[{"href":"https:\/\/cascinasancassiano.com\/fr\/wp-json\/wp\/v2\/product\/3812","targetHints":{"allow":["GET"]}}],"collection":[{"href":"https:\/\/cascinasancassiano.com\/fr\/wp-json\/wp\/v2\/product"}],"about":[{"href":"https:\/\/cascinasancassiano.com\/fr\/wp-json\/wp\/v2\/types\/product"}],"version-history":[{"count":0,"href":"https:\/\/cascinasancassiano.com\/fr\/wp-json\/wp\/v2\/product\/3812\/revisions"}],"wp:featuredmedia":[{"embeddable":true,"href":"https:\/\/cascinasancassiano.com\/fr\/wp-json\/wp\/v2\/media\/15345"}],"wp:attachment":[{"href":"https:\/\/cascinasancassiano.com\/fr\/wp-json\/wp\/v2\/media?parent=3812"}],"wp:term":[{"taxonomy":"product_brand","embeddable":true,"href":"https:\/\/cascinasancassiano.com\/fr\/wp-json\/wp\/v2\/product_brand?post=3812"},{"taxonomy":"product_cat","embeddable":true,"href":"https:\/\/cascinasancassiano.com\/fr\/wp-json\/wp\/v2\/product_cat?post=3812"},{"taxonomy":"product_tag","embeddable":true,"href":"https:\/\/cascinasancassiano.com\/fr\/wp-json\/wp\/v2\/product_tag?post=3812"}],"curies":[{"name":"wp","href":"https:\/\/api.w.org\/{rel}","templated":true}]}}