{"id":3678,"date":"2019-02-08T10:00:50","date_gmt":"2019-02-08T09:00:50","guid":{"rendered":"http:\/\/www.cascinasancassiano.it\/web\/prodotto\/pesto-con-canapa-biologico\/"},"modified":"2023-06-12T13:03:50","modified_gmt":"2023-06-12T11:03:50","slug":"pesto-con-semi-canapa-biologico","status":"publish","type":"product","link":"https:\/\/cascinasancassiano.com\/fr\/prodotto\/pesto-con-semi-canapa-biologico\/","title":{"rendered":"Pesto de basilic et  graines de chanvre biologique"},"content":{"rendered":"<p>Savoureux pesto biologique \u00e0 base de basilic et de graines de chanvre, au go\u00fbt distinctif et intriguant. Id\u00e9al pour assaisonner les plats de p\u00e2tes, garnir les pizzas ou les plats de viande.<\/p>\n","protected":false},"excerpt":{"rendered":"<p>Savoureux pesto biologique \u00e0 base de basilic et de graines [&hellip;]<\/p>\n","protected":false},"featured_media":15120,"template":"","meta":{"_acf_changed":false},"product_brand":[],"product_cat":[118,141,205],"product_tag":[530,532],"class_list":{"0":"post-3678","1":"product","2":"type-product","3":"status-publish","4":"has-post-thumbnail","6":"product_cat-salato","7":"product_cat-pesti-e-pate","8":"product_cat-pesti","9":"product_tag-biologico","10":"product_tag-vegano","12":"first","13":"instock","14":"taxable","15":"shipping-taxable","16":"purchasable","17":"product-type-simple"},"acf":[],"yoast_head":"<!-- This site is optimized with the Yoast SEO plugin v27.4 - https:\/\/yoast.com\/product\/yoast-seo-wordpress\/ -->\n<title>Pesto de basilic et graines de chanvre biologique - Cascina San Cassiano<\/title>\n<meta name=\"robots\" content=\"index, follow, max-snippet:-1, max-image-preview:large, max-video-preview:-1\" \/>\n<link rel=\"canonical\" href=\"https:\/\/cascinasancassiano.com\/fr\/prodotto\/pesto-con-semi-canapa-biologico\/\" \/>\n<meta property=\"og:locale\" content=\"fr_FR\" \/>\n<meta property=\"og:type\" content=\"article\" \/>\n<meta property=\"og:title\" content=\"Pesto de basilic et graines de chanvre biologique - Cascina San Cassiano\" \/>\n<meta property=\"og:description\" content=\"Savoureux pesto biologique \u00e0 base de basilic et de graines [&hellip;]\" \/>\n<meta property=\"og:url\" content=\"https:\/\/cascinasancassiano.com\/fr\/prodotto\/pesto-con-semi-canapa-biologico\/\" \/>\n<meta property=\"og:site_name\" content=\"Cascina San Cassiano\" \/>\n<meta property=\"article:modified_time\" content=\"2023-06-12T11:03:50+00:00\" \/>\n<meta property=\"og:image\" content=\"https:\/\/cascina.demoengagemint.it\/wp-content\/uploads\/2019\/02\/CSC1666_pesto_semi_canapa_bio.png\" \/>\n\t<meta property=\"og:image:width\" content=\"500\" \/>\n\t<meta property=\"og:image:height\" content=\"500\" \/>\n\t<meta property=\"og:image:type\" content=\"image\/png\" \/>\n<meta name=\"twitter:card\" content=\"summary_large_image\" \/>\n<meta name=\"twitter:label1\" content=\"Dur\u00e9e de lecture estim\u00e9e\" \/>\n\t<meta name=\"twitter:data1\" content=\"1 minute\" \/>\n<script type=\"application\/ld+json\" class=\"yoast-schema-graph\">{\"@context\":\"https:\\\/\\\/schema.org\",\"@graph\":[{\"@type\":\"WebPage\",\"@id\":\"https:\\\/\\\/cascinasancassiano.com\\\/fr\\\/prodotto\\\/pesto-con-semi-canapa-biologico\\\/\",\"url\":\"https:\\\/\\\/cascinasancassiano.com\\\/fr\\\/prodotto\\\/pesto-con-semi-canapa-biologico\\\/\",\"name\":\"Pesto de basilic et graines de chanvre biologique - Cascina San Cassiano\",\"isPartOf\":{\"@id\":\"https:\\\/\\\/paolos156.sg-host.com\\\/#website\"},\"primaryImageOfPage\":{\"@id\":\"https:\\\/\\\/cascinasancassiano.com\\\/fr\\\/prodotto\\\/pesto-con-semi-canapa-biologico\\\/#primaryimage\"},\"image\":{\"@id\":\"https:\\\/\\\/cascinasancassiano.com\\\/fr\\\/prodotto\\\/pesto-con-semi-canapa-biologico\\\/#primaryimage\"},\"thumbnailUrl\":\"https:\\\/\\\/cascinasancassiano.com\\\/wp-content\\\/uploads\\\/2019\\\/02\\\/CSC1666_pesto_semi_canapa_bio.png\",\"datePublished\":\"2019-02-08T09:00:50+00:00\",\"dateModified\":\"2023-06-12T11:03:50+00:00\",\"breadcrumb\":{\"@id\":\"https:\\\/\\\/cascinasancassiano.com\\\/fr\\\/prodotto\\\/pesto-con-semi-canapa-biologico\\\/#breadcrumb\"},\"inLanguage\":\"fr-FR\",\"potentialAction\":[{\"@type\":\"ReadAction\",\"target\":[\"https:\\\/\\\/cascinasancassiano.com\\\/fr\\\/prodotto\\\/pesto-con-semi-canapa-biologico\\\/\"]}]},{\"@type\":\"ImageObject\",\"inLanguage\":\"fr-FR\",\"@id\":\"https:\\\/\\\/cascinasancassiano.com\\\/fr\\\/prodotto\\\/pesto-con-semi-canapa-biologico\\\/#primaryimage\",\"url\":\"https:\\\/\\\/cascinasancassiano.com\\\/wp-content\\\/uploads\\\/2019\\\/02\\\/CSC1666_pesto_semi_canapa_bio.png\",\"contentUrl\":\"https:\\\/\\\/cascinasancassiano.com\\\/wp-content\\\/uploads\\\/2019\\\/02\\\/CSC1666_pesto_semi_canapa_bio.png\",\"width\":500,\"height\":500},{\"@type\":\"BreadcrumbList\",\"@id\":\"https:\\\/\\\/cascinasancassiano.com\\\/fr\\\/prodotto\\\/pesto-con-semi-canapa-biologico\\\/#breadcrumb\",\"itemListElement\":[{\"@type\":\"ListItem\",\"position\":1,\"name\":\"Produits\",\"item\":\"https:\\\/\\\/cascinasancassiano.com\\\/fr\\\/shop\\\/\"},{\"@type\":\"ListItem\",\"position\":2,\"name\":\"Pesto de basilic et graines de chanvre biologique\"}]},{\"@type\":\"WebSite\",\"@id\":\"https:\\\/\\\/paolos156.sg-host.com\\\/#website\",\"url\":\"https:\\\/\\\/paolos156.sg-host.com\\\/\",\"name\":\"Cascina San Cassiano\",\"description\":\"Gusta, credi, ama.\",\"publisher\":{\"@id\":\"https:\\\/\\\/paolos156.sg-host.com\\\/#organization\"},\"potentialAction\":[{\"@type\":\"SearchAction\",\"target\":{\"@type\":\"EntryPoint\",\"urlTemplate\":\"https:\\\/\\\/paolos156.sg-host.com\\\/?s={search_term_string}\"},\"query-input\":{\"@type\":\"PropertyValueSpecification\",\"valueRequired\":true,\"valueName\":\"search_term_string\"}}],\"inLanguage\":\"fr-FR\"},{\"@type\":\"Organization\",\"@id\":\"https:\\\/\\\/paolos156.sg-host.com\\\/#organization\",\"name\":\"Cascina San Cassiano\",\"url\":\"https:\\\/\\\/paolos156.sg-host.com\\\/\",\"logo\":{\"@type\":\"ImageObject\",\"inLanguage\":\"fr-FR\",\"@id\":\"https:\\\/\\\/paolos156.sg-host.com\\\/#\\\/schema\\\/logo\\\/image\\\/\",\"url\":\"https:\\\/\\\/cascinasancassiano.com\\\/wp-content\\\/uploads\\\/2021\\\/09\\\/cascina-san-cassiano-logo.png\",\"contentUrl\":\"https:\\\/\\\/cascinasancassiano.com\\\/wp-content\\\/uploads\\\/2021\\\/09\\\/cascina-san-cassiano-logo.png\",\"width\":700,\"height\":700,\"caption\":\"Cascina San Cassiano\"},\"image\":{\"@id\":\"https:\\\/\\\/paolos156.sg-host.com\\\/#\\\/schema\\\/logo\\\/image\\\/\"}}]}<\/script>\n<!-- \/ Yoast SEO plugin. -->","yoast_head_json":{"title":"Pesto de basilic et graines de chanvre biologique - Cascina San Cassiano","robots":{"index":"index","follow":"follow","max-snippet":"max-snippet:-1","max-image-preview":"max-image-preview:large","max-video-preview":"max-video-preview:-1"},"canonical":"https:\/\/cascinasancassiano.com\/fr\/prodotto\/pesto-con-semi-canapa-biologico\/","og_locale":"fr_FR","og_type":"article","og_title":"Pesto de basilic et graines de chanvre biologique - Cascina San Cassiano","og_description":"Savoureux pesto biologique \u00e0 base de basilic et de graines [&hellip;]","og_url":"https:\/\/cascinasancassiano.com\/fr\/prodotto\/pesto-con-semi-canapa-biologico\/","og_site_name":"Cascina San Cassiano","article_modified_time":"2023-06-12T11:03:50+00:00","og_image":[{"width":500,"height":500,"url":"https:\/\/cascina.demoengagemint.it\/wp-content\/uploads\/2019\/02\/CSC1666_pesto_semi_canapa_bio.png","type":"image\/png"}],"twitter_card":"summary_large_image","twitter_misc":{"Dur\u00e9e de lecture estim\u00e9e":"1 minute"},"schema":{"@context":"https:\/\/schema.org","@graph":[{"@type":"WebPage","@id":"https:\/\/cascinasancassiano.com\/fr\/prodotto\/pesto-con-semi-canapa-biologico\/","url":"https:\/\/cascinasancassiano.com\/fr\/prodotto\/pesto-con-semi-canapa-biologico\/","name":"Pesto de basilic et graines de chanvre biologique - Cascina San Cassiano","isPartOf":{"@id":"https:\/\/paolos156.sg-host.com\/#website"},"primaryImageOfPage":{"@id":"https:\/\/cascinasancassiano.com\/fr\/prodotto\/pesto-con-semi-canapa-biologico\/#primaryimage"},"image":{"@id":"https:\/\/cascinasancassiano.com\/fr\/prodotto\/pesto-con-semi-canapa-biologico\/#primaryimage"},"thumbnailUrl":"https:\/\/cascinasancassiano.com\/wp-content\/uploads\/2019\/02\/CSC1666_pesto_semi_canapa_bio.png","datePublished":"2019-02-08T09:00:50+00:00","dateModified":"2023-06-12T11:03:50+00:00","breadcrumb":{"@id":"https:\/\/cascinasancassiano.com\/fr\/prodotto\/pesto-con-semi-canapa-biologico\/#breadcrumb"},"inLanguage":"fr-FR","potentialAction":[{"@type":"ReadAction","target":["https:\/\/cascinasancassiano.com\/fr\/prodotto\/pesto-con-semi-canapa-biologico\/"]}]},{"@type":"ImageObject","inLanguage":"fr-FR","@id":"https:\/\/cascinasancassiano.com\/fr\/prodotto\/pesto-con-semi-canapa-biologico\/#primaryimage","url":"https:\/\/cascinasancassiano.com\/wp-content\/uploads\/2019\/02\/CSC1666_pesto_semi_canapa_bio.png","contentUrl":"https:\/\/cascinasancassiano.com\/wp-content\/uploads\/2019\/02\/CSC1666_pesto_semi_canapa_bio.png","width":500,"height":500},{"@type":"BreadcrumbList","@id":"https:\/\/cascinasancassiano.com\/fr\/prodotto\/pesto-con-semi-canapa-biologico\/#breadcrumb","itemListElement":[{"@type":"ListItem","position":1,"name":"Produits","item":"https:\/\/cascinasancassiano.com\/fr\/shop\/"},{"@type":"ListItem","position":2,"name":"Pesto de basilic et graines de chanvre biologique"}]},{"@type":"WebSite","@id":"https:\/\/paolos156.sg-host.com\/#website","url":"https:\/\/paolos156.sg-host.com\/","name":"Cascina San Cassiano","description":"Gusta, credi, ama.","publisher":{"@id":"https:\/\/paolos156.sg-host.com\/#organization"},"potentialAction":[{"@type":"SearchAction","target":{"@type":"EntryPoint","urlTemplate":"https:\/\/paolos156.sg-host.com\/?s={search_term_string}"},"query-input":{"@type":"PropertyValueSpecification","valueRequired":true,"valueName":"search_term_string"}}],"inLanguage":"fr-FR"},{"@type":"Organization","@id":"https:\/\/paolos156.sg-host.com\/#organization","name":"Cascina San Cassiano","url":"https:\/\/paolos156.sg-host.com\/","logo":{"@type":"ImageObject","inLanguage":"fr-FR","@id":"https:\/\/paolos156.sg-host.com\/#\/schema\/logo\/image\/","url":"https:\/\/cascinasancassiano.com\/wp-content\/uploads\/2021\/09\/cascina-san-cassiano-logo.png","contentUrl":"https:\/\/cascinasancassiano.com\/wp-content\/uploads\/2021\/09\/cascina-san-cassiano-logo.png","width":700,"height":700,"caption":"Cascina San Cassiano"},"image":{"@id":"https:\/\/paolos156.sg-host.com\/#\/schema\/logo\/image\/"}}]}},"_links":{"self":[{"href":"https:\/\/cascinasancassiano.com\/fr\/wp-json\/wp\/v2\/product\/3678","targetHints":{"allow":["GET"]}}],"collection":[{"href":"https:\/\/cascinasancassiano.com\/fr\/wp-json\/wp\/v2\/product"}],"about":[{"href":"https:\/\/cascinasancassiano.com\/fr\/wp-json\/wp\/v2\/types\/product"}],"version-history":[{"count":0,"href":"https:\/\/cascinasancassiano.com\/fr\/wp-json\/wp\/v2\/product\/3678\/revisions"}],"wp:featuredmedia":[{"embeddable":true,"href":"https:\/\/cascinasancassiano.com\/fr\/wp-json\/wp\/v2\/media\/15120"}],"wp:attachment":[{"href":"https:\/\/cascinasancassiano.com\/fr\/wp-json\/wp\/v2\/media?parent=3678"}],"wp:term":[{"taxonomy":"product_brand","embeddable":true,"href":"https:\/\/cascinasancassiano.com\/fr\/wp-json\/wp\/v2\/product_brand?post=3678"},{"taxonomy":"product_cat","embeddable":true,"href":"https:\/\/cascinasancassiano.com\/fr\/wp-json\/wp\/v2\/product_cat?post=3678"},{"taxonomy":"product_tag","embeddable":true,"href":"https:\/\/cascinasancassiano.com\/fr\/wp-json\/wp\/v2\/product_tag?post=3678"}],"curies":[{"name":"wp","href":"https:\/\/api.w.org\/{rel}","templated":true}]}}