{"id":3649,"date":"2019-02-18T10:00:50","date_gmt":"2019-02-18T09:00:50","guid":{"rendered":"http:\/\/www.cascinasancassiano.it\/web\/prodotto\/confettura-extra-di-mirtillo-biologica\/"},"modified":"2023-01-23T11:34:24","modified_gmt":"2023-01-23T10:34:24","slug":"confettura-extra-di-mirtillo-biologica","status":"publish","type":"product","link":"https:\/\/cascinasancassiano.com\/fr\/prodotto\/confettura-extra-di-mirtillo-biologica\/","title":{"rendered":"Confiture de myrtilles biologique"},"content":{"rendered":"<p>Confiture biologique extra compos\u00e9e de deux ingr\u00e9dients: des fruits et du sucre brun. A&rsquo; tartiner sur du pain, pour garnir des g\u00e2teaux, du yaourt et du fromage frais. La confiture peut \u00eatre d\u00e9finie comme \u00ab\u00a0extra\u00a0\u00bb si le pourcentage de fruits est sup\u00e9rieur ou \u00e9gal \u00e0 45%.<\/p>\n","protected":false},"excerpt":{"rendered":"<p>Confiture biologique extra compos\u00e9e de deux ingr\u00e9dients: des fruits et [&hellip;]<\/p>\n","protected":false},"featured_media":37547,"template":"","meta":{"_acf_changed":false},"product_brand":[],"product_cat":[165,159,124],"product_tag":[530,532],"class_list":{"0":"post-3649","1":"product","2":"type-product","3":"status-publish","4":"has-post-thumbnail","6":"product_cat-confetture-extra-e-marmellate","7":"product_cat-dolce","8":"product_cat-confetture-bio","9":"product_tag-biologico","10":"product_tag-vegano","12":"first","13":"instock","14":"taxable","15":"shipping-taxable","16":"purchasable","17":"product-type-simple"},"acf":[],"yoast_head":"<!-- This site is optimized with the Yoast SEO plugin v27.4 - https:\/\/yoast.com\/product\/yoast-seo-wordpress\/ -->\n<title>Confiture de myrtilles biologique - Cascina San Cassiano<\/title>\n<meta name=\"robots\" content=\"index, follow, max-snippet:-1, max-image-preview:large, max-video-preview:-1\" \/>\n<link rel=\"canonical\" href=\"https:\/\/cascinasancassiano.com\/fr\/prodotto\/confettura-extra-di-mirtillo-biologica\/\" \/>\n<meta property=\"og:locale\" content=\"fr_FR\" \/>\n<meta property=\"og:type\" content=\"article\" \/>\n<meta property=\"og:title\" content=\"Confiture de myrtilles biologique - Cascina San Cassiano\" \/>\n<meta property=\"og:description\" content=\"Confiture biologique extra compos\u00e9e de deux ingr\u00e9dients: des fruits et [&hellip;]\" \/>\n<meta property=\"og:url\" content=\"https:\/\/cascinasancassiano.com\/fr\/prodotto\/confettura-extra-di-mirtillo-biologica\/\" \/>\n<meta property=\"og:site_name\" content=\"Cascina San Cassiano\" \/>\n<meta property=\"article:modified_time\" content=\"2023-01-23T10:34:24+00:00\" \/>\n<meta property=\"og:image\" content=\"https:\/\/cascina.demoengagemint.it\/wp-content\/uploads\/2019\/02\/CSC1623-Confettura-Extra-Di-Mirtilli-Biologici.png\" \/>\n\t<meta property=\"og:image:width\" content=\"500\" \/>\n\t<meta property=\"og:image:height\" content=\"500\" \/>\n\t<meta property=\"og:image:type\" content=\"image\/png\" \/>\n<meta name=\"twitter:card\" content=\"summary_large_image\" \/>\n<script type=\"application\/ld+json\" class=\"yoast-schema-graph\">{\"@context\":\"https:\\\/\\\/schema.org\",\"@graph\":[{\"@type\":\"WebPage\",\"@id\":\"https:\\\/\\\/cascinasancassiano.com\\\/fr\\\/prodotto\\\/confettura-extra-di-mirtillo-biologica\\\/\",\"url\":\"https:\\\/\\\/cascinasancassiano.com\\\/fr\\\/prodotto\\\/confettura-extra-di-mirtillo-biologica\\\/\",\"name\":\"Confiture de myrtilles biologique - Cascina San Cassiano\",\"isPartOf\":{\"@id\":\"https:\\\/\\\/paolos156.sg-host.com\\\/#website\"},\"primaryImageOfPage\":{\"@id\":\"https:\\\/\\\/cascinasancassiano.com\\\/fr\\\/prodotto\\\/confettura-extra-di-mirtillo-biologica\\\/#primaryimage\"},\"image\":{\"@id\":\"https:\\\/\\\/cascinasancassiano.com\\\/fr\\\/prodotto\\\/confettura-extra-di-mirtillo-biologica\\\/#primaryimage\"},\"thumbnailUrl\":\"https:\\\/\\\/cascinasancassiano.com\\\/wp-content\\\/uploads\\\/2019\\\/02\\\/CSC-1623-Extra-mirtillo-BIO-New-26.png\",\"datePublished\":\"2019-02-18T09:00:50+00:00\",\"dateModified\":\"2023-01-23T10:34:24+00:00\",\"breadcrumb\":{\"@id\":\"https:\\\/\\\/cascinasancassiano.com\\\/fr\\\/prodotto\\\/confettura-extra-di-mirtillo-biologica\\\/#breadcrumb\"},\"inLanguage\":\"fr-FR\",\"potentialAction\":[{\"@type\":\"ReadAction\",\"target\":[\"https:\\\/\\\/cascinasancassiano.com\\\/fr\\\/prodotto\\\/confettura-extra-di-mirtillo-biologica\\\/\"]}]},{\"@type\":\"ImageObject\",\"inLanguage\":\"fr-FR\",\"@id\":\"https:\\\/\\\/cascinasancassiano.com\\\/fr\\\/prodotto\\\/confettura-extra-di-mirtillo-biologica\\\/#primaryimage\",\"url\":\"https:\\\/\\\/cascinasancassiano.com\\\/wp-content\\\/uploads\\\/2019\\\/02\\\/CSC-1623-Extra-mirtillo-BIO-New-26.png\",\"contentUrl\":\"https:\\\/\\\/cascinasancassiano.com\\\/wp-content\\\/uploads\\\/2019\\\/02\\\/CSC-1623-Extra-mirtillo-BIO-New-26.png\",\"width\":1000,\"height\":1000,\"caption\":\"Extra mirtillo BIO\"},{\"@type\":\"BreadcrumbList\",\"@id\":\"https:\\\/\\\/cascinasancassiano.com\\\/fr\\\/prodotto\\\/confettura-extra-di-mirtillo-biologica\\\/#breadcrumb\",\"itemListElement\":[{\"@type\":\"ListItem\",\"position\":1,\"name\":\"Produits\",\"item\":\"https:\\\/\\\/cascinasancassiano.com\\\/fr\\\/shop\\\/\"},{\"@type\":\"ListItem\",\"position\":2,\"name\":\"Confiture de myrtilles biologique\"}]},{\"@type\":\"WebSite\",\"@id\":\"https:\\\/\\\/paolos156.sg-host.com\\\/#website\",\"url\":\"https:\\\/\\\/paolos156.sg-host.com\\\/\",\"name\":\"Cascina San Cassiano\",\"description\":\"Gusta, credi, ama.\",\"publisher\":{\"@id\":\"https:\\\/\\\/paolos156.sg-host.com\\\/#organization\"},\"potentialAction\":[{\"@type\":\"SearchAction\",\"target\":{\"@type\":\"EntryPoint\",\"urlTemplate\":\"https:\\\/\\\/paolos156.sg-host.com\\\/?s={search_term_string}\"},\"query-input\":{\"@type\":\"PropertyValueSpecification\",\"valueRequired\":true,\"valueName\":\"search_term_string\"}}],\"inLanguage\":\"fr-FR\"},{\"@type\":\"Organization\",\"@id\":\"https:\\\/\\\/paolos156.sg-host.com\\\/#organization\",\"name\":\"Cascina San Cassiano\",\"url\":\"https:\\\/\\\/paolos156.sg-host.com\\\/\",\"logo\":{\"@type\":\"ImageObject\",\"inLanguage\":\"fr-FR\",\"@id\":\"https:\\\/\\\/paolos156.sg-host.com\\\/#\\\/schema\\\/logo\\\/image\\\/\",\"url\":\"https:\\\/\\\/cascinasancassiano.com\\\/wp-content\\\/uploads\\\/2021\\\/09\\\/cascina-san-cassiano-logo.png\",\"contentUrl\":\"https:\\\/\\\/cascinasancassiano.com\\\/wp-content\\\/uploads\\\/2021\\\/09\\\/cascina-san-cassiano-logo.png\",\"width\":700,\"height\":700,\"caption\":\"Cascina San Cassiano\"},\"image\":{\"@id\":\"https:\\\/\\\/paolos156.sg-host.com\\\/#\\\/schema\\\/logo\\\/image\\\/\"}}]}<\/script>\n<!-- \/ Yoast SEO plugin. -->","yoast_head_json":{"title":"Confiture de myrtilles biologique - Cascina San Cassiano","robots":{"index":"index","follow":"follow","max-snippet":"max-snippet:-1","max-image-preview":"max-image-preview:large","max-video-preview":"max-video-preview:-1"},"canonical":"https:\/\/cascinasancassiano.com\/fr\/prodotto\/confettura-extra-di-mirtillo-biologica\/","og_locale":"fr_FR","og_type":"article","og_title":"Confiture de myrtilles biologique - Cascina San Cassiano","og_description":"Confiture biologique extra compos\u00e9e de deux ingr\u00e9dients: des fruits et [&hellip;]","og_url":"https:\/\/cascinasancassiano.com\/fr\/prodotto\/confettura-extra-di-mirtillo-biologica\/","og_site_name":"Cascina San Cassiano","article_modified_time":"2023-01-23T10:34:24+00:00","og_image":[{"width":500,"height":500,"url":"https:\/\/cascina.demoengagemint.it\/wp-content\/uploads\/2019\/02\/CSC1623-Confettura-Extra-Di-Mirtilli-Biologici.png","type":"image\/png"}],"twitter_card":"summary_large_image","schema":{"@context":"https:\/\/schema.org","@graph":[{"@type":"WebPage","@id":"https:\/\/cascinasancassiano.com\/fr\/prodotto\/confettura-extra-di-mirtillo-biologica\/","url":"https:\/\/cascinasancassiano.com\/fr\/prodotto\/confettura-extra-di-mirtillo-biologica\/","name":"Confiture de myrtilles biologique - Cascina San Cassiano","isPartOf":{"@id":"https:\/\/paolos156.sg-host.com\/#website"},"primaryImageOfPage":{"@id":"https:\/\/cascinasancassiano.com\/fr\/prodotto\/confettura-extra-di-mirtillo-biologica\/#primaryimage"},"image":{"@id":"https:\/\/cascinasancassiano.com\/fr\/prodotto\/confettura-extra-di-mirtillo-biologica\/#primaryimage"},"thumbnailUrl":"https:\/\/cascinasancassiano.com\/wp-content\/uploads\/2019\/02\/CSC-1623-Extra-mirtillo-BIO-New-26.png","datePublished":"2019-02-18T09:00:50+00:00","dateModified":"2023-01-23T10:34:24+00:00","breadcrumb":{"@id":"https:\/\/cascinasancassiano.com\/fr\/prodotto\/confettura-extra-di-mirtillo-biologica\/#breadcrumb"},"inLanguage":"fr-FR","potentialAction":[{"@type":"ReadAction","target":["https:\/\/cascinasancassiano.com\/fr\/prodotto\/confettura-extra-di-mirtillo-biologica\/"]}]},{"@type":"ImageObject","inLanguage":"fr-FR","@id":"https:\/\/cascinasancassiano.com\/fr\/prodotto\/confettura-extra-di-mirtillo-biologica\/#primaryimage","url":"https:\/\/cascinasancassiano.com\/wp-content\/uploads\/2019\/02\/CSC-1623-Extra-mirtillo-BIO-New-26.png","contentUrl":"https:\/\/cascinasancassiano.com\/wp-content\/uploads\/2019\/02\/CSC-1623-Extra-mirtillo-BIO-New-26.png","width":1000,"height":1000,"caption":"Extra mirtillo BIO"},{"@type":"BreadcrumbList","@id":"https:\/\/cascinasancassiano.com\/fr\/prodotto\/confettura-extra-di-mirtillo-biologica\/#breadcrumb","itemListElement":[{"@type":"ListItem","position":1,"name":"Produits","item":"https:\/\/cascinasancassiano.com\/fr\/shop\/"},{"@type":"ListItem","position":2,"name":"Confiture de myrtilles biologique"}]},{"@type":"WebSite","@id":"https:\/\/paolos156.sg-host.com\/#website","url":"https:\/\/paolos156.sg-host.com\/","name":"Cascina San Cassiano","description":"Gusta, credi, ama.","publisher":{"@id":"https:\/\/paolos156.sg-host.com\/#organization"},"potentialAction":[{"@type":"SearchAction","target":{"@type":"EntryPoint","urlTemplate":"https:\/\/paolos156.sg-host.com\/?s={search_term_string}"},"query-input":{"@type":"PropertyValueSpecification","valueRequired":true,"valueName":"search_term_string"}}],"inLanguage":"fr-FR"},{"@type":"Organization","@id":"https:\/\/paolos156.sg-host.com\/#organization","name":"Cascina San Cassiano","url":"https:\/\/paolos156.sg-host.com\/","logo":{"@type":"ImageObject","inLanguage":"fr-FR","@id":"https:\/\/paolos156.sg-host.com\/#\/schema\/logo\/image\/","url":"https:\/\/cascinasancassiano.com\/wp-content\/uploads\/2021\/09\/cascina-san-cassiano-logo.png","contentUrl":"https:\/\/cascinasancassiano.com\/wp-content\/uploads\/2021\/09\/cascina-san-cassiano-logo.png","width":700,"height":700,"caption":"Cascina San Cassiano"},"image":{"@id":"https:\/\/paolos156.sg-host.com\/#\/schema\/logo\/image\/"}}]}},"_links":{"self":[{"href":"https:\/\/cascinasancassiano.com\/fr\/wp-json\/wp\/v2\/product\/3649","targetHints":{"allow":["GET"]}}],"collection":[{"href":"https:\/\/cascinasancassiano.com\/fr\/wp-json\/wp\/v2\/product"}],"about":[{"href":"https:\/\/cascinasancassiano.com\/fr\/wp-json\/wp\/v2\/types\/product"}],"version-history":[{"count":0,"href":"https:\/\/cascinasancassiano.com\/fr\/wp-json\/wp\/v2\/product\/3649\/revisions"}],"wp:featuredmedia":[{"embeddable":true,"href":"https:\/\/cascinasancassiano.com\/fr\/wp-json\/wp\/v2\/media\/37547"}],"wp:attachment":[{"href":"https:\/\/cascinasancassiano.com\/fr\/wp-json\/wp\/v2\/media?parent=3649"}],"wp:term":[{"taxonomy":"product_brand","embeddable":true,"href":"https:\/\/cascinasancassiano.com\/fr\/wp-json\/wp\/v2\/product_brand?post=3649"},{"taxonomy":"product_cat","embeddable":true,"href":"https:\/\/cascinasancassiano.com\/fr\/wp-json\/wp\/v2\/product_cat?post=3649"},{"taxonomy":"product_tag","embeddable":true,"href":"https:\/\/cascinasancassiano.com\/fr\/wp-json\/wp\/v2\/product_tag?post=3649"}],"curies":[{"name":"wp","href":"https:\/\/api.w.org\/{rel}","templated":true}]}}