{"id":3603,"date":"2019-02-02T10:00:51","date_gmt":"2019-02-02T09:00:51","guid":{"rendered":"http:\/\/www.cascinasancassiano.it\/web\/prodotto\/marmellata-di-arance\/"},"modified":"2023-05-30T15:32:26","modified_gmt":"2023-05-30T13:32:26","slug":"marmellata-di-arance","status":"publish","type":"product","link":"https:\/\/cascinasancassiano.com\/fr\/prodotto\/marmellata-di-arance\/","title":{"rendered":"Marmelade d&rsquo;oranges"},"content":{"rendered":"<p>Marmelade pr\u00e9par\u00e9e avec des oranges et du sucre brun. Compacte, mais caract\u00e9ris\u00e9e par un go\u00fbt d\u00e9licat, presque comme un dessert. On peut l\u2019\u00e9taler sur le pain ou l\u2019utiliser pour garnir les g\u00e2teaux et les glaces.<\/p>\n","protected":false},"excerpt":{"rendered":"<ul>\n<li>Vegan<\/li>\n<li>Gluten free<\/li>\n<li>59% di frutta*<\/li>\n<\/ul>\n","protected":false},"featured_media":37508,"template":"","meta":{"_acf_changed":false},"product_brand":[],"product_cat":[165,159,178],"product_tag":[532],"class_list":{"0":"post-3603","1":"product","2":"type-product","3":"status-publish","4":"has-post-thumbnail","6":"product_cat-confetture-extra-e-marmellate","7":"product_cat-dolce","8":"product_cat-marmellate","9":"product_tag-vegano","11":"first","12":"instock","13":"taxable","14":"shipping-taxable","15":"purchasable","16":"product-type-simple"},"acf":[],"yoast_head":"<!-- This site is optimized with the Yoast SEO plugin v26.9 - https:\/\/yoast.com\/product\/yoast-seo-wordpress\/ -->\n<title>Marmelade d&#039;oranges - Cascina San Cassiano<\/title>\n<meta name=\"robots\" content=\"index, follow, max-snippet:-1, max-image-preview:large, max-video-preview:-1\" \/>\n<link rel=\"canonical\" href=\"https:\/\/cascinasancassiano.com\/fr\/prodotto\/marmellata-di-arance\/\" \/>\n<meta property=\"og:locale\" content=\"fr_FR\" \/>\n<meta property=\"og:type\" content=\"article\" \/>\n<meta property=\"og:title\" content=\"Marmelade d&#039;oranges - Cascina San Cassiano\" \/>\n<meta property=\"og:description\" content=\"Vegan  Gluten free  59% di frutta*\" \/>\n<meta property=\"og:url\" content=\"https:\/\/cascinasancassiano.com\/fr\/prodotto\/marmellata-di-arance\/\" \/>\n<meta property=\"og:site_name\" content=\"Cascina San Cassiano\" \/>\n<meta property=\"article:modified_time\" content=\"2023-05-30T13:32:26+00:00\" \/>\n<meta property=\"og:image\" content=\"https:\/\/cascina.demoengagemint.it\/wp-content\/uploads\/2019\/02\/CSC327_Marmellata__Arance.png\" \/>\n\t<meta property=\"og:image:width\" content=\"500\" \/>\n\t<meta property=\"og:image:height\" content=\"500\" \/>\n\t<meta property=\"og:image:type\" content=\"image\/png\" \/>\n<meta name=\"twitter:card\" content=\"summary_large_image\" \/>\n<meta name=\"twitter:label1\" content=\"Dur\u00e9e de lecture estim\u00e9e\" \/>\n\t<meta name=\"twitter:data1\" content=\"1 minute\" \/>\n<script type=\"application\/ld+json\" class=\"yoast-schema-graph\">{\"@context\":\"https:\/\/schema.org\",\"@graph\":[{\"@type\":\"WebPage\",\"@id\":\"https:\/\/cascinasancassiano.com\/fr\/prodotto\/marmellata-di-arance\/\",\"url\":\"https:\/\/cascinasancassiano.com\/fr\/prodotto\/marmellata-di-arance\/\",\"name\":\"Marmelade d'oranges - Cascina San Cassiano\",\"isPartOf\":{\"@id\":\"https:\/\/paolos156.sg-host.com\/#website\"},\"primaryImageOfPage\":{\"@id\":\"https:\/\/cascinasancassiano.com\/fr\/prodotto\/marmellata-di-arance\/#primaryimage\"},\"image\":{\"@id\":\"https:\/\/cascinasancassiano.com\/fr\/prodotto\/marmellata-di-arance\/#primaryimage\"},\"thumbnailUrl\":\"https:\/\/cascinasancassiano.com\/wp-content\/uploads\/2019\/02\/CSC327_marmellata_di-arancia_-26.png\",\"datePublished\":\"2019-02-02T09:00:51+00:00\",\"dateModified\":\"2023-05-30T13:32:26+00:00\",\"breadcrumb\":{\"@id\":\"https:\/\/cascinasancassiano.com\/fr\/prodotto\/marmellata-di-arance\/#breadcrumb\"},\"inLanguage\":\"fr-FR\",\"potentialAction\":[{\"@type\":\"ReadAction\",\"target\":[\"https:\/\/cascinasancassiano.com\/fr\/prodotto\/marmellata-di-arance\/\"]}]},{\"@type\":\"ImageObject\",\"inLanguage\":\"fr-FR\",\"@id\":\"https:\/\/cascinasancassiano.com\/fr\/prodotto\/marmellata-di-arance\/#primaryimage\",\"url\":\"https:\/\/cascinasancassiano.com\/wp-content\/uploads\/2019\/02\/CSC327_marmellata_di-arancia_-26.png\",\"contentUrl\":\"https:\/\/cascinasancassiano.com\/wp-content\/uploads\/2019\/02\/CSC327_marmellata_di-arancia_-26.png\",\"width\":1000,\"height\":1000,\"caption\":\"marmellata di arancia\"},{\"@type\":\"BreadcrumbList\",\"@id\":\"https:\/\/cascinasancassiano.com\/fr\/prodotto\/marmellata-di-arance\/#breadcrumb\",\"itemListElement\":[{\"@type\":\"ListItem\",\"position\":1,\"name\":\"Produits\",\"item\":\"https:\/\/cascinasancassiano.com\/fr\/shop\/\"},{\"@type\":\"ListItem\",\"position\":2,\"name\":\"Marmelade d&#8217;oranges\"}]},{\"@type\":\"WebSite\",\"@id\":\"https:\/\/paolos156.sg-host.com\/#website\",\"url\":\"https:\/\/paolos156.sg-host.com\/\",\"name\":\"Cascina San Cassiano\",\"description\":\"Gusta, credi, ama.\",\"publisher\":{\"@id\":\"https:\/\/paolos156.sg-host.com\/#organization\"},\"potentialAction\":[{\"@type\":\"SearchAction\",\"target\":{\"@type\":\"EntryPoint\",\"urlTemplate\":\"https:\/\/paolos156.sg-host.com\/?s={search_term_string}\"},\"query-input\":{\"@type\":\"PropertyValueSpecification\",\"valueRequired\":true,\"valueName\":\"search_term_string\"}}],\"inLanguage\":\"fr-FR\"},{\"@type\":\"Organization\",\"@id\":\"https:\/\/paolos156.sg-host.com\/#organization\",\"name\":\"Cascina San Cassiano\",\"url\":\"https:\/\/paolos156.sg-host.com\/\",\"logo\":{\"@type\":\"ImageObject\",\"inLanguage\":\"fr-FR\",\"@id\":\"https:\/\/paolos156.sg-host.com\/#\/schema\/logo\/image\/\",\"url\":\"https:\/\/cascinasancassiano.com\/wp-content\/uploads\/2021\/09\/cascina-san-cassiano-logo.png\",\"contentUrl\":\"https:\/\/cascinasancassiano.com\/wp-content\/uploads\/2021\/09\/cascina-san-cassiano-logo.png\",\"width\":700,\"height\":700,\"caption\":\"Cascina San Cassiano\"},\"image\":{\"@id\":\"https:\/\/paolos156.sg-host.com\/#\/schema\/logo\/image\/\"}}]}<\/script>\n<!-- \/ Yoast SEO plugin. -->","yoast_head_json":{"title":"Marmelade d'oranges - Cascina San Cassiano","robots":{"index":"index","follow":"follow","max-snippet":"max-snippet:-1","max-image-preview":"max-image-preview:large","max-video-preview":"max-video-preview:-1"},"canonical":"https:\/\/cascinasancassiano.com\/fr\/prodotto\/marmellata-di-arance\/","og_locale":"fr_FR","og_type":"article","og_title":"Marmelade d'oranges - Cascina San Cassiano","og_description":"Vegan  Gluten free  59% di frutta*","og_url":"https:\/\/cascinasancassiano.com\/fr\/prodotto\/marmellata-di-arance\/","og_site_name":"Cascina San Cassiano","article_modified_time":"2023-05-30T13:32:26+00:00","og_image":[{"width":500,"height":500,"url":"https:\/\/cascina.demoengagemint.it\/wp-content\/uploads\/2019\/02\/CSC327_Marmellata__Arance.png","type":"image\/png"}],"twitter_card":"summary_large_image","twitter_misc":{"Dur\u00e9e de lecture estim\u00e9e":"1 minute"},"schema":{"@context":"https:\/\/schema.org","@graph":[{"@type":"WebPage","@id":"https:\/\/cascinasancassiano.com\/fr\/prodotto\/marmellata-di-arance\/","url":"https:\/\/cascinasancassiano.com\/fr\/prodotto\/marmellata-di-arance\/","name":"Marmelade d'oranges - Cascina San Cassiano","isPartOf":{"@id":"https:\/\/paolos156.sg-host.com\/#website"},"primaryImageOfPage":{"@id":"https:\/\/cascinasancassiano.com\/fr\/prodotto\/marmellata-di-arance\/#primaryimage"},"image":{"@id":"https:\/\/cascinasancassiano.com\/fr\/prodotto\/marmellata-di-arance\/#primaryimage"},"thumbnailUrl":"https:\/\/cascinasancassiano.com\/wp-content\/uploads\/2019\/02\/CSC327_marmellata_di-arancia_-26.png","datePublished":"2019-02-02T09:00:51+00:00","dateModified":"2023-05-30T13:32:26+00:00","breadcrumb":{"@id":"https:\/\/cascinasancassiano.com\/fr\/prodotto\/marmellata-di-arance\/#breadcrumb"},"inLanguage":"fr-FR","potentialAction":[{"@type":"ReadAction","target":["https:\/\/cascinasancassiano.com\/fr\/prodotto\/marmellata-di-arance\/"]}]},{"@type":"ImageObject","inLanguage":"fr-FR","@id":"https:\/\/cascinasancassiano.com\/fr\/prodotto\/marmellata-di-arance\/#primaryimage","url":"https:\/\/cascinasancassiano.com\/wp-content\/uploads\/2019\/02\/CSC327_marmellata_di-arancia_-26.png","contentUrl":"https:\/\/cascinasancassiano.com\/wp-content\/uploads\/2019\/02\/CSC327_marmellata_di-arancia_-26.png","width":1000,"height":1000,"caption":"marmellata di arancia"},{"@type":"BreadcrumbList","@id":"https:\/\/cascinasancassiano.com\/fr\/prodotto\/marmellata-di-arance\/#breadcrumb","itemListElement":[{"@type":"ListItem","position":1,"name":"Produits","item":"https:\/\/cascinasancassiano.com\/fr\/shop\/"},{"@type":"ListItem","position":2,"name":"Marmelade d&#8217;oranges"}]},{"@type":"WebSite","@id":"https:\/\/paolos156.sg-host.com\/#website","url":"https:\/\/paolos156.sg-host.com\/","name":"Cascina San Cassiano","description":"Gusta, credi, ama.","publisher":{"@id":"https:\/\/paolos156.sg-host.com\/#organization"},"potentialAction":[{"@type":"SearchAction","target":{"@type":"EntryPoint","urlTemplate":"https:\/\/paolos156.sg-host.com\/?s={search_term_string}"},"query-input":{"@type":"PropertyValueSpecification","valueRequired":true,"valueName":"search_term_string"}}],"inLanguage":"fr-FR"},{"@type":"Organization","@id":"https:\/\/paolos156.sg-host.com\/#organization","name":"Cascina San Cassiano","url":"https:\/\/paolos156.sg-host.com\/","logo":{"@type":"ImageObject","inLanguage":"fr-FR","@id":"https:\/\/paolos156.sg-host.com\/#\/schema\/logo\/image\/","url":"https:\/\/cascinasancassiano.com\/wp-content\/uploads\/2021\/09\/cascina-san-cassiano-logo.png","contentUrl":"https:\/\/cascinasancassiano.com\/wp-content\/uploads\/2021\/09\/cascina-san-cassiano-logo.png","width":700,"height":700,"caption":"Cascina San Cassiano"},"image":{"@id":"https:\/\/paolos156.sg-host.com\/#\/schema\/logo\/image\/"}}]}},"_links":{"self":[{"href":"https:\/\/cascinasancassiano.com\/fr\/wp-json\/wp\/v2\/product\/3603","targetHints":{"allow":["GET"]}}],"collection":[{"href":"https:\/\/cascinasancassiano.com\/fr\/wp-json\/wp\/v2\/product"}],"about":[{"href":"https:\/\/cascinasancassiano.com\/fr\/wp-json\/wp\/v2\/types\/product"}],"version-history":[{"count":0,"href":"https:\/\/cascinasancassiano.com\/fr\/wp-json\/wp\/v2\/product\/3603\/revisions"}],"wp:featuredmedia":[{"embeddable":true,"href":"https:\/\/cascinasancassiano.com\/fr\/wp-json\/wp\/v2\/media\/37508"}],"wp:attachment":[{"href":"https:\/\/cascinasancassiano.com\/fr\/wp-json\/wp\/v2\/media?parent=3603"}],"wp:term":[{"taxonomy":"product_brand","embeddable":true,"href":"https:\/\/cascinasancassiano.com\/fr\/wp-json\/wp\/v2\/product_brand?post=3603"},{"taxonomy":"product_cat","embeddable":true,"href":"https:\/\/cascinasancassiano.com\/fr\/wp-json\/wp\/v2\/product_cat?post=3603"},{"taxonomy":"product_tag","embeddable":true,"href":"https:\/\/cascinasancassiano.com\/fr\/wp-json\/wp\/v2\/product_tag?post=3603"}],"curies":[{"name":"wp","href":"https:\/\/api.w.org\/{rel}","templated":true}]}}