{"id":3562,"date":"2018-01-18T10:00:53","date_gmt":"2018-01-18T09:00:53","guid":{"rendered":"http:\/\/www.cascinasancassiano.it\/web\/prodotto\/cogn-uva-e-frutta\/"},"modified":"2023-01-23T11:32:44","modified_gmt":"2023-01-23T10:32:44","slug":"cogn-salsa-uva-e-frutta-secca","status":"publish","type":"product","link":"https:\/\/cascinasancassiano.com\/fr\/prodotto\/cogn-salsa-uva-e-frutta-secca\/","title":{"rendered":"\u00ab\u00a0Cogn\u00e0\u00a0\u00bb sauce de raisin avec fruits secs"},"content":{"rendered":"<p>Une sauce sucr\u00e9e typique pr\u00e9par\u00e9e selon une ancienne recette pi\u00e9montaise \u00e0 base de mo\u00fbt de raisin, de poires, de pommes, de figues, de noix et de noisettes. Elle est id\u00e9ale avec les fromages frais, le Parmigiano Reggiano, la Toma Piemontese ou les plats de viande bouillie.<\/p>\n","protected":false},"excerpt":{"rendered":"<p>Une sauce sucr\u00e9e typique pr\u00e9par\u00e9e selon une ancienne recette pi\u00e9montaise [&hellip;]<\/p>\n","protected":false},"featured_media":37361,"template":"","meta":{"_acf_changed":false},"product_brand":[],"product_cat":[118,522,223],"product_tag":[532],"class_list":{"0":"post-3562","1":"product","2":"type-product","3":"status-publish","4":"has-post-thumbnail","6":"product_cat-salato","7":"product_cat-salse-note-dolci","8":"product_cat-salse-per-carni-formaggi","9":"product_tag-vegano","11":"first","12":"instock","13":"taxable","14":"shipping-taxable","15":"purchasable","16":"product-type-simple"},"acf":[],"yoast_head":"<!-- This site is optimized with the Yoast SEO plugin v27.4 - https:\/\/yoast.com\/product\/yoast-seo-wordpress\/ -->\n<title>&quot;Cogn\u00e0&quot; sauce de raisin avec fruits secs - Cascina San Cassiano<\/title>\n<meta name=\"robots\" content=\"index, follow, max-snippet:-1, max-image-preview:large, max-video-preview:-1\" \/>\n<link rel=\"canonical\" href=\"https:\/\/cascinasancassiano.com\/fr\/prodotto\/cogn-salsa-uva-e-frutta-secca\/\" \/>\n<meta property=\"og:locale\" content=\"fr_FR\" \/>\n<meta property=\"og:type\" content=\"article\" \/>\n<meta property=\"og:title\" content=\"&quot;Cogn\u00e0&quot; sauce de raisin avec fruits secs - Cascina San Cassiano\" \/>\n<meta property=\"og:description\" content=\"Une sauce sucr\u00e9e typique pr\u00e9par\u00e9e selon une ancienne recette pi\u00e9montaise [&hellip;]\" \/>\n<meta property=\"og:url\" content=\"https:\/\/cascinasancassiano.com\/fr\/prodotto\/cogn-salsa-uva-e-frutta-secca\/\" \/>\n<meta property=\"og:site_name\" content=\"Cascina San Cassiano\" \/>\n<meta property=\"article:modified_time\" content=\"2023-01-23T10:32:44+00:00\" \/>\n<meta property=\"og:image\" content=\"https:\/\/cascina.demoengagemint.it\/wp-content\/uploads\/2018\/01\/CSC257_Cogna-Ivegan.png\" \/>\n\t<meta property=\"og:image:width\" content=\"500\" \/>\n\t<meta property=\"og:image:height\" content=\"500\" \/>\n\t<meta property=\"og:image:type\" content=\"image\/png\" \/>\n<meta name=\"twitter:card\" content=\"summary_large_image\" \/>\n<script type=\"application\/ld+json\" class=\"yoast-schema-graph\">{\"@context\":\"https:\\\/\\\/schema.org\",\"@graph\":[{\"@type\":\"WebPage\",\"@id\":\"https:\\\/\\\/cascinasancassiano.com\\\/fr\\\/prodotto\\\/cogn-salsa-uva-e-frutta-secca\\\/\",\"url\":\"https:\\\/\\\/cascinasancassiano.com\\\/fr\\\/prodotto\\\/cogn-salsa-uva-e-frutta-secca\\\/\",\"name\":\"\\\"Cogn\u00e0\\\" sauce de raisin avec fruits secs - Cascina San Cassiano\",\"isPartOf\":{\"@id\":\"https:\\\/\\\/paolos156.sg-host.com\\\/#website\"},\"primaryImageOfPage\":{\"@id\":\"https:\\\/\\\/cascinasancassiano.com\\\/fr\\\/prodotto\\\/cogn-salsa-uva-e-frutta-secca\\\/#primaryimage\"},\"image\":{\"@id\":\"https:\\\/\\\/cascinasancassiano.com\\\/fr\\\/prodotto\\\/cogn-salsa-uva-e-frutta-secca\\\/#primaryimage\"},\"thumbnailUrl\":\"https:\\\/\\\/cascinasancassiano.com\\\/wp-content\\\/uploads\\\/2018\\\/01\\\/CSC-257-Cogna-Salsa-Frutta-secca-New-26.png\",\"datePublished\":\"2018-01-18T09:00:53+00:00\",\"dateModified\":\"2023-01-23T10:32:44+00:00\",\"breadcrumb\":{\"@id\":\"https:\\\/\\\/cascinasancassiano.com\\\/fr\\\/prodotto\\\/cogn-salsa-uva-e-frutta-secca\\\/#breadcrumb\"},\"inLanguage\":\"fr-FR\",\"potentialAction\":[{\"@type\":\"ReadAction\",\"target\":[\"https:\\\/\\\/cascinasancassiano.com\\\/fr\\\/prodotto\\\/cogn-salsa-uva-e-frutta-secca\\\/\"]}]},{\"@type\":\"ImageObject\",\"inLanguage\":\"fr-FR\",\"@id\":\"https:\\\/\\\/cascinasancassiano.com\\\/fr\\\/prodotto\\\/cogn-salsa-uva-e-frutta-secca\\\/#primaryimage\",\"url\":\"https:\\\/\\\/cascinasancassiano.com\\\/wp-content\\\/uploads\\\/2018\\\/01\\\/CSC-257-Cogna-Salsa-Frutta-secca-New-26.png\",\"contentUrl\":\"https:\\\/\\\/cascinasancassiano.com\\\/wp-content\\\/uploads\\\/2018\\\/01\\\/CSC-257-Cogna-Salsa-Frutta-secca-New-26.png\",\"width\":1000,\"height\":1000,\"caption\":\"Cogna\u0300 Salsa Frutta secca\"},{\"@type\":\"BreadcrumbList\",\"@id\":\"https:\\\/\\\/cascinasancassiano.com\\\/fr\\\/prodotto\\\/cogn-salsa-uva-e-frutta-secca\\\/#breadcrumb\",\"itemListElement\":[{\"@type\":\"ListItem\",\"position\":1,\"name\":\"Produits\",\"item\":\"https:\\\/\\\/cascinasancassiano.com\\\/fr\\\/shop\\\/\"},{\"@type\":\"ListItem\",\"position\":2,\"name\":\"&#8220;Cogn\u00e0&#8221; sauce de raisin avec fruits secs\"}]},{\"@type\":\"WebSite\",\"@id\":\"https:\\\/\\\/paolos156.sg-host.com\\\/#website\",\"url\":\"https:\\\/\\\/paolos156.sg-host.com\\\/\",\"name\":\"Cascina San Cassiano\",\"description\":\"Gusta, credi, ama.\",\"publisher\":{\"@id\":\"https:\\\/\\\/paolos156.sg-host.com\\\/#organization\"},\"potentialAction\":[{\"@type\":\"SearchAction\",\"target\":{\"@type\":\"EntryPoint\",\"urlTemplate\":\"https:\\\/\\\/paolos156.sg-host.com\\\/?s={search_term_string}\"},\"query-input\":{\"@type\":\"PropertyValueSpecification\",\"valueRequired\":true,\"valueName\":\"search_term_string\"}}],\"inLanguage\":\"fr-FR\"},{\"@type\":\"Organization\",\"@id\":\"https:\\\/\\\/paolos156.sg-host.com\\\/#organization\",\"name\":\"Cascina San Cassiano\",\"url\":\"https:\\\/\\\/paolos156.sg-host.com\\\/\",\"logo\":{\"@type\":\"ImageObject\",\"inLanguage\":\"fr-FR\",\"@id\":\"https:\\\/\\\/paolos156.sg-host.com\\\/#\\\/schema\\\/logo\\\/image\\\/\",\"url\":\"https:\\\/\\\/cascinasancassiano.com\\\/wp-content\\\/uploads\\\/2021\\\/09\\\/cascina-san-cassiano-logo.png\",\"contentUrl\":\"https:\\\/\\\/cascinasancassiano.com\\\/wp-content\\\/uploads\\\/2021\\\/09\\\/cascina-san-cassiano-logo.png\",\"width\":700,\"height\":700,\"caption\":\"Cascina San Cassiano\"},\"image\":{\"@id\":\"https:\\\/\\\/paolos156.sg-host.com\\\/#\\\/schema\\\/logo\\\/image\\\/\"}}]}<\/script>\n<!-- \/ Yoast SEO plugin. -->","yoast_head_json":{"title":"\"Cogn\u00e0\" sauce de raisin avec fruits secs - Cascina San Cassiano","robots":{"index":"index","follow":"follow","max-snippet":"max-snippet:-1","max-image-preview":"max-image-preview:large","max-video-preview":"max-video-preview:-1"},"canonical":"https:\/\/cascinasancassiano.com\/fr\/prodotto\/cogn-salsa-uva-e-frutta-secca\/","og_locale":"fr_FR","og_type":"article","og_title":"\"Cogn\u00e0\" sauce de raisin avec fruits secs - Cascina San Cassiano","og_description":"Une sauce sucr\u00e9e typique pr\u00e9par\u00e9e selon une ancienne recette pi\u00e9montaise [&hellip;]","og_url":"https:\/\/cascinasancassiano.com\/fr\/prodotto\/cogn-salsa-uva-e-frutta-secca\/","og_site_name":"Cascina San Cassiano","article_modified_time":"2023-01-23T10:32:44+00:00","og_image":[{"width":500,"height":500,"url":"https:\/\/cascina.demoengagemint.it\/wp-content\/uploads\/2018\/01\/CSC257_Cogna-Ivegan.png","type":"image\/png"}],"twitter_card":"summary_large_image","schema":{"@context":"https:\/\/schema.org","@graph":[{"@type":"WebPage","@id":"https:\/\/cascinasancassiano.com\/fr\/prodotto\/cogn-salsa-uva-e-frutta-secca\/","url":"https:\/\/cascinasancassiano.com\/fr\/prodotto\/cogn-salsa-uva-e-frutta-secca\/","name":"\"Cogn\u00e0\" sauce de raisin avec fruits secs - Cascina San Cassiano","isPartOf":{"@id":"https:\/\/paolos156.sg-host.com\/#website"},"primaryImageOfPage":{"@id":"https:\/\/cascinasancassiano.com\/fr\/prodotto\/cogn-salsa-uva-e-frutta-secca\/#primaryimage"},"image":{"@id":"https:\/\/cascinasancassiano.com\/fr\/prodotto\/cogn-salsa-uva-e-frutta-secca\/#primaryimage"},"thumbnailUrl":"https:\/\/cascinasancassiano.com\/wp-content\/uploads\/2018\/01\/CSC-257-Cogna-Salsa-Frutta-secca-New-26.png","datePublished":"2018-01-18T09:00:53+00:00","dateModified":"2023-01-23T10:32:44+00:00","breadcrumb":{"@id":"https:\/\/cascinasancassiano.com\/fr\/prodotto\/cogn-salsa-uva-e-frutta-secca\/#breadcrumb"},"inLanguage":"fr-FR","potentialAction":[{"@type":"ReadAction","target":["https:\/\/cascinasancassiano.com\/fr\/prodotto\/cogn-salsa-uva-e-frutta-secca\/"]}]},{"@type":"ImageObject","inLanguage":"fr-FR","@id":"https:\/\/cascinasancassiano.com\/fr\/prodotto\/cogn-salsa-uva-e-frutta-secca\/#primaryimage","url":"https:\/\/cascinasancassiano.com\/wp-content\/uploads\/2018\/01\/CSC-257-Cogna-Salsa-Frutta-secca-New-26.png","contentUrl":"https:\/\/cascinasancassiano.com\/wp-content\/uploads\/2018\/01\/CSC-257-Cogna-Salsa-Frutta-secca-New-26.png","width":1000,"height":1000,"caption":"Cogna\u0300 Salsa Frutta secca"},{"@type":"BreadcrumbList","@id":"https:\/\/cascinasancassiano.com\/fr\/prodotto\/cogn-salsa-uva-e-frutta-secca\/#breadcrumb","itemListElement":[{"@type":"ListItem","position":1,"name":"Produits","item":"https:\/\/cascinasancassiano.com\/fr\/shop\/"},{"@type":"ListItem","position":2,"name":"&#8220;Cogn\u00e0&#8221; sauce de raisin avec fruits secs"}]},{"@type":"WebSite","@id":"https:\/\/paolos156.sg-host.com\/#website","url":"https:\/\/paolos156.sg-host.com\/","name":"Cascina San Cassiano","description":"Gusta, credi, ama.","publisher":{"@id":"https:\/\/paolos156.sg-host.com\/#organization"},"potentialAction":[{"@type":"SearchAction","target":{"@type":"EntryPoint","urlTemplate":"https:\/\/paolos156.sg-host.com\/?s={search_term_string}"},"query-input":{"@type":"PropertyValueSpecification","valueRequired":true,"valueName":"search_term_string"}}],"inLanguage":"fr-FR"},{"@type":"Organization","@id":"https:\/\/paolos156.sg-host.com\/#organization","name":"Cascina San Cassiano","url":"https:\/\/paolos156.sg-host.com\/","logo":{"@type":"ImageObject","inLanguage":"fr-FR","@id":"https:\/\/paolos156.sg-host.com\/#\/schema\/logo\/image\/","url":"https:\/\/cascinasancassiano.com\/wp-content\/uploads\/2021\/09\/cascina-san-cassiano-logo.png","contentUrl":"https:\/\/cascinasancassiano.com\/wp-content\/uploads\/2021\/09\/cascina-san-cassiano-logo.png","width":700,"height":700,"caption":"Cascina San Cassiano"},"image":{"@id":"https:\/\/paolos156.sg-host.com\/#\/schema\/logo\/image\/"}}]}},"_links":{"self":[{"href":"https:\/\/cascinasancassiano.com\/fr\/wp-json\/wp\/v2\/product\/3562","targetHints":{"allow":["GET"]}}],"collection":[{"href":"https:\/\/cascinasancassiano.com\/fr\/wp-json\/wp\/v2\/product"}],"about":[{"href":"https:\/\/cascinasancassiano.com\/fr\/wp-json\/wp\/v2\/types\/product"}],"version-history":[{"count":0,"href":"https:\/\/cascinasancassiano.com\/fr\/wp-json\/wp\/v2\/product\/3562\/revisions"}],"wp:featuredmedia":[{"embeddable":true,"href":"https:\/\/cascinasancassiano.com\/fr\/wp-json\/wp\/v2\/media\/37361"}],"wp:attachment":[{"href":"https:\/\/cascinasancassiano.com\/fr\/wp-json\/wp\/v2\/media?parent=3562"}],"wp:term":[{"taxonomy":"product_brand","embeddable":true,"href":"https:\/\/cascinasancassiano.com\/fr\/wp-json\/wp\/v2\/product_brand?post=3562"},{"taxonomy":"product_cat","embeddable":true,"href":"https:\/\/cascinasancassiano.com\/fr\/wp-json\/wp\/v2\/product_cat?post=3562"},{"taxonomy":"product_tag","embeddable":true,"href":"https:\/\/cascinasancassiano.com\/fr\/wp-json\/wp\/v2\/product_tag?post=3562"}],"curies":[{"name":"wp","href":"https:\/\/api.w.org\/{rel}","templated":true}]}}