{"id":3438,"date":"2018-02-24T10:00:55","date_gmt":"2018-02-24T09:00:55","guid":{"rendered":"http:\/\/www.cascinasancassiano.it\/web\/prodotto\/peperoni-di-carmagnola-con-aceto-balsamico-di-modena-igp\/"},"modified":"2022-11-23T12:33:55","modified_gmt":"2022-11-23T11:33:55","slug":"peperoni-di-carmagnola-con-aceto-balsamico-di-modena-igp","status":"publish","type":"product","link":"https:\/\/cascinasancassiano.com\/fr\/prodotto\/peperoni-di-carmagnola-con-aceto-balsamico-di-modena-igp\/","title":{"rendered":"Poivrons de Carmagnola avec \u00ab\u00a0Vinaigre Balsamique de Mod\u00e8ne IGP\u00a0\u00bb"},"content":{"rendered":"<p>D\u00e9licieux poivrons de Carmagnola, connus pour leur texture ferme et leur saveur raffin\u00e9e. Coup\u00e9s et conserv\u00e9s dans une sauce aigre-douce avec l&rsquo;ajout de vinaigre balsamique de Mod\u00e8ne IGP. Id\u00e9als \u00e0 l&rsquo;ap\u00e9ritif ou pour pr\u00e9parer des hors-d&rsquo;\u0153uvre. Produit disponible aussi en format de 290 grammes.<\/p>\n","protected":false},"excerpt":{"rendered":"<p>D\u00e9licieux poivrons de Carmagnola, connus pour leur texture ferme et [&hellip;]<\/p>\n","protected":false},"featured_media":15180,"template":"","meta":{"_acf_changed":false},"product_brand":[],"product_cat":[199,118,119],"product_tag":[532],"class_list":{"0":"post-3438","1":"product","2":"type-product","3":"status-publish","4":"has-post-thumbnail","6":"product_cat-antipasto","7":"product_cat-salato","8":"product_cat-antipasti","9":"product_tag-vegano","11":"first","12":"instock","13":"taxable","14":"shipping-taxable","15":"purchasable","16":"product-type-simple"},"acf":[],"yoast_head":"<!-- This site is optimized with the Yoast SEO plugin v27.4 - https:\/\/yoast.com\/product\/yoast-seo-wordpress\/ -->\n<title>Poivrons de Carmagnola avec &quot;Vinaigre Balsamique de Mod\u00e8ne IGP&quot; - Cascina San Cassiano<\/title>\n<meta name=\"robots\" content=\"index, follow, max-snippet:-1, max-image-preview:large, max-video-preview:-1\" \/>\n<link rel=\"canonical\" href=\"https:\/\/cascinasancassiano.com\/fr\/prodotto\/peperoni-di-carmagnola-con-aceto-balsamico-di-modena-igp\/\" \/>\n<meta property=\"og:locale\" content=\"fr_FR\" \/>\n<meta property=\"og:type\" content=\"article\" \/>\n<meta property=\"og:title\" content=\"Poivrons de Carmagnola avec &quot;Vinaigre Balsamique de Mod\u00e8ne IGP&quot; - Cascina San Cassiano\" \/>\n<meta property=\"og:description\" content=\"D\u00e9licieux poivrons de Carmagnola, connus pour leur texture ferme et [&hellip;]\" \/>\n<meta property=\"og:url\" content=\"https:\/\/cascinasancassiano.com\/fr\/prodotto\/peperoni-di-carmagnola-con-aceto-balsamico-di-modena-igp\/\" \/>\n<meta property=\"og:site_name\" content=\"Cascina San Cassiano\" \/>\n<meta property=\"article:modified_time\" content=\"2022-11-23T11:33:55+00:00\" \/>\n<meta property=\"og:image\" content=\"https:\/\/cascina.demoengagemint.it\/wp-content\/uploads\/2018\/02\/CSC701-Peperonicarmagnola.png\" \/>\n\t<meta property=\"og:image:width\" content=\"500\" \/>\n\t<meta property=\"og:image:height\" content=\"500\" \/>\n\t<meta property=\"og:image:type\" content=\"image\/png\" \/>\n<meta name=\"twitter:card\" content=\"summary_large_image\" \/>\n<script type=\"application\/ld+json\" class=\"yoast-schema-graph\">{\"@context\":\"https:\\\/\\\/schema.org\",\"@graph\":[{\"@type\":\"WebPage\",\"@id\":\"https:\\\/\\\/cascinasancassiano.com\\\/fr\\\/prodotto\\\/peperoni-di-carmagnola-con-aceto-balsamico-di-modena-igp\\\/\",\"url\":\"https:\\\/\\\/cascinasancassiano.com\\\/fr\\\/prodotto\\\/peperoni-di-carmagnola-con-aceto-balsamico-di-modena-igp\\\/\",\"name\":\"Poivrons de Carmagnola avec \\\"Vinaigre Balsamique de Mod\u00e8ne IGP\\\" - Cascina San Cassiano\",\"isPartOf\":{\"@id\":\"https:\\\/\\\/paolos156.sg-host.com\\\/#website\"},\"primaryImageOfPage\":{\"@id\":\"https:\\\/\\\/cascinasancassiano.com\\\/fr\\\/prodotto\\\/peperoni-di-carmagnola-con-aceto-balsamico-di-modena-igp\\\/#primaryimage\"},\"image\":{\"@id\":\"https:\\\/\\\/cascinasancassiano.com\\\/fr\\\/prodotto\\\/peperoni-di-carmagnola-con-aceto-balsamico-di-modena-igp\\\/#primaryimage\"},\"thumbnailUrl\":\"https:\\\/\\\/cascinasancassiano.com\\\/wp-content\\\/uploads\\\/2018\\\/02\\\/CSC701-Peperonicarmagnola.png\",\"datePublished\":\"2018-02-24T09:00:55+00:00\",\"dateModified\":\"2022-11-23T11:33:55+00:00\",\"breadcrumb\":{\"@id\":\"https:\\\/\\\/cascinasancassiano.com\\\/fr\\\/prodotto\\\/peperoni-di-carmagnola-con-aceto-balsamico-di-modena-igp\\\/#breadcrumb\"},\"inLanguage\":\"fr-FR\",\"potentialAction\":[{\"@type\":\"ReadAction\",\"target\":[\"https:\\\/\\\/cascinasancassiano.com\\\/fr\\\/prodotto\\\/peperoni-di-carmagnola-con-aceto-balsamico-di-modena-igp\\\/\"]}]},{\"@type\":\"ImageObject\",\"inLanguage\":\"fr-FR\",\"@id\":\"https:\\\/\\\/cascinasancassiano.com\\\/fr\\\/prodotto\\\/peperoni-di-carmagnola-con-aceto-balsamico-di-modena-igp\\\/#primaryimage\",\"url\":\"https:\\\/\\\/cascinasancassiano.com\\\/wp-content\\\/uploads\\\/2018\\\/02\\\/CSC701-Peperonicarmagnola.png\",\"contentUrl\":\"https:\\\/\\\/cascinasancassiano.com\\\/wp-content\\\/uploads\\\/2018\\\/02\\\/CSC701-Peperonicarmagnola.png\",\"width\":500,\"height\":500},{\"@type\":\"BreadcrumbList\",\"@id\":\"https:\\\/\\\/cascinasancassiano.com\\\/fr\\\/prodotto\\\/peperoni-di-carmagnola-con-aceto-balsamico-di-modena-igp\\\/#breadcrumb\",\"itemListElement\":[{\"@type\":\"ListItem\",\"position\":1,\"name\":\"Produits\",\"item\":\"https:\\\/\\\/cascinasancassiano.com\\\/fr\\\/shop\\\/\"},{\"@type\":\"ListItem\",\"position\":2,\"name\":\"Poivrons de Carmagnola avec &#8220;Vinaigre Balsamique de Mod\u00e8ne IGP&#8221;\"}]},{\"@type\":\"WebSite\",\"@id\":\"https:\\\/\\\/paolos156.sg-host.com\\\/#website\",\"url\":\"https:\\\/\\\/paolos156.sg-host.com\\\/\",\"name\":\"Cascina San Cassiano\",\"description\":\"Gusta, credi, ama.\",\"publisher\":{\"@id\":\"https:\\\/\\\/paolos156.sg-host.com\\\/#organization\"},\"potentialAction\":[{\"@type\":\"SearchAction\",\"target\":{\"@type\":\"EntryPoint\",\"urlTemplate\":\"https:\\\/\\\/paolos156.sg-host.com\\\/?s={search_term_string}\"},\"query-input\":{\"@type\":\"PropertyValueSpecification\",\"valueRequired\":true,\"valueName\":\"search_term_string\"}}],\"inLanguage\":\"fr-FR\"},{\"@type\":\"Organization\",\"@id\":\"https:\\\/\\\/paolos156.sg-host.com\\\/#organization\",\"name\":\"Cascina San Cassiano\",\"url\":\"https:\\\/\\\/paolos156.sg-host.com\\\/\",\"logo\":{\"@type\":\"ImageObject\",\"inLanguage\":\"fr-FR\",\"@id\":\"https:\\\/\\\/paolos156.sg-host.com\\\/#\\\/schema\\\/logo\\\/image\\\/\",\"url\":\"https:\\\/\\\/cascinasancassiano.com\\\/wp-content\\\/uploads\\\/2021\\\/09\\\/cascina-san-cassiano-logo.png\",\"contentUrl\":\"https:\\\/\\\/cascinasancassiano.com\\\/wp-content\\\/uploads\\\/2021\\\/09\\\/cascina-san-cassiano-logo.png\",\"width\":700,\"height\":700,\"caption\":\"Cascina San Cassiano\"},\"image\":{\"@id\":\"https:\\\/\\\/paolos156.sg-host.com\\\/#\\\/schema\\\/logo\\\/image\\\/\"}}]}<\/script>\n<!-- \/ Yoast SEO plugin. -->","yoast_head_json":{"title":"Poivrons de Carmagnola avec \"Vinaigre Balsamique de Mod\u00e8ne IGP\" - Cascina San Cassiano","robots":{"index":"index","follow":"follow","max-snippet":"max-snippet:-1","max-image-preview":"max-image-preview:large","max-video-preview":"max-video-preview:-1"},"canonical":"https:\/\/cascinasancassiano.com\/fr\/prodotto\/peperoni-di-carmagnola-con-aceto-balsamico-di-modena-igp\/","og_locale":"fr_FR","og_type":"article","og_title":"Poivrons de Carmagnola avec \"Vinaigre Balsamique de Mod\u00e8ne IGP\" - Cascina San Cassiano","og_description":"D\u00e9licieux poivrons de Carmagnola, connus pour leur texture ferme et [&hellip;]","og_url":"https:\/\/cascinasancassiano.com\/fr\/prodotto\/peperoni-di-carmagnola-con-aceto-balsamico-di-modena-igp\/","og_site_name":"Cascina San Cassiano","article_modified_time":"2022-11-23T11:33:55+00:00","og_image":[{"width":500,"height":500,"url":"https:\/\/cascina.demoengagemint.it\/wp-content\/uploads\/2018\/02\/CSC701-Peperonicarmagnola.png","type":"image\/png"}],"twitter_card":"summary_large_image","schema":{"@context":"https:\/\/schema.org","@graph":[{"@type":"WebPage","@id":"https:\/\/cascinasancassiano.com\/fr\/prodotto\/peperoni-di-carmagnola-con-aceto-balsamico-di-modena-igp\/","url":"https:\/\/cascinasancassiano.com\/fr\/prodotto\/peperoni-di-carmagnola-con-aceto-balsamico-di-modena-igp\/","name":"Poivrons de Carmagnola avec \"Vinaigre Balsamique de Mod\u00e8ne IGP\" - Cascina San Cassiano","isPartOf":{"@id":"https:\/\/paolos156.sg-host.com\/#website"},"primaryImageOfPage":{"@id":"https:\/\/cascinasancassiano.com\/fr\/prodotto\/peperoni-di-carmagnola-con-aceto-balsamico-di-modena-igp\/#primaryimage"},"image":{"@id":"https:\/\/cascinasancassiano.com\/fr\/prodotto\/peperoni-di-carmagnola-con-aceto-balsamico-di-modena-igp\/#primaryimage"},"thumbnailUrl":"https:\/\/cascinasancassiano.com\/wp-content\/uploads\/2018\/02\/CSC701-Peperonicarmagnola.png","datePublished":"2018-02-24T09:00:55+00:00","dateModified":"2022-11-23T11:33:55+00:00","breadcrumb":{"@id":"https:\/\/cascinasancassiano.com\/fr\/prodotto\/peperoni-di-carmagnola-con-aceto-balsamico-di-modena-igp\/#breadcrumb"},"inLanguage":"fr-FR","potentialAction":[{"@type":"ReadAction","target":["https:\/\/cascinasancassiano.com\/fr\/prodotto\/peperoni-di-carmagnola-con-aceto-balsamico-di-modena-igp\/"]}]},{"@type":"ImageObject","inLanguage":"fr-FR","@id":"https:\/\/cascinasancassiano.com\/fr\/prodotto\/peperoni-di-carmagnola-con-aceto-balsamico-di-modena-igp\/#primaryimage","url":"https:\/\/cascinasancassiano.com\/wp-content\/uploads\/2018\/02\/CSC701-Peperonicarmagnola.png","contentUrl":"https:\/\/cascinasancassiano.com\/wp-content\/uploads\/2018\/02\/CSC701-Peperonicarmagnola.png","width":500,"height":500},{"@type":"BreadcrumbList","@id":"https:\/\/cascinasancassiano.com\/fr\/prodotto\/peperoni-di-carmagnola-con-aceto-balsamico-di-modena-igp\/#breadcrumb","itemListElement":[{"@type":"ListItem","position":1,"name":"Produits","item":"https:\/\/cascinasancassiano.com\/fr\/shop\/"},{"@type":"ListItem","position":2,"name":"Poivrons de Carmagnola avec &#8220;Vinaigre Balsamique de Mod\u00e8ne IGP&#8221;"}]},{"@type":"WebSite","@id":"https:\/\/paolos156.sg-host.com\/#website","url":"https:\/\/paolos156.sg-host.com\/","name":"Cascina San Cassiano","description":"Gusta, credi, ama.","publisher":{"@id":"https:\/\/paolos156.sg-host.com\/#organization"},"potentialAction":[{"@type":"SearchAction","target":{"@type":"EntryPoint","urlTemplate":"https:\/\/paolos156.sg-host.com\/?s={search_term_string}"},"query-input":{"@type":"PropertyValueSpecification","valueRequired":true,"valueName":"search_term_string"}}],"inLanguage":"fr-FR"},{"@type":"Organization","@id":"https:\/\/paolos156.sg-host.com\/#organization","name":"Cascina San Cassiano","url":"https:\/\/paolos156.sg-host.com\/","logo":{"@type":"ImageObject","inLanguage":"fr-FR","@id":"https:\/\/paolos156.sg-host.com\/#\/schema\/logo\/image\/","url":"https:\/\/cascinasancassiano.com\/wp-content\/uploads\/2021\/09\/cascina-san-cassiano-logo.png","contentUrl":"https:\/\/cascinasancassiano.com\/wp-content\/uploads\/2021\/09\/cascina-san-cassiano-logo.png","width":700,"height":700,"caption":"Cascina San Cassiano"},"image":{"@id":"https:\/\/paolos156.sg-host.com\/#\/schema\/logo\/image\/"}}]}},"_links":{"self":[{"href":"https:\/\/cascinasancassiano.com\/fr\/wp-json\/wp\/v2\/product\/3438","targetHints":{"allow":["GET"]}}],"collection":[{"href":"https:\/\/cascinasancassiano.com\/fr\/wp-json\/wp\/v2\/product"}],"about":[{"href":"https:\/\/cascinasancassiano.com\/fr\/wp-json\/wp\/v2\/types\/product"}],"version-history":[{"count":0,"href":"https:\/\/cascinasancassiano.com\/fr\/wp-json\/wp\/v2\/product\/3438\/revisions"}],"wp:featuredmedia":[{"embeddable":true,"href":"https:\/\/cascinasancassiano.com\/fr\/wp-json\/wp\/v2\/media\/15180"}],"wp:attachment":[{"href":"https:\/\/cascinasancassiano.com\/fr\/wp-json\/wp\/v2\/media?parent=3438"}],"wp:term":[{"taxonomy":"product_brand","embeddable":true,"href":"https:\/\/cascinasancassiano.com\/fr\/wp-json\/wp\/v2\/product_brand?post=3438"},{"taxonomy":"product_cat","embeddable":true,"href":"https:\/\/cascinasancassiano.com\/fr\/wp-json\/wp\/v2\/product_cat?post=3438"},{"taxonomy":"product_tag","embeddable":true,"href":"https:\/\/cascinasancassiano.com\/fr\/wp-json\/wp\/v2\/product_tag?post=3438"}],"curies":[{"name":"wp","href":"https:\/\/api.w.org\/{rel}","templated":true}]}}