{"id":3370,"date":"2018-03-10T10:00:57","date_gmt":"2018-03-10T09:00:57","guid":{"rendered":"http:\/\/www.cascinasancassiano.it\/web\/prodotto\/crema-cacio-e-pepe-con-pecorino-romano-dop\/"},"modified":"2026-02-05T15:06:47","modified_gmt":"2026-02-05T14:06:47","slug":"cacio-e-pepe-con-pecorino-romano-dop","status":"publish","type":"product","link":"https:\/\/cascinasancassiano.com\/fr\/prodotto\/cacio-e-pepe-con-pecorino-romano-dop\/","title":{"rendered":"Sauce \u00ab\u00a0Cacio\u00a0\u00bb et poivre (avec Pecorino Romano A.O.P.)"},"content":{"rendered":"<p>Cr\u00e8me pr\u00e9par\u00e9e avec du fromage Pecorino Romano A.O.P. et du poivre, selon une ancienne recette du centre de l\u2019Italie. Superbe avec les p\u00e2tes ou de riz. Elle est excellente dans la pr\u00e9paration de plats de poulet et de finger food. Sans Lactose.<\/p>\n<p>Ce produit est disponible aussi en pot de gr.190.<\/p>\n","protected":false},"excerpt":{"rendered":"<p>Cr\u00e8me pr\u00e9par\u00e9e avec du fromage Pecorino Romano A.O.P. et du [&hellip;]<\/p>\n","protected":false},"featured_media":36801,"template":"","meta":{"_acf_changed":false},"product_brand":[],"product_cat":[118,515,232],"product_tag":[],"class_list":{"0":"post-3370","1":"product","2":"type-product","3":"status-publish","4":"has-post-thumbnail","6":"product_cat-salato","7":"product_cat-selezione-roma","8":"product_cat-creme-a-base-di-formaggio","10":"first","11":"instock","12":"taxable","13":"shipping-taxable","14":"purchasable","15":"product-type-simple"},"acf":[],"yoast_head":"<!-- This site is optimized with the Yoast SEO plugin v27.4 - https:\/\/yoast.com\/product\/yoast-seo-wordpress\/ -->\n<title>Sauce &quot;Cacio&quot; et poivre (avec Pecorino Romano A.O.P.) - Cascina San Cassiano<\/title>\n<meta name=\"robots\" content=\"index, follow, max-snippet:-1, max-image-preview:large, max-video-preview:-1\" \/>\n<link rel=\"canonical\" href=\"https:\/\/cascinasancassiano.com\/fr\/prodotto\/cacio-e-pepe-con-pecorino-romano-dop\/\" \/>\n<meta property=\"og:locale\" content=\"fr_FR\" \/>\n<meta property=\"og:type\" content=\"article\" \/>\n<meta property=\"og:title\" content=\"Sauce &quot;Cacio&quot; et poivre (avec Pecorino Romano A.O.P.) - Cascina San Cassiano\" \/>\n<meta property=\"og:description\" content=\"Cr\u00e8me pr\u00e9par\u00e9e avec du fromage Pecorino Romano A.O.P. et du [&hellip;]\" \/>\n<meta property=\"og:url\" content=\"https:\/\/cascinasancassiano.com\/fr\/prodotto\/cacio-e-pepe-con-pecorino-romano-dop\/\" \/>\n<meta property=\"og:site_name\" content=\"Cascina San Cassiano\" \/>\n<meta property=\"article:modified_time\" content=\"2026-02-05T14:06:47+00:00\" \/>\n<meta property=\"og:image\" content=\"https:\/\/cascina.demoengagemint.it\/wp-content\/uploads\/2018\/03\/CSC-676-Cacio-e-pepe-Con-Pecorino-Romano-New-26.png\" \/>\n\t<meta property=\"og:image:width\" content=\"1000\" \/>\n\t<meta property=\"og:image:height\" content=\"1000\" \/>\n\t<meta property=\"og:image:type\" content=\"image\/png\" \/>\n<meta name=\"twitter:card\" content=\"summary_large_image\" \/>\n<meta name=\"twitter:label1\" content=\"Dur\u00e9e de lecture estim\u00e9e\" \/>\n\t<meta name=\"twitter:data1\" content=\"2 minutes\" \/>\n<script type=\"application\/ld+json\" class=\"yoast-schema-graph\">{\"@context\":\"https:\\\/\\\/schema.org\",\"@graph\":[{\"@type\":\"WebPage\",\"@id\":\"https:\\\/\\\/cascinasancassiano.com\\\/fr\\\/prodotto\\\/cacio-e-pepe-con-pecorino-romano-dop\\\/\",\"url\":\"https:\\\/\\\/cascinasancassiano.com\\\/fr\\\/prodotto\\\/cacio-e-pepe-con-pecorino-romano-dop\\\/\",\"name\":\"Sauce \\\"Cacio\\\" et poivre (avec Pecorino Romano A.O.P.) - Cascina San Cassiano\",\"isPartOf\":{\"@id\":\"https:\\\/\\\/paolos156.sg-host.com\\\/#website\"},\"primaryImageOfPage\":{\"@id\":\"https:\\\/\\\/cascinasancassiano.com\\\/fr\\\/prodotto\\\/cacio-e-pepe-con-pecorino-romano-dop\\\/#primaryimage\"},\"image\":{\"@id\":\"https:\\\/\\\/cascinasancassiano.com\\\/fr\\\/prodotto\\\/cacio-e-pepe-con-pecorino-romano-dop\\\/#primaryimage\"},\"thumbnailUrl\":\"https:\\\/\\\/cascinasancassiano.com\\\/wp-content\\\/uploads\\\/2018\\\/03\\\/CSC-676-Cacio-e-pepe-Con-Pecorino-Romano-New-26.png\",\"datePublished\":\"2018-03-10T09:00:57+00:00\",\"dateModified\":\"2026-02-05T14:06:47+00:00\",\"breadcrumb\":{\"@id\":\"https:\\\/\\\/cascinasancassiano.com\\\/fr\\\/prodotto\\\/cacio-e-pepe-con-pecorino-romano-dop\\\/#breadcrumb\"},\"inLanguage\":\"fr-FR\",\"potentialAction\":[{\"@type\":\"ReadAction\",\"target\":[\"https:\\\/\\\/cascinasancassiano.com\\\/fr\\\/prodotto\\\/cacio-e-pepe-con-pecorino-romano-dop\\\/\"]}]},{\"@type\":\"ImageObject\",\"inLanguage\":\"fr-FR\",\"@id\":\"https:\\\/\\\/cascinasancassiano.com\\\/fr\\\/prodotto\\\/cacio-e-pepe-con-pecorino-romano-dop\\\/#primaryimage\",\"url\":\"https:\\\/\\\/cascinasancassiano.com\\\/wp-content\\\/uploads\\\/2018\\\/03\\\/CSC-676-Cacio-e-pepe-Con-Pecorino-Romano-New-26.png\",\"contentUrl\":\"https:\\\/\\\/cascinasancassiano.com\\\/wp-content\\\/uploads\\\/2018\\\/03\\\/CSC-676-Cacio-e-pepe-Con-Pecorino-Romano-New-26.png\",\"width\":1000,\"height\":1000,\"caption\":\"Cacio e pepe Con Pecorino Romano\"},{\"@type\":\"BreadcrumbList\",\"@id\":\"https:\\\/\\\/cascinasancassiano.com\\\/fr\\\/prodotto\\\/cacio-e-pepe-con-pecorino-romano-dop\\\/#breadcrumb\",\"itemListElement\":[{\"@type\":\"ListItem\",\"position\":1,\"name\":\"Produits\",\"item\":\"https:\\\/\\\/cascinasancassiano.com\\\/fr\\\/shop\\\/\"},{\"@type\":\"ListItem\",\"position\":2,\"name\":\"Sauce &#8220;Cacio&#8221; et poivre (avec Pecorino Romano A.O.P.)\"}]},{\"@type\":\"WebSite\",\"@id\":\"https:\\\/\\\/paolos156.sg-host.com\\\/#website\",\"url\":\"https:\\\/\\\/paolos156.sg-host.com\\\/\",\"name\":\"Cascina San Cassiano\",\"description\":\"Gusta, credi, ama.\",\"publisher\":{\"@id\":\"https:\\\/\\\/paolos156.sg-host.com\\\/#organization\"},\"potentialAction\":[{\"@type\":\"SearchAction\",\"target\":{\"@type\":\"EntryPoint\",\"urlTemplate\":\"https:\\\/\\\/paolos156.sg-host.com\\\/?s={search_term_string}\"},\"query-input\":{\"@type\":\"PropertyValueSpecification\",\"valueRequired\":true,\"valueName\":\"search_term_string\"}}],\"inLanguage\":\"fr-FR\"},{\"@type\":\"Organization\",\"@id\":\"https:\\\/\\\/paolos156.sg-host.com\\\/#organization\",\"name\":\"Cascina San Cassiano\",\"url\":\"https:\\\/\\\/paolos156.sg-host.com\\\/\",\"logo\":{\"@type\":\"ImageObject\",\"inLanguage\":\"fr-FR\",\"@id\":\"https:\\\/\\\/paolos156.sg-host.com\\\/#\\\/schema\\\/logo\\\/image\\\/\",\"url\":\"https:\\\/\\\/cascinasancassiano.com\\\/wp-content\\\/uploads\\\/2021\\\/09\\\/cascina-san-cassiano-logo.png\",\"contentUrl\":\"https:\\\/\\\/cascinasancassiano.com\\\/wp-content\\\/uploads\\\/2021\\\/09\\\/cascina-san-cassiano-logo.png\",\"width\":700,\"height\":700,\"caption\":\"Cascina San Cassiano\"},\"image\":{\"@id\":\"https:\\\/\\\/paolos156.sg-host.com\\\/#\\\/schema\\\/logo\\\/image\\\/\"}}]}<\/script>\n<!-- \/ Yoast SEO plugin. -->","yoast_head_json":{"title":"Sauce \"Cacio\" et poivre (avec Pecorino Romano A.O.P.) - Cascina San Cassiano","robots":{"index":"index","follow":"follow","max-snippet":"max-snippet:-1","max-image-preview":"max-image-preview:large","max-video-preview":"max-video-preview:-1"},"canonical":"https:\/\/cascinasancassiano.com\/fr\/prodotto\/cacio-e-pepe-con-pecorino-romano-dop\/","og_locale":"fr_FR","og_type":"article","og_title":"Sauce \"Cacio\" et poivre (avec Pecorino Romano A.O.P.) - Cascina San Cassiano","og_description":"Cr\u00e8me pr\u00e9par\u00e9e avec du fromage Pecorino Romano A.O.P. et du [&hellip;]","og_url":"https:\/\/cascinasancassiano.com\/fr\/prodotto\/cacio-e-pepe-con-pecorino-romano-dop\/","og_site_name":"Cascina San Cassiano","article_modified_time":"2026-02-05T14:06:47+00:00","og_image":[{"width":1000,"height":1000,"url":"https:\/\/cascina.demoengagemint.it\/wp-content\/uploads\/2018\/03\/CSC-676-Cacio-e-pepe-Con-Pecorino-Romano-New-26.png","type":"image\/png"}],"twitter_card":"summary_large_image","twitter_misc":{"Dur\u00e9e de lecture estim\u00e9e":"2 minutes"},"schema":{"@context":"https:\/\/schema.org","@graph":[{"@type":"WebPage","@id":"https:\/\/cascinasancassiano.com\/fr\/prodotto\/cacio-e-pepe-con-pecorino-romano-dop\/","url":"https:\/\/cascinasancassiano.com\/fr\/prodotto\/cacio-e-pepe-con-pecorino-romano-dop\/","name":"Sauce \"Cacio\" et poivre (avec Pecorino Romano A.O.P.) - Cascina San Cassiano","isPartOf":{"@id":"https:\/\/paolos156.sg-host.com\/#website"},"primaryImageOfPage":{"@id":"https:\/\/cascinasancassiano.com\/fr\/prodotto\/cacio-e-pepe-con-pecorino-romano-dop\/#primaryimage"},"image":{"@id":"https:\/\/cascinasancassiano.com\/fr\/prodotto\/cacio-e-pepe-con-pecorino-romano-dop\/#primaryimage"},"thumbnailUrl":"https:\/\/cascinasancassiano.com\/wp-content\/uploads\/2018\/03\/CSC-676-Cacio-e-pepe-Con-Pecorino-Romano-New-26.png","datePublished":"2018-03-10T09:00:57+00:00","dateModified":"2026-02-05T14:06:47+00:00","breadcrumb":{"@id":"https:\/\/cascinasancassiano.com\/fr\/prodotto\/cacio-e-pepe-con-pecorino-romano-dop\/#breadcrumb"},"inLanguage":"fr-FR","potentialAction":[{"@type":"ReadAction","target":["https:\/\/cascinasancassiano.com\/fr\/prodotto\/cacio-e-pepe-con-pecorino-romano-dop\/"]}]},{"@type":"ImageObject","inLanguage":"fr-FR","@id":"https:\/\/cascinasancassiano.com\/fr\/prodotto\/cacio-e-pepe-con-pecorino-romano-dop\/#primaryimage","url":"https:\/\/cascinasancassiano.com\/wp-content\/uploads\/2018\/03\/CSC-676-Cacio-e-pepe-Con-Pecorino-Romano-New-26.png","contentUrl":"https:\/\/cascinasancassiano.com\/wp-content\/uploads\/2018\/03\/CSC-676-Cacio-e-pepe-Con-Pecorino-Romano-New-26.png","width":1000,"height":1000,"caption":"Cacio e pepe Con Pecorino Romano"},{"@type":"BreadcrumbList","@id":"https:\/\/cascinasancassiano.com\/fr\/prodotto\/cacio-e-pepe-con-pecorino-romano-dop\/#breadcrumb","itemListElement":[{"@type":"ListItem","position":1,"name":"Produits","item":"https:\/\/cascinasancassiano.com\/fr\/shop\/"},{"@type":"ListItem","position":2,"name":"Sauce &#8220;Cacio&#8221; et poivre (avec Pecorino Romano A.O.P.)"}]},{"@type":"WebSite","@id":"https:\/\/paolos156.sg-host.com\/#website","url":"https:\/\/paolos156.sg-host.com\/","name":"Cascina San Cassiano","description":"Gusta, credi, ama.","publisher":{"@id":"https:\/\/paolos156.sg-host.com\/#organization"},"potentialAction":[{"@type":"SearchAction","target":{"@type":"EntryPoint","urlTemplate":"https:\/\/paolos156.sg-host.com\/?s={search_term_string}"},"query-input":{"@type":"PropertyValueSpecification","valueRequired":true,"valueName":"search_term_string"}}],"inLanguage":"fr-FR"},{"@type":"Organization","@id":"https:\/\/paolos156.sg-host.com\/#organization","name":"Cascina San Cassiano","url":"https:\/\/paolos156.sg-host.com\/","logo":{"@type":"ImageObject","inLanguage":"fr-FR","@id":"https:\/\/paolos156.sg-host.com\/#\/schema\/logo\/image\/","url":"https:\/\/cascinasancassiano.com\/wp-content\/uploads\/2021\/09\/cascina-san-cassiano-logo.png","contentUrl":"https:\/\/cascinasancassiano.com\/wp-content\/uploads\/2021\/09\/cascina-san-cassiano-logo.png","width":700,"height":700,"caption":"Cascina San Cassiano"},"image":{"@id":"https:\/\/paolos156.sg-host.com\/#\/schema\/logo\/image\/"}}]}},"_links":{"self":[{"href":"https:\/\/cascinasancassiano.com\/fr\/wp-json\/wp\/v2\/product\/3370","targetHints":{"allow":["GET"]}}],"collection":[{"href":"https:\/\/cascinasancassiano.com\/fr\/wp-json\/wp\/v2\/product"}],"about":[{"href":"https:\/\/cascinasancassiano.com\/fr\/wp-json\/wp\/v2\/types\/product"}],"version-history":[{"count":0,"href":"https:\/\/cascinasancassiano.com\/fr\/wp-json\/wp\/v2\/product\/3370\/revisions"}],"wp:featuredmedia":[{"embeddable":true,"href":"https:\/\/cascinasancassiano.com\/fr\/wp-json\/wp\/v2\/media\/36801"}],"wp:attachment":[{"href":"https:\/\/cascinasancassiano.com\/fr\/wp-json\/wp\/v2\/media?parent=3370"}],"wp:term":[{"taxonomy":"product_brand","embeddable":true,"href":"https:\/\/cascinasancassiano.com\/fr\/wp-json\/wp\/v2\/product_brand?post=3370"},{"taxonomy":"product_cat","embeddable":true,"href":"https:\/\/cascinasancassiano.com\/fr\/wp-json\/wp\/v2\/product_cat?post=3370"},{"taxonomy":"product_tag","embeddable":true,"href":"https:\/\/cascinasancassiano.com\/fr\/wp-json\/wp\/v2\/product_tag?post=3370"}],"curies":[{"name":"wp","href":"https:\/\/api.w.org\/{rel}","templated":true}]}}