{"id":3348,"date":"2020-03-13T10:00:57","date_gmt":"2020-03-13T09:00:57","guid":{"rendered":"http:\/\/www.cascinasancassiano.it\/web\/prodotto\/sugo-darrosto-con-vino-barolo-docg\/"},"modified":"2026-02-05T14:55:40","modified_gmt":"2026-02-05T13:55:40","slug":"sugo-darrosto-con-vino-barolo-docg","status":"publish","type":"product","link":"https:\/\/cascinasancassiano.com\/fr\/prodotto\/sugo-darrosto-con-vino-barolo-docg\/","title":{"rendered":"Sauce de r\u00f4ti avec du vin \u00ab\u00a0Barolo A.O.C.G.\u00a0\u00bb"},"content":{"rendered":"<p>Sauce aromatique pr\u00e9par\u00e9e avec des extraits de viande et du vin Barolo, id\u00e9ale pour assaisonner les plats de p\u00e2tes ou de polenta. Elle est \u00e9galement excellente pour fourrer les p\u00e2tes farcies ou pour tartiner le pain.<\/p>\n<p>Ce produit est disponible aussi en pot\u00a0 de 190g.<\/p>\n","protected":false},"excerpt":{"rendered":"<p>Sauce aromatique pr\u00e9par\u00e9e avec des extraits de viande et du [&hellip;]<\/p>\n","protected":false},"featured_media":36768,"template":"","meta":{"_acf_changed":false},"product_brand":[],"product_cat":[135,118,235],"product_tag":[],"class_list":{"0":"post-3348","1":"product","2":"type-product","3":"status-publish","4":"has-post-thumbnail","6":"product_cat-sughi","7":"product_cat-salato","8":"product_cat-sughi-e-ragu","10":"first","11":"instock","12":"taxable","13":"shipping-taxable","14":"purchasable","15":"product-type-simple"},"acf":[],"yoast_head":"<!-- This site is optimized with the Yoast SEO plugin v27.4 - https:\/\/yoast.com\/product\/yoast-seo-wordpress\/ -->\n<title>Sauce de r\u00f4ti avec du vin &quot;Barolo A.O.C.G.&quot; - Cascina San Cassiano<\/title>\n<meta name=\"robots\" content=\"index, follow, max-snippet:-1, max-image-preview:large, max-video-preview:-1\" \/>\n<link rel=\"canonical\" href=\"https:\/\/cascinasancassiano.com\/fr\/prodotto\/sugo-darrosto-con-vino-barolo-docg\/\" \/>\n<meta property=\"og:locale\" content=\"fr_FR\" \/>\n<meta property=\"og:type\" content=\"article\" \/>\n<meta property=\"og:title\" content=\"Sauce de r\u00f4ti avec du vin &quot;Barolo A.O.C.G.&quot; - Cascina San Cassiano\" \/>\n<meta property=\"og:description\" content=\"Sauce aromatique pr\u00e9par\u00e9e avec des extraits de viande et du [&hellip;]\" \/>\n<meta property=\"og:url\" content=\"https:\/\/cascinasancassiano.com\/fr\/prodotto\/sugo-darrosto-con-vino-barolo-docg\/\" \/>\n<meta property=\"og:site_name\" content=\"Cascina San Cassiano\" \/>\n<meta property=\"article:modified_time\" content=\"2026-02-05T13:55:40+00:00\" \/>\n<meta property=\"og:image\" content=\"https:\/\/cascina.demoengagemint.it\/wp-content\/uploads\/2020\/03\/CSC-649-sugo-arrosto-vino-Barolo-New-26.png\" \/>\n\t<meta property=\"og:image:width\" content=\"1000\" \/>\n\t<meta property=\"og:image:height\" content=\"1000\" \/>\n\t<meta property=\"og:image:type\" content=\"image\/png\" \/>\n<meta name=\"twitter:card\" content=\"summary_large_image\" \/>\n<meta name=\"twitter:label1\" content=\"Dur\u00e9e de lecture estim\u00e9e\" \/>\n\t<meta name=\"twitter:data1\" content=\"1 minute\" \/>\n<script type=\"application\/ld+json\" class=\"yoast-schema-graph\">{\"@context\":\"https:\\\/\\\/schema.org\",\"@graph\":[{\"@type\":\"WebPage\",\"@id\":\"https:\\\/\\\/cascinasancassiano.com\\\/fr\\\/prodotto\\\/sugo-darrosto-con-vino-barolo-docg\\\/\",\"url\":\"https:\\\/\\\/cascinasancassiano.com\\\/fr\\\/prodotto\\\/sugo-darrosto-con-vino-barolo-docg\\\/\",\"name\":\"Sauce de r\u00f4ti avec du vin \\\"Barolo A.O.C.G.\\\" - Cascina San Cassiano\",\"isPartOf\":{\"@id\":\"https:\\\/\\\/paolos156.sg-host.com\\\/#website\"},\"primaryImageOfPage\":{\"@id\":\"https:\\\/\\\/cascinasancassiano.com\\\/fr\\\/prodotto\\\/sugo-darrosto-con-vino-barolo-docg\\\/#primaryimage\"},\"image\":{\"@id\":\"https:\\\/\\\/cascinasancassiano.com\\\/fr\\\/prodotto\\\/sugo-darrosto-con-vino-barolo-docg\\\/#primaryimage\"},\"thumbnailUrl\":\"https:\\\/\\\/cascinasancassiano.com\\\/wp-content\\\/uploads\\\/2020\\\/03\\\/CSC-649-sugo-arrosto-vino-Barolo-New-26.png\",\"datePublished\":\"2020-03-13T09:00:57+00:00\",\"dateModified\":\"2026-02-05T13:55:40+00:00\",\"breadcrumb\":{\"@id\":\"https:\\\/\\\/cascinasancassiano.com\\\/fr\\\/prodotto\\\/sugo-darrosto-con-vino-barolo-docg\\\/#breadcrumb\"},\"inLanguage\":\"fr-FR\",\"potentialAction\":[{\"@type\":\"ReadAction\",\"target\":[\"https:\\\/\\\/cascinasancassiano.com\\\/fr\\\/prodotto\\\/sugo-darrosto-con-vino-barolo-docg\\\/\"]}]},{\"@type\":\"ImageObject\",\"inLanguage\":\"fr-FR\",\"@id\":\"https:\\\/\\\/cascinasancassiano.com\\\/fr\\\/prodotto\\\/sugo-darrosto-con-vino-barolo-docg\\\/#primaryimage\",\"url\":\"https:\\\/\\\/cascinasancassiano.com\\\/wp-content\\\/uploads\\\/2020\\\/03\\\/CSC-649-sugo-arrosto-vino-Barolo-New-26.png\",\"contentUrl\":\"https:\\\/\\\/cascinasancassiano.com\\\/wp-content\\\/uploads\\\/2020\\\/03\\\/CSC-649-sugo-arrosto-vino-Barolo-New-26.png\",\"width\":1000,\"height\":1000,\"caption\":\"sugo arrosto vino Barolo\"},{\"@type\":\"BreadcrumbList\",\"@id\":\"https:\\\/\\\/cascinasancassiano.com\\\/fr\\\/prodotto\\\/sugo-darrosto-con-vino-barolo-docg\\\/#breadcrumb\",\"itemListElement\":[{\"@type\":\"ListItem\",\"position\":1,\"name\":\"Produits\",\"item\":\"https:\\\/\\\/cascinasancassiano.com\\\/fr\\\/shop\\\/\"},{\"@type\":\"ListItem\",\"position\":2,\"name\":\"Sauce de r\u00f4ti avec du vin &#8220;Barolo A.O.C.G.&#8221;\"}]},{\"@type\":\"WebSite\",\"@id\":\"https:\\\/\\\/paolos156.sg-host.com\\\/#website\",\"url\":\"https:\\\/\\\/paolos156.sg-host.com\\\/\",\"name\":\"Cascina San Cassiano\",\"description\":\"Gusta, credi, ama.\",\"publisher\":{\"@id\":\"https:\\\/\\\/paolos156.sg-host.com\\\/#organization\"},\"potentialAction\":[{\"@type\":\"SearchAction\",\"target\":{\"@type\":\"EntryPoint\",\"urlTemplate\":\"https:\\\/\\\/paolos156.sg-host.com\\\/?s={search_term_string}\"},\"query-input\":{\"@type\":\"PropertyValueSpecification\",\"valueRequired\":true,\"valueName\":\"search_term_string\"}}],\"inLanguage\":\"fr-FR\"},{\"@type\":\"Organization\",\"@id\":\"https:\\\/\\\/paolos156.sg-host.com\\\/#organization\",\"name\":\"Cascina San Cassiano\",\"url\":\"https:\\\/\\\/paolos156.sg-host.com\\\/\",\"logo\":{\"@type\":\"ImageObject\",\"inLanguage\":\"fr-FR\",\"@id\":\"https:\\\/\\\/paolos156.sg-host.com\\\/#\\\/schema\\\/logo\\\/image\\\/\",\"url\":\"https:\\\/\\\/cascinasancassiano.com\\\/wp-content\\\/uploads\\\/2021\\\/09\\\/cascina-san-cassiano-logo.png\",\"contentUrl\":\"https:\\\/\\\/cascinasancassiano.com\\\/wp-content\\\/uploads\\\/2021\\\/09\\\/cascina-san-cassiano-logo.png\",\"width\":700,\"height\":700,\"caption\":\"Cascina San Cassiano\"},\"image\":{\"@id\":\"https:\\\/\\\/paolos156.sg-host.com\\\/#\\\/schema\\\/logo\\\/image\\\/\"}}]}<\/script>\n<!-- \/ Yoast SEO plugin. -->","yoast_head_json":{"title":"Sauce de r\u00f4ti avec du vin \"Barolo A.O.C.G.\" - Cascina San Cassiano","robots":{"index":"index","follow":"follow","max-snippet":"max-snippet:-1","max-image-preview":"max-image-preview:large","max-video-preview":"max-video-preview:-1"},"canonical":"https:\/\/cascinasancassiano.com\/fr\/prodotto\/sugo-darrosto-con-vino-barolo-docg\/","og_locale":"fr_FR","og_type":"article","og_title":"Sauce de r\u00f4ti avec du vin \"Barolo A.O.C.G.\" - Cascina San Cassiano","og_description":"Sauce aromatique pr\u00e9par\u00e9e avec des extraits de viande et du [&hellip;]","og_url":"https:\/\/cascinasancassiano.com\/fr\/prodotto\/sugo-darrosto-con-vino-barolo-docg\/","og_site_name":"Cascina San Cassiano","article_modified_time":"2026-02-05T13:55:40+00:00","og_image":[{"width":1000,"height":1000,"url":"https:\/\/cascina.demoengagemint.it\/wp-content\/uploads\/2020\/03\/CSC-649-sugo-arrosto-vino-Barolo-New-26.png","type":"image\/png"}],"twitter_card":"summary_large_image","twitter_misc":{"Dur\u00e9e de lecture estim\u00e9e":"1 minute"},"schema":{"@context":"https:\/\/schema.org","@graph":[{"@type":"WebPage","@id":"https:\/\/cascinasancassiano.com\/fr\/prodotto\/sugo-darrosto-con-vino-barolo-docg\/","url":"https:\/\/cascinasancassiano.com\/fr\/prodotto\/sugo-darrosto-con-vino-barolo-docg\/","name":"Sauce de r\u00f4ti avec du vin \"Barolo A.O.C.G.\" - Cascina San Cassiano","isPartOf":{"@id":"https:\/\/paolos156.sg-host.com\/#website"},"primaryImageOfPage":{"@id":"https:\/\/cascinasancassiano.com\/fr\/prodotto\/sugo-darrosto-con-vino-barolo-docg\/#primaryimage"},"image":{"@id":"https:\/\/cascinasancassiano.com\/fr\/prodotto\/sugo-darrosto-con-vino-barolo-docg\/#primaryimage"},"thumbnailUrl":"https:\/\/cascinasancassiano.com\/wp-content\/uploads\/2020\/03\/CSC-649-sugo-arrosto-vino-Barolo-New-26.png","datePublished":"2020-03-13T09:00:57+00:00","dateModified":"2026-02-05T13:55:40+00:00","breadcrumb":{"@id":"https:\/\/cascinasancassiano.com\/fr\/prodotto\/sugo-darrosto-con-vino-barolo-docg\/#breadcrumb"},"inLanguage":"fr-FR","potentialAction":[{"@type":"ReadAction","target":["https:\/\/cascinasancassiano.com\/fr\/prodotto\/sugo-darrosto-con-vino-barolo-docg\/"]}]},{"@type":"ImageObject","inLanguage":"fr-FR","@id":"https:\/\/cascinasancassiano.com\/fr\/prodotto\/sugo-darrosto-con-vino-barolo-docg\/#primaryimage","url":"https:\/\/cascinasancassiano.com\/wp-content\/uploads\/2020\/03\/CSC-649-sugo-arrosto-vino-Barolo-New-26.png","contentUrl":"https:\/\/cascinasancassiano.com\/wp-content\/uploads\/2020\/03\/CSC-649-sugo-arrosto-vino-Barolo-New-26.png","width":1000,"height":1000,"caption":"sugo arrosto vino Barolo"},{"@type":"BreadcrumbList","@id":"https:\/\/cascinasancassiano.com\/fr\/prodotto\/sugo-darrosto-con-vino-barolo-docg\/#breadcrumb","itemListElement":[{"@type":"ListItem","position":1,"name":"Produits","item":"https:\/\/cascinasancassiano.com\/fr\/shop\/"},{"@type":"ListItem","position":2,"name":"Sauce de r\u00f4ti avec du vin &#8220;Barolo A.O.C.G.&#8221;"}]},{"@type":"WebSite","@id":"https:\/\/paolos156.sg-host.com\/#website","url":"https:\/\/paolos156.sg-host.com\/","name":"Cascina San Cassiano","description":"Gusta, credi, ama.","publisher":{"@id":"https:\/\/paolos156.sg-host.com\/#organization"},"potentialAction":[{"@type":"SearchAction","target":{"@type":"EntryPoint","urlTemplate":"https:\/\/paolos156.sg-host.com\/?s={search_term_string}"},"query-input":{"@type":"PropertyValueSpecification","valueRequired":true,"valueName":"search_term_string"}}],"inLanguage":"fr-FR"},{"@type":"Organization","@id":"https:\/\/paolos156.sg-host.com\/#organization","name":"Cascina San Cassiano","url":"https:\/\/paolos156.sg-host.com\/","logo":{"@type":"ImageObject","inLanguage":"fr-FR","@id":"https:\/\/paolos156.sg-host.com\/#\/schema\/logo\/image\/","url":"https:\/\/cascinasancassiano.com\/wp-content\/uploads\/2021\/09\/cascina-san-cassiano-logo.png","contentUrl":"https:\/\/cascinasancassiano.com\/wp-content\/uploads\/2021\/09\/cascina-san-cassiano-logo.png","width":700,"height":700,"caption":"Cascina San Cassiano"},"image":{"@id":"https:\/\/paolos156.sg-host.com\/#\/schema\/logo\/image\/"}}]}},"_links":{"self":[{"href":"https:\/\/cascinasancassiano.com\/fr\/wp-json\/wp\/v2\/product\/3348","targetHints":{"allow":["GET"]}}],"collection":[{"href":"https:\/\/cascinasancassiano.com\/fr\/wp-json\/wp\/v2\/product"}],"about":[{"href":"https:\/\/cascinasancassiano.com\/fr\/wp-json\/wp\/v2\/types\/product"}],"version-history":[{"count":0,"href":"https:\/\/cascinasancassiano.com\/fr\/wp-json\/wp\/v2\/product\/3348\/revisions"}],"wp:featuredmedia":[{"embeddable":true,"href":"https:\/\/cascinasancassiano.com\/fr\/wp-json\/wp\/v2\/media\/36768"}],"wp:attachment":[{"href":"https:\/\/cascinasancassiano.com\/fr\/wp-json\/wp\/v2\/media?parent=3348"}],"wp:term":[{"taxonomy":"product_brand","embeddable":true,"href":"https:\/\/cascinasancassiano.com\/fr\/wp-json\/wp\/v2\/product_brand?post=3348"},{"taxonomy":"product_cat","embeddable":true,"href":"https:\/\/cascinasancassiano.com\/fr\/wp-json\/wp\/v2\/product_cat?post=3348"},{"taxonomy":"product_tag","embeddable":true,"href":"https:\/\/cascinasancassiano.com\/fr\/wp-json\/wp\/v2\/product_tag?post=3348"}],"curies":[{"name":"wp","href":"https:\/\/api.w.org\/{rel}","templated":true}]}}