{"id":3326,"date":"2020-03-14T10:00:57","date_gmt":"2020-03-14T09:00:57","guid":{"rendered":"http:\/\/www.cascinasancassiano.it\/web\/prodotto\/rag-di-carne-piemontese\/"},"modified":"2026-02-05T14:53:25","modified_gmt":"2026-02-05T13:53:25","slug":"rag-di-carne-piemontese","status":"publish","type":"product","link":"https:\/\/cascinasancassiano.com\/fr\/prodotto\/rag-di-carne-piemontese\/","title":{"rendered":"Rago\u00fbt de viande Pi\u00e9montaise"},"content":{"rendered":"<p>Rago\u00fbt avec un tr\u00e8s grand pourcentage de viande de boeuf, provenant seulement d\u2019\u00e9levages pi\u00e9montais. Pr\u00eat \u00e0 utiliser pour enrichir toutes les typologies de p\u00e2tes. Il est \u00e9galement bon pour garnir la polenta.<\/p>\n","protected":false},"excerpt":{"rendered":"<p>Rago\u00fbt avec un tr\u00e8s grand pourcentage de viande de boeuf, [&hellip;]<\/p>\n","protected":false},"featured_media":36759,"template":"","meta":{"_acf_changed":false},"product_brand":[],"product_cat":[118,135,235],"product_tag":[],"class_list":{"0":"post-3326","1":"product","2":"type-product","3":"status-publish","4":"has-post-thumbnail","6":"product_cat-salato","7":"product_cat-sughi","8":"product_cat-sughi-e-ragu","10":"first","11":"instock","12":"taxable","13":"shipping-taxable","14":"purchasable","15":"product-type-simple"},"acf":[],"yoast_head":"<!-- This site is optimized with the Yoast SEO plugin v27.4 - https:\/\/yoast.com\/product\/yoast-seo-wordpress\/ -->\n<title>Rago\u00fbt de viande Pi\u00e9montaise - Cascina San Cassiano<\/title>\n<meta name=\"robots\" content=\"index, follow, max-snippet:-1, max-image-preview:large, max-video-preview:-1\" \/>\n<link rel=\"canonical\" href=\"https:\/\/cascinasancassiano.com\/fr\/prodotto\/rag-di-carne-piemontese\/\" \/>\n<meta property=\"og:locale\" content=\"fr_FR\" \/>\n<meta property=\"og:type\" content=\"article\" \/>\n<meta property=\"og:title\" content=\"Rago\u00fbt de viande Pi\u00e9montaise - Cascina San Cassiano\" \/>\n<meta property=\"og:description\" content=\"Rago\u00fbt avec un tr\u00e8s grand pourcentage de viande de boeuf, [&hellip;]\" \/>\n<meta property=\"og:url\" content=\"https:\/\/cascinasancassiano.com\/fr\/prodotto\/rag-di-carne-piemontese\/\" \/>\n<meta property=\"og:site_name\" content=\"Cascina San Cassiano\" \/>\n<meta property=\"article:modified_time\" content=\"2026-02-05T13:53:25+00:00\" \/>\n<meta property=\"og:image\" content=\"https:\/\/cascina.demoengagemint.it\/wp-content\/uploads\/2020\/03\/CSC-614-Ragu-Carne-Piemontese-New-26.png\" \/>\n\t<meta property=\"og:image:width\" content=\"1000\" \/>\n\t<meta property=\"og:image:height\" content=\"1000\" \/>\n\t<meta property=\"og:image:type\" content=\"image\/png\" \/>\n<meta name=\"twitter:card\" content=\"summary_large_image\" \/>\n<meta name=\"twitter:label1\" content=\"Dur\u00e9e de lecture estim\u00e9e\" \/>\n\t<meta name=\"twitter:data1\" content=\"1 minute\" \/>\n<script type=\"application\/ld+json\" class=\"yoast-schema-graph\">{\"@context\":\"https:\\\/\\\/schema.org\",\"@graph\":[{\"@type\":\"WebPage\",\"@id\":\"https:\\\/\\\/cascinasancassiano.com\\\/fr\\\/prodotto\\\/rag-di-carne-piemontese\\\/\",\"url\":\"https:\\\/\\\/cascinasancassiano.com\\\/fr\\\/prodotto\\\/rag-di-carne-piemontese\\\/\",\"name\":\"Rago\u00fbt de viande Pi\u00e9montaise - Cascina San Cassiano\",\"isPartOf\":{\"@id\":\"https:\\\/\\\/paolos156.sg-host.com\\\/#website\"},\"primaryImageOfPage\":{\"@id\":\"https:\\\/\\\/cascinasancassiano.com\\\/fr\\\/prodotto\\\/rag-di-carne-piemontese\\\/#primaryimage\"},\"image\":{\"@id\":\"https:\\\/\\\/cascinasancassiano.com\\\/fr\\\/prodotto\\\/rag-di-carne-piemontese\\\/#primaryimage\"},\"thumbnailUrl\":\"https:\\\/\\\/cascinasancassiano.com\\\/wp-content\\\/uploads\\\/2020\\\/03\\\/CSC-614-Ragu-Carne-Piemontese-New-26.png\",\"datePublished\":\"2020-03-14T09:00:57+00:00\",\"dateModified\":\"2026-02-05T13:53:25+00:00\",\"breadcrumb\":{\"@id\":\"https:\\\/\\\/cascinasancassiano.com\\\/fr\\\/prodotto\\\/rag-di-carne-piemontese\\\/#breadcrumb\"},\"inLanguage\":\"fr-FR\",\"potentialAction\":[{\"@type\":\"ReadAction\",\"target\":[\"https:\\\/\\\/cascinasancassiano.com\\\/fr\\\/prodotto\\\/rag-di-carne-piemontese\\\/\"]}]},{\"@type\":\"ImageObject\",\"inLanguage\":\"fr-FR\",\"@id\":\"https:\\\/\\\/cascinasancassiano.com\\\/fr\\\/prodotto\\\/rag-di-carne-piemontese\\\/#primaryimage\",\"url\":\"https:\\\/\\\/cascinasancassiano.com\\\/wp-content\\\/uploads\\\/2020\\\/03\\\/CSC-614-Ragu-Carne-Piemontese-New-26.png\",\"contentUrl\":\"https:\\\/\\\/cascinasancassiano.com\\\/wp-content\\\/uploads\\\/2020\\\/03\\\/CSC-614-Ragu-Carne-Piemontese-New-26.png\",\"width\":1000,\"height\":1000,\"caption\":\"Ragu\u0300 Carne Piemontese\"},{\"@type\":\"BreadcrumbList\",\"@id\":\"https:\\\/\\\/cascinasancassiano.com\\\/fr\\\/prodotto\\\/rag-di-carne-piemontese\\\/#breadcrumb\",\"itemListElement\":[{\"@type\":\"ListItem\",\"position\":1,\"name\":\"Produits\",\"item\":\"https:\\\/\\\/cascinasancassiano.com\\\/fr\\\/shop\\\/\"},{\"@type\":\"ListItem\",\"position\":2,\"name\":\"Rago\u00fbt de viande Pi\u00e9montaise\"}]},{\"@type\":\"WebSite\",\"@id\":\"https:\\\/\\\/paolos156.sg-host.com\\\/#website\",\"url\":\"https:\\\/\\\/paolos156.sg-host.com\\\/\",\"name\":\"Cascina San Cassiano\",\"description\":\"Gusta, credi, ama.\",\"publisher\":{\"@id\":\"https:\\\/\\\/paolos156.sg-host.com\\\/#organization\"},\"potentialAction\":[{\"@type\":\"SearchAction\",\"target\":{\"@type\":\"EntryPoint\",\"urlTemplate\":\"https:\\\/\\\/paolos156.sg-host.com\\\/?s={search_term_string}\"},\"query-input\":{\"@type\":\"PropertyValueSpecification\",\"valueRequired\":true,\"valueName\":\"search_term_string\"}}],\"inLanguage\":\"fr-FR\"},{\"@type\":\"Organization\",\"@id\":\"https:\\\/\\\/paolos156.sg-host.com\\\/#organization\",\"name\":\"Cascina San Cassiano\",\"url\":\"https:\\\/\\\/paolos156.sg-host.com\\\/\",\"logo\":{\"@type\":\"ImageObject\",\"inLanguage\":\"fr-FR\",\"@id\":\"https:\\\/\\\/paolos156.sg-host.com\\\/#\\\/schema\\\/logo\\\/image\\\/\",\"url\":\"https:\\\/\\\/cascinasancassiano.com\\\/wp-content\\\/uploads\\\/2021\\\/09\\\/cascina-san-cassiano-logo.png\",\"contentUrl\":\"https:\\\/\\\/cascinasancassiano.com\\\/wp-content\\\/uploads\\\/2021\\\/09\\\/cascina-san-cassiano-logo.png\",\"width\":700,\"height\":700,\"caption\":\"Cascina San Cassiano\"},\"image\":{\"@id\":\"https:\\\/\\\/paolos156.sg-host.com\\\/#\\\/schema\\\/logo\\\/image\\\/\"}}]}<\/script>\n<!-- \/ Yoast SEO plugin. -->","yoast_head_json":{"title":"Rago\u00fbt de viande Pi\u00e9montaise - Cascina San Cassiano","robots":{"index":"index","follow":"follow","max-snippet":"max-snippet:-1","max-image-preview":"max-image-preview:large","max-video-preview":"max-video-preview:-1"},"canonical":"https:\/\/cascinasancassiano.com\/fr\/prodotto\/rag-di-carne-piemontese\/","og_locale":"fr_FR","og_type":"article","og_title":"Rago\u00fbt de viande Pi\u00e9montaise - Cascina San Cassiano","og_description":"Rago\u00fbt avec un tr\u00e8s grand pourcentage de viande de boeuf, [&hellip;]","og_url":"https:\/\/cascinasancassiano.com\/fr\/prodotto\/rag-di-carne-piemontese\/","og_site_name":"Cascina San Cassiano","article_modified_time":"2026-02-05T13:53:25+00:00","og_image":[{"width":1000,"height":1000,"url":"https:\/\/cascina.demoengagemint.it\/wp-content\/uploads\/2020\/03\/CSC-614-Ragu-Carne-Piemontese-New-26.png","type":"image\/png"}],"twitter_card":"summary_large_image","twitter_misc":{"Dur\u00e9e de lecture estim\u00e9e":"1 minute"},"schema":{"@context":"https:\/\/schema.org","@graph":[{"@type":"WebPage","@id":"https:\/\/cascinasancassiano.com\/fr\/prodotto\/rag-di-carne-piemontese\/","url":"https:\/\/cascinasancassiano.com\/fr\/prodotto\/rag-di-carne-piemontese\/","name":"Rago\u00fbt de viande Pi\u00e9montaise - Cascina San Cassiano","isPartOf":{"@id":"https:\/\/paolos156.sg-host.com\/#website"},"primaryImageOfPage":{"@id":"https:\/\/cascinasancassiano.com\/fr\/prodotto\/rag-di-carne-piemontese\/#primaryimage"},"image":{"@id":"https:\/\/cascinasancassiano.com\/fr\/prodotto\/rag-di-carne-piemontese\/#primaryimage"},"thumbnailUrl":"https:\/\/cascinasancassiano.com\/wp-content\/uploads\/2020\/03\/CSC-614-Ragu-Carne-Piemontese-New-26.png","datePublished":"2020-03-14T09:00:57+00:00","dateModified":"2026-02-05T13:53:25+00:00","breadcrumb":{"@id":"https:\/\/cascinasancassiano.com\/fr\/prodotto\/rag-di-carne-piemontese\/#breadcrumb"},"inLanguage":"fr-FR","potentialAction":[{"@type":"ReadAction","target":["https:\/\/cascinasancassiano.com\/fr\/prodotto\/rag-di-carne-piemontese\/"]}]},{"@type":"ImageObject","inLanguage":"fr-FR","@id":"https:\/\/cascinasancassiano.com\/fr\/prodotto\/rag-di-carne-piemontese\/#primaryimage","url":"https:\/\/cascinasancassiano.com\/wp-content\/uploads\/2020\/03\/CSC-614-Ragu-Carne-Piemontese-New-26.png","contentUrl":"https:\/\/cascinasancassiano.com\/wp-content\/uploads\/2020\/03\/CSC-614-Ragu-Carne-Piemontese-New-26.png","width":1000,"height":1000,"caption":"Ragu\u0300 Carne Piemontese"},{"@type":"BreadcrumbList","@id":"https:\/\/cascinasancassiano.com\/fr\/prodotto\/rag-di-carne-piemontese\/#breadcrumb","itemListElement":[{"@type":"ListItem","position":1,"name":"Produits","item":"https:\/\/cascinasancassiano.com\/fr\/shop\/"},{"@type":"ListItem","position":2,"name":"Rago\u00fbt de viande Pi\u00e9montaise"}]},{"@type":"WebSite","@id":"https:\/\/paolos156.sg-host.com\/#website","url":"https:\/\/paolos156.sg-host.com\/","name":"Cascina San Cassiano","description":"Gusta, credi, ama.","publisher":{"@id":"https:\/\/paolos156.sg-host.com\/#organization"},"potentialAction":[{"@type":"SearchAction","target":{"@type":"EntryPoint","urlTemplate":"https:\/\/paolos156.sg-host.com\/?s={search_term_string}"},"query-input":{"@type":"PropertyValueSpecification","valueRequired":true,"valueName":"search_term_string"}}],"inLanguage":"fr-FR"},{"@type":"Organization","@id":"https:\/\/paolos156.sg-host.com\/#organization","name":"Cascina San Cassiano","url":"https:\/\/paolos156.sg-host.com\/","logo":{"@type":"ImageObject","inLanguage":"fr-FR","@id":"https:\/\/paolos156.sg-host.com\/#\/schema\/logo\/image\/","url":"https:\/\/cascinasancassiano.com\/wp-content\/uploads\/2021\/09\/cascina-san-cassiano-logo.png","contentUrl":"https:\/\/cascinasancassiano.com\/wp-content\/uploads\/2021\/09\/cascina-san-cassiano-logo.png","width":700,"height":700,"caption":"Cascina San Cassiano"},"image":{"@id":"https:\/\/paolos156.sg-host.com\/#\/schema\/logo\/image\/"}}]}},"_links":{"self":[{"href":"https:\/\/cascinasancassiano.com\/fr\/wp-json\/wp\/v2\/product\/3326","targetHints":{"allow":["GET"]}}],"collection":[{"href":"https:\/\/cascinasancassiano.com\/fr\/wp-json\/wp\/v2\/product"}],"about":[{"href":"https:\/\/cascinasancassiano.com\/fr\/wp-json\/wp\/v2\/types\/product"}],"version-history":[{"count":0,"href":"https:\/\/cascinasancassiano.com\/fr\/wp-json\/wp\/v2\/product\/3326\/revisions"}],"wp:featuredmedia":[{"embeddable":true,"href":"https:\/\/cascinasancassiano.com\/fr\/wp-json\/wp\/v2\/media\/36759"}],"wp:attachment":[{"href":"https:\/\/cascinasancassiano.com\/fr\/wp-json\/wp\/v2\/media?parent=3326"}],"wp:term":[{"taxonomy":"product_brand","embeddable":true,"href":"https:\/\/cascinasancassiano.com\/fr\/wp-json\/wp\/v2\/product_brand?post=3326"},{"taxonomy":"product_cat","embeddable":true,"href":"https:\/\/cascinasancassiano.com\/fr\/wp-json\/wp\/v2\/product_cat?post=3326"},{"taxonomy":"product_tag","embeddable":true,"href":"https:\/\/cascinasancassiano.com\/fr\/wp-json\/wp\/v2\/product_tag?post=3326"}],"curies":[{"name":"wp","href":"https:\/\/api.w.org\/{rel}","templated":true}]}}