{"id":24338,"date":"2025-06-30T17:17:40","date_gmt":"2025-06-30T15:17:40","guid":{"rendered":"https:\/\/cascinasancassiano.com\/?post_type=product&#038;p=24338"},"modified":"2026-02-05T15:22:35","modified_gmt":"2026-02-05T14:22:35","slug":"crema-con-parmigiano-reggiano-e-funghi-porcini","status":"publish","type":"product","link":"https:\/\/cascinasancassiano.com\/fr\/prodotto\/crema-con-parmigiano-reggiano-e-funghi-porcini\/","title":{"rendered":"Cr\u00e8me au Parmigiano Reggiano et aux c\u00e8pes"},"content":{"rendered":"<p>Cr\u00e8me de fromage onctueuse et savoureuse, pr\u00e9par\u00e9e avec du Parmigiano Reggiano A.O.P. et des c\u00e8pes. Elle est id\u00e9ale pour accompagner les p\u00e2tes, les tagliatelles, le riz ou sublimer les plats de viande.<\/p>\n","protected":false},"excerpt":{"rendered":"<p>Cr\u00e8me de fromage onctueuse et savoureuse, pr\u00e9par\u00e9e avec du Parmigiano [&hellip;]<\/p>\n","protected":false},"featured_media":36848,"template":"","meta":{"_acf_changed":false},"product_brand":[],"product_cat":[118,232,514],"product_tag":[],"class_list":{"0":"post-24338","1":"product","2":"type-product","3":"status-publish","4":"has-post-thumbnail","6":"product_cat-salato","7":"product_cat-creme-a-base-di-formaggio","8":"product_cat-creme-formaggio","10":"first","11":"instock","12":"taxable","13":"shipping-taxable","14":"purchasable","15":"product-type-simple"},"acf":[],"yoast_head":"<!-- This site is optimized with the Yoast SEO plugin v27.4 - https:\/\/yoast.com\/product\/yoast-seo-wordpress\/ -->\n<title>Cr\u00e8me au Parmigiano Reggiano et aux c\u00e8pes - Cascina San Cassiano<\/title>\n<meta name=\"description\" content=\"D\u00e9licieuse cr\u00e8me de Parmigiano Reggiano AOP et de c\u00e8pes, pr\u00eate \u00e0 sublimer vos p\u00e2tes, \u00e0 lier un risotto ou \u00e0 rehausser un filet.\" \/>\n<meta name=\"robots\" content=\"index, follow, max-snippet:-1, max-image-preview:large, max-video-preview:-1\" \/>\n<link rel=\"canonical\" href=\"https:\/\/cascinasancassiano.com\/fr\/prodotto\/crema-con-parmigiano-reggiano-e-funghi-porcini\/\" \/>\n<meta property=\"og:locale\" content=\"fr_FR\" \/>\n<meta property=\"og:type\" content=\"article\" \/>\n<meta property=\"og:title\" content=\"Cr\u00e8me au Parmigiano Reggiano et aux c\u00e8pes - Cascina San Cassiano\" \/>\n<meta property=\"og:description\" content=\"D\u00e9licieuse cr\u00e8me de Parmigiano Reggiano AOP et de c\u00e8pes, pr\u00eate \u00e0 sublimer vos p\u00e2tes, \u00e0 lier un risotto ou \u00e0 rehausser un filet.\" \/>\n<meta property=\"og:url\" content=\"https:\/\/cascinasancassiano.com\/fr\/prodotto\/crema-con-parmigiano-reggiano-e-funghi-porcini\/\" \/>\n<meta property=\"og:site_name\" content=\"Cascina San Cassiano\" \/>\n<meta property=\"article:modified_time\" content=\"2026-02-05T14:22:35+00:00\" \/>\n<meta property=\"og:image\" content=\"https:\/\/cascina.demoengagemint.it\/wp-content\/uploads\/2025\/06\/CSC-677-Crema-Parmigiano-porcini-New-26.png\" \/>\n\t<meta property=\"og:image:width\" content=\"1000\" \/>\n\t<meta property=\"og:image:height\" content=\"1000\" \/>\n\t<meta property=\"og:image:type\" content=\"image\/png\" \/>\n<meta name=\"twitter:card\" content=\"summary_large_image\" \/>\n<meta name=\"twitter:label1\" content=\"Dur\u00e9e de lecture estim\u00e9e\" \/>\n\t<meta name=\"twitter:data1\" content=\"2 minutes\" \/>\n<script type=\"application\/ld+json\" class=\"yoast-schema-graph\">{\"@context\":\"https:\\\/\\\/schema.org\",\"@graph\":[{\"@type\":\"WebPage\",\"@id\":\"https:\\\/\\\/cascinasancassiano.com\\\/fr\\\/prodotto\\\/crema-con-parmigiano-reggiano-e-funghi-porcini\\\/\",\"url\":\"https:\\\/\\\/cascinasancassiano.com\\\/fr\\\/prodotto\\\/crema-con-parmigiano-reggiano-e-funghi-porcini\\\/\",\"name\":\"Cr\u00e8me au Parmigiano Reggiano et aux c\u00e8pes - Cascina San Cassiano\",\"isPartOf\":{\"@id\":\"https:\\\/\\\/paolos156.sg-host.com\\\/#website\"},\"primaryImageOfPage\":{\"@id\":\"https:\\\/\\\/cascinasancassiano.com\\\/fr\\\/prodotto\\\/crema-con-parmigiano-reggiano-e-funghi-porcini\\\/#primaryimage\"},\"image\":{\"@id\":\"https:\\\/\\\/cascinasancassiano.com\\\/fr\\\/prodotto\\\/crema-con-parmigiano-reggiano-e-funghi-porcini\\\/#primaryimage\"},\"thumbnailUrl\":\"https:\\\/\\\/cascinasancassiano.com\\\/wp-content\\\/uploads\\\/2025\\\/06\\\/CSC-677-Crema-Parmigiano-porcini-New-26.png\",\"datePublished\":\"2025-06-30T15:17:40+00:00\",\"dateModified\":\"2026-02-05T14:22:35+00:00\",\"description\":\"D\u00e9licieuse cr\u00e8me de Parmigiano Reggiano AOP et de c\u00e8pes, pr\u00eate \u00e0 sublimer vos p\u00e2tes, \u00e0 lier un risotto ou \u00e0 rehausser un filet.\",\"breadcrumb\":{\"@id\":\"https:\\\/\\\/cascinasancassiano.com\\\/fr\\\/prodotto\\\/crema-con-parmigiano-reggiano-e-funghi-porcini\\\/#breadcrumb\"},\"inLanguage\":\"fr-FR\",\"potentialAction\":[{\"@type\":\"ReadAction\",\"target\":[\"https:\\\/\\\/cascinasancassiano.com\\\/fr\\\/prodotto\\\/crema-con-parmigiano-reggiano-e-funghi-porcini\\\/\"]}]},{\"@type\":\"ImageObject\",\"inLanguage\":\"fr-FR\",\"@id\":\"https:\\\/\\\/cascinasancassiano.com\\\/fr\\\/prodotto\\\/crema-con-parmigiano-reggiano-e-funghi-porcini\\\/#primaryimage\",\"url\":\"https:\\\/\\\/cascinasancassiano.com\\\/wp-content\\\/uploads\\\/2025\\\/06\\\/CSC-677-Crema-Parmigiano-porcini-New-26.png\",\"contentUrl\":\"https:\\\/\\\/cascinasancassiano.com\\\/wp-content\\\/uploads\\\/2025\\\/06\\\/CSC-677-Crema-Parmigiano-porcini-New-26.png\",\"width\":1000,\"height\":1000,\"caption\":\"Crema Parmigiano-porcini\"},{\"@type\":\"BreadcrumbList\",\"@id\":\"https:\\\/\\\/cascinasancassiano.com\\\/fr\\\/prodotto\\\/crema-con-parmigiano-reggiano-e-funghi-porcini\\\/#breadcrumb\",\"itemListElement\":[{\"@type\":\"ListItem\",\"position\":1,\"name\":\"Produits\",\"item\":\"https:\\\/\\\/cascinasancassiano.com\\\/fr\\\/shop\\\/\"},{\"@type\":\"ListItem\",\"position\":2,\"name\":\"Cr\u00e8me au Parmigiano Reggiano et aux c\u00e8pes\"}]},{\"@type\":\"WebSite\",\"@id\":\"https:\\\/\\\/paolos156.sg-host.com\\\/#website\",\"url\":\"https:\\\/\\\/paolos156.sg-host.com\\\/\",\"name\":\"Cascina San Cassiano\",\"description\":\"Gusta, credi, ama.\",\"publisher\":{\"@id\":\"https:\\\/\\\/paolos156.sg-host.com\\\/#organization\"},\"potentialAction\":[{\"@type\":\"SearchAction\",\"target\":{\"@type\":\"EntryPoint\",\"urlTemplate\":\"https:\\\/\\\/paolos156.sg-host.com\\\/?s={search_term_string}\"},\"query-input\":{\"@type\":\"PropertyValueSpecification\",\"valueRequired\":true,\"valueName\":\"search_term_string\"}}],\"inLanguage\":\"fr-FR\"},{\"@type\":\"Organization\",\"@id\":\"https:\\\/\\\/paolos156.sg-host.com\\\/#organization\",\"name\":\"Cascina San Cassiano\",\"url\":\"https:\\\/\\\/paolos156.sg-host.com\\\/\",\"logo\":{\"@type\":\"ImageObject\",\"inLanguage\":\"fr-FR\",\"@id\":\"https:\\\/\\\/paolos156.sg-host.com\\\/#\\\/schema\\\/logo\\\/image\\\/\",\"url\":\"https:\\\/\\\/cascinasancassiano.com\\\/wp-content\\\/uploads\\\/2021\\\/09\\\/cascina-san-cassiano-logo.png\",\"contentUrl\":\"https:\\\/\\\/cascinasancassiano.com\\\/wp-content\\\/uploads\\\/2021\\\/09\\\/cascina-san-cassiano-logo.png\",\"width\":700,\"height\":700,\"caption\":\"Cascina San Cassiano\"},\"image\":{\"@id\":\"https:\\\/\\\/paolos156.sg-host.com\\\/#\\\/schema\\\/logo\\\/image\\\/\"}}]}<\/script>\n<!-- \/ Yoast SEO plugin. -->","yoast_head_json":{"title":"Cr\u00e8me au Parmigiano Reggiano et aux c\u00e8pes - Cascina San Cassiano","description":"D\u00e9licieuse cr\u00e8me de Parmigiano Reggiano AOP et de c\u00e8pes, pr\u00eate \u00e0 sublimer vos p\u00e2tes, \u00e0 lier un risotto ou \u00e0 rehausser un filet.","robots":{"index":"index","follow":"follow","max-snippet":"max-snippet:-1","max-image-preview":"max-image-preview:large","max-video-preview":"max-video-preview:-1"},"canonical":"https:\/\/cascinasancassiano.com\/fr\/prodotto\/crema-con-parmigiano-reggiano-e-funghi-porcini\/","og_locale":"fr_FR","og_type":"article","og_title":"Cr\u00e8me au Parmigiano Reggiano et aux c\u00e8pes - Cascina San Cassiano","og_description":"D\u00e9licieuse cr\u00e8me de Parmigiano Reggiano AOP et de c\u00e8pes, pr\u00eate \u00e0 sublimer vos p\u00e2tes, \u00e0 lier un risotto ou \u00e0 rehausser un filet.","og_url":"https:\/\/cascinasancassiano.com\/fr\/prodotto\/crema-con-parmigiano-reggiano-e-funghi-porcini\/","og_site_name":"Cascina San Cassiano","article_modified_time":"2026-02-05T14:22:35+00:00","og_image":[{"width":1000,"height":1000,"url":"https:\/\/cascina.demoengagemint.it\/wp-content\/uploads\/2025\/06\/CSC-677-Crema-Parmigiano-porcini-New-26.png","type":"image\/png"}],"twitter_card":"summary_large_image","twitter_misc":{"Dur\u00e9e de lecture estim\u00e9e":"2 minutes"},"schema":{"@context":"https:\/\/schema.org","@graph":[{"@type":"WebPage","@id":"https:\/\/cascinasancassiano.com\/fr\/prodotto\/crema-con-parmigiano-reggiano-e-funghi-porcini\/","url":"https:\/\/cascinasancassiano.com\/fr\/prodotto\/crema-con-parmigiano-reggiano-e-funghi-porcini\/","name":"Cr\u00e8me au Parmigiano Reggiano et aux c\u00e8pes - Cascina San Cassiano","isPartOf":{"@id":"https:\/\/paolos156.sg-host.com\/#website"},"primaryImageOfPage":{"@id":"https:\/\/cascinasancassiano.com\/fr\/prodotto\/crema-con-parmigiano-reggiano-e-funghi-porcini\/#primaryimage"},"image":{"@id":"https:\/\/cascinasancassiano.com\/fr\/prodotto\/crema-con-parmigiano-reggiano-e-funghi-porcini\/#primaryimage"},"thumbnailUrl":"https:\/\/cascinasancassiano.com\/wp-content\/uploads\/2025\/06\/CSC-677-Crema-Parmigiano-porcini-New-26.png","datePublished":"2025-06-30T15:17:40+00:00","dateModified":"2026-02-05T14:22:35+00:00","description":"D\u00e9licieuse cr\u00e8me de Parmigiano Reggiano AOP et de c\u00e8pes, pr\u00eate \u00e0 sublimer vos p\u00e2tes, \u00e0 lier un risotto ou \u00e0 rehausser un filet.","breadcrumb":{"@id":"https:\/\/cascinasancassiano.com\/fr\/prodotto\/crema-con-parmigiano-reggiano-e-funghi-porcini\/#breadcrumb"},"inLanguage":"fr-FR","potentialAction":[{"@type":"ReadAction","target":["https:\/\/cascinasancassiano.com\/fr\/prodotto\/crema-con-parmigiano-reggiano-e-funghi-porcini\/"]}]},{"@type":"ImageObject","inLanguage":"fr-FR","@id":"https:\/\/cascinasancassiano.com\/fr\/prodotto\/crema-con-parmigiano-reggiano-e-funghi-porcini\/#primaryimage","url":"https:\/\/cascinasancassiano.com\/wp-content\/uploads\/2025\/06\/CSC-677-Crema-Parmigiano-porcini-New-26.png","contentUrl":"https:\/\/cascinasancassiano.com\/wp-content\/uploads\/2025\/06\/CSC-677-Crema-Parmigiano-porcini-New-26.png","width":1000,"height":1000,"caption":"Crema Parmigiano-porcini"},{"@type":"BreadcrumbList","@id":"https:\/\/cascinasancassiano.com\/fr\/prodotto\/crema-con-parmigiano-reggiano-e-funghi-porcini\/#breadcrumb","itemListElement":[{"@type":"ListItem","position":1,"name":"Produits","item":"https:\/\/cascinasancassiano.com\/fr\/shop\/"},{"@type":"ListItem","position":2,"name":"Cr\u00e8me au Parmigiano Reggiano et aux c\u00e8pes"}]},{"@type":"WebSite","@id":"https:\/\/paolos156.sg-host.com\/#website","url":"https:\/\/paolos156.sg-host.com\/","name":"Cascina San Cassiano","description":"Gusta, credi, ama.","publisher":{"@id":"https:\/\/paolos156.sg-host.com\/#organization"},"potentialAction":[{"@type":"SearchAction","target":{"@type":"EntryPoint","urlTemplate":"https:\/\/paolos156.sg-host.com\/?s={search_term_string}"},"query-input":{"@type":"PropertyValueSpecification","valueRequired":true,"valueName":"search_term_string"}}],"inLanguage":"fr-FR"},{"@type":"Organization","@id":"https:\/\/paolos156.sg-host.com\/#organization","name":"Cascina San Cassiano","url":"https:\/\/paolos156.sg-host.com\/","logo":{"@type":"ImageObject","inLanguage":"fr-FR","@id":"https:\/\/paolos156.sg-host.com\/#\/schema\/logo\/image\/","url":"https:\/\/cascinasancassiano.com\/wp-content\/uploads\/2021\/09\/cascina-san-cassiano-logo.png","contentUrl":"https:\/\/cascinasancassiano.com\/wp-content\/uploads\/2021\/09\/cascina-san-cassiano-logo.png","width":700,"height":700,"caption":"Cascina San Cassiano"},"image":{"@id":"https:\/\/paolos156.sg-host.com\/#\/schema\/logo\/image\/"}}]}},"_links":{"self":[{"href":"https:\/\/cascinasancassiano.com\/fr\/wp-json\/wp\/v2\/product\/24338","targetHints":{"allow":["GET"]}}],"collection":[{"href":"https:\/\/cascinasancassiano.com\/fr\/wp-json\/wp\/v2\/product"}],"about":[{"href":"https:\/\/cascinasancassiano.com\/fr\/wp-json\/wp\/v2\/types\/product"}],"version-history":[{"count":0,"href":"https:\/\/cascinasancassiano.com\/fr\/wp-json\/wp\/v2\/product\/24338\/revisions"}],"wp:featuredmedia":[{"embeddable":true,"href":"https:\/\/cascinasancassiano.com\/fr\/wp-json\/wp\/v2\/media\/36848"}],"wp:attachment":[{"href":"https:\/\/cascinasancassiano.com\/fr\/wp-json\/wp\/v2\/media?parent=24338"}],"wp:term":[{"taxonomy":"product_brand","embeddable":true,"href":"https:\/\/cascinasancassiano.com\/fr\/wp-json\/wp\/v2\/product_brand?post=24338"},{"taxonomy":"product_cat","embeddable":true,"href":"https:\/\/cascinasancassiano.com\/fr\/wp-json\/wp\/v2\/product_cat?post=24338"},{"taxonomy":"product_tag","embeddable":true,"href":"https:\/\/cascinasancassiano.com\/fr\/wp-json\/wp\/v2\/product_tag?post=24338"}],"curies":[{"name":"wp","href":"https:\/\/api.w.org\/{rel}","templated":true}]}}