{"id":24107,"date":"2025-05-23T16:36:56","date_gmt":"2025-05-23T14:36:58","guid":{"rendered":"https:\/\/cascinasancassiano.com\/?post_type=product&#038;p=24107"},"modified":"2025-07-23T12:43:07","modified_gmt":"2025-07-23T10:43:07","slug":"smoothie-proteine-au-ace-orange-citron-carote","status":"publish","type":"product","link":"https:\/\/cascinasancassiano.com\/fr\/prodotto\/smoothie-proteine-au-ace-orange-citron-carote\/","title":{"rendered":"Smoothie prot\u00e9in\u00e9 au ACE (orange, citron, carote)"},"content":{"rendered":"<p>Smoothie prot\u00e9in\u00e9 d\u00e9salt\u00e9rant \u00e0 base d\u2019oranges, carottes, citron, mo\u00fbt de raisin et enrichi en prot\u00e9ines v\u00e9g\u00e9tales de tournesol \u2013 sans du lait. L\u00e9ger et pauvre en calories, il offre une saveur d\u2019agrumes agr\u00e9able et rafra\u00eechissante, id\u00e9ale pendant les p\u00e9riodes estivales et facile \u00e0 dig\u00e9rer. Parfait pour les sportifs, il convient aussi bien comme encas, boisson post-entra\u00eenement, petit-d\u00e9jeuner, ou snack\u00a0\u00e0 emporter lors de vos excursions.<\/p>\n","protected":false},"excerpt":{"rendered":"<p>Smoothie prot\u00e9in\u00e9 d\u00e9salt\u00e9rant \u00e0 base d\u2019oranges, carottes, citron, mo\u00fbt de [&hellip;]<\/p>\n","protected":false},"featured_media":37826,"template":"","meta":{"_acf_changed":false},"product_brand":[],"product_cat":[312,418,513],"product_tag":[],"class_list":{"0":"post-24107","1":"product","2":"type-product","3":"status-publish","4":"has-post-thumbnail","6":"product_cat-proteici","7":"product_cat-frullati","8":"product_cat-ricette-funzionali","9":"pa_novita-novita","11":"first","12":"instock","13":"taxable","14":"shipping-taxable","15":"purchasable","16":"product-type-simple"},"acf":[],"yoast_head":"<!-- This site is optimized with the Yoast SEO plugin v27.4 - https:\/\/yoast.com\/product\/yoast-seo-wordpress\/ -->\n<title>Smoothie prot\u00e9in\u00e9 au ACE (orange, citron, carote) - Cascina San Cassiano<\/title>\n<meta name=\"description\" content=\"Les nouveaux smoothies prot\u00e9in\u00e9s sont savoureux, nutritifs et l\u00e9gers. Parfaits pour les sportifs, comme encas post-entra\u00eenement ou pour un petit-d\u00e9jeuner rapide. Le smoothie ACE est d\u00e9salt\u00e9rant et hypocalorique \u2013 id\u00e9al comme encas l\u00e9ger pendant les randonn\u00e9es ou \u00e0 la plage.\" \/>\n<meta name=\"robots\" content=\"index, follow, max-snippet:-1, max-image-preview:large, max-video-preview:-1\" \/>\n<link rel=\"canonical\" href=\"https:\/\/cascinasancassiano.com\/fr\/prodotto\/smoothie-proteine-au-ace-orange-citron-carote\/\" \/>\n<meta property=\"og:locale\" content=\"fr_FR\" \/>\n<meta property=\"og:type\" content=\"article\" \/>\n<meta property=\"og:title\" content=\"Smoothie prot\u00e9in\u00e9 au ACE (orange, citron, carote) - Cascina San Cassiano\" \/>\n<meta property=\"og:description\" content=\"Les nouveaux smoothies prot\u00e9in\u00e9s sont savoureux, nutritifs et l\u00e9gers. Parfaits pour les sportifs, comme encas post-entra\u00eenement ou pour un petit-d\u00e9jeuner rapide. Le smoothie ACE est d\u00e9salt\u00e9rant et hypocalorique \u2013 id\u00e9al comme encas l\u00e9ger pendant les randonn\u00e9es ou \u00e0 la plage.\" \/>\n<meta property=\"og:url\" content=\"https:\/\/cascinasancassiano.com\/fr\/prodotto\/smoothie-proteine-au-ace-orange-citron-carote\/\" \/>\n<meta property=\"og:site_name\" content=\"Cascina San Cassiano\" \/>\n<meta property=\"article:modified_time\" content=\"2025-07-23T10:43:07+00:00\" \/>\n<meta property=\"og:image\" content=\"https:\/\/cascina.demoengagemint.it\/wp-content\/uploads\/2025\/05\/CSC502_Fullato_ace_proteico_25.png\" \/>\n\t<meta property=\"og:image:width\" content=\"1000\" \/>\n\t<meta property=\"og:image:height\" content=\"1000\" \/>\n\t<meta property=\"og:image:type\" content=\"image\/png\" \/>\n<meta name=\"twitter:card\" content=\"summary_large_image\" \/>\n<meta name=\"twitter:label1\" content=\"Dur\u00e9e de lecture estim\u00e9e\" \/>\n\t<meta name=\"twitter:data1\" content=\"2 minutes\" \/>\n<script type=\"application\/ld+json\" class=\"yoast-schema-graph\">{\"@context\":\"https:\\\/\\\/schema.org\",\"@graph\":[{\"@type\":\"WebPage\",\"@id\":\"https:\\\/\\\/cascinasancassiano.com\\\/fr\\\/prodotto\\\/smoothie-proteine-au-ace-orange-citron-carote\\\/\",\"url\":\"https:\\\/\\\/cascinasancassiano.com\\\/fr\\\/prodotto\\\/smoothie-proteine-au-ace-orange-citron-carote\\\/\",\"name\":\"Smoothie prot\u00e9in\u00e9 au ACE (orange, citron, carote) - Cascina San Cassiano\",\"isPartOf\":{\"@id\":\"https:\\\/\\\/paolos156.sg-host.com\\\/#website\"},\"primaryImageOfPage\":{\"@id\":\"https:\\\/\\\/cascinasancassiano.com\\\/fr\\\/prodotto\\\/smoothie-proteine-au-ace-orange-citron-carote\\\/#primaryimage\"},\"image\":{\"@id\":\"https:\\\/\\\/cascinasancassiano.com\\\/fr\\\/prodotto\\\/smoothie-proteine-au-ace-orange-citron-carote\\\/#primaryimage\"},\"thumbnailUrl\":\"https:\\\/\\\/cascinasancassiano.com\\\/wp-content\\\/uploads\\\/2025\\\/05\\\/CSC-502-Proteici-Fullato-Ace-New-26.png\",\"datePublished\":\"2025-05-23T14:36:58+00:00\",\"dateModified\":\"2025-07-23T10:43:07+00:00\",\"description\":\"Les nouveaux smoothies prot\u00e9in\u00e9s sont savoureux, nutritifs et l\u00e9gers. Parfaits pour les sportifs, comme encas post-entra\u00eenement ou pour un petit-d\u00e9jeuner rapide. Le smoothie ACE est d\u00e9salt\u00e9rant et hypocalorique \u2013 id\u00e9al comme encas l\u00e9ger pendant les randonn\u00e9es ou \u00e0 la plage.\",\"breadcrumb\":{\"@id\":\"https:\\\/\\\/cascinasancassiano.com\\\/fr\\\/prodotto\\\/smoothie-proteine-au-ace-orange-citron-carote\\\/#breadcrumb\"},\"inLanguage\":\"fr-FR\",\"potentialAction\":[{\"@type\":\"ReadAction\",\"target\":[\"https:\\\/\\\/cascinasancassiano.com\\\/fr\\\/prodotto\\\/smoothie-proteine-au-ace-orange-citron-carote\\\/\"]}]},{\"@type\":\"ImageObject\",\"inLanguage\":\"fr-FR\",\"@id\":\"https:\\\/\\\/cascinasancassiano.com\\\/fr\\\/prodotto\\\/smoothie-proteine-au-ace-orange-citron-carote\\\/#primaryimage\",\"url\":\"https:\\\/\\\/cascinasancassiano.com\\\/wp-content\\\/uploads\\\/2025\\\/05\\\/CSC-502-Proteici-Fullato-Ace-New-26.png\",\"contentUrl\":\"https:\\\/\\\/cascinasancassiano.com\\\/wp-content\\\/uploads\\\/2025\\\/05\\\/CSC-502-Proteici-Fullato-Ace-New-26.png\",\"width\":1000,\"height\":1000,\"caption\":\"Proteici Fullato Ace\"},{\"@type\":\"BreadcrumbList\",\"@id\":\"https:\\\/\\\/cascinasancassiano.com\\\/fr\\\/prodotto\\\/smoothie-proteine-au-ace-orange-citron-carote\\\/#breadcrumb\",\"itemListElement\":[{\"@type\":\"ListItem\",\"position\":1,\"name\":\"Produits\",\"item\":\"https:\\\/\\\/cascinasancassiano.com\\\/fr\\\/shop\\\/\"},{\"@type\":\"ListItem\",\"position\":2,\"name\":\"Smoothie prot\u00e9in\u00e9 au ACE (orange, citron, carote)\"}]},{\"@type\":\"WebSite\",\"@id\":\"https:\\\/\\\/paolos156.sg-host.com\\\/#website\",\"url\":\"https:\\\/\\\/paolos156.sg-host.com\\\/\",\"name\":\"Cascina San Cassiano\",\"description\":\"Gusta, credi, ama.\",\"publisher\":{\"@id\":\"https:\\\/\\\/paolos156.sg-host.com\\\/#organization\"},\"potentialAction\":[{\"@type\":\"SearchAction\",\"target\":{\"@type\":\"EntryPoint\",\"urlTemplate\":\"https:\\\/\\\/paolos156.sg-host.com\\\/?s={search_term_string}\"},\"query-input\":{\"@type\":\"PropertyValueSpecification\",\"valueRequired\":true,\"valueName\":\"search_term_string\"}}],\"inLanguage\":\"fr-FR\"},{\"@type\":\"Organization\",\"@id\":\"https:\\\/\\\/paolos156.sg-host.com\\\/#organization\",\"name\":\"Cascina San Cassiano\",\"url\":\"https:\\\/\\\/paolos156.sg-host.com\\\/\",\"logo\":{\"@type\":\"ImageObject\",\"inLanguage\":\"fr-FR\",\"@id\":\"https:\\\/\\\/paolos156.sg-host.com\\\/#\\\/schema\\\/logo\\\/image\\\/\",\"url\":\"https:\\\/\\\/cascinasancassiano.com\\\/wp-content\\\/uploads\\\/2021\\\/09\\\/cascina-san-cassiano-logo.png\",\"contentUrl\":\"https:\\\/\\\/cascinasancassiano.com\\\/wp-content\\\/uploads\\\/2021\\\/09\\\/cascina-san-cassiano-logo.png\",\"width\":700,\"height\":700,\"caption\":\"Cascina San Cassiano\"},\"image\":{\"@id\":\"https:\\\/\\\/paolos156.sg-host.com\\\/#\\\/schema\\\/logo\\\/image\\\/\"}}]}<\/script>\n<!-- \/ Yoast SEO plugin. -->","yoast_head_json":{"title":"Smoothie prot\u00e9in\u00e9 au ACE (orange, citron, carote) - Cascina San Cassiano","description":"Les nouveaux smoothies prot\u00e9in\u00e9s sont savoureux, nutritifs et l\u00e9gers. Parfaits pour les sportifs, comme encas post-entra\u00eenement ou pour un petit-d\u00e9jeuner rapide. Le smoothie ACE est d\u00e9salt\u00e9rant et hypocalorique \u2013 id\u00e9al comme encas l\u00e9ger pendant les randonn\u00e9es ou \u00e0 la plage.","robots":{"index":"index","follow":"follow","max-snippet":"max-snippet:-1","max-image-preview":"max-image-preview:large","max-video-preview":"max-video-preview:-1"},"canonical":"https:\/\/cascinasancassiano.com\/fr\/prodotto\/smoothie-proteine-au-ace-orange-citron-carote\/","og_locale":"fr_FR","og_type":"article","og_title":"Smoothie prot\u00e9in\u00e9 au ACE (orange, citron, carote) - Cascina San Cassiano","og_description":"Les nouveaux smoothies prot\u00e9in\u00e9s sont savoureux, nutritifs et l\u00e9gers. Parfaits pour les sportifs, comme encas post-entra\u00eenement ou pour un petit-d\u00e9jeuner rapide. Le smoothie ACE est d\u00e9salt\u00e9rant et hypocalorique \u2013 id\u00e9al comme encas l\u00e9ger pendant les randonn\u00e9es ou \u00e0 la plage.","og_url":"https:\/\/cascinasancassiano.com\/fr\/prodotto\/smoothie-proteine-au-ace-orange-citron-carote\/","og_site_name":"Cascina San Cassiano","article_modified_time":"2025-07-23T10:43:07+00:00","og_image":[{"width":1000,"height":1000,"url":"https:\/\/cascina.demoengagemint.it\/wp-content\/uploads\/2025\/05\/CSC502_Fullato_ace_proteico_25.png","type":"image\/png"}],"twitter_card":"summary_large_image","twitter_misc":{"Dur\u00e9e de lecture estim\u00e9e":"2 minutes"},"schema":{"@context":"https:\/\/schema.org","@graph":[{"@type":"WebPage","@id":"https:\/\/cascinasancassiano.com\/fr\/prodotto\/smoothie-proteine-au-ace-orange-citron-carote\/","url":"https:\/\/cascinasancassiano.com\/fr\/prodotto\/smoothie-proteine-au-ace-orange-citron-carote\/","name":"Smoothie prot\u00e9in\u00e9 au ACE (orange, citron, carote) - Cascina San Cassiano","isPartOf":{"@id":"https:\/\/paolos156.sg-host.com\/#website"},"primaryImageOfPage":{"@id":"https:\/\/cascinasancassiano.com\/fr\/prodotto\/smoothie-proteine-au-ace-orange-citron-carote\/#primaryimage"},"image":{"@id":"https:\/\/cascinasancassiano.com\/fr\/prodotto\/smoothie-proteine-au-ace-orange-citron-carote\/#primaryimage"},"thumbnailUrl":"https:\/\/cascinasancassiano.com\/wp-content\/uploads\/2025\/05\/CSC-502-Proteici-Fullato-Ace-New-26.png","datePublished":"2025-05-23T14:36:58+00:00","dateModified":"2025-07-23T10:43:07+00:00","description":"Les nouveaux smoothies prot\u00e9in\u00e9s sont savoureux, nutritifs et l\u00e9gers. Parfaits pour les sportifs, comme encas post-entra\u00eenement ou pour un petit-d\u00e9jeuner rapide. Le smoothie ACE est d\u00e9salt\u00e9rant et hypocalorique \u2013 id\u00e9al comme encas l\u00e9ger pendant les randonn\u00e9es ou \u00e0 la plage.","breadcrumb":{"@id":"https:\/\/cascinasancassiano.com\/fr\/prodotto\/smoothie-proteine-au-ace-orange-citron-carote\/#breadcrumb"},"inLanguage":"fr-FR","potentialAction":[{"@type":"ReadAction","target":["https:\/\/cascinasancassiano.com\/fr\/prodotto\/smoothie-proteine-au-ace-orange-citron-carote\/"]}]},{"@type":"ImageObject","inLanguage":"fr-FR","@id":"https:\/\/cascinasancassiano.com\/fr\/prodotto\/smoothie-proteine-au-ace-orange-citron-carote\/#primaryimage","url":"https:\/\/cascinasancassiano.com\/wp-content\/uploads\/2025\/05\/CSC-502-Proteici-Fullato-Ace-New-26.png","contentUrl":"https:\/\/cascinasancassiano.com\/wp-content\/uploads\/2025\/05\/CSC-502-Proteici-Fullato-Ace-New-26.png","width":1000,"height":1000,"caption":"Proteici Fullato Ace"},{"@type":"BreadcrumbList","@id":"https:\/\/cascinasancassiano.com\/fr\/prodotto\/smoothie-proteine-au-ace-orange-citron-carote\/#breadcrumb","itemListElement":[{"@type":"ListItem","position":1,"name":"Produits","item":"https:\/\/cascinasancassiano.com\/fr\/shop\/"},{"@type":"ListItem","position":2,"name":"Smoothie prot\u00e9in\u00e9 au ACE (orange, citron, carote)"}]},{"@type":"WebSite","@id":"https:\/\/paolos156.sg-host.com\/#website","url":"https:\/\/paolos156.sg-host.com\/","name":"Cascina San Cassiano","description":"Gusta, credi, ama.","publisher":{"@id":"https:\/\/paolos156.sg-host.com\/#organization"},"potentialAction":[{"@type":"SearchAction","target":{"@type":"EntryPoint","urlTemplate":"https:\/\/paolos156.sg-host.com\/?s={search_term_string}"},"query-input":{"@type":"PropertyValueSpecification","valueRequired":true,"valueName":"search_term_string"}}],"inLanguage":"fr-FR"},{"@type":"Organization","@id":"https:\/\/paolos156.sg-host.com\/#organization","name":"Cascina San Cassiano","url":"https:\/\/paolos156.sg-host.com\/","logo":{"@type":"ImageObject","inLanguage":"fr-FR","@id":"https:\/\/paolos156.sg-host.com\/#\/schema\/logo\/image\/","url":"https:\/\/cascinasancassiano.com\/wp-content\/uploads\/2021\/09\/cascina-san-cassiano-logo.png","contentUrl":"https:\/\/cascinasancassiano.com\/wp-content\/uploads\/2021\/09\/cascina-san-cassiano-logo.png","width":700,"height":700,"caption":"Cascina San Cassiano"},"image":{"@id":"https:\/\/paolos156.sg-host.com\/#\/schema\/logo\/image\/"}}]}},"_links":{"self":[{"href":"https:\/\/cascinasancassiano.com\/fr\/wp-json\/wp\/v2\/product\/24107","targetHints":{"allow":["GET"]}}],"collection":[{"href":"https:\/\/cascinasancassiano.com\/fr\/wp-json\/wp\/v2\/product"}],"about":[{"href":"https:\/\/cascinasancassiano.com\/fr\/wp-json\/wp\/v2\/types\/product"}],"version-history":[{"count":0,"href":"https:\/\/cascinasancassiano.com\/fr\/wp-json\/wp\/v2\/product\/24107\/revisions"}],"wp:featuredmedia":[{"embeddable":true,"href":"https:\/\/cascinasancassiano.com\/fr\/wp-json\/wp\/v2\/media\/37826"}],"wp:attachment":[{"href":"https:\/\/cascinasancassiano.com\/fr\/wp-json\/wp\/v2\/media?parent=24107"}],"wp:term":[{"taxonomy":"product_brand","embeddable":true,"href":"https:\/\/cascinasancassiano.com\/fr\/wp-json\/wp\/v2\/product_brand?post=24107"},{"taxonomy":"product_cat","embeddable":true,"href":"https:\/\/cascinasancassiano.com\/fr\/wp-json\/wp\/v2\/product_cat?post=24107"},{"taxonomy":"product_tag","embeddable":true,"href":"https:\/\/cascinasancassiano.com\/fr\/wp-json\/wp\/v2\/product_tag?post=24107"}],"curies":[{"name":"wp","href":"https:\/\/api.w.org\/{rel}","templated":true}]}}