{"id":24104,"date":"2025-05-23T15:27:40","date_gmt":"2025-05-23T13:27:40","guid":{"rendered":"https:\/\/cascinasancassiano.com\/?post_type=product&#038;p=24104"},"modified":"2025-07-23T14:01:14","modified_gmt":"2025-07-23T12:01:14","slug":"smoothie-proteine-au-mangue-et-fruit-de-la-passion","status":"publish","type":"product","link":"https:\/\/cascinasancassiano.com\/fr\/prodotto\/smoothie-proteine-au-mangue-et-fruit-de-la-passion\/","title":{"rendered":"Smoothie prot\u00e9in\u00e9 au mangue et fruit de la passion"},"content":{"rendered":"<p>Smoothie prot\u00e9in\u00e9 \u00e0 base de mangue, fruit de la passion, mo\u00fbt de raisin et enrichi en prot\u00e9ines v\u00e9g\u00e9tales de tournesol \u2013 sans lait. Ce smoothie, tr\u00e8s aromatique au go\u00fbt intense et aux notes exotiques, est pauvre en calories et facile \u00e0 dig\u00e9rer. Il est parfait en encas, apr\u00e8s l\u2019entra\u00eenement, au petit-d\u00e9jeuner, ou comme repas nomade lors de vos randonn\u00e9es.<\/p>\n","protected":false},"excerpt":{"rendered":"<p>Smoothie prot\u00e9in\u00e9 \u00e0 base de mangue, fruit de la passion, [&hellip;]<\/p>\n","protected":false},"featured_media":37811,"template":"","meta":{"_acf_changed":false},"product_brand":[],"product_cat":[312,418,513],"product_tag":[],"class_list":{"0":"post-24104","1":"product","2":"type-product","3":"status-publish","4":"has-post-thumbnail","6":"product_cat-proteici","7":"product_cat-frullati","8":"product_cat-ricette-funzionali","9":"pa_novita-novita","11":"first","12":"instock","13":"taxable","14":"shipping-taxable","15":"purchasable","16":"product-type-simple"},"acf":[],"yoast_head":"<!-- This site is optimized with the Yoast SEO plugin v27.4 - https:\/\/yoast.com\/product\/yoast-seo-wordpress\/ -->\n<title>Smoothie prot\u00e9in\u00e9 au mangue et fruit de la passion - Cascina San Cassiano<\/title>\n<meta name=\"description\" content=\"Les nouveaux smoothies prot\u00e9in\u00e9s sont savoureux, nutritifs et l\u00e9gers. Parfaits pour les sportifs, comme encas post-entra\u00eenement ou pour un petit-d\u00e9jeuner rapide. Ce smoothie \u00e0 la mangue et au fruit de la passion est tr\u00e8s aromatique et procure un excellent regain d\u2019\u00e9nergie\" \/>\n<meta name=\"robots\" content=\"index, follow, max-snippet:-1, max-image-preview:large, max-video-preview:-1\" \/>\n<link rel=\"canonical\" href=\"https:\/\/cascinasancassiano.com\/fr\/prodotto\/smoothie-proteine-au-mangue-et-fruit-de-la-passion\/\" \/>\n<meta property=\"og:locale\" content=\"fr_FR\" \/>\n<meta property=\"og:type\" content=\"article\" \/>\n<meta property=\"og:title\" content=\"Smoothie prot\u00e9in\u00e9 au mangue et fruit de la passion - Cascina San Cassiano\" \/>\n<meta property=\"og:description\" content=\"Les nouveaux smoothies prot\u00e9in\u00e9s sont savoureux, nutritifs et l\u00e9gers. Parfaits pour les sportifs, comme encas post-entra\u00eenement ou pour un petit-d\u00e9jeuner rapide. Ce smoothie \u00e0 la mangue et au fruit de la passion est tr\u00e8s aromatique et procure un excellent regain d\u2019\u00e9nergie\" \/>\n<meta property=\"og:url\" content=\"https:\/\/cascinasancassiano.com\/fr\/prodotto\/smoothie-proteine-au-mangue-et-fruit-de-la-passion\/\" \/>\n<meta property=\"og:site_name\" content=\"Cascina San Cassiano\" \/>\n<meta property=\"article:modified_time\" content=\"2025-07-23T12:01:14+00:00\" \/>\n<meta property=\"og:image\" content=\"https:\/\/cascina.demoengagemint.it\/wp-content\/uploads\/2025\/05\/CSC501_Frullato_mango_passion_fruit_proteico_25.png\" \/>\n\t<meta property=\"og:image:width\" content=\"1000\" \/>\n\t<meta property=\"og:image:height\" content=\"1000\" \/>\n\t<meta property=\"og:image:type\" content=\"image\/png\" \/>\n<meta name=\"twitter:card\" content=\"summary_large_image\" \/>\n<meta name=\"twitter:label1\" content=\"Dur\u00e9e de lecture estim\u00e9e\" \/>\n\t<meta name=\"twitter:data1\" content=\"2 minutes\" \/>\n<script type=\"application\/ld+json\" class=\"yoast-schema-graph\">{\"@context\":\"https:\\\/\\\/schema.org\",\"@graph\":[{\"@type\":\"WebPage\",\"@id\":\"https:\\\/\\\/cascinasancassiano.com\\\/fr\\\/prodotto\\\/smoothie-proteine-au-mangue-et-fruit-de-la-passion\\\/\",\"url\":\"https:\\\/\\\/cascinasancassiano.com\\\/fr\\\/prodotto\\\/smoothie-proteine-au-mangue-et-fruit-de-la-passion\\\/\",\"name\":\"Smoothie prot\u00e9in\u00e9 au mangue et fruit de la passion - Cascina San Cassiano\",\"isPartOf\":{\"@id\":\"https:\\\/\\\/paolos156.sg-host.com\\\/#website\"},\"primaryImageOfPage\":{\"@id\":\"https:\\\/\\\/cascinasancassiano.com\\\/fr\\\/prodotto\\\/smoothie-proteine-au-mangue-et-fruit-de-la-passion\\\/#primaryimage\"},\"image\":{\"@id\":\"https:\\\/\\\/cascinasancassiano.com\\\/fr\\\/prodotto\\\/smoothie-proteine-au-mangue-et-fruit-de-la-passion\\\/#primaryimage\"},\"thumbnailUrl\":\"https:\\\/\\\/cascinasancassiano.com\\\/wp-content\\\/uploads\\\/2025\\\/05\\\/CSC-501-Proteici-Frullato-Mango-ecc-New-26.png\",\"datePublished\":\"2025-05-23T13:27:40+00:00\",\"dateModified\":\"2025-07-23T12:01:14+00:00\",\"description\":\"Les nouveaux smoothies prot\u00e9in\u00e9s sont savoureux, nutritifs et l\u00e9gers. Parfaits pour les sportifs, comme encas post-entra\u00eenement ou pour un petit-d\u00e9jeuner rapide. Ce smoothie \u00e0 la mangue et au fruit de la passion est tr\u00e8s aromatique et procure un excellent regain d\u2019\u00e9nergie\",\"breadcrumb\":{\"@id\":\"https:\\\/\\\/cascinasancassiano.com\\\/fr\\\/prodotto\\\/smoothie-proteine-au-mangue-et-fruit-de-la-passion\\\/#breadcrumb\"},\"inLanguage\":\"fr-FR\",\"potentialAction\":[{\"@type\":\"ReadAction\",\"target\":[\"https:\\\/\\\/cascinasancassiano.com\\\/fr\\\/prodotto\\\/smoothie-proteine-au-mangue-et-fruit-de-la-passion\\\/\"]}]},{\"@type\":\"ImageObject\",\"inLanguage\":\"fr-FR\",\"@id\":\"https:\\\/\\\/cascinasancassiano.com\\\/fr\\\/prodotto\\\/smoothie-proteine-au-mangue-et-fruit-de-la-passion\\\/#primaryimage\",\"url\":\"https:\\\/\\\/cascinasancassiano.com\\\/wp-content\\\/uploads\\\/2025\\\/05\\\/CSC-501-Proteici-Frullato-Mango-ecc-New-26.png\",\"contentUrl\":\"https:\\\/\\\/cascinasancassiano.com\\\/wp-content\\\/uploads\\\/2025\\\/05\\\/CSC-501-Proteici-Frullato-Mango-ecc-New-26.png\",\"width\":1000,\"height\":1000,\"caption\":\"Proteici Frullato Mango e Passion Fruit\"},{\"@type\":\"BreadcrumbList\",\"@id\":\"https:\\\/\\\/cascinasancassiano.com\\\/fr\\\/prodotto\\\/smoothie-proteine-au-mangue-et-fruit-de-la-passion\\\/#breadcrumb\",\"itemListElement\":[{\"@type\":\"ListItem\",\"position\":1,\"name\":\"Produits\",\"item\":\"https:\\\/\\\/cascinasancassiano.com\\\/fr\\\/shop\\\/\"},{\"@type\":\"ListItem\",\"position\":2,\"name\":\"Smoothie prot\u00e9in\u00e9 au mangue et fruit de la passion\"}]},{\"@type\":\"WebSite\",\"@id\":\"https:\\\/\\\/paolos156.sg-host.com\\\/#website\",\"url\":\"https:\\\/\\\/paolos156.sg-host.com\\\/\",\"name\":\"Cascina San Cassiano\",\"description\":\"Gusta, credi, ama.\",\"publisher\":{\"@id\":\"https:\\\/\\\/paolos156.sg-host.com\\\/#organization\"},\"potentialAction\":[{\"@type\":\"SearchAction\",\"target\":{\"@type\":\"EntryPoint\",\"urlTemplate\":\"https:\\\/\\\/paolos156.sg-host.com\\\/?s={search_term_string}\"},\"query-input\":{\"@type\":\"PropertyValueSpecification\",\"valueRequired\":true,\"valueName\":\"search_term_string\"}}],\"inLanguage\":\"fr-FR\"},{\"@type\":\"Organization\",\"@id\":\"https:\\\/\\\/paolos156.sg-host.com\\\/#organization\",\"name\":\"Cascina San Cassiano\",\"url\":\"https:\\\/\\\/paolos156.sg-host.com\\\/\",\"logo\":{\"@type\":\"ImageObject\",\"inLanguage\":\"fr-FR\",\"@id\":\"https:\\\/\\\/paolos156.sg-host.com\\\/#\\\/schema\\\/logo\\\/image\\\/\",\"url\":\"https:\\\/\\\/cascinasancassiano.com\\\/wp-content\\\/uploads\\\/2021\\\/09\\\/cascina-san-cassiano-logo.png\",\"contentUrl\":\"https:\\\/\\\/cascinasancassiano.com\\\/wp-content\\\/uploads\\\/2021\\\/09\\\/cascina-san-cassiano-logo.png\",\"width\":700,\"height\":700,\"caption\":\"Cascina San Cassiano\"},\"image\":{\"@id\":\"https:\\\/\\\/paolos156.sg-host.com\\\/#\\\/schema\\\/logo\\\/image\\\/\"}}]}<\/script>\n<!-- \/ Yoast SEO plugin. -->","yoast_head_json":{"title":"Smoothie prot\u00e9in\u00e9 au mangue et fruit de la passion - Cascina San Cassiano","description":"Les nouveaux smoothies prot\u00e9in\u00e9s sont savoureux, nutritifs et l\u00e9gers. Parfaits pour les sportifs, comme encas post-entra\u00eenement ou pour un petit-d\u00e9jeuner rapide. Ce smoothie \u00e0 la mangue et au fruit de la passion est tr\u00e8s aromatique et procure un excellent regain d\u2019\u00e9nergie","robots":{"index":"index","follow":"follow","max-snippet":"max-snippet:-1","max-image-preview":"max-image-preview:large","max-video-preview":"max-video-preview:-1"},"canonical":"https:\/\/cascinasancassiano.com\/fr\/prodotto\/smoothie-proteine-au-mangue-et-fruit-de-la-passion\/","og_locale":"fr_FR","og_type":"article","og_title":"Smoothie prot\u00e9in\u00e9 au mangue et fruit de la passion - Cascina San Cassiano","og_description":"Les nouveaux smoothies prot\u00e9in\u00e9s sont savoureux, nutritifs et l\u00e9gers. Parfaits pour les sportifs, comme encas post-entra\u00eenement ou pour un petit-d\u00e9jeuner rapide. Ce smoothie \u00e0 la mangue et au fruit de la passion est tr\u00e8s aromatique et procure un excellent regain d\u2019\u00e9nergie","og_url":"https:\/\/cascinasancassiano.com\/fr\/prodotto\/smoothie-proteine-au-mangue-et-fruit-de-la-passion\/","og_site_name":"Cascina San Cassiano","article_modified_time":"2025-07-23T12:01:14+00:00","og_image":[{"width":1000,"height":1000,"url":"https:\/\/cascina.demoengagemint.it\/wp-content\/uploads\/2025\/05\/CSC501_Frullato_mango_passion_fruit_proteico_25.png","type":"image\/png"}],"twitter_card":"summary_large_image","twitter_misc":{"Dur\u00e9e de lecture estim\u00e9e":"2 minutes"},"schema":{"@context":"https:\/\/schema.org","@graph":[{"@type":"WebPage","@id":"https:\/\/cascinasancassiano.com\/fr\/prodotto\/smoothie-proteine-au-mangue-et-fruit-de-la-passion\/","url":"https:\/\/cascinasancassiano.com\/fr\/prodotto\/smoothie-proteine-au-mangue-et-fruit-de-la-passion\/","name":"Smoothie prot\u00e9in\u00e9 au mangue et fruit de la passion - Cascina San Cassiano","isPartOf":{"@id":"https:\/\/paolos156.sg-host.com\/#website"},"primaryImageOfPage":{"@id":"https:\/\/cascinasancassiano.com\/fr\/prodotto\/smoothie-proteine-au-mangue-et-fruit-de-la-passion\/#primaryimage"},"image":{"@id":"https:\/\/cascinasancassiano.com\/fr\/prodotto\/smoothie-proteine-au-mangue-et-fruit-de-la-passion\/#primaryimage"},"thumbnailUrl":"https:\/\/cascinasancassiano.com\/wp-content\/uploads\/2025\/05\/CSC-501-Proteici-Frullato-Mango-ecc-New-26.png","datePublished":"2025-05-23T13:27:40+00:00","dateModified":"2025-07-23T12:01:14+00:00","description":"Les nouveaux smoothies prot\u00e9in\u00e9s sont savoureux, nutritifs et l\u00e9gers. Parfaits pour les sportifs, comme encas post-entra\u00eenement ou pour un petit-d\u00e9jeuner rapide. Ce smoothie \u00e0 la mangue et au fruit de la passion est tr\u00e8s aromatique et procure un excellent regain d\u2019\u00e9nergie","breadcrumb":{"@id":"https:\/\/cascinasancassiano.com\/fr\/prodotto\/smoothie-proteine-au-mangue-et-fruit-de-la-passion\/#breadcrumb"},"inLanguage":"fr-FR","potentialAction":[{"@type":"ReadAction","target":["https:\/\/cascinasancassiano.com\/fr\/prodotto\/smoothie-proteine-au-mangue-et-fruit-de-la-passion\/"]}]},{"@type":"ImageObject","inLanguage":"fr-FR","@id":"https:\/\/cascinasancassiano.com\/fr\/prodotto\/smoothie-proteine-au-mangue-et-fruit-de-la-passion\/#primaryimage","url":"https:\/\/cascinasancassiano.com\/wp-content\/uploads\/2025\/05\/CSC-501-Proteici-Frullato-Mango-ecc-New-26.png","contentUrl":"https:\/\/cascinasancassiano.com\/wp-content\/uploads\/2025\/05\/CSC-501-Proteici-Frullato-Mango-ecc-New-26.png","width":1000,"height":1000,"caption":"Proteici Frullato Mango e Passion Fruit"},{"@type":"BreadcrumbList","@id":"https:\/\/cascinasancassiano.com\/fr\/prodotto\/smoothie-proteine-au-mangue-et-fruit-de-la-passion\/#breadcrumb","itemListElement":[{"@type":"ListItem","position":1,"name":"Produits","item":"https:\/\/cascinasancassiano.com\/fr\/shop\/"},{"@type":"ListItem","position":2,"name":"Smoothie prot\u00e9in\u00e9 au mangue et fruit de la passion"}]},{"@type":"WebSite","@id":"https:\/\/paolos156.sg-host.com\/#website","url":"https:\/\/paolos156.sg-host.com\/","name":"Cascina San Cassiano","description":"Gusta, credi, ama.","publisher":{"@id":"https:\/\/paolos156.sg-host.com\/#organization"},"potentialAction":[{"@type":"SearchAction","target":{"@type":"EntryPoint","urlTemplate":"https:\/\/paolos156.sg-host.com\/?s={search_term_string}"},"query-input":{"@type":"PropertyValueSpecification","valueRequired":true,"valueName":"search_term_string"}}],"inLanguage":"fr-FR"},{"@type":"Organization","@id":"https:\/\/paolos156.sg-host.com\/#organization","name":"Cascina San Cassiano","url":"https:\/\/paolos156.sg-host.com\/","logo":{"@type":"ImageObject","inLanguage":"fr-FR","@id":"https:\/\/paolos156.sg-host.com\/#\/schema\/logo\/image\/","url":"https:\/\/cascinasancassiano.com\/wp-content\/uploads\/2021\/09\/cascina-san-cassiano-logo.png","contentUrl":"https:\/\/cascinasancassiano.com\/wp-content\/uploads\/2021\/09\/cascina-san-cassiano-logo.png","width":700,"height":700,"caption":"Cascina San Cassiano"},"image":{"@id":"https:\/\/paolos156.sg-host.com\/#\/schema\/logo\/image\/"}}]}},"_links":{"self":[{"href":"https:\/\/cascinasancassiano.com\/fr\/wp-json\/wp\/v2\/product\/24104","targetHints":{"allow":["GET"]}}],"collection":[{"href":"https:\/\/cascinasancassiano.com\/fr\/wp-json\/wp\/v2\/product"}],"about":[{"href":"https:\/\/cascinasancassiano.com\/fr\/wp-json\/wp\/v2\/types\/product"}],"version-history":[{"count":0,"href":"https:\/\/cascinasancassiano.com\/fr\/wp-json\/wp\/v2\/product\/24104\/revisions"}],"wp:featuredmedia":[{"embeddable":true,"href":"https:\/\/cascinasancassiano.com\/fr\/wp-json\/wp\/v2\/media\/37811"}],"wp:attachment":[{"href":"https:\/\/cascinasancassiano.com\/fr\/wp-json\/wp\/v2\/media?parent=24104"}],"wp:term":[{"taxonomy":"product_brand","embeddable":true,"href":"https:\/\/cascinasancassiano.com\/fr\/wp-json\/wp\/v2\/product_brand?post=24104"},{"taxonomy":"product_cat","embeddable":true,"href":"https:\/\/cascinasancassiano.com\/fr\/wp-json\/wp\/v2\/product_cat?post=24104"},{"taxonomy":"product_tag","embeddable":true,"href":"https:\/\/cascinasancassiano.com\/fr\/wp-json\/wp\/v2\/product_tag?post=24104"}],"curies":[{"name":"wp","href":"https:\/\/api.w.org\/{rel}","templated":true}]}}