{"id":24101,"date":"2025-05-23T15:18:54","date_gmt":"2025-05-23T13:18:54","guid":{"rendered":"https:\/\/cascinasancassiano.com\/?post_type=product&#038;p=24101"},"modified":"2025-07-23T17:33:49","modified_gmt":"2025-07-23T15:33:49","slug":"smoothie-proteine-aux-fruits-de-bois","status":"publish","type":"product","link":"https:\/\/cascinasancassiano.com\/fr\/prodotto\/smoothie-proteine-aux-fruits-de-bois\/","title":{"rendered":"Smoothie prot\u00e9in\u00e9 aux fruits des bois"},"content":{"rendered":"<p>Un d\u00e9licieux smoothie pr\u00e9par\u00e9 avec des fruits rouges, du mo\u00fbt de raisin et des prot\u00e9ines v\u00e9g\u00e9tales de tournesol. L\u00e9ger et pauvre en calories, il offre un go\u00fbt agr\u00e9able et rafra\u00eechissant sans sensation de lourdeur. Parfait pour les sportifs, id\u00e9al en encas, apr\u00e8s l\u2019entra\u00eenement ou pour un petit-d\u00e9jeuner rapide.<\/p>\n","protected":false},"excerpt":{"rendered":"<p>Un d\u00e9licieux smoothie pr\u00e9par\u00e9 avec des fruits rouges, du mo\u00fbt [&hellip;]<\/p>\n","protected":false},"featured_media":37801,"template":"","meta":{"_acf_changed":false},"product_brand":[],"product_cat":[312,418,513],"product_tag":[],"class_list":{"0":"post-24101","1":"product","2":"type-product","3":"status-publish","4":"has-post-thumbnail","6":"product_cat-proteici","7":"product_cat-frullati","8":"product_cat-ricette-funzionali","9":"pa_novita-novita","11":"first","12":"instock","13":"taxable","14":"shipping-taxable","15":"purchasable","16":"product-type-simple"},"acf":[],"yoast_head":"<!-- This site is optimized with the Yoast SEO plugin v27.4 - https:\/\/yoast.com\/product\/yoast-seo-wordpress\/ -->\n<title>Smoothie prot\u00e9in\u00e9 aux fruits des bois - Cascina San Cassiano<\/title>\n<meta name=\"description\" content=\"Les nouveaux smoothies prot\u00e9in\u00e9s sont savoureux, nutritifs et l\u00e9gers. Parfaits pour les sportifs, comme encas post-entra\u00eenement ou pour un petit-d\u00e9jeuner rapide. Ce smoothie aux fruits rouges est peu calorique et tr\u00e8s rafra\u00eechissant.\" \/>\n<meta name=\"robots\" content=\"index, follow, max-snippet:-1, max-image-preview:large, max-video-preview:-1\" \/>\n<link rel=\"canonical\" href=\"https:\/\/cascinasancassiano.com\/fr\/prodotto\/smoothie-proteine-aux-fruits-de-bois\/\" \/>\n<meta property=\"og:locale\" content=\"fr_FR\" \/>\n<meta property=\"og:type\" content=\"article\" \/>\n<meta property=\"og:title\" content=\"Smoothie prot\u00e9in\u00e9 aux fruits des bois - Cascina San Cassiano\" \/>\n<meta property=\"og:description\" content=\"Les nouveaux smoothies prot\u00e9in\u00e9s sont savoureux, nutritifs et l\u00e9gers. Parfaits pour les sportifs, comme encas post-entra\u00eenement ou pour un petit-d\u00e9jeuner rapide. Ce smoothie aux fruits rouges est peu calorique et tr\u00e8s rafra\u00eechissant.\" \/>\n<meta property=\"og:url\" content=\"https:\/\/cascinasancassiano.com\/fr\/prodotto\/smoothie-proteine-aux-fruits-de-bois\/\" \/>\n<meta property=\"og:site_name\" content=\"Cascina San Cassiano\" \/>\n<meta property=\"article:modified_time\" content=\"2025-07-23T15:33:49+00:00\" \/>\n<meta property=\"og:image\" content=\"https:\/\/cascina.demoengagemint.it\/wp-content\/uploads\/2025\/05\/CSC500_Frullato_frutti_bosco_proteico_25.png\" \/>\n\t<meta property=\"og:image:width\" content=\"1000\" \/>\n\t<meta property=\"og:image:height\" content=\"1000\" \/>\n\t<meta property=\"og:image:type\" content=\"image\/png\" \/>\n<meta name=\"twitter:card\" content=\"summary_large_image\" \/>\n<meta name=\"twitter:label1\" content=\"Dur\u00e9e de lecture estim\u00e9e\" \/>\n\t<meta name=\"twitter:data1\" content=\"2 minutes\" \/>\n<script type=\"application\/ld+json\" class=\"yoast-schema-graph\">{\"@context\":\"https:\\\/\\\/schema.org\",\"@graph\":[{\"@type\":\"WebPage\",\"@id\":\"https:\\\/\\\/cascinasancassiano.com\\\/fr\\\/prodotto\\\/smoothie-proteine-aux-fruits-de-bois\\\/\",\"url\":\"https:\\\/\\\/cascinasancassiano.com\\\/fr\\\/prodotto\\\/smoothie-proteine-aux-fruits-de-bois\\\/\",\"name\":\"Smoothie prot\u00e9in\u00e9 aux fruits des bois - Cascina San Cassiano\",\"isPartOf\":{\"@id\":\"https:\\\/\\\/paolos156.sg-host.com\\\/#website\"},\"primaryImageOfPage\":{\"@id\":\"https:\\\/\\\/cascinasancassiano.com\\\/fr\\\/prodotto\\\/smoothie-proteine-aux-fruits-de-bois\\\/#primaryimage\"},\"image\":{\"@id\":\"https:\\\/\\\/cascinasancassiano.com\\\/fr\\\/prodotto\\\/smoothie-proteine-aux-fruits-de-bois\\\/#primaryimage\"},\"thumbnailUrl\":\"https:\\\/\\\/cascinasancassiano.com\\\/wp-content\\\/uploads\\\/2025\\\/05\\\/CSC500_frullato_frutti_di_bosco_proteico_26.png\",\"datePublished\":\"2025-05-23T13:18:54+00:00\",\"dateModified\":\"2025-07-23T15:33:49+00:00\",\"description\":\"Les nouveaux smoothies prot\u00e9in\u00e9s sont savoureux, nutritifs et l\u00e9gers. Parfaits pour les sportifs, comme encas post-entra\u00eenement ou pour un petit-d\u00e9jeuner rapide. Ce smoothie aux fruits rouges est peu calorique et tr\u00e8s rafra\u00eechissant.\",\"breadcrumb\":{\"@id\":\"https:\\\/\\\/cascinasancassiano.com\\\/fr\\\/prodotto\\\/smoothie-proteine-aux-fruits-de-bois\\\/#breadcrumb\"},\"inLanguage\":\"fr-FR\",\"potentialAction\":[{\"@type\":\"ReadAction\",\"target\":[\"https:\\\/\\\/cascinasancassiano.com\\\/fr\\\/prodotto\\\/smoothie-proteine-aux-fruits-de-bois\\\/\"]}]},{\"@type\":\"ImageObject\",\"inLanguage\":\"fr-FR\",\"@id\":\"https:\\\/\\\/cascinasancassiano.com\\\/fr\\\/prodotto\\\/smoothie-proteine-aux-fruits-de-bois\\\/#primaryimage\",\"url\":\"https:\\\/\\\/cascinasancassiano.com\\\/wp-content\\\/uploads\\\/2025\\\/05\\\/CSC500_frullato_frutti_di_bosco_proteico_26.png\",\"contentUrl\":\"https:\\\/\\\/cascinasancassiano.com\\\/wp-content\\\/uploads\\\/2025\\\/05\\\/CSC500_frullato_frutti_di_bosco_proteico_26.png\",\"width\":1000,\"height\":1000,\"caption\":\"frullato frutti di bosco proteico\"},{\"@type\":\"BreadcrumbList\",\"@id\":\"https:\\\/\\\/cascinasancassiano.com\\\/fr\\\/prodotto\\\/smoothie-proteine-aux-fruits-de-bois\\\/#breadcrumb\",\"itemListElement\":[{\"@type\":\"ListItem\",\"position\":1,\"name\":\"Produits\",\"item\":\"https:\\\/\\\/cascinasancassiano.com\\\/fr\\\/shop\\\/\"},{\"@type\":\"ListItem\",\"position\":2,\"name\":\"Smoothie prot\u00e9in\u00e9 aux fruits des bois\"}]},{\"@type\":\"WebSite\",\"@id\":\"https:\\\/\\\/paolos156.sg-host.com\\\/#website\",\"url\":\"https:\\\/\\\/paolos156.sg-host.com\\\/\",\"name\":\"Cascina San Cassiano\",\"description\":\"Gusta, credi, ama.\",\"publisher\":{\"@id\":\"https:\\\/\\\/paolos156.sg-host.com\\\/#organization\"},\"potentialAction\":[{\"@type\":\"SearchAction\",\"target\":{\"@type\":\"EntryPoint\",\"urlTemplate\":\"https:\\\/\\\/paolos156.sg-host.com\\\/?s={search_term_string}\"},\"query-input\":{\"@type\":\"PropertyValueSpecification\",\"valueRequired\":true,\"valueName\":\"search_term_string\"}}],\"inLanguage\":\"fr-FR\"},{\"@type\":\"Organization\",\"@id\":\"https:\\\/\\\/paolos156.sg-host.com\\\/#organization\",\"name\":\"Cascina San Cassiano\",\"url\":\"https:\\\/\\\/paolos156.sg-host.com\\\/\",\"logo\":{\"@type\":\"ImageObject\",\"inLanguage\":\"fr-FR\",\"@id\":\"https:\\\/\\\/paolos156.sg-host.com\\\/#\\\/schema\\\/logo\\\/image\\\/\",\"url\":\"https:\\\/\\\/cascinasancassiano.com\\\/wp-content\\\/uploads\\\/2021\\\/09\\\/cascina-san-cassiano-logo.png\",\"contentUrl\":\"https:\\\/\\\/cascinasancassiano.com\\\/wp-content\\\/uploads\\\/2021\\\/09\\\/cascina-san-cassiano-logo.png\",\"width\":700,\"height\":700,\"caption\":\"Cascina San Cassiano\"},\"image\":{\"@id\":\"https:\\\/\\\/paolos156.sg-host.com\\\/#\\\/schema\\\/logo\\\/image\\\/\"}}]}<\/script>\n<!-- \/ Yoast SEO plugin. -->","yoast_head_json":{"title":"Smoothie prot\u00e9in\u00e9 aux fruits des bois - Cascina San Cassiano","description":"Les nouveaux smoothies prot\u00e9in\u00e9s sont savoureux, nutritifs et l\u00e9gers. Parfaits pour les sportifs, comme encas post-entra\u00eenement ou pour un petit-d\u00e9jeuner rapide. Ce smoothie aux fruits rouges est peu calorique et tr\u00e8s rafra\u00eechissant.","robots":{"index":"index","follow":"follow","max-snippet":"max-snippet:-1","max-image-preview":"max-image-preview:large","max-video-preview":"max-video-preview:-1"},"canonical":"https:\/\/cascinasancassiano.com\/fr\/prodotto\/smoothie-proteine-aux-fruits-de-bois\/","og_locale":"fr_FR","og_type":"article","og_title":"Smoothie prot\u00e9in\u00e9 aux fruits des bois - Cascina San Cassiano","og_description":"Les nouveaux smoothies prot\u00e9in\u00e9s sont savoureux, nutritifs et l\u00e9gers. Parfaits pour les sportifs, comme encas post-entra\u00eenement ou pour un petit-d\u00e9jeuner rapide. Ce smoothie aux fruits rouges est peu calorique et tr\u00e8s rafra\u00eechissant.","og_url":"https:\/\/cascinasancassiano.com\/fr\/prodotto\/smoothie-proteine-aux-fruits-de-bois\/","og_site_name":"Cascina San Cassiano","article_modified_time":"2025-07-23T15:33:49+00:00","og_image":[{"width":1000,"height":1000,"url":"https:\/\/cascina.demoengagemint.it\/wp-content\/uploads\/2025\/05\/CSC500_Frullato_frutti_bosco_proteico_25.png","type":"image\/png"}],"twitter_card":"summary_large_image","twitter_misc":{"Dur\u00e9e de lecture estim\u00e9e":"2 minutes"},"schema":{"@context":"https:\/\/schema.org","@graph":[{"@type":"WebPage","@id":"https:\/\/cascinasancassiano.com\/fr\/prodotto\/smoothie-proteine-aux-fruits-de-bois\/","url":"https:\/\/cascinasancassiano.com\/fr\/prodotto\/smoothie-proteine-aux-fruits-de-bois\/","name":"Smoothie prot\u00e9in\u00e9 aux fruits des bois - Cascina San Cassiano","isPartOf":{"@id":"https:\/\/paolos156.sg-host.com\/#website"},"primaryImageOfPage":{"@id":"https:\/\/cascinasancassiano.com\/fr\/prodotto\/smoothie-proteine-aux-fruits-de-bois\/#primaryimage"},"image":{"@id":"https:\/\/cascinasancassiano.com\/fr\/prodotto\/smoothie-proteine-aux-fruits-de-bois\/#primaryimage"},"thumbnailUrl":"https:\/\/cascinasancassiano.com\/wp-content\/uploads\/2025\/05\/CSC500_frullato_frutti_di_bosco_proteico_26.png","datePublished":"2025-05-23T13:18:54+00:00","dateModified":"2025-07-23T15:33:49+00:00","description":"Les nouveaux smoothies prot\u00e9in\u00e9s sont savoureux, nutritifs et l\u00e9gers. Parfaits pour les sportifs, comme encas post-entra\u00eenement ou pour un petit-d\u00e9jeuner rapide. Ce smoothie aux fruits rouges est peu calorique et tr\u00e8s rafra\u00eechissant.","breadcrumb":{"@id":"https:\/\/cascinasancassiano.com\/fr\/prodotto\/smoothie-proteine-aux-fruits-de-bois\/#breadcrumb"},"inLanguage":"fr-FR","potentialAction":[{"@type":"ReadAction","target":["https:\/\/cascinasancassiano.com\/fr\/prodotto\/smoothie-proteine-aux-fruits-de-bois\/"]}]},{"@type":"ImageObject","inLanguage":"fr-FR","@id":"https:\/\/cascinasancassiano.com\/fr\/prodotto\/smoothie-proteine-aux-fruits-de-bois\/#primaryimage","url":"https:\/\/cascinasancassiano.com\/wp-content\/uploads\/2025\/05\/CSC500_frullato_frutti_di_bosco_proteico_26.png","contentUrl":"https:\/\/cascinasancassiano.com\/wp-content\/uploads\/2025\/05\/CSC500_frullato_frutti_di_bosco_proteico_26.png","width":1000,"height":1000,"caption":"frullato frutti di bosco proteico"},{"@type":"BreadcrumbList","@id":"https:\/\/cascinasancassiano.com\/fr\/prodotto\/smoothie-proteine-aux-fruits-de-bois\/#breadcrumb","itemListElement":[{"@type":"ListItem","position":1,"name":"Produits","item":"https:\/\/cascinasancassiano.com\/fr\/shop\/"},{"@type":"ListItem","position":2,"name":"Smoothie prot\u00e9in\u00e9 aux fruits des bois"}]},{"@type":"WebSite","@id":"https:\/\/paolos156.sg-host.com\/#website","url":"https:\/\/paolos156.sg-host.com\/","name":"Cascina San Cassiano","description":"Gusta, credi, ama.","publisher":{"@id":"https:\/\/paolos156.sg-host.com\/#organization"},"potentialAction":[{"@type":"SearchAction","target":{"@type":"EntryPoint","urlTemplate":"https:\/\/paolos156.sg-host.com\/?s={search_term_string}"},"query-input":{"@type":"PropertyValueSpecification","valueRequired":true,"valueName":"search_term_string"}}],"inLanguage":"fr-FR"},{"@type":"Organization","@id":"https:\/\/paolos156.sg-host.com\/#organization","name":"Cascina San Cassiano","url":"https:\/\/paolos156.sg-host.com\/","logo":{"@type":"ImageObject","inLanguage":"fr-FR","@id":"https:\/\/paolos156.sg-host.com\/#\/schema\/logo\/image\/","url":"https:\/\/cascinasancassiano.com\/wp-content\/uploads\/2021\/09\/cascina-san-cassiano-logo.png","contentUrl":"https:\/\/cascinasancassiano.com\/wp-content\/uploads\/2021\/09\/cascina-san-cassiano-logo.png","width":700,"height":700,"caption":"Cascina San Cassiano"},"image":{"@id":"https:\/\/paolos156.sg-host.com\/#\/schema\/logo\/image\/"}}]}},"_links":{"self":[{"href":"https:\/\/cascinasancassiano.com\/fr\/wp-json\/wp\/v2\/product\/24101","targetHints":{"allow":["GET"]}}],"collection":[{"href":"https:\/\/cascinasancassiano.com\/fr\/wp-json\/wp\/v2\/product"}],"about":[{"href":"https:\/\/cascinasancassiano.com\/fr\/wp-json\/wp\/v2\/types\/product"}],"version-history":[{"count":0,"href":"https:\/\/cascinasancassiano.com\/fr\/wp-json\/wp\/v2\/product\/24101\/revisions"}],"wp:featuredmedia":[{"embeddable":true,"href":"https:\/\/cascinasancassiano.com\/fr\/wp-json\/wp\/v2\/media\/37801"}],"wp:attachment":[{"href":"https:\/\/cascinasancassiano.com\/fr\/wp-json\/wp\/v2\/media?parent=24101"}],"wp:term":[{"taxonomy":"product_brand","embeddable":true,"href":"https:\/\/cascinasancassiano.com\/fr\/wp-json\/wp\/v2\/product_brand?post=24101"},{"taxonomy":"product_cat","embeddable":true,"href":"https:\/\/cascinasancassiano.com\/fr\/wp-json\/wp\/v2\/product_cat?post=24101"},{"taxonomy":"product_tag","embeddable":true,"href":"https:\/\/cascinasancassiano.com\/fr\/wp-json\/wp\/v2\/product_tag?post=24101"}],"curies":[{"name":"wp","href":"https:\/\/api.w.org\/{rel}","templated":true}]}}