{"id":24096,"date":"2025-05-22T18:25:59","date_gmt":"2025-05-22T16:25:59","guid":{"rendered":"https:\/\/cascinasancassiano.com\/?post_type=product&#038;p=24096"},"modified":"2025-05-29T12:23:53","modified_gmt":"2025-05-29T10:23:53","slug":"caesar-dressing-proteinee","status":"publish","type":"product","link":"https:\/\/cascinasancassiano.com\/fr\/prodotto\/caesar-dressing-proteinee\/","title":{"rendered":"Caesar dressing prot\u00e9in\u00e9e"},"content":{"rendered":"<p>Sauce riche en prot\u00e9ines, pr\u00e9par\u00e9e avec du vinaigre de vin, du yaourt et enrichie en collag\u00e8ne. Go\u00fbt agr\u00e9able et texture \u00e9quilibr\u00e9e, parfaite pour les sportifs et ceux qui suivent un r\u00e9gime sp\u00e9cifique. Excellente pour les salades \u00e0 feuilles, les l\u00e9gumes et les viandes blanches.<\/p>\n","protected":false},"excerpt":{"rendered":"<p>Sauce riche en prot\u00e9ines, pr\u00e9par\u00e9e avec du vinaigre de vin, [&hellip;]<\/p>\n","protected":false},"featured_media":37775,"template":"","meta":{"_acf_changed":false},"product_brand":[],"product_cat":[312,320,513],"product_tag":[],"class_list":{"0":"post-24096","1":"product","2":"type-product","3":"status-publish","4":"has-post-thumbnail","6":"product_cat-proteici","7":"product_cat-condimenti-proteici","8":"product_cat-ricette-funzionali","9":"pa_novita-novita","11":"first","12":"instock","13":"taxable","14":"shipping-taxable","15":"purchasable","16":"product-type-simple"},"acf":[],"yoast_head":"<!-- This site is optimized with the Yoast SEO plugin v27.4 - https:\/\/yoast.com\/product\/yoast-seo-wordpress\/ -->\n<title>Caesar dressing prot\u00e9in\u00e9e - Cascina San Cassiano<\/title>\n<meta name=\"description\" content=\"Une sauce hyperprot\u00e9in\u00e9e \u00e0 base de yaourt et de vinaigre de vin, parfaite pour agr\u00e9menter les salades vertes, avec poulet et cro\u00fbtons. Parfaite pour les modes de vie actifs.\" \/>\n<meta name=\"robots\" content=\"index, follow, max-snippet:-1, max-image-preview:large, max-video-preview:-1\" \/>\n<link rel=\"canonical\" href=\"https:\/\/cascinasancassiano.com\/fr\/prodotto\/caesar-dressing-proteinee\/\" \/>\n<meta property=\"og:locale\" content=\"fr_FR\" \/>\n<meta property=\"og:type\" content=\"article\" \/>\n<meta property=\"og:title\" content=\"Caesar dressing prot\u00e9in\u00e9e - Cascina San Cassiano\" \/>\n<meta property=\"og:description\" content=\"Une sauce hyperprot\u00e9in\u00e9e \u00e0 base de yaourt et de vinaigre de vin, parfaite pour agr\u00e9menter les salades vertes, avec poulet et cro\u00fbtons. Parfaite pour les modes de vie actifs.\" \/>\n<meta property=\"og:url\" content=\"https:\/\/cascinasancassiano.com\/fr\/prodotto\/caesar-dressing-proteinee\/\" \/>\n<meta property=\"og:site_name\" content=\"Cascina San Cassiano\" \/>\n<meta property=\"article:modified_time\" content=\"2025-05-29T10:23:53+00:00\" \/>\n<meta property=\"og:image\" content=\"https:\/\/cascina.demoengagemint.it\/wp-content\/uploads\/2025\/05\/CSC115_Cesar_dressing_proteica_25.png\" \/>\n\t<meta property=\"og:image:width\" content=\"1000\" \/>\n\t<meta property=\"og:image:height\" content=\"1000\" \/>\n\t<meta property=\"og:image:type\" content=\"image\/png\" \/>\n<meta name=\"twitter:card\" content=\"summary_large_image\" \/>\n<meta name=\"twitter:label1\" content=\"Dur\u00e9e de lecture estim\u00e9e\" \/>\n\t<meta name=\"twitter:data1\" content=\"2 minutes\" \/>\n<script type=\"application\/ld+json\" class=\"yoast-schema-graph\">{\"@context\":\"https:\\\/\\\/schema.org\",\"@graph\":[{\"@type\":\"WebPage\",\"@id\":\"https:\\\/\\\/cascinasancassiano.com\\\/fr\\\/prodotto\\\/caesar-dressing-proteinee\\\/\",\"url\":\"https:\\\/\\\/cascinasancassiano.com\\\/fr\\\/prodotto\\\/caesar-dressing-proteinee\\\/\",\"name\":\"Caesar dressing prot\u00e9in\u00e9e - Cascina San Cassiano\",\"isPartOf\":{\"@id\":\"https:\\\/\\\/paolos156.sg-host.com\\\/#website\"},\"primaryImageOfPage\":{\"@id\":\"https:\\\/\\\/cascinasancassiano.com\\\/fr\\\/prodotto\\\/caesar-dressing-proteinee\\\/#primaryimage\"},\"image\":{\"@id\":\"https:\\\/\\\/cascinasancassiano.com\\\/fr\\\/prodotto\\\/caesar-dressing-proteinee\\\/#primaryimage\"},\"thumbnailUrl\":\"https:\\\/\\\/cascinasancassiano.com\\\/wp-content\\\/uploads\\\/2025\\\/05\\\/CSC-115-Proteici-Cesar-Dressing-New-26.png\",\"datePublished\":\"2025-05-22T16:25:59+00:00\",\"dateModified\":\"2025-05-29T10:23:53+00:00\",\"description\":\"Une sauce hyperprot\u00e9in\u00e9e \u00e0 base de yaourt et de vinaigre de vin, parfaite pour agr\u00e9menter les salades vertes, avec poulet et cro\u00fbtons. Parfaite pour les modes de vie actifs.\",\"breadcrumb\":{\"@id\":\"https:\\\/\\\/cascinasancassiano.com\\\/fr\\\/prodotto\\\/caesar-dressing-proteinee\\\/#breadcrumb\"},\"inLanguage\":\"fr-FR\",\"potentialAction\":[{\"@type\":\"ReadAction\",\"target\":[\"https:\\\/\\\/cascinasancassiano.com\\\/fr\\\/prodotto\\\/caesar-dressing-proteinee\\\/\"]}]},{\"@type\":\"ImageObject\",\"inLanguage\":\"fr-FR\",\"@id\":\"https:\\\/\\\/cascinasancassiano.com\\\/fr\\\/prodotto\\\/caesar-dressing-proteinee\\\/#primaryimage\",\"url\":\"https:\\\/\\\/cascinasancassiano.com\\\/wp-content\\\/uploads\\\/2025\\\/05\\\/CSC-115-Proteici-Cesar-Dressing-New-26.png\",\"contentUrl\":\"https:\\\/\\\/cascinasancassiano.com\\\/wp-content\\\/uploads\\\/2025\\\/05\\\/CSC-115-Proteici-Cesar-Dressing-New-26.png\",\"width\":1000,\"height\":1000,\"caption\":\"Proteici Cesar Dressing\"},{\"@type\":\"BreadcrumbList\",\"@id\":\"https:\\\/\\\/cascinasancassiano.com\\\/fr\\\/prodotto\\\/caesar-dressing-proteinee\\\/#breadcrumb\",\"itemListElement\":[{\"@type\":\"ListItem\",\"position\":1,\"name\":\"Produits\",\"item\":\"https:\\\/\\\/cascinasancassiano.com\\\/fr\\\/shop\\\/\"},{\"@type\":\"ListItem\",\"position\":2,\"name\":\"Caesar dressing prot\u00e9in\u00e9e\"}]},{\"@type\":\"WebSite\",\"@id\":\"https:\\\/\\\/paolos156.sg-host.com\\\/#website\",\"url\":\"https:\\\/\\\/paolos156.sg-host.com\\\/\",\"name\":\"Cascina San Cassiano\",\"description\":\"Gusta, credi, ama.\",\"publisher\":{\"@id\":\"https:\\\/\\\/paolos156.sg-host.com\\\/#organization\"},\"potentialAction\":[{\"@type\":\"SearchAction\",\"target\":{\"@type\":\"EntryPoint\",\"urlTemplate\":\"https:\\\/\\\/paolos156.sg-host.com\\\/?s={search_term_string}\"},\"query-input\":{\"@type\":\"PropertyValueSpecification\",\"valueRequired\":true,\"valueName\":\"search_term_string\"}}],\"inLanguage\":\"fr-FR\"},{\"@type\":\"Organization\",\"@id\":\"https:\\\/\\\/paolos156.sg-host.com\\\/#organization\",\"name\":\"Cascina San Cassiano\",\"url\":\"https:\\\/\\\/paolos156.sg-host.com\\\/\",\"logo\":{\"@type\":\"ImageObject\",\"inLanguage\":\"fr-FR\",\"@id\":\"https:\\\/\\\/paolos156.sg-host.com\\\/#\\\/schema\\\/logo\\\/image\\\/\",\"url\":\"https:\\\/\\\/cascinasancassiano.com\\\/wp-content\\\/uploads\\\/2021\\\/09\\\/cascina-san-cassiano-logo.png\",\"contentUrl\":\"https:\\\/\\\/cascinasancassiano.com\\\/wp-content\\\/uploads\\\/2021\\\/09\\\/cascina-san-cassiano-logo.png\",\"width\":700,\"height\":700,\"caption\":\"Cascina San Cassiano\"},\"image\":{\"@id\":\"https:\\\/\\\/paolos156.sg-host.com\\\/#\\\/schema\\\/logo\\\/image\\\/\"}}]}<\/script>\n<!-- \/ Yoast SEO plugin. -->","yoast_head_json":{"title":"Caesar dressing prot\u00e9in\u00e9e - Cascina San Cassiano","description":"Une sauce hyperprot\u00e9in\u00e9e \u00e0 base de yaourt et de vinaigre de vin, parfaite pour agr\u00e9menter les salades vertes, avec poulet et cro\u00fbtons. Parfaite pour les modes de vie actifs.","robots":{"index":"index","follow":"follow","max-snippet":"max-snippet:-1","max-image-preview":"max-image-preview:large","max-video-preview":"max-video-preview:-1"},"canonical":"https:\/\/cascinasancassiano.com\/fr\/prodotto\/caesar-dressing-proteinee\/","og_locale":"fr_FR","og_type":"article","og_title":"Caesar dressing prot\u00e9in\u00e9e - Cascina San Cassiano","og_description":"Une sauce hyperprot\u00e9in\u00e9e \u00e0 base de yaourt et de vinaigre de vin, parfaite pour agr\u00e9menter les salades vertes, avec poulet et cro\u00fbtons. Parfaite pour les modes de vie actifs.","og_url":"https:\/\/cascinasancassiano.com\/fr\/prodotto\/caesar-dressing-proteinee\/","og_site_name":"Cascina San Cassiano","article_modified_time":"2025-05-29T10:23:53+00:00","og_image":[{"width":1000,"height":1000,"url":"https:\/\/cascina.demoengagemint.it\/wp-content\/uploads\/2025\/05\/CSC115_Cesar_dressing_proteica_25.png","type":"image\/png"}],"twitter_card":"summary_large_image","twitter_misc":{"Dur\u00e9e de lecture estim\u00e9e":"2 minutes"},"schema":{"@context":"https:\/\/schema.org","@graph":[{"@type":"WebPage","@id":"https:\/\/cascinasancassiano.com\/fr\/prodotto\/caesar-dressing-proteinee\/","url":"https:\/\/cascinasancassiano.com\/fr\/prodotto\/caesar-dressing-proteinee\/","name":"Caesar dressing prot\u00e9in\u00e9e - Cascina San Cassiano","isPartOf":{"@id":"https:\/\/paolos156.sg-host.com\/#website"},"primaryImageOfPage":{"@id":"https:\/\/cascinasancassiano.com\/fr\/prodotto\/caesar-dressing-proteinee\/#primaryimage"},"image":{"@id":"https:\/\/cascinasancassiano.com\/fr\/prodotto\/caesar-dressing-proteinee\/#primaryimage"},"thumbnailUrl":"https:\/\/cascinasancassiano.com\/wp-content\/uploads\/2025\/05\/CSC-115-Proteici-Cesar-Dressing-New-26.png","datePublished":"2025-05-22T16:25:59+00:00","dateModified":"2025-05-29T10:23:53+00:00","description":"Une sauce hyperprot\u00e9in\u00e9e \u00e0 base de yaourt et de vinaigre de vin, parfaite pour agr\u00e9menter les salades vertes, avec poulet et cro\u00fbtons. Parfaite pour les modes de vie actifs.","breadcrumb":{"@id":"https:\/\/cascinasancassiano.com\/fr\/prodotto\/caesar-dressing-proteinee\/#breadcrumb"},"inLanguage":"fr-FR","potentialAction":[{"@type":"ReadAction","target":["https:\/\/cascinasancassiano.com\/fr\/prodotto\/caesar-dressing-proteinee\/"]}]},{"@type":"ImageObject","inLanguage":"fr-FR","@id":"https:\/\/cascinasancassiano.com\/fr\/prodotto\/caesar-dressing-proteinee\/#primaryimage","url":"https:\/\/cascinasancassiano.com\/wp-content\/uploads\/2025\/05\/CSC-115-Proteici-Cesar-Dressing-New-26.png","contentUrl":"https:\/\/cascinasancassiano.com\/wp-content\/uploads\/2025\/05\/CSC-115-Proteici-Cesar-Dressing-New-26.png","width":1000,"height":1000,"caption":"Proteici Cesar Dressing"},{"@type":"BreadcrumbList","@id":"https:\/\/cascinasancassiano.com\/fr\/prodotto\/caesar-dressing-proteinee\/#breadcrumb","itemListElement":[{"@type":"ListItem","position":1,"name":"Produits","item":"https:\/\/cascinasancassiano.com\/fr\/shop\/"},{"@type":"ListItem","position":2,"name":"Caesar dressing prot\u00e9in\u00e9e"}]},{"@type":"WebSite","@id":"https:\/\/paolos156.sg-host.com\/#website","url":"https:\/\/paolos156.sg-host.com\/","name":"Cascina San Cassiano","description":"Gusta, credi, ama.","publisher":{"@id":"https:\/\/paolos156.sg-host.com\/#organization"},"potentialAction":[{"@type":"SearchAction","target":{"@type":"EntryPoint","urlTemplate":"https:\/\/paolos156.sg-host.com\/?s={search_term_string}"},"query-input":{"@type":"PropertyValueSpecification","valueRequired":true,"valueName":"search_term_string"}}],"inLanguage":"fr-FR"},{"@type":"Organization","@id":"https:\/\/paolos156.sg-host.com\/#organization","name":"Cascina San Cassiano","url":"https:\/\/paolos156.sg-host.com\/","logo":{"@type":"ImageObject","inLanguage":"fr-FR","@id":"https:\/\/paolos156.sg-host.com\/#\/schema\/logo\/image\/","url":"https:\/\/cascinasancassiano.com\/wp-content\/uploads\/2021\/09\/cascina-san-cassiano-logo.png","contentUrl":"https:\/\/cascinasancassiano.com\/wp-content\/uploads\/2021\/09\/cascina-san-cassiano-logo.png","width":700,"height":700,"caption":"Cascina San Cassiano"},"image":{"@id":"https:\/\/paolos156.sg-host.com\/#\/schema\/logo\/image\/"}}]}},"_links":{"self":[{"href":"https:\/\/cascinasancassiano.com\/fr\/wp-json\/wp\/v2\/product\/24096","targetHints":{"allow":["GET"]}}],"collection":[{"href":"https:\/\/cascinasancassiano.com\/fr\/wp-json\/wp\/v2\/product"}],"about":[{"href":"https:\/\/cascinasancassiano.com\/fr\/wp-json\/wp\/v2\/types\/product"}],"version-history":[{"count":0,"href":"https:\/\/cascinasancassiano.com\/fr\/wp-json\/wp\/v2\/product\/24096\/revisions"}],"wp:featuredmedia":[{"embeddable":true,"href":"https:\/\/cascinasancassiano.com\/fr\/wp-json\/wp\/v2\/media\/37775"}],"wp:attachment":[{"href":"https:\/\/cascinasancassiano.com\/fr\/wp-json\/wp\/v2\/media?parent=24096"}],"wp:term":[{"taxonomy":"product_brand","embeddable":true,"href":"https:\/\/cascinasancassiano.com\/fr\/wp-json\/wp\/v2\/product_brand?post=24096"},{"taxonomy":"product_cat","embeddable":true,"href":"https:\/\/cascinasancassiano.com\/fr\/wp-json\/wp\/v2\/product_cat?post=24096"},{"taxonomy":"product_tag","embeddable":true,"href":"https:\/\/cascinasancassiano.com\/fr\/wp-json\/wp\/v2\/product_tag?post=24096"}],"curies":[{"name":"wp","href":"https:\/\/api.w.org\/{rel}","templated":true}]}}