{"id":24036,"date":"2025-05-22T09:10:24","date_gmt":"2025-05-22T07:10:24","guid":{"rendered":"https:\/\/cascinasancassiano.com\/?post_type=product&#038;p=24036"},"modified":"2026-02-05T14:39:16","modified_gmt":"2026-02-05T13:39:16","slug":"sugo-alla-vodka","status":"publish","type":"product","link":"https:\/\/cascinasancassiano.com\/fr\/prodotto\/sugo-alla-vodka\/","title":{"rendered":"Sauce cr\u00e9meuse de tomate \u00e0 la Vodka"},"content":{"rendered":"<p>Une sauce velout\u00e9e \u00e0 base de tomates 100 % italiennes, mascarpone, basilic et vodka de qualit\u00e9. Une saveur d\u00e9licate et \u00e9quilibr\u00e9e, o\u00f9 la vodka sublime les ingr\u00e9dients et les unit dans une harmonie raffin\u00e9e. Cette sauce sophistiqu\u00e9e accompagne \u00e0 merveille tous les types de p\u00e2tes, mais se marie parfaitement avec des \u00ab\u00a0penne rigate\u00a0\u00bb.<\/p>\n","protected":false},"excerpt":{"rendered":"<p>Une sauce velout\u00e9e \u00e0 base de tomates 100 % italiennes, [&hellip;]<\/p>\n","protected":false},"featured_media":36716,"template":"","meta":{"_acf_changed":false},"product_brand":[],"product_cat":[118,135,235],"product_tag":[],"class_list":{"0":"post-24036","1":"product","2":"type-product","3":"status-publish","4":"has-post-thumbnail","6":"product_cat-salato","7":"product_cat-sughi","8":"product_cat-sughi-e-ragu","9":"pa_novita-novita","11":"first","12":"instock","13":"taxable","14":"shipping-taxable","15":"purchasable","16":"product-type-simple"},"acf":[],"yoast_head":"<!-- This site is optimized with the Yoast SEO plugin v27.4 - https:\/\/yoast.com\/product\/yoast-seo-wordpress\/ -->\n<title>Sauce cr\u00e9meuse de tomate \u00e0 la Vodka - Cascina San Cassiano<\/title>\n<meta name=\"description\" content=\"Une sauce onctueuse \u00e0 base de tomate, mascarpone et basilic, relev\u00e9e d\u2019une touche de vodka : une harmonie subtile de saveurs, parfaite pour tout type de p\u00e2te, id\u00e9ale avec les penne.\" \/>\n<meta name=\"robots\" content=\"index, follow, max-snippet:-1, max-image-preview:large, max-video-preview:-1\" \/>\n<link rel=\"canonical\" href=\"https:\/\/cascinasancassiano.com\/fr\/prodotto\/sugo-alla-vodka\/\" \/>\n<meta property=\"og:locale\" content=\"fr_FR\" \/>\n<meta property=\"og:type\" content=\"article\" \/>\n<meta property=\"og:title\" content=\"Sauce cr\u00e9meuse de tomate \u00e0 la Vodka - Cascina San Cassiano\" \/>\n<meta property=\"og:description\" content=\"Une sauce onctueuse \u00e0 base de tomate, mascarpone et basilic, relev\u00e9e d\u2019une touche de vodka : une harmonie subtile de saveurs, parfaite pour tout type de p\u00e2te, id\u00e9ale avec les penne.\" \/>\n<meta property=\"og:url\" content=\"https:\/\/cascinasancassiano.com\/fr\/prodotto\/sugo-alla-vodka\/\" \/>\n<meta property=\"og:site_name\" content=\"Cascina San Cassiano\" \/>\n<meta property=\"article:modified_time\" content=\"2026-02-05T13:39:16+00:00\" \/>\n<meta property=\"og:image\" content=\"https:\/\/cascina.demoengagemint.it\/wp-content\/uploads\/2025\/05\/CSC-800-Sugo-Vodka-New-26.png\" \/>\n\t<meta property=\"og:image:width\" content=\"1000\" \/>\n\t<meta property=\"og:image:height\" content=\"1000\" \/>\n\t<meta property=\"og:image:type\" content=\"image\/png\" \/>\n<meta name=\"twitter:card\" content=\"summary_large_image\" \/>\n<meta name=\"twitter:label1\" content=\"Dur\u00e9e de lecture estim\u00e9e\" \/>\n\t<meta name=\"twitter:data1\" content=\"2 minutes\" \/>\n<script type=\"application\/ld+json\" class=\"yoast-schema-graph\">{\"@context\":\"https:\\\/\\\/schema.org\",\"@graph\":[{\"@type\":\"WebPage\",\"@id\":\"https:\\\/\\\/cascinasancassiano.com\\\/fr\\\/prodotto\\\/sugo-alla-vodka\\\/\",\"url\":\"https:\\\/\\\/cascinasancassiano.com\\\/fr\\\/prodotto\\\/sugo-alla-vodka\\\/\",\"name\":\"Sauce cr\u00e9meuse de tomate \u00e0 la Vodka - Cascina San Cassiano\",\"isPartOf\":{\"@id\":\"https:\\\/\\\/paolos156.sg-host.com\\\/#website\"},\"primaryImageOfPage\":{\"@id\":\"https:\\\/\\\/cascinasancassiano.com\\\/fr\\\/prodotto\\\/sugo-alla-vodka\\\/#primaryimage\"},\"image\":{\"@id\":\"https:\\\/\\\/cascinasancassiano.com\\\/fr\\\/prodotto\\\/sugo-alla-vodka\\\/#primaryimage\"},\"thumbnailUrl\":\"https:\\\/\\\/cascinasancassiano.com\\\/wp-content\\\/uploads\\\/2025\\\/05\\\/CSC-800-Sugo-Vodka-New-26.png\",\"datePublished\":\"2025-05-22T07:10:24+00:00\",\"dateModified\":\"2026-02-05T13:39:16+00:00\",\"description\":\"Une sauce onctueuse \u00e0 base de tomate, mascarpone et basilic, relev\u00e9e d\u2019une touche de vodka : une harmonie subtile de saveurs, parfaite pour tout type de p\u00e2te, id\u00e9ale avec les penne.\",\"breadcrumb\":{\"@id\":\"https:\\\/\\\/cascinasancassiano.com\\\/fr\\\/prodotto\\\/sugo-alla-vodka\\\/#breadcrumb\"},\"inLanguage\":\"fr-FR\",\"potentialAction\":[{\"@type\":\"ReadAction\",\"target\":[\"https:\\\/\\\/cascinasancassiano.com\\\/fr\\\/prodotto\\\/sugo-alla-vodka\\\/\"]}]},{\"@type\":\"ImageObject\",\"inLanguage\":\"fr-FR\",\"@id\":\"https:\\\/\\\/cascinasancassiano.com\\\/fr\\\/prodotto\\\/sugo-alla-vodka\\\/#primaryimage\",\"url\":\"https:\\\/\\\/cascinasancassiano.com\\\/wp-content\\\/uploads\\\/2025\\\/05\\\/CSC-800-Sugo-Vodka-New-26.png\",\"contentUrl\":\"https:\\\/\\\/cascinasancassiano.com\\\/wp-content\\\/uploads\\\/2025\\\/05\\\/CSC-800-Sugo-Vodka-New-26.png\",\"width\":1000,\"height\":1000,\"caption\":\"Sugo alla Vodka\"},{\"@type\":\"BreadcrumbList\",\"@id\":\"https:\\\/\\\/cascinasancassiano.com\\\/fr\\\/prodotto\\\/sugo-alla-vodka\\\/#breadcrumb\",\"itemListElement\":[{\"@type\":\"ListItem\",\"position\":1,\"name\":\"Produits\",\"item\":\"https:\\\/\\\/cascinasancassiano.com\\\/fr\\\/shop\\\/\"},{\"@type\":\"ListItem\",\"position\":2,\"name\":\"Sauce cr\u00e9meuse de tomate \u00e0 la Vodka\"}]},{\"@type\":\"WebSite\",\"@id\":\"https:\\\/\\\/paolos156.sg-host.com\\\/#website\",\"url\":\"https:\\\/\\\/paolos156.sg-host.com\\\/\",\"name\":\"Cascina San Cassiano\",\"description\":\"Gusta, credi, ama.\",\"publisher\":{\"@id\":\"https:\\\/\\\/paolos156.sg-host.com\\\/#organization\"},\"potentialAction\":[{\"@type\":\"SearchAction\",\"target\":{\"@type\":\"EntryPoint\",\"urlTemplate\":\"https:\\\/\\\/paolos156.sg-host.com\\\/?s={search_term_string}\"},\"query-input\":{\"@type\":\"PropertyValueSpecification\",\"valueRequired\":true,\"valueName\":\"search_term_string\"}}],\"inLanguage\":\"fr-FR\"},{\"@type\":\"Organization\",\"@id\":\"https:\\\/\\\/paolos156.sg-host.com\\\/#organization\",\"name\":\"Cascina San Cassiano\",\"url\":\"https:\\\/\\\/paolos156.sg-host.com\\\/\",\"logo\":{\"@type\":\"ImageObject\",\"inLanguage\":\"fr-FR\",\"@id\":\"https:\\\/\\\/paolos156.sg-host.com\\\/#\\\/schema\\\/logo\\\/image\\\/\",\"url\":\"https:\\\/\\\/cascinasancassiano.com\\\/wp-content\\\/uploads\\\/2021\\\/09\\\/cascina-san-cassiano-logo.png\",\"contentUrl\":\"https:\\\/\\\/cascinasancassiano.com\\\/wp-content\\\/uploads\\\/2021\\\/09\\\/cascina-san-cassiano-logo.png\",\"width\":700,\"height\":700,\"caption\":\"Cascina San Cassiano\"},\"image\":{\"@id\":\"https:\\\/\\\/paolos156.sg-host.com\\\/#\\\/schema\\\/logo\\\/image\\\/\"}}]}<\/script>\n<!-- \/ Yoast SEO plugin. -->","yoast_head_json":{"title":"Sauce cr\u00e9meuse de tomate \u00e0 la Vodka - Cascina San Cassiano","description":"Une sauce onctueuse \u00e0 base de tomate, mascarpone et basilic, relev\u00e9e d\u2019une touche de vodka : une harmonie subtile de saveurs, parfaite pour tout type de p\u00e2te, id\u00e9ale avec les penne.","robots":{"index":"index","follow":"follow","max-snippet":"max-snippet:-1","max-image-preview":"max-image-preview:large","max-video-preview":"max-video-preview:-1"},"canonical":"https:\/\/cascinasancassiano.com\/fr\/prodotto\/sugo-alla-vodka\/","og_locale":"fr_FR","og_type":"article","og_title":"Sauce cr\u00e9meuse de tomate \u00e0 la Vodka - Cascina San Cassiano","og_description":"Une sauce onctueuse \u00e0 base de tomate, mascarpone et basilic, relev\u00e9e d\u2019une touche de vodka : une harmonie subtile de saveurs, parfaite pour tout type de p\u00e2te, id\u00e9ale avec les penne.","og_url":"https:\/\/cascinasancassiano.com\/fr\/prodotto\/sugo-alla-vodka\/","og_site_name":"Cascina San Cassiano","article_modified_time":"2026-02-05T13:39:16+00:00","og_image":[{"width":1000,"height":1000,"url":"https:\/\/cascina.demoengagemint.it\/wp-content\/uploads\/2025\/05\/CSC-800-Sugo-Vodka-New-26.png","type":"image\/png"}],"twitter_card":"summary_large_image","twitter_misc":{"Dur\u00e9e de lecture estim\u00e9e":"2 minutes"},"schema":{"@context":"https:\/\/schema.org","@graph":[{"@type":"WebPage","@id":"https:\/\/cascinasancassiano.com\/fr\/prodotto\/sugo-alla-vodka\/","url":"https:\/\/cascinasancassiano.com\/fr\/prodotto\/sugo-alla-vodka\/","name":"Sauce cr\u00e9meuse de tomate \u00e0 la Vodka - Cascina San Cassiano","isPartOf":{"@id":"https:\/\/paolos156.sg-host.com\/#website"},"primaryImageOfPage":{"@id":"https:\/\/cascinasancassiano.com\/fr\/prodotto\/sugo-alla-vodka\/#primaryimage"},"image":{"@id":"https:\/\/cascinasancassiano.com\/fr\/prodotto\/sugo-alla-vodka\/#primaryimage"},"thumbnailUrl":"https:\/\/cascinasancassiano.com\/wp-content\/uploads\/2025\/05\/CSC-800-Sugo-Vodka-New-26.png","datePublished":"2025-05-22T07:10:24+00:00","dateModified":"2026-02-05T13:39:16+00:00","description":"Une sauce onctueuse \u00e0 base de tomate, mascarpone et basilic, relev\u00e9e d\u2019une touche de vodka : une harmonie subtile de saveurs, parfaite pour tout type de p\u00e2te, id\u00e9ale avec les penne.","breadcrumb":{"@id":"https:\/\/cascinasancassiano.com\/fr\/prodotto\/sugo-alla-vodka\/#breadcrumb"},"inLanguage":"fr-FR","potentialAction":[{"@type":"ReadAction","target":["https:\/\/cascinasancassiano.com\/fr\/prodotto\/sugo-alla-vodka\/"]}]},{"@type":"ImageObject","inLanguage":"fr-FR","@id":"https:\/\/cascinasancassiano.com\/fr\/prodotto\/sugo-alla-vodka\/#primaryimage","url":"https:\/\/cascinasancassiano.com\/wp-content\/uploads\/2025\/05\/CSC-800-Sugo-Vodka-New-26.png","contentUrl":"https:\/\/cascinasancassiano.com\/wp-content\/uploads\/2025\/05\/CSC-800-Sugo-Vodka-New-26.png","width":1000,"height":1000,"caption":"Sugo alla Vodka"},{"@type":"BreadcrumbList","@id":"https:\/\/cascinasancassiano.com\/fr\/prodotto\/sugo-alla-vodka\/#breadcrumb","itemListElement":[{"@type":"ListItem","position":1,"name":"Produits","item":"https:\/\/cascinasancassiano.com\/fr\/shop\/"},{"@type":"ListItem","position":2,"name":"Sauce cr\u00e9meuse de tomate \u00e0 la Vodka"}]},{"@type":"WebSite","@id":"https:\/\/paolos156.sg-host.com\/#website","url":"https:\/\/paolos156.sg-host.com\/","name":"Cascina San Cassiano","description":"Gusta, credi, ama.","publisher":{"@id":"https:\/\/paolos156.sg-host.com\/#organization"},"potentialAction":[{"@type":"SearchAction","target":{"@type":"EntryPoint","urlTemplate":"https:\/\/paolos156.sg-host.com\/?s={search_term_string}"},"query-input":{"@type":"PropertyValueSpecification","valueRequired":true,"valueName":"search_term_string"}}],"inLanguage":"fr-FR"},{"@type":"Organization","@id":"https:\/\/paolos156.sg-host.com\/#organization","name":"Cascina San Cassiano","url":"https:\/\/paolos156.sg-host.com\/","logo":{"@type":"ImageObject","inLanguage":"fr-FR","@id":"https:\/\/paolos156.sg-host.com\/#\/schema\/logo\/image\/","url":"https:\/\/cascinasancassiano.com\/wp-content\/uploads\/2021\/09\/cascina-san-cassiano-logo.png","contentUrl":"https:\/\/cascinasancassiano.com\/wp-content\/uploads\/2021\/09\/cascina-san-cassiano-logo.png","width":700,"height":700,"caption":"Cascina San Cassiano"},"image":{"@id":"https:\/\/paolos156.sg-host.com\/#\/schema\/logo\/image\/"}}]}},"_links":{"self":[{"href":"https:\/\/cascinasancassiano.com\/fr\/wp-json\/wp\/v2\/product\/24036","targetHints":{"allow":["GET"]}}],"collection":[{"href":"https:\/\/cascinasancassiano.com\/fr\/wp-json\/wp\/v2\/product"}],"about":[{"href":"https:\/\/cascinasancassiano.com\/fr\/wp-json\/wp\/v2\/types\/product"}],"version-history":[{"count":0,"href":"https:\/\/cascinasancassiano.com\/fr\/wp-json\/wp\/v2\/product\/24036\/revisions"}],"wp:featuredmedia":[{"embeddable":true,"href":"https:\/\/cascinasancassiano.com\/fr\/wp-json\/wp\/v2\/media\/36716"}],"wp:attachment":[{"href":"https:\/\/cascinasancassiano.com\/fr\/wp-json\/wp\/v2\/media?parent=24036"}],"wp:term":[{"taxonomy":"product_brand","embeddable":true,"href":"https:\/\/cascinasancassiano.com\/fr\/wp-json\/wp\/v2\/product_brand?post=24036"},{"taxonomy":"product_cat","embeddable":true,"href":"https:\/\/cascinasancassiano.com\/fr\/wp-json\/wp\/v2\/product_cat?post=24036"},{"taxonomy":"product_tag","embeddable":true,"href":"https:\/\/cascinasancassiano.com\/fr\/wp-json\/wp\/v2\/product_tag?post=24036"}],"curies":[{"name":"wp","href":"https:\/\/api.w.org\/{rel}","templated":true}]}}