{"id":24029,"date":"2025-05-21T17:02:21","date_gmt":"2025-05-21T15:02:22","guid":{"rendered":"https:\/\/cascinasancassiano.com\/?post_type=product&#038;p=24029"},"modified":"2025-05-22T10:02:27","modified_gmt":"2025-05-22T08:02:27","slug":"relish-de-courgettes-aigre-doux","status":"publish","type":"product","link":"https:\/\/cascinasancassiano.com\/fr\/prodotto\/relish-de-courgettes-aigre-doux\/","title":{"rendered":"Relish de courgettes aigre-doux"},"content":{"rendered":"<p>D\u00e9licieuse entr\u00e9e \u00e0 base de courgettes et de l\u00e9gumes du potager, le tout plong\u00e9 dans une sauce aigre-douce onctueuse. La saveur est un \u00e9quilibre harmonieux entre douceur, acidit\u00e9 et notes \u00e9pic\u00e9es \u2014 id\u00e9ale pour sublimer les viandes et les grillades, ou pour r\u00e9aliser des finger food raffin\u00e9s.<\/p>\n","protected":false},"excerpt":{"rendered":"<p>D\u00e9licieuse entr\u00e9e \u00e0 base de courgettes et de l\u00e9gumes du [&hellip;]<\/p>\n","protected":false},"featured_media":37068,"template":"","meta":{"_acf_changed":false},"product_brand":[],"product_cat":[118,199,119],"product_tag":[532],"class_list":{"0":"post-24029","1":"product","2":"type-product","3":"status-publish","4":"has-post-thumbnail","6":"product_cat-salato","7":"product_cat-antipasto","8":"product_cat-antipasti","9":"product_tag-vegano","10":"pa_novita-novita","12":"first","13":"instock","14":"taxable","15":"shipping-taxable","16":"purchasable","17":"product-type-simple"},"acf":[],"yoast_head":"<!-- This site is optimized with the Yoast SEO plugin v27.4 - https:\/\/yoast.com\/product\/yoast-seo-wordpress\/ -->\n<title>Relish de courgettes aigre-doux - Cascina San Cassiano<\/title>\n<meta name=\"description\" content=\"M\u00e9lange savoureux de courgettes et de l\u00e9gumes en d\u00e9s dans une sauce aigre-douce. Le relish accompagne parfaitement la viande et les c\u00f4tes de porc, mais il est aussi id\u00e9al pour pr\u00e9parer des finger food originaux.\" \/>\n<meta name=\"robots\" content=\"index, follow, max-snippet:-1, max-image-preview:large, max-video-preview:-1\" \/>\n<link rel=\"canonical\" href=\"https:\/\/cascinasancassiano.com\/fr\/prodotto\/relish-de-courgettes-aigre-doux\/\" \/>\n<meta property=\"og:locale\" content=\"fr_FR\" \/>\n<meta property=\"og:type\" content=\"article\" \/>\n<meta property=\"og:title\" content=\"Relish de courgettes aigre-doux - Cascina San Cassiano\" \/>\n<meta property=\"og:description\" content=\"M\u00e9lange savoureux de courgettes et de l\u00e9gumes en d\u00e9s dans une sauce aigre-douce. Le relish accompagne parfaitement la viande et les c\u00f4tes de porc, mais il est aussi id\u00e9al pour pr\u00e9parer des finger food originaux.\" \/>\n<meta property=\"og:url\" content=\"https:\/\/cascinasancassiano.com\/fr\/prodotto\/relish-de-courgettes-aigre-doux\/\" \/>\n<meta property=\"og:site_name\" content=\"Cascina San Cassiano\" \/>\n<meta property=\"article:modified_time\" content=\"2025-05-22T08:02:27+00:00\" \/>\n<meta property=\"og:image\" content=\"https:\/\/cascina.demoengagemint.it\/wp-content\/uploads\/2025\/05\/CSC726_Relish_zucchine_25.png\" \/>\n\t<meta property=\"og:image:width\" content=\"1000\" \/>\n\t<meta property=\"og:image:height\" content=\"1000\" \/>\n\t<meta property=\"og:image:type\" content=\"image\/png\" \/>\n<meta name=\"twitter:card\" content=\"summary_large_image\" \/>\n<meta name=\"twitter:label1\" content=\"Dur\u00e9e de lecture estim\u00e9e\" \/>\n\t<meta name=\"twitter:data1\" content=\"2 minutes\" \/>\n<script type=\"application\/ld+json\" class=\"yoast-schema-graph\">{\"@context\":\"https:\\\/\\\/schema.org\",\"@graph\":[{\"@type\":\"WebPage\",\"@id\":\"https:\\\/\\\/cascinasancassiano.com\\\/fr\\\/prodotto\\\/relish-de-courgettes-aigre-doux\\\/\",\"url\":\"https:\\\/\\\/cascinasancassiano.com\\\/fr\\\/prodotto\\\/relish-de-courgettes-aigre-doux\\\/\",\"name\":\"Relish de courgettes aigre-doux - Cascina San Cassiano\",\"isPartOf\":{\"@id\":\"https:\\\/\\\/paolos156.sg-host.com\\\/#website\"},\"primaryImageOfPage\":{\"@id\":\"https:\\\/\\\/cascinasancassiano.com\\\/fr\\\/prodotto\\\/relish-de-courgettes-aigre-doux\\\/#primaryimage\"},\"image\":{\"@id\":\"https:\\\/\\\/cascinasancassiano.com\\\/fr\\\/prodotto\\\/relish-de-courgettes-aigre-doux\\\/#primaryimage\"},\"thumbnailUrl\":\"https:\\\/\\\/cascinasancassiano.com\\\/wp-content\\\/uploads\\\/2025\\\/05\\\/CSC-726-Relish-Zucchine-New-26.png\",\"datePublished\":\"2025-05-21T15:02:22+00:00\",\"dateModified\":\"2025-05-22T08:02:27+00:00\",\"description\":\"M\u00e9lange savoureux de courgettes et de l\u00e9gumes en d\u00e9s dans une sauce aigre-douce. Le relish accompagne parfaitement la viande et les c\u00f4tes de porc, mais il est aussi id\u00e9al pour pr\u00e9parer des finger food originaux.\",\"breadcrumb\":{\"@id\":\"https:\\\/\\\/cascinasancassiano.com\\\/fr\\\/prodotto\\\/relish-de-courgettes-aigre-doux\\\/#breadcrumb\"},\"inLanguage\":\"fr-FR\",\"potentialAction\":[{\"@type\":\"ReadAction\",\"target\":[\"https:\\\/\\\/cascinasancassiano.com\\\/fr\\\/prodotto\\\/relish-de-courgettes-aigre-doux\\\/\"]}]},{\"@type\":\"ImageObject\",\"inLanguage\":\"fr-FR\",\"@id\":\"https:\\\/\\\/cascinasancassiano.com\\\/fr\\\/prodotto\\\/relish-de-courgettes-aigre-doux\\\/#primaryimage\",\"url\":\"https:\\\/\\\/cascinasancassiano.com\\\/wp-content\\\/uploads\\\/2025\\\/05\\\/CSC-726-Relish-Zucchine-New-26.png\",\"contentUrl\":\"https:\\\/\\\/cascinasancassiano.com\\\/wp-content\\\/uploads\\\/2025\\\/05\\\/CSC-726-Relish-Zucchine-New-26.png\",\"width\":1000,\"height\":1000,\"caption\":\"Relish Zucchine\"},{\"@type\":\"BreadcrumbList\",\"@id\":\"https:\\\/\\\/cascinasancassiano.com\\\/fr\\\/prodotto\\\/relish-de-courgettes-aigre-doux\\\/#breadcrumb\",\"itemListElement\":[{\"@type\":\"ListItem\",\"position\":1,\"name\":\"Produits\",\"item\":\"https:\\\/\\\/cascinasancassiano.com\\\/fr\\\/shop\\\/\"},{\"@type\":\"ListItem\",\"position\":2,\"name\":\"Relish de courgettes aigre-doux\"}]},{\"@type\":\"WebSite\",\"@id\":\"https:\\\/\\\/paolos156.sg-host.com\\\/#website\",\"url\":\"https:\\\/\\\/paolos156.sg-host.com\\\/\",\"name\":\"Cascina San Cassiano\",\"description\":\"Gusta, credi, ama.\",\"publisher\":{\"@id\":\"https:\\\/\\\/paolos156.sg-host.com\\\/#organization\"},\"potentialAction\":[{\"@type\":\"SearchAction\",\"target\":{\"@type\":\"EntryPoint\",\"urlTemplate\":\"https:\\\/\\\/paolos156.sg-host.com\\\/?s={search_term_string}\"},\"query-input\":{\"@type\":\"PropertyValueSpecification\",\"valueRequired\":true,\"valueName\":\"search_term_string\"}}],\"inLanguage\":\"fr-FR\"},{\"@type\":\"Organization\",\"@id\":\"https:\\\/\\\/paolos156.sg-host.com\\\/#organization\",\"name\":\"Cascina San Cassiano\",\"url\":\"https:\\\/\\\/paolos156.sg-host.com\\\/\",\"logo\":{\"@type\":\"ImageObject\",\"inLanguage\":\"fr-FR\",\"@id\":\"https:\\\/\\\/paolos156.sg-host.com\\\/#\\\/schema\\\/logo\\\/image\\\/\",\"url\":\"https:\\\/\\\/cascinasancassiano.com\\\/wp-content\\\/uploads\\\/2021\\\/09\\\/cascina-san-cassiano-logo.png\",\"contentUrl\":\"https:\\\/\\\/cascinasancassiano.com\\\/wp-content\\\/uploads\\\/2021\\\/09\\\/cascina-san-cassiano-logo.png\",\"width\":700,\"height\":700,\"caption\":\"Cascina San Cassiano\"},\"image\":{\"@id\":\"https:\\\/\\\/paolos156.sg-host.com\\\/#\\\/schema\\\/logo\\\/image\\\/\"}}]}<\/script>\n<!-- \/ Yoast SEO plugin. -->","yoast_head_json":{"title":"Relish de courgettes aigre-doux - Cascina San Cassiano","description":"M\u00e9lange savoureux de courgettes et de l\u00e9gumes en d\u00e9s dans une sauce aigre-douce. Le relish accompagne parfaitement la viande et les c\u00f4tes de porc, mais il est aussi id\u00e9al pour pr\u00e9parer des finger food originaux.","robots":{"index":"index","follow":"follow","max-snippet":"max-snippet:-1","max-image-preview":"max-image-preview:large","max-video-preview":"max-video-preview:-1"},"canonical":"https:\/\/cascinasancassiano.com\/fr\/prodotto\/relish-de-courgettes-aigre-doux\/","og_locale":"fr_FR","og_type":"article","og_title":"Relish de courgettes aigre-doux - Cascina San Cassiano","og_description":"M\u00e9lange savoureux de courgettes et de l\u00e9gumes en d\u00e9s dans une sauce aigre-douce. Le relish accompagne parfaitement la viande et les c\u00f4tes de porc, mais il est aussi id\u00e9al pour pr\u00e9parer des finger food originaux.","og_url":"https:\/\/cascinasancassiano.com\/fr\/prodotto\/relish-de-courgettes-aigre-doux\/","og_site_name":"Cascina San Cassiano","article_modified_time":"2025-05-22T08:02:27+00:00","og_image":[{"width":1000,"height":1000,"url":"https:\/\/cascina.demoengagemint.it\/wp-content\/uploads\/2025\/05\/CSC726_Relish_zucchine_25.png","type":"image\/png"}],"twitter_card":"summary_large_image","twitter_misc":{"Dur\u00e9e de lecture estim\u00e9e":"2 minutes"},"schema":{"@context":"https:\/\/schema.org","@graph":[{"@type":"WebPage","@id":"https:\/\/cascinasancassiano.com\/fr\/prodotto\/relish-de-courgettes-aigre-doux\/","url":"https:\/\/cascinasancassiano.com\/fr\/prodotto\/relish-de-courgettes-aigre-doux\/","name":"Relish de courgettes aigre-doux - Cascina San Cassiano","isPartOf":{"@id":"https:\/\/paolos156.sg-host.com\/#website"},"primaryImageOfPage":{"@id":"https:\/\/cascinasancassiano.com\/fr\/prodotto\/relish-de-courgettes-aigre-doux\/#primaryimage"},"image":{"@id":"https:\/\/cascinasancassiano.com\/fr\/prodotto\/relish-de-courgettes-aigre-doux\/#primaryimage"},"thumbnailUrl":"https:\/\/cascinasancassiano.com\/wp-content\/uploads\/2025\/05\/CSC-726-Relish-Zucchine-New-26.png","datePublished":"2025-05-21T15:02:22+00:00","dateModified":"2025-05-22T08:02:27+00:00","description":"M\u00e9lange savoureux de courgettes et de l\u00e9gumes en d\u00e9s dans une sauce aigre-douce. Le relish accompagne parfaitement la viande et les c\u00f4tes de porc, mais il est aussi id\u00e9al pour pr\u00e9parer des finger food originaux.","breadcrumb":{"@id":"https:\/\/cascinasancassiano.com\/fr\/prodotto\/relish-de-courgettes-aigre-doux\/#breadcrumb"},"inLanguage":"fr-FR","potentialAction":[{"@type":"ReadAction","target":["https:\/\/cascinasancassiano.com\/fr\/prodotto\/relish-de-courgettes-aigre-doux\/"]}]},{"@type":"ImageObject","inLanguage":"fr-FR","@id":"https:\/\/cascinasancassiano.com\/fr\/prodotto\/relish-de-courgettes-aigre-doux\/#primaryimage","url":"https:\/\/cascinasancassiano.com\/wp-content\/uploads\/2025\/05\/CSC-726-Relish-Zucchine-New-26.png","contentUrl":"https:\/\/cascinasancassiano.com\/wp-content\/uploads\/2025\/05\/CSC-726-Relish-Zucchine-New-26.png","width":1000,"height":1000,"caption":"Relish Zucchine"},{"@type":"BreadcrumbList","@id":"https:\/\/cascinasancassiano.com\/fr\/prodotto\/relish-de-courgettes-aigre-doux\/#breadcrumb","itemListElement":[{"@type":"ListItem","position":1,"name":"Produits","item":"https:\/\/cascinasancassiano.com\/fr\/shop\/"},{"@type":"ListItem","position":2,"name":"Relish de courgettes aigre-doux"}]},{"@type":"WebSite","@id":"https:\/\/paolos156.sg-host.com\/#website","url":"https:\/\/paolos156.sg-host.com\/","name":"Cascina San Cassiano","description":"Gusta, credi, ama.","publisher":{"@id":"https:\/\/paolos156.sg-host.com\/#organization"},"potentialAction":[{"@type":"SearchAction","target":{"@type":"EntryPoint","urlTemplate":"https:\/\/paolos156.sg-host.com\/?s={search_term_string}"},"query-input":{"@type":"PropertyValueSpecification","valueRequired":true,"valueName":"search_term_string"}}],"inLanguage":"fr-FR"},{"@type":"Organization","@id":"https:\/\/paolos156.sg-host.com\/#organization","name":"Cascina San Cassiano","url":"https:\/\/paolos156.sg-host.com\/","logo":{"@type":"ImageObject","inLanguage":"fr-FR","@id":"https:\/\/paolos156.sg-host.com\/#\/schema\/logo\/image\/","url":"https:\/\/cascinasancassiano.com\/wp-content\/uploads\/2021\/09\/cascina-san-cassiano-logo.png","contentUrl":"https:\/\/cascinasancassiano.com\/wp-content\/uploads\/2021\/09\/cascina-san-cassiano-logo.png","width":700,"height":700,"caption":"Cascina San Cassiano"},"image":{"@id":"https:\/\/paolos156.sg-host.com\/#\/schema\/logo\/image\/"}}]}},"_links":{"self":[{"href":"https:\/\/cascinasancassiano.com\/fr\/wp-json\/wp\/v2\/product\/24029","targetHints":{"allow":["GET"]}}],"collection":[{"href":"https:\/\/cascinasancassiano.com\/fr\/wp-json\/wp\/v2\/product"}],"about":[{"href":"https:\/\/cascinasancassiano.com\/fr\/wp-json\/wp\/v2\/types\/product"}],"version-history":[{"count":0,"href":"https:\/\/cascinasancassiano.com\/fr\/wp-json\/wp\/v2\/product\/24029\/revisions"}],"wp:featuredmedia":[{"embeddable":true,"href":"https:\/\/cascinasancassiano.com\/fr\/wp-json\/wp\/v2\/media\/37068"}],"wp:attachment":[{"href":"https:\/\/cascinasancassiano.com\/fr\/wp-json\/wp\/v2\/media?parent=24029"}],"wp:term":[{"taxonomy":"product_brand","embeddable":true,"href":"https:\/\/cascinasancassiano.com\/fr\/wp-json\/wp\/v2\/product_brand?post=24029"},{"taxonomy":"product_cat","embeddable":true,"href":"https:\/\/cascinasancassiano.com\/fr\/wp-json\/wp\/v2\/product_cat?post=24029"},{"taxonomy":"product_tag","embeddable":true,"href":"https:\/\/cascinasancassiano.com\/fr\/wp-json\/wp\/v2\/product_tag?post=24029"}],"curies":[{"name":"wp","href":"https:\/\/api.w.org\/{rel}","templated":true}]}}