{"id":24024,"date":"2025-05-21T15:12:46","date_gmt":"2025-05-21T13:12:46","guid":{"rendered":"https:\/\/cascinasancassiano.com\/?post_type=product&#038;p=24024"},"modified":"2025-05-22T13:40:26","modified_gmt":"2025-05-22T11:40:26","slug":"friggitelli-piments-verts-a-l-huile","status":"publish","type":"product","link":"https:\/\/cascinasancassiano.com\/fr\/prodotto\/friggitelli-piments-verts-a-l-huile\/","title":{"rendered":"Friggitelli &#8211; Piments verts \u00e0 l&rsquo;huile"},"content":{"rendered":"<p>D\u00e9licieuse entr\u00e9e pr\u00e9par\u00e9e avec une vari\u00e9t\u00e9 de petits poivrons verts doux, \u00e0 chair fine et croquante, conserv\u00e9s dans l\u2019huile selon la tradition du sud de l\u2019Italie. Les \u00ab\u00a0friggitelli\u00a0\u00bb peuvent \u00eatre servis en entr\u00e9e avec de la charcuterie et des fromages, comme accompagnement de plats de poisson ou de pr\u00e9parations marin\u00e9es, ou encore pour parfumer toutes sortes de salades. Ce sont aussi d\u2019excellents amuse-bouches pour l\u2019ap\u00e9ritif.<\/p>\n","protected":false},"excerpt":{"rendered":"<p>D\u00e9licieuse entr\u00e9e pr\u00e9par\u00e9e avec une vari\u00e9t\u00e9 de petits poivrons verts [&hellip;]<\/p>\n","protected":false},"featured_media":37077,"template":"","meta":{"_acf_changed":false},"product_brand":[],"product_cat":[118,199,119],"product_tag":[532],"class_list":{"0":"post-24024","1":"product","2":"type-product","3":"status-publish","4":"has-post-thumbnail","6":"product_cat-salato","7":"product_cat-antipasto","8":"product_cat-antipasti","9":"product_tag-vegano","10":"pa_novita-novita","12":"first","13":"instock","14":"taxable","15":"shipping-taxable","16":"purchasable","17":"product-type-simple"},"acf":[],"yoast_head":"<!-- This site is optimized with the Yoast SEO plugin v27.4 - https:\/\/yoast.com\/product\/yoast-seo-wordpress\/ -->\n<title>Friggitelli - Piments verts \u00e0 l&#039;huile - Cascina San Cassiano<\/title>\n<meta name=\"description\" content=\"Entr\u00e9e l\u00e9gere mais plein de saveur, qui accompagne \u00e0 merveille la charcuterie, les fromages, le poisson, et sublime les salades de c\u00e9r\u00e9ales, l\u00e9gumineuses ou p\u00e2tes froides. Les &quot;Piments verts \u00e0 l\u2019huile&quot; de Cascina San Cassiano sont bons \u00e0 tout moment !\" \/>\n<meta name=\"robots\" content=\"index, follow, max-snippet:-1, max-image-preview:large, max-video-preview:-1\" \/>\n<link rel=\"canonical\" href=\"https:\/\/cascinasancassiano.com\/fr\/prodotto\/friggitelli-piments-verts-a-l-huile\/\" \/>\n<meta property=\"og:locale\" content=\"fr_FR\" \/>\n<meta property=\"og:type\" content=\"article\" \/>\n<meta property=\"og:title\" content=\"Friggitelli - Piments verts \u00e0 l&#039;huile - Cascina San Cassiano\" \/>\n<meta property=\"og:description\" content=\"Entr\u00e9e l\u00e9gere mais plein de saveur, qui accompagne \u00e0 merveille la charcuterie, les fromages, le poisson, et sublime les salades de c\u00e9r\u00e9ales, l\u00e9gumineuses ou p\u00e2tes froides. Les &quot;Piments verts \u00e0 l\u2019huile&quot; de Cascina San Cassiano sont bons \u00e0 tout moment !\" \/>\n<meta property=\"og:url\" content=\"https:\/\/cascinasancassiano.com\/fr\/prodotto\/friggitelli-piments-verts-a-l-huile\/\" \/>\n<meta property=\"og:site_name\" content=\"Cascina San Cassiano\" \/>\n<meta property=\"article:modified_time\" content=\"2025-05-22T11:40:26+00:00\" \/>\n<meta property=\"og:image\" content=\"https:\/\/cascina.demoengagemint.it\/wp-content\/uploads\/2025\/05\/CSC724_Frigitelli_25.png\" \/>\n\t<meta property=\"og:image:width\" content=\"1000\" \/>\n\t<meta property=\"og:image:height\" content=\"1000\" \/>\n\t<meta property=\"og:image:type\" content=\"image\/png\" \/>\n<meta name=\"twitter:card\" content=\"summary_large_image\" \/>\n<meta name=\"twitter:label1\" content=\"Dur\u00e9e de lecture estim\u00e9e\" \/>\n\t<meta name=\"twitter:data1\" content=\"2 minutes\" \/>\n<script type=\"application\/ld+json\" class=\"yoast-schema-graph\">{\"@context\":\"https:\\\/\\\/schema.org\",\"@graph\":[{\"@type\":\"WebPage\",\"@id\":\"https:\\\/\\\/cascinasancassiano.com\\\/fr\\\/prodotto\\\/friggitelli-piments-verts-a-l-huile\\\/\",\"url\":\"https:\\\/\\\/cascinasancassiano.com\\\/fr\\\/prodotto\\\/friggitelli-piments-verts-a-l-huile\\\/\",\"name\":\"Friggitelli - Piments verts \u00e0 l'huile - Cascina San Cassiano\",\"isPartOf\":{\"@id\":\"https:\\\/\\\/paolos156.sg-host.com\\\/#website\"},\"primaryImageOfPage\":{\"@id\":\"https:\\\/\\\/cascinasancassiano.com\\\/fr\\\/prodotto\\\/friggitelli-piments-verts-a-l-huile\\\/#primaryimage\"},\"image\":{\"@id\":\"https:\\\/\\\/cascinasancassiano.com\\\/fr\\\/prodotto\\\/friggitelli-piments-verts-a-l-huile\\\/#primaryimage\"},\"thumbnailUrl\":\"https:\\\/\\\/cascinasancassiano.com\\\/wp-content\\\/uploads\\\/2025\\\/05\\\/CSC-724-Frigitelli-New-26.png\",\"datePublished\":\"2025-05-21T13:12:46+00:00\",\"dateModified\":\"2025-05-22T11:40:26+00:00\",\"description\":\"Entr\u00e9e l\u00e9gere mais plein de saveur, qui accompagne \u00e0 merveille la charcuterie, les fromages, le poisson, et sublime les salades de c\u00e9r\u00e9ales, l\u00e9gumineuses ou p\u00e2tes froides. Les \\\"Piments verts \u00e0 l\u2019huile\\\" de Cascina San Cassiano sont bons \u00e0 tout moment !\",\"breadcrumb\":{\"@id\":\"https:\\\/\\\/cascinasancassiano.com\\\/fr\\\/prodotto\\\/friggitelli-piments-verts-a-l-huile\\\/#breadcrumb\"},\"inLanguage\":\"fr-FR\",\"potentialAction\":[{\"@type\":\"ReadAction\",\"target\":[\"https:\\\/\\\/cascinasancassiano.com\\\/fr\\\/prodotto\\\/friggitelli-piments-verts-a-l-huile\\\/\"]}]},{\"@type\":\"ImageObject\",\"inLanguage\":\"fr-FR\",\"@id\":\"https:\\\/\\\/cascinasancassiano.com\\\/fr\\\/prodotto\\\/friggitelli-piments-verts-a-l-huile\\\/#primaryimage\",\"url\":\"https:\\\/\\\/cascinasancassiano.com\\\/wp-content\\\/uploads\\\/2025\\\/05\\\/CSC-724-Frigitelli-New-26.png\",\"contentUrl\":\"https:\\\/\\\/cascinasancassiano.com\\\/wp-content\\\/uploads\\\/2025\\\/05\\\/CSC-724-Frigitelli-New-26.png\",\"width\":1000,\"height\":1000,\"caption\":\"Frigitelli\"},{\"@type\":\"BreadcrumbList\",\"@id\":\"https:\\\/\\\/cascinasancassiano.com\\\/fr\\\/prodotto\\\/friggitelli-piments-verts-a-l-huile\\\/#breadcrumb\",\"itemListElement\":[{\"@type\":\"ListItem\",\"position\":1,\"name\":\"Produits\",\"item\":\"https:\\\/\\\/cascinasancassiano.com\\\/fr\\\/shop\\\/\"},{\"@type\":\"ListItem\",\"position\":2,\"name\":\"Friggitelli &#8211; Piments verts \u00e0 l&#8217;huile\"}]},{\"@type\":\"WebSite\",\"@id\":\"https:\\\/\\\/paolos156.sg-host.com\\\/#website\",\"url\":\"https:\\\/\\\/paolos156.sg-host.com\\\/\",\"name\":\"Cascina San Cassiano\",\"description\":\"Gusta, credi, ama.\",\"publisher\":{\"@id\":\"https:\\\/\\\/paolos156.sg-host.com\\\/#organization\"},\"potentialAction\":[{\"@type\":\"SearchAction\",\"target\":{\"@type\":\"EntryPoint\",\"urlTemplate\":\"https:\\\/\\\/paolos156.sg-host.com\\\/?s={search_term_string}\"},\"query-input\":{\"@type\":\"PropertyValueSpecification\",\"valueRequired\":true,\"valueName\":\"search_term_string\"}}],\"inLanguage\":\"fr-FR\"},{\"@type\":\"Organization\",\"@id\":\"https:\\\/\\\/paolos156.sg-host.com\\\/#organization\",\"name\":\"Cascina San Cassiano\",\"url\":\"https:\\\/\\\/paolos156.sg-host.com\\\/\",\"logo\":{\"@type\":\"ImageObject\",\"inLanguage\":\"fr-FR\",\"@id\":\"https:\\\/\\\/paolos156.sg-host.com\\\/#\\\/schema\\\/logo\\\/image\\\/\",\"url\":\"https:\\\/\\\/cascinasancassiano.com\\\/wp-content\\\/uploads\\\/2021\\\/09\\\/cascina-san-cassiano-logo.png\",\"contentUrl\":\"https:\\\/\\\/cascinasancassiano.com\\\/wp-content\\\/uploads\\\/2021\\\/09\\\/cascina-san-cassiano-logo.png\",\"width\":700,\"height\":700,\"caption\":\"Cascina San Cassiano\"},\"image\":{\"@id\":\"https:\\\/\\\/paolos156.sg-host.com\\\/#\\\/schema\\\/logo\\\/image\\\/\"}}]}<\/script>\n<!-- \/ Yoast SEO plugin. -->","yoast_head_json":{"title":"Friggitelli - Piments verts \u00e0 l'huile - Cascina San Cassiano","description":"Entr\u00e9e l\u00e9gere mais plein de saveur, qui accompagne \u00e0 merveille la charcuterie, les fromages, le poisson, et sublime les salades de c\u00e9r\u00e9ales, l\u00e9gumineuses ou p\u00e2tes froides. Les \"Piments verts \u00e0 l\u2019huile\" de Cascina San Cassiano sont bons \u00e0 tout moment !","robots":{"index":"index","follow":"follow","max-snippet":"max-snippet:-1","max-image-preview":"max-image-preview:large","max-video-preview":"max-video-preview:-1"},"canonical":"https:\/\/cascinasancassiano.com\/fr\/prodotto\/friggitelli-piments-verts-a-l-huile\/","og_locale":"fr_FR","og_type":"article","og_title":"Friggitelli - Piments verts \u00e0 l'huile - Cascina San Cassiano","og_description":"Entr\u00e9e l\u00e9gere mais plein de saveur, qui accompagne \u00e0 merveille la charcuterie, les fromages, le poisson, et sublime les salades de c\u00e9r\u00e9ales, l\u00e9gumineuses ou p\u00e2tes froides. Les \"Piments verts \u00e0 l\u2019huile\" de Cascina San Cassiano sont bons \u00e0 tout moment !","og_url":"https:\/\/cascinasancassiano.com\/fr\/prodotto\/friggitelli-piments-verts-a-l-huile\/","og_site_name":"Cascina San Cassiano","article_modified_time":"2025-05-22T11:40:26+00:00","og_image":[{"width":1000,"height":1000,"url":"https:\/\/cascina.demoengagemint.it\/wp-content\/uploads\/2025\/05\/CSC724_Frigitelli_25.png","type":"image\/png"}],"twitter_card":"summary_large_image","twitter_misc":{"Dur\u00e9e de lecture estim\u00e9e":"2 minutes"},"schema":{"@context":"https:\/\/schema.org","@graph":[{"@type":"WebPage","@id":"https:\/\/cascinasancassiano.com\/fr\/prodotto\/friggitelli-piments-verts-a-l-huile\/","url":"https:\/\/cascinasancassiano.com\/fr\/prodotto\/friggitelli-piments-verts-a-l-huile\/","name":"Friggitelli - Piments verts \u00e0 l'huile - Cascina San Cassiano","isPartOf":{"@id":"https:\/\/paolos156.sg-host.com\/#website"},"primaryImageOfPage":{"@id":"https:\/\/cascinasancassiano.com\/fr\/prodotto\/friggitelli-piments-verts-a-l-huile\/#primaryimage"},"image":{"@id":"https:\/\/cascinasancassiano.com\/fr\/prodotto\/friggitelli-piments-verts-a-l-huile\/#primaryimage"},"thumbnailUrl":"https:\/\/cascinasancassiano.com\/wp-content\/uploads\/2025\/05\/CSC-724-Frigitelli-New-26.png","datePublished":"2025-05-21T13:12:46+00:00","dateModified":"2025-05-22T11:40:26+00:00","description":"Entr\u00e9e l\u00e9gere mais plein de saveur, qui accompagne \u00e0 merveille la charcuterie, les fromages, le poisson, et sublime les salades de c\u00e9r\u00e9ales, l\u00e9gumineuses ou p\u00e2tes froides. Les \"Piments verts \u00e0 l\u2019huile\" de Cascina San Cassiano sont bons \u00e0 tout moment !","breadcrumb":{"@id":"https:\/\/cascinasancassiano.com\/fr\/prodotto\/friggitelli-piments-verts-a-l-huile\/#breadcrumb"},"inLanguage":"fr-FR","potentialAction":[{"@type":"ReadAction","target":["https:\/\/cascinasancassiano.com\/fr\/prodotto\/friggitelli-piments-verts-a-l-huile\/"]}]},{"@type":"ImageObject","inLanguage":"fr-FR","@id":"https:\/\/cascinasancassiano.com\/fr\/prodotto\/friggitelli-piments-verts-a-l-huile\/#primaryimage","url":"https:\/\/cascinasancassiano.com\/wp-content\/uploads\/2025\/05\/CSC-724-Frigitelli-New-26.png","contentUrl":"https:\/\/cascinasancassiano.com\/wp-content\/uploads\/2025\/05\/CSC-724-Frigitelli-New-26.png","width":1000,"height":1000,"caption":"Frigitelli"},{"@type":"BreadcrumbList","@id":"https:\/\/cascinasancassiano.com\/fr\/prodotto\/friggitelli-piments-verts-a-l-huile\/#breadcrumb","itemListElement":[{"@type":"ListItem","position":1,"name":"Produits","item":"https:\/\/cascinasancassiano.com\/fr\/shop\/"},{"@type":"ListItem","position":2,"name":"Friggitelli &#8211; Piments verts \u00e0 l&#8217;huile"}]},{"@type":"WebSite","@id":"https:\/\/paolos156.sg-host.com\/#website","url":"https:\/\/paolos156.sg-host.com\/","name":"Cascina San Cassiano","description":"Gusta, credi, ama.","publisher":{"@id":"https:\/\/paolos156.sg-host.com\/#organization"},"potentialAction":[{"@type":"SearchAction","target":{"@type":"EntryPoint","urlTemplate":"https:\/\/paolos156.sg-host.com\/?s={search_term_string}"},"query-input":{"@type":"PropertyValueSpecification","valueRequired":true,"valueName":"search_term_string"}}],"inLanguage":"fr-FR"},{"@type":"Organization","@id":"https:\/\/paolos156.sg-host.com\/#organization","name":"Cascina San Cassiano","url":"https:\/\/paolos156.sg-host.com\/","logo":{"@type":"ImageObject","inLanguage":"fr-FR","@id":"https:\/\/paolos156.sg-host.com\/#\/schema\/logo\/image\/","url":"https:\/\/cascinasancassiano.com\/wp-content\/uploads\/2021\/09\/cascina-san-cassiano-logo.png","contentUrl":"https:\/\/cascinasancassiano.com\/wp-content\/uploads\/2021\/09\/cascina-san-cassiano-logo.png","width":700,"height":700,"caption":"Cascina San Cassiano"},"image":{"@id":"https:\/\/paolos156.sg-host.com\/#\/schema\/logo\/image\/"}}]}},"_links":{"self":[{"href":"https:\/\/cascinasancassiano.com\/fr\/wp-json\/wp\/v2\/product\/24024","targetHints":{"allow":["GET"]}}],"collection":[{"href":"https:\/\/cascinasancassiano.com\/fr\/wp-json\/wp\/v2\/product"}],"about":[{"href":"https:\/\/cascinasancassiano.com\/fr\/wp-json\/wp\/v2\/types\/product"}],"version-history":[{"count":0,"href":"https:\/\/cascinasancassiano.com\/fr\/wp-json\/wp\/v2\/product\/24024\/revisions"}],"wp:featuredmedia":[{"embeddable":true,"href":"https:\/\/cascinasancassiano.com\/fr\/wp-json\/wp\/v2\/media\/37077"}],"wp:attachment":[{"href":"https:\/\/cascinasancassiano.com\/fr\/wp-json\/wp\/v2\/media?parent=24024"}],"wp:term":[{"taxonomy":"product_brand","embeddable":true,"href":"https:\/\/cascinasancassiano.com\/fr\/wp-json\/wp\/v2\/product_brand?post=24024"},{"taxonomy":"product_cat","embeddable":true,"href":"https:\/\/cascinasancassiano.com\/fr\/wp-json\/wp\/v2\/product_cat?post=24024"},{"taxonomy":"product_tag","embeddable":true,"href":"https:\/\/cascinasancassiano.com\/fr\/wp-json\/wp\/v2\/product_tag?post=24024"}],"curies":[{"name":"wp","href":"https:\/\/api.w.org\/{rel}","templated":true}]}}