{"id":24007,"date":"2025-05-21T12:07:46","date_gmt":"2025-05-21T10:07:47","guid":{"rendered":"https:\/\/cascinasancassiano.com\/?post_type=product&#038;p=24007"},"modified":"2025-05-22T13:43:21","modified_gmt":"2025-05-22T11:43:21","slug":"peperonata-melange-de-poivrons-et-oignons-a-l-huile","status":"publish","type":"product","link":"https:\/\/cascinasancassiano.com\/fr\/prodotto\/peperonata-melange-de-poivrons-et-oignons-a-l-huile\/","title":{"rendered":"Peperonata &#8211; M\u00e9lange de poivrons et oignons \u00e0 l&rsquo;huile"},"content":{"rendered":"<p>Un grand classique de la cuisine italienne \u00e0 base de poivrons jaunes et rouges, d\u2019oignons et de tomates : \u00e0 partir de ces ingr\u00e9dients simples na\u00eet une entr\u00e9e ou un accompagnement de grande richesse, au go\u00fbt intense mais \u00e9quilibr\u00e9. La <em data-start=\"796\" data-end=\"808\">peperonata<\/em> peut se d\u00e9guster chaude ou froide, selon la saison, accompagn\u00e9e de viandes blanches ou rouges, de poisson grill\u00e9 ou sur des tranches de pain grill\u00e9. Elle est \u00e9galement d\u00e9licieuse dans les salades de p\u00e2tes froides estivales<\/p>\n","protected":false},"excerpt":{"rendered":"<p>Un grand classique de la cuisine italienne \u00e0 base de [&hellip;]<\/p>\n","protected":false},"featured_media":37085,"template":"","meta":{"_acf_changed":false},"product_brand":[],"product_cat":[118,199,119],"product_tag":[532],"class_list":{"0":"post-24007","1":"product","2":"type-product","3":"status-publish","4":"has-post-thumbnail","6":"product_cat-salato","7":"product_cat-antipasto","8":"product_cat-antipasti","9":"product_tag-vegano","10":"pa_novita-novita","12":"first","13":"instock","14":"taxable","15":"shipping-taxable","16":"purchasable","17":"product-type-simple"},"acf":[],"yoast_head":"<!-- This site is optimized with the Yoast SEO plugin v27.4 - https:\/\/yoast.com\/product\/yoast-seo-wordpress\/ -->\n<title>Peperonata - M\u00e9lange de poivrons et oignons \u00e0 l&#039;huile - Cascina San Cassiano<\/title>\n<meta name=\"description\" content=\"Entr\u00e9e ou accompagnement savoureux de la cuisine italienne, \u00e0 base de poivrons, d\u2019oignons et de tomates. Recette typique de la tradition culinaire italienne, \u00e0 utiliser \u00e0 temp\u00e9rature ambiante ou l\u00e9g\u00e8rement r\u00e9chauff\u00e9e, parfaite avec des viandes, des fromages frais ou du pain grill\u00e9.\" \/>\n<meta name=\"robots\" content=\"index, follow, max-snippet:-1, max-image-preview:large, max-video-preview:-1\" \/>\n<link rel=\"canonical\" href=\"https:\/\/cascinasancassiano.com\/fr\/prodotto\/peperonata-melange-de-poivrons-et-oignons-a-l-huile\/\" \/>\n<meta property=\"og:locale\" content=\"fr_FR\" \/>\n<meta property=\"og:type\" content=\"article\" \/>\n<meta property=\"og:title\" content=\"Peperonata - M\u00e9lange de poivrons et oignons \u00e0 l&#039;huile - Cascina San Cassiano\" \/>\n<meta property=\"og:description\" content=\"Entr\u00e9e ou accompagnement savoureux de la cuisine italienne, \u00e0 base de poivrons, d\u2019oignons et de tomates. Recette typique de la tradition culinaire italienne, \u00e0 utiliser \u00e0 temp\u00e9rature ambiante ou l\u00e9g\u00e8rement r\u00e9chauff\u00e9e, parfaite avec des viandes, des fromages frais ou du pain grill\u00e9.\" \/>\n<meta property=\"og:url\" content=\"https:\/\/cascinasancassiano.com\/fr\/prodotto\/peperonata-melange-de-poivrons-et-oignons-a-l-huile\/\" \/>\n<meta property=\"og:site_name\" content=\"Cascina San Cassiano\" \/>\n<meta property=\"article:modified_time\" content=\"2025-05-22T11:43:21+00:00\" \/>\n<meta property=\"og:image\" content=\"https:\/\/cascina.demoengagemint.it\/wp-content\/uploads\/2025\/05\/CSC727_Peperonata_25.png\" \/>\n\t<meta property=\"og:image:width\" content=\"1000\" \/>\n\t<meta property=\"og:image:height\" content=\"1000\" \/>\n\t<meta property=\"og:image:type\" content=\"image\/png\" \/>\n<meta name=\"twitter:card\" content=\"summary_large_image\" \/>\n<meta name=\"twitter:label1\" content=\"Dur\u00e9e de lecture estim\u00e9e\" \/>\n\t<meta name=\"twitter:data1\" content=\"2 minutes\" \/>\n<script type=\"application\/ld+json\" class=\"yoast-schema-graph\">{\"@context\":\"https:\\\/\\\/schema.org\",\"@graph\":[{\"@type\":\"WebPage\",\"@id\":\"https:\\\/\\\/cascinasancassiano.com\\\/fr\\\/prodotto\\\/peperonata-melange-de-poivrons-et-oignons-a-l-huile\\\/\",\"url\":\"https:\\\/\\\/cascinasancassiano.com\\\/fr\\\/prodotto\\\/peperonata-melange-de-poivrons-et-oignons-a-l-huile\\\/\",\"name\":\"Peperonata - M\u00e9lange de poivrons et oignons \u00e0 l'huile - Cascina San Cassiano\",\"isPartOf\":{\"@id\":\"https:\\\/\\\/paolos156.sg-host.com\\\/#website\"},\"primaryImageOfPage\":{\"@id\":\"https:\\\/\\\/cascinasancassiano.com\\\/fr\\\/prodotto\\\/peperonata-melange-de-poivrons-et-oignons-a-l-huile\\\/#primaryimage\"},\"image\":{\"@id\":\"https:\\\/\\\/cascinasancassiano.com\\\/fr\\\/prodotto\\\/peperonata-melange-de-poivrons-et-oignons-a-l-huile\\\/#primaryimage\"},\"thumbnailUrl\":\"https:\\\/\\\/cascinasancassiano.com\\\/wp-content\\\/uploads\\\/2025\\\/05\\\/CSC727_Peperonata_New_26.png\",\"datePublished\":\"2025-05-21T10:07:47+00:00\",\"dateModified\":\"2025-05-22T11:43:21+00:00\",\"description\":\"Entr\u00e9e ou accompagnement savoureux de la cuisine italienne, \u00e0 base de poivrons, d\u2019oignons et de tomates. Recette typique de la tradition culinaire italienne, \u00e0 utiliser \u00e0 temp\u00e9rature ambiante ou l\u00e9g\u00e8rement r\u00e9chauff\u00e9e, parfaite avec des viandes, des fromages frais ou du pain grill\u00e9.\",\"breadcrumb\":{\"@id\":\"https:\\\/\\\/cascinasancassiano.com\\\/fr\\\/prodotto\\\/peperonata-melange-de-poivrons-et-oignons-a-l-huile\\\/#breadcrumb\"},\"inLanguage\":\"fr-FR\",\"potentialAction\":[{\"@type\":\"ReadAction\",\"target\":[\"https:\\\/\\\/cascinasancassiano.com\\\/fr\\\/prodotto\\\/peperonata-melange-de-poivrons-et-oignons-a-l-huile\\\/\"]}]},{\"@type\":\"ImageObject\",\"inLanguage\":\"fr-FR\",\"@id\":\"https:\\\/\\\/cascinasancassiano.com\\\/fr\\\/prodotto\\\/peperonata-melange-de-poivrons-et-oignons-a-l-huile\\\/#primaryimage\",\"url\":\"https:\\\/\\\/cascinasancassiano.com\\\/wp-content\\\/uploads\\\/2025\\\/05\\\/CSC727_Peperonata_New_26.png\",\"contentUrl\":\"https:\\\/\\\/cascinasancassiano.com\\\/wp-content\\\/uploads\\\/2025\\\/05\\\/CSC727_Peperonata_New_26.png\",\"width\":1000,\"height\":1000,\"caption\":\"Peperonata\"},{\"@type\":\"BreadcrumbList\",\"@id\":\"https:\\\/\\\/cascinasancassiano.com\\\/fr\\\/prodotto\\\/peperonata-melange-de-poivrons-et-oignons-a-l-huile\\\/#breadcrumb\",\"itemListElement\":[{\"@type\":\"ListItem\",\"position\":1,\"name\":\"Produits\",\"item\":\"https:\\\/\\\/cascinasancassiano.com\\\/fr\\\/shop\\\/\"},{\"@type\":\"ListItem\",\"position\":2,\"name\":\"Peperonata &#8211; M\u00e9lange de poivrons et oignons \u00e0 l&#8217;huile\"}]},{\"@type\":\"WebSite\",\"@id\":\"https:\\\/\\\/paolos156.sg-host.com\\\/#website\",\"url\":\"https:\\\/\\\/paolos156.sg-host.com\\\/\",\"name\":\"Cascina San Cassiano\",\"description\":\"Gusta, credi, ama.\",\"publisher\":{\"@id\":\"https:\\\/\\\/paolos156.sg-host.com\\\/#organization\"},\"potentialAction\":[{\"@type\":\"SearchAction\",\"target\":{\"@type\":\"EntryPoint\",\"urlTemplate\":\"https:\\\/\\\/paolos156.sg-host.com\\\/?s={search_term_string}\"},\"query-input\":{\"@type\":\"PropertyValueSpecification\",\"valueRequired\":true,\"valueName\":\"search_term_string\"}}],\"inLanguage\":\"fr-FR\"},{\"@type\":\"Organization\",\"@id\":\"https:\\\/\\\/paolos156.sg-host.com\\\/#organization\",\"name\":\"Cascina San Cassiano\",\"url\":\"https:\\\/\\\/paolos156.sg-host.com\\\/\",\"logo\":{\"@type\":\"ImageObject\",\"inLanguage\":\"fr-FR\",\"@id\":\"https:\\\/\\\/paolos156.sg-host.com\\\/#\\\/schema\\\/logo\\\/image\\\/\",\"url\":\"https:\\\/\\\/cascinasancassiano.com\\\/wp-content\\\/uploads\\\/2021\\\/09\\\/cascina-san-cassiano-logo.png\",\"contentUrl\":\"https:\\\/\\\/cascinasancassiano.com\\\/wp-content\\\/uploads\\\/2021\\\/09\\\/cascina-san-cassiano-logo.png\",\"width\":700,\"height\":700,\"caption\":\"Cascina San Cassiano\"},\"image\":{\"@id\":\"https:\\\/\\\/paolos156.sg-host.com\\\/#\\\/schema\\\/logo\\\/image\\\/\"}}]}<\/script>\n<!-- \/ Yoast SEO plugin. -->","yoast_head_json":{"title":"Peperonata - M\u00e9lange de poivrons et oignons \u00e0 l'huile - Cascina San Cassiano","description":"Entr\u00e9e ou accompagnement savoureux de la cuisine italienne, \u00e0 base de poivrons, d\u2019oignons et de tomates. Recette typique de la tradition culinaire italienne, \u00e0 utiliser \u00e0 temp\u00e9rature ambiante ou l\u00e9g\u00e8rement r\u00e9chauff\u00e9e, parfaite avec des viandes, des fromages frais ou du pain grill\u00e9.","robots":{"index":"index","follow":"follow","max-snippet":"max-snippet:-1","max-image-preview":"max-image-preview:large","max-video-preview":"max-video-preview:-1"},"canonical":"https:\/\/cascinasancassiano.com\/fr\/prodotto\/peperonata-melange-de-poivrons-et-oignons-a-l-huile\/","og_locale":"fr_FR","og_type":"article","og_title":"Peperonata - M\u00e9lange de poivrons et oignons \u00e0 l'huile - Cascina San Cassiano","og_description":"Entr\u00e9e ou accompagnement savoureux de la cuisine italienne, \u00e0 base de poivrons, d\u2019oignons et de tomates. Recette typique de la tradition culinaire italienne, \u00e0 utiliser \u00e0 temp\u00e9rature ambiante ou l\u00e9g\u00e8rement r\u00e9chauff\u00e9e, parfaite avec des viandes, des fromages frais ou du pain grill\u00e9.","og_url":"https:\/\/cascinasancassiano.com\/fr\/prodotto\/peperonata-melange-de-poivrons-et-oignons-a-l-huile\/","og_site_name":"Cascina San Cassiano","article_modified_time":"2025-05-22T11:43:21+00:00","og_image":[{"width":1000,"height":1000,"url":"https:\/\/cascina.demoengagemint.it\/wp-content\/uploads\/2025\/05\/CSC727_Peperonata_25.png","type":"image\/png"}],"twitter_card":"summary_large_image","twitter_misc":{"Dur\u00e9e de lecture estim\u00e9e":"2 minutes"},"schema":{"@context":"https:\/\/schema.org","@graph":[{"@type":"WebPage","@id":"https:\/\/cascinasancassiano.com\/fr\/prodotto\/peperonata-melange-de-poivrons-et-oignons-a-l-huile\/","url":"https:\/\/cascinasancassiano.com\/fr\/prodotto\/peperonata-melange-de-poivrons-et-oignons-a-l-huile\/","name":"Peperonata - M\u00e9lange de poivrons et oignons \u00e0 l'huile - Cascina San Cassiano","isPartOf":{"@id":"https:\/\/paolos156.sg-host.com\/#website"},"primaryImageOfPage":{"@id":"https:\/\/cascinasancassiano.com\/fr\/prodotto\/peperonata-melange-de-poivrons-et-oignons-a-l-huile\/#primaryimage"},"image":{"@id":"https:\/\/cascinasancassiano.com\/fr\/prodotto\/peperonata-melange-de-poivrons-et-oignons-a-l-huile\/#primaryimage"},"thumbnailUrl":"https:\/\/cascinasancassiano.com\/wp-content\/uploads\/2025\/05\/CSC727_Peperonata_New_26.png","datePublished":"2025-05-21T10:07:47+00:00","dateModified":"2025-05-22T11:43:21+00:00","description":"Entr\u00e9e ou accompagnement savoureux de la cuisine italienne, \u00e0 base de poivrons, d\u2019oignons et de tomates. Recette typique de la tradition culinaire italienne, \u00e0 utiliser \u00e0 temp\u00e9rature ambiante ou l\u00e9g\u00e8rement r\u00e9chauff\u00e9e, parfaite avec des viandes, des fromages frais ou du pain grill\u00e9.","breadcrumb":{"@id":"https:\/\/cascinasancassiano.com\/fr\/prodotto\/peperonata-melange-de-poivrons-et-oignons-a-l-huile\/#breadcrumb"},"inLanguage":"fr-FR","potentialAction":[{"@type":"ReadAction","target":["https:\/\/cascinasancassiano.com\/fr\/prodotto\/peperonata-melange-de-poivrons-et-oignons-a-l-huile\/"]}]},{"@type":"ImageObject","inLanguage":"fr-FR","@id":"https:\/\/cascinasancassiano.com\/fr\/prodotto\/peperonata-melange-de-poivrons-et-oignons-a-l-huile\/#primaryimage","url":"https:\/\/cascinasancassiano.com\/wp-content\/uploads\/2025\/05\/CSC727_Peperonata_New_26.png","contentUrl":"https:\/\/cascinasancassiano.com\/wp-content\/uploads\/2025\/05\/CSC727_Peperonata_New_26.png","width":1000,"height":1000,"caption":"Peperonata"},{"@type":"BreadcrumbList","@id":"https:\/\/cascinasancassiano.com\/fr\/prodotto\/peperonata-melange-de-poivrons-et-oignons-a-l-huile\/#breadcrumb","itemListElement":[{"@type":"ListItem","position":1,"name":"Produits","item":"https:\/\/cascinasancassiano.com\/fr\/shop\/"},{"@type":"ListItem","position":2,"name":"Peperonata &#8211; M\u00e9lange de poivrons et oignons \u00e0 l&#8217;huile"}]},{"@type":"WebSite","@id":"https:\/\/paolos156.sg-host.com\/#website","url":"https:\/\/paolos156.sg-host.com\/","name":"Cascina San Cassiano","description":"Gusta, credi, ama.","publisher":{"@id":"https:\/\/paolos156.sg-host.com\/#organization"},"potentialAction":[{"@type":"SearchAction","target":{"@type":"EntryPoint","urlTemplate":"https:\/\/paolos156.sg-host.com\/?s={search_term_string}"},"query-input":{"@type":"PropertyValueSpecification","valueRequired":true,"valueName":"search_term_string"}}],"inLanguage":"fr-FR"},{"@type":"Organization","@id":"https:\/\/paolos156.sg-host.com\/#organization","name":"Cascina San Cassiano","url":"https:\/\/paolos156.sg-host.com\/","logo":{"@type":"ImageObject","inLanguage":"fr-FR","@id":"https:\/\/paolos156.sg-host.com\/#\/schema\/logo\/image\/","url":"https:\/\/cascinasancassiano.com\/wp-content\/uploads\/2021\/09\/cascina-san-cassiano-logo.png","contentUrl":"https:\/\/cascinasancassiano.com\/wp-content\/uploads\/2021\/09\/cascina-san-cassiano-logo.png","width":700,"height":700,"caption":"Cascina San Cassiano"},"image":{"@id":"https:\/\/paolos156.sg-host.com\/#\/schema\/logo\/image\/"}}]}},"_links":{"self":[{"href":"https:\/\/cascinasancassiano.com\/fr\/wp-json\/wp\/v2\/product\/24007","targetHints":{"allow":["GET"]}}],"collection":[{"href":"https:\/\/cascinasancassiano.com\/fr\/wp-json\/wp\/v2\/product"}],"about":[{"href":"https:\/\/cascinasancassiano.com\/fr\/wp-json\/wp\/v2\/types\/product"}],"version-history":[{"count":0,"href":"https:\/\/cascinasancassiano.com\/fr\/wp-json\/wp\/v2\/product\/24007\/revisions"}],"wp:featuredmedia":[{"embeddable":true,"href":"https:\/\/cascinasancassiano.com\/fr\/wp-json\/wp\/v2\/media\/37085"}],"wp:attachment":[{"href":"https:\/\/cascinasancassiano.com\/fr\/wp-json\/wp\/v2\/media?parent=24007"}],"wp:term":[{"taxonomy":"product_brand","embeddable":true,"href":"https:\/\/cascinasancassiano.com\/fr\/wp-json\/wp\/v2\/product_brand?post=24007"},{"taxonomy":"product_cat","embeddable":true,"href":"https:\/\/cascinasancassiano.com\/fr\/wp-json\/wp\/v2\/product_cat?post=24007"},{"taxonomy":"product_tag","embeddable":true,"href":"https:\/\/cascinasancassiano.com\/fr\/wp-json\/wp\/v2\/product_tag?post=24007"}],"curies":[{"name":"wp","href":"https:\/\/api.w.org\/{rel}","templated":true}]}}