{"id":23979,"date":"2025-05-20T16:05:06","date_gmt":"2025-05-20T14:05:06","guid":{"rendered":"https:\/\/cascinasancassiano.com\/?post_type=product&#038;p=23979"},"modified":"2025-05-20T16:53:48","modified_gmt":"2025-05-20T14:53:48","slug":"flan-sale-aux-carottes","status":"publish","type":"product","link":"https:\/\/cascinasancassiano.com\/fr\/prodotto\/flan-sale-aux-carottes\/","title":{"rendered":"Flan sal\u00e9 aux carottes"},"content":{"rendered":"<p>Flan frais et l\u00e9ger en portion individuelle, pr\u00e9par\u00e9 avec des carottes, des \u0153ufs 100 % italiens, de la ricotta et du vin passito. Aux notes naturellement douces, ce flan est une excellente entr\u00e9e servi ti\u00e8de avec l\u2019une de nos cr\u00e8mes au fromage, ou un accompagnement d\u00e9licat relev\u00e9 de quelques gouttes de Vinaigre Balsamique de Mod\u00e8ne IGP ou accompagn\u00e9 de l\u00e9gumes aigre-doux.<\/p>\n","protected":false},"excerpt":{"rendered":"<p>Flan frais et l\u00e9ger en portion individuelle, pr\u00e9par\u00e9 avec des [&hellip;]<\/p>\n","protected":false},"featured_media":37132,"template":"","meta":{"_acf_changed":false},"product_brand":[],"product_cat":[118,415,119],"product_tag":[],"class_list":{"0":"post-23979","1":"product","2":"type-product","3":"status-publish","4":"has-post-thumbnail","6":"product_cat-salato","7":"product_cat-flans","8":"product_cat-antipasti","9":"pa_novita-novita","11":"first","12":"instock","13":"taxable","14":"shipping-taxable","15":"purchasable","16":"product-type-simple"},"acf":[],"yoast_head":"<!-- This site is optimized with the Yoast SEO plugin v27.4 - https:\/\/yoast.com\/product\/yoast-seo-wordpress\/ -->\n<title>Flan sal\u00e9 aux carottes - Cascina San Cassiano<\/title>\n<meta name=\"description\" content=\"Flan frais et l\u00e9ger, pr\u00e9par\u00e9 avec des carottes, des \u0153ufs 100 % italiens, de la ricotta et du vin passito. Ce flan est parfait en entr\u00e9e, avec une cr\u00e8me au fromage par Cascina San Cassiano.\" \/>\n<meta name=\"robots\" content=\"index, follow, max-snippet:-1, max-image-preview:large, max-video-preview:-1\" \/>\n<link rel=\"canonical\" href=\"https:\/\/cascinasancassiano.com\/fr\/prodotto\/flan-sale-aux-carottes\/\" \/>\n<meta property=\"og:locale\" content=\"fr_FR\" \/>\n<meta property=\"og:type\" content=\"article\" \/>\n<meta property=\"og:title\" content=\"Flan sal\u00e9 aux carottes - Cascina San Cassiano\" \/>\n<meta property=\"og:description\" content=\"Flan frais et l\u00e9ger, pr\u00e9par\u00e9 avec des carottes, des \u0153ufs 100 % italiens, de la ricotta et du vin passito. Ce flan est parfait en entr\u00e9e, avec une cr\u00e8me au fromage par Cascina San Cassiano.\" \/>\n<meta property=\"og:url\" content=\"https:\/\/cascinasancassiano.com\/fr\/prodotto\/flan-sale-aux-carottes\/\" \/>\n<meta property=\"og:site_name\" content=\"Cascina San Cassiano\" \/>\n<meta property=\"article:modified_time\" content=\"2025-05-20T14:53:48+00:00\" \/>\n<meta property=\"og:image\" content=\"https:\/\/cascina.demoengagemint.it\/wp-content\/uploads\/2025\/05\/CSC402_Flan_carote_25-2.png\" \/>\n\t<meta property=\"og:image:width\" content=\"1000\" \/>\n\t<meta property=\"og:image:height\" content=\"1000\" \/>\n\t<meta property=\"og:image:type\" content=\"image\/png\" \/>\n<meta name=\"twitter:card\" content=\"summary_large_image\" \/>\n<meta name=\"twitter:label1\" content=\"Dur\u00e9e de lecture estim\u00e9e\" \/>\n\t<meta name=\"twitter:data1\" content=\"2 minutes\" \/>\n<script type=\"application\/ld+json\" class=\"yoast-schema-graph\">{\"@context\":\"https:\\\/\\\/schema.org\",\"@graph\":[{\"@type\":\"WebPage\",\"@id\":\"https:\\\/\\\/cascinasancassiano.com\\\/fr\\\/prodotto\\\/flan-sale-aux-carottes\\\/\",\"url\":\"https:\\\/\\\/cascinasancassiano.com\\\/fr\\\/prodotto\\\/flan-sale-aux-carottes\\\/\",\"name\":\"Flan sal\u00e9 aux carottes - Cascina San Cassiano\",\"isPartOf\":{\"@id\":\"https:\\\/\\\/paolos156.sg-host.com\\\/#website\"},\"primaryImageOfPage\":{\"@id\":\"https:\\\/\\\/cascinasancassiano.com\\\/fr\\\/prodotto\\\/flan-sale-aux-carottes\\\/#primaryimage\"},\"image\":{\"@id\":\"https:\\\/\\\/cascinasancassiano.com\\\/fr\\\/prodotto\\\/flan-sale-aux-carottes\\\/#primaryimage\"},\"thumbnailUrl\":\"https:\\\/\\\/cascinasancassiano.com\\\/wp-content\\\/uploads\\\/2025\\\/05\\\/CSC-402-Flan-Carote-New-26.png\",\"datePublished\":\"2025-05-20T14:05:06+00:00\",\"dateModified\":\"2025-05-20T14:53:48+00:00\",\"description\":\"Flan frais et l\u00e9ger, pr\u00e9par\u00e9 avec des carottes, des \u0153ufs 100 % italiens, de la ricotta et du vin passito. Ce flan est parfait en entr\u00e9e, avec une cr\u00e8me au fromage par Cascina San Cassiano.\",\"breadcrumb\":{\"@id\":\"https:\\\/\\\/cascinasancassiano.com\\\/fr\\\/prodotto\\\/flan-sale-aux-carottes\\\/#breadcrumb\"},\"inLanguage\":\"fr-FR\",\"potentialAction\":[{\"@type\":\"ReadAction\",\"target\":[\"https:\\\/\\\/cascinasancassiano.com\\\/fr\\\/prodotto\\\/flan-sale-aux-carottes\\\/\"]}]},{\"@type\":\"ImageObject\",\"inLanguage\":\"fr-FR\",\"@id\":\"https:\\\/\\\/cascinasancassiano.com\\\/fr\\\/prodotto\\\/flan-sale-aux-carottes\\\/#primaryimage\",\"url\":\"https:\\\/\\\/cascinasancassiano.com\\\/wp-content\\\/uploads\\\/2025\\\/05\\\/CSC-402-Flan-Carote-New-26.png\",\"contentUrl\":\"https:\\\/\\\/cascinasancassiano.com\\\/wp-content\\\/uploads\\\/2025\\\/05\\\/CSC-402-Flan-Carote-New-26.png\",\"width\":1000,\"height\":1000,\"caption\":\"Flan Carote\"},{\"@type\":\"BreadcrumbList\",\"@id\":\"https:\\\/\\\/cascinasancassiano.com\\\/fr\\\/prodotto\\\/flan-sale-aux-carottes\\\/#breadcrumb\",\"itemListElement\":[{\"@type\":\"ListItem\",\"position\":1,\"name\":\"Produits\",\"item\":\"https:\\\/\\\/cascinasancassiano.com\\\/fr\\\/shop\\\/\"},{\"@type\":\"ListItem\",\"position\":2,\"name\":\"Flan sal\u00e9 aux carottes\"}]},{\"@type\":\"WebSite\",\"@id\":\"https:\\\/\\\/paolos156.sg-host.com\\\/#website\",\"url\":\"https:\\\/\\\/paolos156.sg-host.com\\\/\",\"name\":\"Cascina San Cassiano\",\"description\":\"Gusta, credi, ama.\",\"publisher\":{\"@id\":\"https:\\\/\\\/paolos156.sg-host.com\\\/#organization\"},\"potentialAction\":[{\"@type\":\"SearchAction\",\"target\":{\"@type\":\"EntryPoint\",\"urlTemplate\":\"https:\\\/\\\/paolos156.sg-host.com\\\/?s={search_term_string}\"},\"query-input\":{\"@type\":\"PropertyValueSpecification\",\"valueRequired\":true,\"valueName\":\"search_term_string\"}}],\"inLanguage\":\"fr-FR\"},{\"@type\":\"Organization\",\"@id\":\"https:\\\/\\\/paolos156.sg-host.com\\\/#organization\",\"name\":\"Cascina San Cassiano\",\"url\":\"https:\\\/\\\/paolos156.sg-host.com\\\/\",\"logo\":{\"@type\":\"ImageObject\",\"inLanguage\":\"fr-FR\",\"@id\":\"https:\\\/\\\/paolos156.sg-host.com\\\/#\\\/schema\\\/logo\\\/image\\\/\",\"url\":\"https:\\\/\\\/cascinasancassiano.com\\\/wp-content\\\/uploads\\\/2021\\\/09\\\/cascina-san-cassiano-logo.png\",\"contentUrl\":\"https:\\\/\\\/cascinasancassiano.com\\\/wp-content\\\/uploads\\\/2021\\\/09\\\/cascina-san-cassiano-logo.png\",\"width\":700,\"height\":700,\"caption\":\"Cascina San Cassiano\"},\"image\":{\"@id\":\"https:\\\/\\\/paolos156.sg-host.com\\\/#\\\/schema\\\/logo\\\/image\\\/\"}}]}<\/script>\n<!-- \/ Yoast SEO plugin. -->","yoast_head_json":{"title":"Flan sal\u00e9 aux carottes - Cascina San Cassiano","description":"Flan frais et l\u00e9ger, pr\u00e9par\u00e9 avec des carottes, des \u0153ufs 100 % italiens, de la ricotta et du vin passito. Ce flan est parfait en entr\u00e9e, avec une cr\u00e8me au fromage par Cascina San Cassiano.","robots":{"index":"index","follow":"follow","max-snippet":"max-snippet:-1","max-image-preview":"max-image-preview:large","max-video-preview":"max-video-preview:-1"},"canonical":"https:\/\/cascinasancassiano.com\/fr\/prodotto\/flan-sale-aux-carottes\/","og_locale":"fr_FR","og_type":"article","og_title":"Flan sal\u00e9 aux carottes - Cascina San Cassiano","og_description":"Flan frais et l\u00e9ger, pr\u00e9par\u00e9 avec des carottes, des \u0153ufs 100 % italiens, de la ricotta et du vin passito. Ce flan est parfait en entr\u00e9e, avec une cr\u00e8me au fromage par Cascina San Cassiano.","og_url":"https:\/\/cascinasancassiano.com\/fr\/prodotto\/flan-sale-aux-carottes\/","og_site_name":"Cascina San Cassiano","article_modified_time":"2025-05-20T14:53:48+00:00","og_image":[{"width":1000,"height":1000,"url":"https:\/\/cascina.demoengagemint.it\/wp-content\/uploads\/2025\/05\/CSC402_Flan_carote_25-2.png","type":"image\/png"}],"twitter_card":"summary_large_image","twitter_misc":{"Dur\u00e9e de lecture estim\u00e9e":"2 minutes"},"schema":{"@context":"https:\/\/schema.org","@graph":[{"@type":"WebPage","@id":"https:\/\/cascinasancassiano.com\/fr\/prodotto\/flan-sale-aux-carottes\/","url":"https:\/\/cascinasancassiano.com\/fr\/prodotto\/flan-sale-aux-carottes\/","name":"Flan sal\u00e9 aux carottes - Cascina San Cassiano","isPartOf":{"@id":"https:\/\/paolos156.sg-host.com\/#website"},"primaryImageOfPage":{"@id":"https:\/\/cascinasancassiano.com\/fr\/prodotto\/flan-sale-aux-carottes\/#primaryimage"},"image":{"@id":"https:\/\/cascinasancassiano.com\/fr\/prodotto\/flan-sale-aux-carottes\/#primaryimage"},"thumbnailUrl":"https:\/\/cascinasancassiano.com\/wp-content\/uploads\/2025\/05\/CSC-402-Flan-Carote-New-26.png","datePublished":"2025-05-20T14:05:06+00:00","dateModified":"2025-05-20T14:53:48+00:00","description":"Flan frais et l\u00e9ger, pr\u00e9par\u00e9 avec des carottes, des \u0153ufs 100 % italiens, de la ricotta et du vin passito. Ce flan est parfait en entr\u00e9e, avec une cr\u00e8me au fromage par Cascina San Cassiano.","breadcrumb":{"@id":"https:\/\/cascinasancassiano.com\/fr\/prodotto\/flan-sale-aux-carottes\/#breadcrumb"},"inLanguage":"fr-FR","potentialAction":[{"@type":"ReadAction","target":["https:\/\/cascinasancassiano.com\/fr\/prodotto\/flan-sale-aux-carottes\/"]}]},{"@type":"ImageObject","inLanguage":"fr-FR","@id":"https:\/\/cascinasancassiano.com\/fr\/prodotto\/flan-sale-aux-carottes\/#primaryimage","url":"https:\/\/cascinasancassiano.com\/wp-content\/uploads\/2025\/05\/CSC-402-Flan-Carote-New-26.png","contentUrl":"https:\/\/cascinasancassiano.com\/wp-content\/uploads\/2025\/05\/CSC-402-Flan-Carote-New-26.png","width":1000,"height":1000,"caption":"Flan Carote"},{"@type":"BreadcrumbList","@id":"https:\/\/cascinasancassiano.com\/fr\/prodotto\/flan-sale-aux-carottes\/#breadcrumb","itemListElement":[{"@type":"ListItem","position":1,"name":"Produits","item":"https:\/\/cascinasancassiano.com\/fr\/shop\/"},{"@type":"ListItem","position":2,"name":"Flan sal\u00e9 aux carottes"}]},{"@type":"WebSite","@id":"https:\/\/paolos156.sg-host.com\/#website","url":"https:\/\/paolos156.sg-host.com\/","name":"Cascina San Cassiano","description":"Gusta, credi, ama.","publisher":{"@id":"https:\/\/paolos156.sg-host.com\/#organization"},"potentialAction":[{"@type":"SearchAction","target":{"@type":"EntryPoint","urlTemplate":"https:\/\/paolos156.sg-host.com\/?s={search_term_string}"},"query-input":{"@type":"PropertyValueSpecification","valueRequired":true,"valueName":"search_term_string"}}],"inLanguage":"fr-FR"},{"@type":"Organization","@id":"https:\/\/paolos156.sg-host.com\/#organization","name":"Cascina San Cassiano","url":"https:\/\/paolos156.sg-host.com\/","logo":{"@type":"ImageObject","inLanguage":"fr-FR","@id":"https:\/\/paolos156.sg-host.com\/#\/schema\/logo\/image\/","url":"https:\/\/cascinasancassiano.com\/wp-content\/uploads\/2021\/09\/cascina-san-cassiano-logo.png","contentUrl":"https:\/\/cascinasancassiano.com\/wp-content\/uploads\/2021\/09\/cascina-san-cassiano-logo.png","width":700,"height":700,"caption":"Cascina San Cassiano"},"image":{"@id":"https:\/\/paolos156.sg-host.com\/#\/schema\/logo\/image\/"}}]}},"_links":{"self":[{"href":"https:\/\/cascinasancassiano.com\/fr\/wp-json\/wp\/v2\/product\/23979","targetHints":{"allow":["GET"]}}],"collection":[{"href":"https:\/\/cascinasancassiano.com\/fr\/wp-json\/wp\/v2\/product"}],"about":[{"href":"https:\/\/cascinasancassiano.com\/fr\/wp-json\/wp\/v2\/types\/product"}],"version-history":[{"count":0,"href":"https:\/\/cascinasancassiano.com\/fr\/wp-json\/wp\/v2\/product\/23979\/revisions"}],"wp:featuredmedia":[{"embeddable":true,"href":"https:\/\/cascinasancassiano.com\/fr\/wp-json\/wp\/v2\/media\/37132"}],"wp:attachment":[{"href":"https:\/\/cascinasancassiano.com\/fr\/wp-json\/wp\/v2\/media?parent=23979"}],"wp:term":[{"taxonomy":"product_brand","embeddable":true,"href":"https:\/\/cascinasancassiano.com\/fr\/wp-json\/wp\/v2\/product_brand?post=23979"},{"taxonomy":"product_cat","embeddable":true,"href":"https:\/\/cascinasancassiano.com\/fr\/wp-json\/wp\/v2\/product_cat?post=23979"},{"taxonomy":"product_tag","embeddable":true,"href":"https:\/\/cascinasancassiano.com\/fr\/wp-json\/wp\/v2\/product_tag?post=23979"}],"curies":[{"name":"wp","href":"https:\/\/api.w.org\/{rel}","templated":true}]}}