{"id":23936,"date":"2025-05-19T17:57:23","date_gmt":"2025-05-19T15:57:23","guid":{"rendered":"https:\/\/cascinasancassiano.com\/?post_type=product&#038;p=23936"},"modified":"2026-02-05T15:20:57","modified_gmt":"2026-02-05T14:20:57","slug":"bechamel-con-mascarpone","status":"publish","type":"product","link":"https:\/\/cascinasancassiano.com\/fr\/prodotto\/bechamel-con-mascarpone\/","title":{"rendered":"Sauce b\u00e9chamel"},"content":{"rendered":"<p>Sauce B\u00e9chamel prepar\u00e9e avec du fromage \u00ab\u00a0Mascarpone\u00a0\u00bb, du beurre et\u00a0 parfum\u00e9e \u00e0 la noix de muscade, sans farine. Cette b\u00e9chamel a une texture velout\u00e9e et une saveur d\u00e9licate, id\u00e9ale pour napper des lasagnes, gratiner des l\u00e9gumes ou r\u00e9aliser des timbales de p\u00e2tes ou de riz.<\/p>\n","protected":false},"excerpt":{"rendered":"<p>Sauce B\u00e9chamel prepar\u00e9e avec du fromage \u00ab\u00a0Mascarpone\u00a0\u00bb, du beurre et\u00a0 [&hellip;]<\/p>\n","protected":false},"featured_media":36844,"template":"","meta":{"_acf_changed":false},"product_brand":[],"product_cat":[118,232,514],"product_tag":[],"class_list":{"0":"post-23936","1":"product","2":"type-product","3":"status-publish","4":"has-post-thumbnail","6":"product_cat-salato","7":"product_cat-creme-a-base-di-formaggio","8":"product_cat-creme-formaggio","9":"pa_novita-novita","11":"first","12":"instock","13":"taxable","14":"shipping-taxable","15":"purchasable","16":"product-type-simple"},"acf":[],"yoast_head":"<!-- This site is optimized with the Yoast SEO plugin v27.4 - https:\/\/yoast.com\/product\/yoast-seo-wordpress\/ -->\n<title>Sauce b\u00e9chamel - Cascina San Cassiano<\/title>\n<meta name=\"description\" content=\"B\u00e9chamel velout\u00e9e\u00e0 base de mascarpone et de beurre, d\u00e9licatement parfum\u00e9e \u00e0 la noix de muscade. Sauce pr\u00eate \u00e0 l\u2019emploi pour napper des lasagnes, cannellonis et tous les plats \u00e0 cuire ou gratiner au four.\" \/>\n<meta name=\"robots\" content=\"index, follow, max-snippet:-1, max-image-preview:large, max-video-preview:-1\" \/>\n<link rel=\"canonical\" href=\"https:\/\/cascinasancassiano.com\/fr\/prodotto\/bechamel-con-mascarpone\/\" \/>\n<meta property=\"og:locale\" content=\"fr_FR\" \/>\n<meta property=\"og:type\" content=\"article\" \/>\n<meta property=\"og:title\" content=\"Sauce b\u00e9chamel - Cascina San Cassiano\" \/>\n<meta property=\"og:description\" content=\"B\u00e9chamel velout\u00e9e\u00e0 base de mascarpone et de beurre, d\u00e9licatement parfum\u00e9e \u00e0 la noix de muscade. Sauce pr\u00eate \u00e0 l\u2019emploi pour napper des lasagnes, cannellonis et tous les plats \u00e0 cuire ou gratiner au four.\" \/>\n<meta property=\"og:url\" content=\"https:\/\/cascinasancassiano.com\/fr\/prodotto\/bechamel-con-mascarpone\/\" \/>\n<meta property=\"og:site_name\" content=\"Cascina San Cassiano\" \/>\n<meta property=\"article:modified_time\" content=\"2026-02-05T14:20:57+00:00\" \/>\n<meta property=\"og:image\" content=\"https:\/\/cascina.demoengagemint.it\/wp-content\/uploads\/2025\/05\/CSC-750-Salsa-Bechamel-New-26.png\" \/>\n\t<meta property=\"og:image:width\" content=\"1000\" \/>\n\t<meta property=\"og:image:height\" content=\"1000\" \/>\n\t<meta property=\"og:image:type\" content=\"image\/png\" \/>\n<meta name=\"twitter:card\" content=\"summary_large_image\" \/>\n<meta name=\"twitter:label1\" content=\"Dur\u00e9e de lecture estim\u00e9e\" \/>\n\t<meta name=\"twitter:data1\" content=\"2 minutes\" \/>\n<script type=\"application\/ld+json\" class=\"yoast-schema-graph\">{\"@context\":\"https:\\\/\\\/schema.org\",\"@graph\":[{\"@type\":\"WebPage\",\"@id\":\"https:\\\/\\\/cascinasancassiano.com\\\/fr\\\/prodotto\\\/bechamel-con-mascarpone\\\/\",\"url\":\"https:\\\/\\\/cascinasancassiano.com\\\/fr\\\/prodotto\\\/bechamel-con-mascarpone\\\/\",\"name\":\"Sauce b\u00e9chamel - Cascina San Cassiano\",\"isPartOf\":{\"@id\":\"https:\\\/\\\/paolos156.sg-host.com\\\/#website\"},\"primaryImageOfPage\":{\"@id\":\"https:\\\/\\\/cascinasancassiano.com\\\/fr\\\/prodotto\\\/bechamel-con-mascarpone\\\/#primaryimage\"},\"image\":{\"@id\":\"https:\\\/\\\/cascinasancassiano.com\\\/fr\\\/prodotto\\\/bechamel-con-mascarpone\\\/#primaryimage\"},\"thumbnailUrl\":\"https:\\\/\\\/cascinasancassiano.com\\\/wp-content\\\/uploads\\\/2025\\\/05\\\/CSC-750-Salsa-Bechamel-New-26.png\",\"datePublished\":\"2025-05-19T15:57:23+00:00\",\"dateModified\":\"2026-02-05T14:20:57+00:00\",\"description\":\"B\u00e9chamel velout\u00e9e\u00e0 base de mascarpone et de beurre, d\u00e9licatement parfum\u00e9e \u00e0 la noix de muscade. Sauce pr\u00eate \u00e0 l\u2019emploi pour napper des lasagnes, cannellonis et tous les plats \u00e0 cuire ou gratiner au four.\",\"breadcrumb\":{\"@id\":\"https:\\\/\\\/cascinasancassiano.com\\\/fr\\\/prodotto\\\/bechamel-con-mascarpone\\\/#breadcrumb\"},\"inLanguage\":\"fr-FR\",\"potentialAction\":[{\"@type\":\"ReadAction\",\"target\":[\"https:\\\/\\\/cascinasancassiano.com\\\/fr\\\/prodotto\\\/bechamel-con-mascarpone\\\/\"]}]},{\"@type\":\"ImageObject\",\"inLanguage\":\"fr-FR\",\"@id\":\"https:\\\/\\\/cascinasancassiano.com\\\/fr\\\/prodotto\\\/bechamel-con-mascarpone\\\/#primaryimage\",\"url\":\"https:\\\/\\\/cascinasancassiano.com\\\/wp-content\\\/uploads\\\/2025\\\/05\\\/CSC-750-Salsa-Bechamel-New-26.png\",\"contentUrl\":\"https:\\\/\\\/cascinasancassiano.com\\\/wp-content\\\/uploads\\\/2025\\\/05\\\/CSC-750-Salsa-Bechamel-New-26.png\",\"width\":1000,\"height\":1000,\"caption\":\"Salsa Be\u0300chamel\"},{\"@type\":\"BreadcrumbList\",\"@id\":\"https:\\\/\\\/cascinasancassiano.com\\\/fr\\\/prodotto\\\/bechamel-con-mascarpone\\\/#breadcrumb\",\"itemListElement\":[{\"@type\":\"ListItem\",\"position\":1,\"name\":\"Produits\",\"item\":\"https:\\\/\\\/cascinasancassiano.com\\\/fr\\\/shop\\\/\"},{\"@type\":\"ListItem\",\"position\":2,\"name\":\"Sauce b\u00e9chamel\"}]},{\"@type\":\"WebSite\",\"@id\":\"https:\\\/\\\/paolos156.sg-host.com\\\/#website\",\"url\":\"https:\\\/\\\/paolos156.sg-host.com\\\/\",\"name\":\"Cascina San Cassiano\",\"description\":\"Gusta, credi, ama.\",\"publisher\":{\"@id\":\"https:\\\/\\\/paolos156.sg-host.com\\\/#organization\"},\"potentialAction\":[{\"@type\":\"SearchAction\",\"target\":{\"@type\":\"EntryPoint\",\"urlTemplate\":\"https:\\\/\\\/paolos156.sg-host.com\\\/?s={search_term_string}\"},\"query-input\":{\"@type\":\"PropertyValueSpecification\",\"valueRequired\":true,\"valueName\":\"search_term_string\"}}],\"inLanguage\":\"fr-FR\"},{\"@type\":\"Organization\",\"@id\":\"https:\\\/\\\/paolos156.sg-host.com\\\/#organization\",\"name\":\"Cascina San Cassiano\",\"url\":\"https:\\\/\\\/paolos156.sg-host.com\\\/\",\"logo\":{\"@type\":\"ImageObject\",\"inLanguage\":\"fr-FR\",\"@id\":\"https:\\\/\\\/paolos156.sg-host.com\\\/#\\\/schema\\\/logo\\\/image\\\/\",\"url\":\"https:\\\/\\\/cascinasancassiano.com\\\/wp-content\\\/uploads\\\/2021\\\/09\\\/cascina-san-cassiano-logo.png\",\"contentUrl\":\"https:\\\/\\\/cascinasancassiano.com\\\/wp-content\\\/uploads\\\/2021\\\/09\\\/cascina-san-cassiano-logo.png\",\"width\":700,\"height\":700,\"caption\":\"Cascina San Cassiano\"},\"image\":{\"@id\":\"https:\\\/\\\/paolos156.sg-host.com\\\/#\\\/schema\\\/logo\\\/image\\\/\"}}]}<\/script>\n<!-- \/ Yoast SEO plugin. -->","yoast_head_json":{"title":"Sauce b\u00e9chamel - Cascina San Cassiano","description":"B\u00e9chamel velout\u00e9e\u00e0 base de mascarpone et de beurre, d\u00e9licatement parfum\u00e9e \u00e0 la noix de muscade. Sauce pr\u00eate \u00e0 l\u2019emploi pour napper des lasagnes, cannellonis et tous les plats \u00e0 cuire ou gratiner au four.","robots":{"index":"index","follow":"follow","max-snippet":"max-snippet:-1","max-image-preview":"max-image-preview:large","max-video-preview":"max-video-preview:-1"},"canonical":"https:\/\/cascinasancassiano.com\/fr\/prodotto\/bechamel-con-mascarpone\/","og_locale":"fr_FR","og_type":"article","og_title":"Sauce b\u00e9chamel - Cascina San Cassiano","og_description":"B\u00e9chamel velout\u00e9e\u00e0 base de mascarpone et de beurre, d\u00e9licatement parfum\u00e9e \u00e0 la noix de muscade. Sauce pr\u00eate \u00e0 l\u2019emploi pour napper des lasagnes, cannellonis et tous les plats \u00e0 cuire ou gratiner au four.","og_url":"https:\/\/cascinasancassiano.com\/fr\/prodotto\/bechamel-con-mascarpone\/","og_site_name":"Cascina San Cassiano","article_modified_time":"2026-02-05T14:20:57+00:00","og_image":[{"width":1000,"height":1000,"url":"https:\/\/cascina.demoengagemint.it\/wp-content\/uploads\/2025\/05\/CSC-750-Salsa-Bechamel-New-26.png","type":"image\/png"}],"twitter_card":"summary_large_image","twitter_misc":{"Dur\u00e9e de lecture estim\u00e9e":"2 minutes"},"schema":{"@context":"https:\/\/schema.org","@graph":[{"@type":"WebPage","@id":"https:\/\/cascinasancassiano.com\/fr\/prodotto\/bechamel-con-mascarpone\/","url":"https:\/\/cascinasancassiano.com\/fr\/prodotto\/bechamel-con-mascarpone\/","name":"Sauce b\u00e9chamel - Cascina San Cassiano","isPartOf":{"@id":"https:\/\/paolos156.sg-host.com\/#website"},"primaryImageOfPage":{"@id":"https:\/\/cascinasancassiano.com\/fr\/prodotto\/bechamel-con-mascarpone\/#primaryimage"},"image":{"@id":"https:\/\/cascinasancassiano.com\/fr\/prodotto\/bechamel-con-mascarpone\/#primaryimage"},"thumbnailUrl":"https:\/\/cascinasancassiano.com\/wp-content\/uploads\/2025\/05\/CSC-750-Salsa-Bechamel-New-26.png","datePublished":"2025-05-19T15:57:23+00:00","dateModified":"2026-02-05T14:20:57+00:00","description":"B\u00e9chamel velout\u00e9e\u00e0 base de mascarpone et de beurre, d\u00e9licatement parfum\u00e9e \u00e0 la noix de muscade. Sauce pr\u00eate \u00e0 l\u2019emploi pour napper des lasagnes, cannellonis et tous les plats \u00e0 cuire ou gratiner au four.","breadcrumb":{"@id":"https:\/\/cascinasancassiano.com\/fr\/prodotto\/bechamel-con-mascarpone\/#breadcrumb"},"inLanguage":"fr-FR","potentialAction":[{"@type":"ReadAction","target":["https:\/\/cascinasancassiano.com\/fr\/prodotto\/bechamel-con-mascarpone\/"]}]},{"@type":"ImageObject","inLanguage":"fr-FR","@id":"https:\/\/cascinasancassiano.com\/fr\/prodotto\/bechamel-con-mascarpone\/#primaryimage","url":"https:\/\/cascinasancassiano.com\/wp-content\/uploads\/2025\/05\/CSC-750-Salsa-Bechamel-New-26.png","contentUrl":"https:\/\/cascinasancassiano.com\/wp-content\/uploads\/2025\/05\/CSC-750-Salsa-Bechamel-New-26.png","width":1000,"height":1000,"caption":"Salsa Be\u0300chamel"},{"@type":"BreadcrumbList","@id":"https:\/\/cascinasancassiano.com\/fr\/prodotto\/bechamel-con-mascarpone\/#breadcrumb","itemListElement":[{"@type":"ListItem","position":1,"name":"Produits","item":"https:\/\/cascinasancassiano.com\/fr\/shop\/"},{"@type":"ListItem","position":2,"name":"Sauce b\u00e9chamel"}]},{"@type":"WebSite","@id":"https:\/\/paolos156.sg-host.com\/#website","url":"https:\/\/paolos156.sg-host.com\/","name":"Cascina San Cassiano","description":"Gusta, credi, ama.","publisher":{"@id":"https:\/\/paolos156.sg-host.com\/#organization"},"potentialAction":[{"@type":"SearchAction","target":{"@type":"EntryPoint","urlTemplate":"https:\/\/paolos156.sg-host.com\/?s={search_term_string}"},"query-input":{"@type":"PropertyValueSpecification","valueRequired":true,"valueName":"search_term_string"}}],"inLanguage":"fr-FR"},{"@type":"Organization","@id":"https:\/\/paolos156.sg-host.com\/#organization","name":"Cascina San Cassiano","url":"https:\/\/paolos156.sg-host.com\/","logo":{"@type":"ImageObject","inLanguage":"fr-FR","@id":"https:\/\/paolos156.sg-host.com\/#\/schema\/logo\/image\/","url":"https:\/\/cascinasancassiano.com\/wp-content\/uploads\/2021\/09\/cascina-san-cassiano-logo.png","contentUrl":"https:\/\/cascinasancassiano.com\/wp-content\/uploads\/2021\/09\/cascina-san-cassiano-logo.png","width":700,"height":700,"caption":"Cascina San Cassiano"},"image":{"@id":"https:\/\/paolos156.sg-host.com\/#\/schema\/logo\/image\/"}}]}},"_links":{"self":[{"href":"https:\/\/cascinasancassiano.com\/fr\/wp-json\/wp\/v2\/product\/23936","targetHints":{"allow":["GET"]}}],"collection":[{"href":"https:\/\/cascinasancassiano.com\/fr\/wp-json\/wp\/v2\/product"}],"about":[{"href":"https:\/\/cascinasancassiano.com\/fr\/wp-json\/wp\/v2\/types\/product"}],"version-history":[{"count":0,"href":"https:\/\/cascinasancassiano.com\/fr\/wp-json\/wp\/v2\/product\/23936\/revisions"}],"wp:featuredmedia":[{"embeddable":true,"href":"https:\/\/cascinasancassiano.com\/fr\/wp-json\/wp\/v2\/media\/36844"}],"wp:attachment":[{"href":"https:\/\/cascinasancassiano.com\/fr\/wp-json\/wp\/v2\/media?parent=23936"}],"wp:term":[{"taxonomy":"product_brand","embeddable":true,"href":"https:\/\/cascinasancassiano.com\/fr\/wp-json\/wp\/v2\/product_brand?post=23936"},{"taxonomy":"product_cat","embeddable":true,"href":"https:\/\/cascinasancassiano.com\/fr\/wp-json\/wp\/v2\/product_cat?post=23936"},{"taxonomy":"product_tag","embeddable":true,"href":"https:\/\/cascinasancassiano.com\/fr\/wp-json\/wp\/v2\/product_tag?post=23936"}],"curies":[{"name":"wp","href":"https:\/\/api.w.org\/{rel}","templated":true}]}}