{"id":23918,"date":"2025-05-19T14:17:49","date_gmt":"2025-05-19T12:17:49","guid":{"rendered":"https:\/\/cascinasancassiano.com\/?post_type=product&#038;p=23918"},"modified":"2025-06-12T12:55:31","modified_gmt":"2025-06-12T10:55:31","slug":"rubra-sauce-italienne-a-la-tomate-confite","status":"publish","type":"product","link":"https:\/\/cascinasancassiano.com\/fr\/prodotto\/rubra-sauce-italienne-a-la-tomate-confite\/","title":{"rendered":"Rubra &#8211; Sauce italienne \u00e0 la tomate confite"},"content":{"rendered":"<p>Une savoureuse sauce aigre-douce \u00e0 base de tomate, mo\u00fbt de raisin, pomme et poivron doux. Id\u00e9ale pour accompagner les viandes grill\u00e9es, les viandes bouillies assorties ou comme garniture pour des frites.<\/p>\n","protected":false},"excerpt":{"rendered":"<p>Une savoureuse sauce aigre-douce \u00e0 base de tomate, mo\u00fbt de [&hellip;]<\/p>\n","protected":false},"featured_media":37287,"template":"","meta":{"_acf_changed":false},"product_brand":[],"product_cat":[118,217,148],"product_tag":[532],"class_list":{"0":"post-23918","1":"product","2":"type-product","3":"status-publish","4":"has-post-thumbnail","6":"product_cat-salato","7":"product_cat-salse-rubra-e-bbq","8":"product_cat-salse-gourmet","9":"product_tag-vegano","10":"pa_novita-novita","12":"first","13":"instock","14":"taxable","15":"shipping-taxable","16":"purchasable","17":"product-type-simple"},"acf":[],"yoast_head":"<!-- This site is optimized with the Yoast SEO plugin v27.4 - https:\/\/yoast.com\/product\/yoast-seo-wordpress\/ -->\n<title>Rubra - Sauce italienne \u00e0 la tomate confite - Cascina San Cassiano<\/title>\n<meta name=\"description\" content=\"Sauce \u00e0 base de tomate, mo\u00fbt de raisin, pomme et poivron doux. Version italienne du ketchup, la Rubra est parfaite pour les grillades de viande, les viandes bouillies et les frites.\" \/>\n<meta name=\"robots\" content=\"index, follow, max-snippet:-1, max-image-preview:large, max-video-preview:-1\" \/>\n<link rel=\"canonical\" href=\"https:\/\/cascinasancassiano.com\/fr\/prodotto\/rubra-sauce-italienne-a-la-tomate-confite\/\" \/>\n<meta property=\"og:locale\" content=\"fr_FR\" \/>\n<meta property=\"og:type\" content=\"article\" \/>\n<meta property=\"og:title\" content=\"Rubra - Sauce italienne \u00e0 la tomate confite - Cascina San Cassiano\" \/>\n<meta property=\"og:description\" content=\"Sauce \u00e0 base de tomate, mo\u00fbt de raisin, pomme et poivron doux. Version italienne du ketchup, la Rubra est parfaite pour les grillades de viande, les viandes bouillies et les frites.\" \/>\n<meta property=\"og:url\" content=\"https:\/\/cascinasancassiano.com\/fr\/prodotto\/rubra-sauce-italienne-a-la-tomate-confite\/\" \/>\n<meta property=\"og:site_name\" content=\"Cascina San Cassiano\" \/>\n<meta property=\"article:modified_time\" content=\"2025-06-12T10:55:31+00:00\" \/>\n<meta property=\"og:image\" content=\"https:\/\/cascina.demoengagemint.it\/wp-content\/uploads\/2025\/05\/CSC1551_Rubra_classica_25.png\" \/>\n\t<meta property=\"og:image:width\" content=\"1000\" \/>\n\t<meta property=\"og:image:height\" content=\"1000\" \/>\n\t<meta property=\"og:image:type\" content=\"image\/png\" \/>\n<meta name=\"twitter:card\" content=\"summary_large_image\" \/>\n<meta name=\"twitter:label1\" content=\"Dur\u00e9e de lecture estim\u00e9e\" \/>\n\t<meta name=\"twitter:data1\" content=\"2 minutes\" \/>\n<script type=\"application\/ld+json\" class=\"yoast-schema-graph\">{\"@context\":\"https:\\\/\\\/schema.org\",\"@graph\":[{\"@type\":\"WebPage\",\"@id\":\"https:\\\/\\\/cascinasancassiano.com\\\/fr\\\/prodotto\\\/rubra-sauce-italienne-a-la-tomate-confite\\\/\",\"url\":\"https:\\\/\\\/cascinasancassiano.com\\\/fr\\\/prodotto\\\/rubra-sauce-italienne-a-la-tomate-confite\\\/\",\"name\":\"Rubra - Sauce italienne \u00e0 la tomate confite - Cascina San Cassiano\",\"isPartOf\":{\"@id\":\"https:\\\/\\\/paolos156.sg-host.com\\\/#website\"},\"primaryImageOfPage\":{\"@id\":\"https:\\\/\\\/cascinasancassiano.com\\\/fr\\\/prodotto\\\/rubra-sauce-italienne-a-la-tomate-confite\\\/#primaryimage\"},\"image\":{\"@id\":\"https:\\\/\\\/cascinasancassiano.com\\\/fr\\\/prodotto\\\/rubra-sauce-italienne-a-la-tomate-confite\\\/#primaryimage\"},\"thumbnailUrl\":\"https:\\\/\\\/cascinasancassiano.com\\\/wp-content\\\/uploads\\\/2025\\\/05\\\/CSC1551_rubra_classica_26.png\",\"datePublished\":\"2025-05-19T12:17:49+00:00\",\"dateModified\":\"2025-06-12T10:55:31+00:00\",\"description\":\"Sauce \u00e0 base de tomate, mo\u00fbt de raisin, pomme et poivron doux. Version italienne du ketchup, la Rubra est parfaite pour les grillades de viande, les viandes bouillies et les frites.\",\"breadcrumb\":{\"@id\":\"https:\\\/\\\/cascinasancassiano.com\\\/fr\\\/prodotto\\\/rubra-sauce-italienne-a-la-tomate-confite\\\/#breadcrumb\"},\"inLanguage\":\"fr-FR\",\"potentialAction\":[{\"@type\":\"ReadAction\",\"target\":[\"https:\\\/\\\/cascinasancassiano.com\\\/fr\\\/prodotto\\\/rubra-sauce-italienne-a-la-tomate-confite\\\/\"]}]},{\"@type\":\"ImageObject\",\"inLanguage\":\"fr-FR\",\"@id\":\"https:\\\/\\\/cascinasancassiano.com\\\/fr\\\/prodotto\\\/rubra-sauce-italienne-a-la-tomate-confite\\\/#primaryimage\",\"url\":\"https:\\\/\\\/cascinasancassiano.com\\\/wp-content\\\/uploads\\\/2025\\\/05\\\/CSC1551_rubra_classica_26.png\",\"contentUrl\":\"https:\\\/\\\/cascinasancassiano.com\\\/wp-content\\\/uploads\\\/2025\\\/05\\\/CSC1551_rubra_classica_26.png\",\"width\":1000,\"height\":1000,\"caption\":\"Salsa Rubra\"},{\"@type\":\"BreadcrumbList\",\"@id\":\"https:\\\/\\\/cascinasancassiano.com\\\/fr\\\/prodotto\\\/rubra-sauce-italienne-a-la-tomate-confite\\\/#breadcrumb\",\"itemListElement\":[{\"@type\":\"ListItem\",\"position\":1,\"name\":\"Produits\",\"item\":\"https:\\\/\\\/cascinasancassiano.com\\\/fr\\\/shop\\\/\"},{\"@type\":\"ListItem\",\"position\":2,\"name\":\"Rubra &#8211; Sauce italienne \u00e0 la tomate confite\"}]},{\"@type\":\"WebSite\",\"@id\":\"https:\\\/\\\/paolos156.sg-host.com\\\/#website\",\"url\":\"https:\\\/\\\/paolos156.sg-host.com\\\/\",\"name\":\"Cascina San Cassiano\",\"description\":\"Gusta, credi, ama.\",\"publisher\":{\"@id\":\"https:\\\/\\\/paolos156.sg-host.com\\\/#organization\"},\"potentialAction\":[{\"@type\":\"SearchAction\",\"target\":{\"@type\":\"EntryPoint\",\"urlTemplate\":\"https:\\\/\\\/paolos156.sg-host.com\\\/?s={search_term_string}\"},\"query-input\":{\"@type\":\"PropertyValueSpecification\",\"valueRequired\":true,\"valueName\":\"search_term_string\"}}],\"inLanguage\":\"fr-FR\"},{\"@type\":\"Organization\",\"@id\":\"https:\\\/\\\/paolos156.sg-host.com\\\/#organization\",\"name\":\"Cascina San Cassiano\",\"url\":\"https:\\\/\\\/paolos156.sg-host.com\\\/\",\"logo\":{\"@type\":\"ImageObject\",\"inLanguage\":\"fr-FR\",\"@id\":\"https:\\\/\\\/paolos156.sg-host.com\\\/#\\\/schema\\\/logo\\\/image\\\/\",\"url\":\"https:\\\/\\\/cascinasancassiano.com\\\/wp-content\\\/uploads\\\/2021\\\/09\\\/cascina-san-cassiano-logo.png\",\"contentUrl\":\"https:\\\/\\\/cascinasancassiano.com\\\/wp-content\\\/uploads\\\/2021\\\/09\\\/cascina-san-cassiano-logo.png\",\"width\":700,\"height\":700,\"caption\":\"Cascina San Cassiano\"},\"image\":{\"@id\":\"https:\\\/\\\/paolos156.sg-host.com\\\/#\\\/schema\\\/logo\\\/image\\\/\"}}]}<\/script>\n<!-- \/ Yoast SEO plugin. -->","yoast_head_json":{"title":"Rubra - Sauce italienne \u00e0 la tomate confite - Cascina San Cassiano","description":"Sauce \u00e0 base de tomate, mo\u00fbt de raisin, pomme et poivron doux. Version italienne du ketchup, la Rubra est parfaite pour les grillades de viande, les viandes bouillies et les frites.","robots":{"index":"index","follow":"follow","max-snippet":"max-snippet:-1","max-image-preview":"max-image-preview:large","max-video-preview":"max-video-preview:-1"},"canonical":"https:\/\/cascinasancassiano.com\/fr\/prodotto\/rubra-sauce-italienne-a-la-tomate-confite\/","og_locale":"fr_FR","og_type":"article","og_title":"Rubra - Sauce italienne \u00e0 la tomate confite - Cascina San Cassiano","og_description":"Sauce \u00e0 base de tomate, mo\u00fbt de raisin, pomme et poivron doux. Version italienne du ketchup, la Rubra est parfaite pour les grillades de viande, les viandes bouillies et les frites.","og_url":"https:\/\/cascinasancassiano.com\/fr\/prodotto\/rubra-sauce-italienne-a-la-tomate-confite\/","og_site_name":"Cascina San Cassiano","article_modified_time":"2025-06-12T10:55:31+00:00","og_image":[{"width":1000,"height":1000,"url":"https:\/\/cascina.demoengagemint.it\/wp-content\/uploads\/2025\/05\/CSC1551_Rubra_classica_25.png","type":"image\/png"}],"twitter_card":"summary_large_image","twitter_misc":{"Dur\u00e9e de lecture estim\u00e9e":"2 minutes"},"schema":{"@context":"https:\/\/schema.org","@graph":[{"@type":"WebPage","@id":"https:\/\/cascinasancassiano.com\/fr\/prodotto\/rubra-sauce-italienne-a-la-tomate-confite\/","url":"https:\/\/cascinasancassiano.com\/fr\/prodotto\/rubra-sauce-italienne-a-la-tomate-confite\/","name":"Rubra - Sauce italienne \u00e0 la tomate confite - Cascina San Cassiano","isPartOf":{"@id":"https:\/\/paolos156.sg-host.com\/#website"},"primaryImageOfPage":{"@id":"https:\/\/cascinasancassiano.com\/fr\/prodotto\/rubra-sauce-italienne-a-la-tomate-confite\/#primaryimage"},"image":{"@id":"https:\/\/cascinasancassiano.com\/fr\/prodotto\/rubra-sauce-italienne-a-la-tomate-confite\/#primaryimage"},"thumbnailUrl":"https:\/\/cascinasancassiano.com\/wp-content\/uploads\/2025\/05\/CSC1551_rubra_classica_26.png","datePublished":"2025-05-19T12:17:49+00:00","dateModified":"2025-06-12T10:55:31+00:00","description":"Sauce \u00e0 base de tomate, mo\u00fbt de raisin, pomme et poivron doux. Version italienne du ketchup, la Rubra est parfaite pour les grillades de viande, les viandes bouillies et les frites.","breadcrumb":{"@id":"https:\/\/cascinasancassiano.com\/fr\/prodotto\/rubra-sauce-italienne-a-la-tomate-confite\/#breadcrumb"},"inLanguage":"fr-FR","potentialAction":[{"@type":"ReadAction","target":["https:\/\/cascinasancassiano.com\/fr\/prodotto\/rubra-sauce-italienne-a-la-tomate-confite\/"]}]},{"@type":"ImageObject","inLanguage":"fr-FR","@id":"https:\/\/cascinasancassiano.com\/fr\/prodotto\/rubra-sauce-italienne-a-la-tomate-confite\/#primaryimage","url":"https:\/\/cascinasancassiano.com\/wp-content\/uploads\/2025\/05\/CSC1551_rubra_classica_26.png","contentUrl":"https:\/\/cascinasancassiano.com\/wp-content\/uploads\/2025\/05\/CSC1551_rubra_classica_26.png","width":1000,"height":1000,"caption":"Salsa Rubra"},{"@type":"BreadcrumbList","@id":"https:\/\/cascinasancassiano.com\/fr\/prodotto\/rubra-sauce-italienne-a-la-tomate-confite\/#breadcrumb","itemListElement":[{"@type":"ListItem","position":1,"name":"Produits","item":"https:\/\/cascinasancassiano.com\/fr\/shop\/"},{"@type":"ListItem","position":2,"name":"Rubra &#8211; Sauce italienne \u00e0 la tomate confite"}]},{"@type":"WebSite","@id":"https:\/\/paolos156.sg-host.com\/#website","url":"https:\/\/paolos156.sg-host.com\/","name":"Cascina San Cassiano","description":"Gusta, credi, ama.","publisher":{"@id":"https:\/\/paolos156.sg-host.com\/#organization"},"potentialAction":[{"@type":"SearchAction","target":{"@type":"EntryPoint","urlTemplate":"https:\/\/paolos156.sg-host.com\/?s={search_term_string}"},"query-input":{"@type":"PropertyValueSpecification","valueRequired":true,"valueName":"search_term_string"}}],"inLanguage":"fr-FR"},{"@type":"Organization","@id":"https:\/\/paolos156.sg-host.com\/#organization","name":"Cascina San Cassiano","url":"https:\/\/paolos156.sg-host.com\/","logo":{"@type":"ImageObject","inLanguage":"fr-FR","@id":"https:\/\/paolos156.sg-host.com\/#\/schema\/logo\/image\/","url":"https:\/\/cascinasancassiano.com\/wp-content\/uploads\/2021\/09\/cascina-san-cassiano-logo.png","contentUrl":"https:\/\/cascinasancassiano.com\/wp-content\/uploads\/2021\/09\/cascina-san-cassiano-logo.png","width":700,"height":700,"caption":"Cascina San Cassiano"},"image":{"@id":"https:\/\/paolos156.sg-host.com\/#\/schema\/logo\/image\/"}}]}},"_links":{"self":[{"href":"https:\/\/cascinasancassiano.com\/fr\/wp-json\/wp\/v2\/product\/23918","targetHints":{"allow":["GET"]}}],"collection":[{"href":"https:\/\/cascinasancassiano.com\/fr\/wp-json\/wp\/v2\/product"}],"about":[{"href":"https:\/\/cascinasancassiano.com\/fr\/wp-json\/wp\/v2\/types\/product"}],"version-history":[{"count":0,"href":"https:\/\/cascinasancassiano.com\/fr\/wp-json\/wp\/v2\/product\/23918\/revisions"}],"wp:featuredmedia":[{"embeddable":true,"href":"https:\/\/cascinasancassiano.com\/fr\/wp-json\/wp\/v2\/media\/37287"}],"wp:attachment":[{"href":"https:\/\/cascinasancassiano.com\/fr\/wp-json\/wp\/v2\/media?parent=23918"}],"wp:term":[{"taxonomy":"product_brand","embeddable":true,"href":"https:\/\/cascinasancassiano.com\/fr\/wp-json\/wp\/v2\/product_brand?post=23918"},{"taxonomy":"product_cat","embeddable":true,"href":"https:\/\/cascinasancassiano.com\/fr\/wp-json\/wp\/v2\/product_cat?post=23918"},{"taxonomy":"product_tag","embeddable":true,"href":"https:\/\/cascinasancassiano.com\/fr\/wp-json\/wp\/v2\/product_tag?post=23918"}],"curies":[{"name":"wp","href":"https:\/\/api.w.org\/{rel}","templated":true}]}}