{"id":23837,"date":"2025-05-15T15:22:31","date_gmt":"2025-05-15T13:22:31","guid":{"rendered":"https:\/\/cascinasancassiano.com\/?post_type=product&#038;p=23837"},"modified":"2025-05-30T14:51:23","modified_gmt":"2025-05-30T12:51:23","slug":"mayonnaise-au-vinaigre-balsamique-de-modene-igp","status":"publish","type":"product","link":"https:\/\/cascinasancassiano.com\/fr\/prodotto\/mayonnaise-au-vinaigre-balsamique-de-modene-igp\/","title":{"rendered":"Mayonnaise au Vinaigre Balsamique de Mod\u00e8ne IGP"},"content":{"rendered":"<p>Superbe mayonnaise \u00e0 base d&rsquo;\u0153ufs 100% italiennes, d&rsquo;huile et de Vinaigre Balsamique de Mod\u00e8ne IGP. Sauce \u00e0 la saveur enveloppante, elle est parfaite pour accompagner et rehausser toutes sortes de plats avec une touche tr\u00e8s raffin\u00e9e.<\/p>\n","protected":false},"excerpt":{"rendered":"<p>Superbe mayonnaise \u00e0 base d&rsquo;\u0153ufs 100% italiennes, d&rsquo;huile et de [&hellip;]<\/p>\n","protected":false},"featured_media":37240,"template":"","meta":{"_acf_changed":false},"product_brand":[],"product_cat":[118,412,148],"product_tag":[],"class_list":{"0":"post-23837","1":"product","2":"type-product","3":"status-publish","4":"has-post-thumbnail","6":"product_cat-salato","7":"product_cat-maionesi","8":"product_cat-salse-gourmet","9":"pa_novita-novita","11":"first","12":"instock","13":"taxable","14":"shipping-taxable","15":"purchasable","16":"product-type-simple"},"acf":[],"yoast_head":"<!-- This site is optimized with the Yoast SEO plugin v27.4 - https:\/\/yoast.com\/product\/yoast-seo-wordpress\/ -->\n<title>Mayonnaise au Vinaigre Balsamique de Mod\u00e8ne IGP - Cascina San Cassiano<\/title>\n<meta name=\"description\" content=\"De plus en plus originales et raffin\u00e9es, les nouvelles mayonnaises viennent enrichir la vaste gamme de sauces propos\u00e9es par Cascina San Cassiano. Tous les go\u00fbts sont satisfaits, du plus frais au plus \u00e9pic\u00e9.\" \/>\n<meta name=\"robots\" content=\"index, follow, max-snippet:-1, max-image-preview:large, max-video-preview:-1\" \/>\n<link rel=\"canonical\" href=\"https:\/\/cascinasancassiano.com\/fr\/prodotto\/mayonnaise-au-vinaigre-balsamique-de-modene-igp\/\" \/>\n<meta property=\"og:locale\" content=\"fr_FR\" \/>\n<meta property=\"og:type\" content=\"article\" \/>\n<meta property=\"og:title\" content=\"Mayonnaise au Vinaigre Balsamique de Mod\u00e8ne IGP - Cascina San Cassiano\" \/>\n<meta property=\"og:description\" content=\"De plus en plus originales et raffin\u00e9es, les nouvelles mayonnaises viennent enrichir la vaste gamme de sauces propos\u00e9es par Cascina San Cassiano. Tous les go\u00fbts sont satisfaits, du plus frais au plus \u00e9pic\u00e9.\" \/>\n<meta property=\"og:url\" content=\"https:\/\/cascinasancassiano.com\/fr\/prodotto\/mayonnaise-au-vinaigre-balsamique-de-modene-igp\/\" \/>\n<meta property=\"og:site_name\" content=\"Cascina San Cassiano\" \/>\n<meta property=\"article:modified_time\" content=\"2025-05-30T12:51:23+00:00\" \/>\n<meta property=\"og:image\" content=\"https:\/\/cascina.demoengagemint.it\/wp-content\/uploads\/2025\/05\/CSC1503_Maionese_-Aceto_Balsamico_25.png\" \/>\n\t<meta property=\"og:image:width\" content=\"1000\" \/>\n\t<meta property=\"og:image:height\" content=\"1000\" \/>\n\t<meta property=\"og:image:type\" content=\"image\/png\" \/>\n<meta name=\"twitter:card\" content=\"summary_large_image\" \/>\n<meta name=\"twitter:label1\" content=\"Dur\u00e9e de lecture estim\u00e9e\" \/>\n\t<meta name=\"twitter:data1\" content=\"2 minutes\" \/>\n<script type=\"application\/ld+json\" class=\"yoast-schema-graph\">{\"@context\":\"https:\\\/\\\/schema.org\",\"@graph\":[{\"@type\":\"WebPage\",\"@id\":\"https:\\\/\\\/cascinasancassiano.com\\\/fr\\\/prodotto\\\/mayonnaise-au-vinaigre-balsamique-de-modene-igp\\\/\",\"url\":\"https:\\\/\\\/cascinasancassiano.com\\\/fr\\\/prodotto\\\/mayonnaise-au-vinaigre-balsamique-de-modene-igp\\\/\",\"name\":\"Mayonnaise au Vinaigre Balsamique de Mod\u00e8ne IGP - Cascina San Cassiano\",\"isPartOf\":{\"@id\":\"https:\\\/\\\/paolos156.sg-host.com\\\/#website\"},\"primaryImageOfPage\":{\"@id\":\"https:\\\/\\\/cascinasancassiano.com\\\/fr\\\/prodotto\\\/mayonnaise-au-vinaigre-balsamique-de-modene-igp\\\/#primaryimage\"},\"image\":{\"@id\":\"https:\\\/\\\/cascinasancassiano.com\\\/fr\\\/prodotto\\\/mayonnaise-au-vinaigre-balsamique-de-modene-igp\\\/#primaryimage\"},\"thumbnailUrl\":\"https:\\\/\\\/cascinasancassiano.com\\\/wp-content\\\/uploads\\\/2025\\\/05\\\/CSC-1503-Maionese-Aceto-balsamico-New-26.png\",\"datePublished\":\"2025-05-15T13:22:31+00:00\",\"dateModified\":\"2025-05-30T12:51:23+00:00\",\"description\":\"De plus en plus originales et raffin\u00e9es, les nouvelles mayonnaises viennent enrichir la vaste gamme de sauces propos\u00e9es par Cascina San Cassiano. Tous les go\u00fbts sont satisfaits, du plus frais au plus \u00e9pic\u00e9.\",\"breadcrumb\":{\"@id\":\"https:\\\/\\\/cascinasancassiano.com\\\/fr\\\/prodotto\\\/mayonnaise-au-vinaigre-balsamique-de-modene-igp\\\/#breadcrumb\"},\"inLanguage\":\"fr-FR\",\"potentialAction\":[{\"@type\":\"ReadAction\",\"target\":[\"https:\\\/\\\/cascinasancassiano.com\\\/fr\\\/prodotto\\\/mayonnaise-au-vinaigre-balsamique-de-modene-igp\\\/\"]}]},{\"@type\":\"ImageObject\",\"inLanguage\":\"fr-FR\",\"@id\":\"https:\\\/\\\/cascinasancassiano.com\\\/fr\\\/prodotto\\\/mayonnaise-au-vinaigre-balsamique-de-modene-igp\\\/#primaryimage\",\"url\":\"https:\\\/\\\/cascinasancassiano.com\\\/wp-content\\\/uploads\\\/2025\\\/05\\\/CSC-1503-Maionese-Aceto-balsamico-New-26.png\",\"contentUrl\":\"https:\\\/\\\/cascinasancassiano.com\\\/wp-content\\\/uploads\\\/2025\\\/05\\\/CSC-1503-Maionese-Aceto-balsamico-New-26.png\",\"width\":1000,\"height\":1000,\"caption\":\"Maionese Aceto balsamico\"},{\"@type\":\"BreadcrumbList\",\"@id\":\"https:\\\/\\\/cascinasancassiano.com\\\/fr\\\/prodotto\\\/mayonnaise-au-vinaigre-balsamique-de-modene-igp\\\/#breadcrumb\",\"itemListElement\":[{\"@type\":\"ListItem\",\"position\":1,\"name\":\"Produits\",\"item\":\"https:\\\/\\\/cascinasancassiano.com\\\/fr\\\/shop\\\/\"},{\"@type\":\"ListItem\",\"position\":2,\"name\":\"Mayonnaise au Vinaigre Balsamique de Mod\u00e8ne IGP\"}]},{\"@type\":\"WebSite\",\"@id\":\"https:\\\/\\\/paolos156.sg-host.com\\\/#website\",\"url\":\"https:\\\/\\\/paolos156.sg-host.com\\\/\",\"name\":\"Cascina San Cassiano\",\"description\":\"Gusta, credi, ama.\",\"publisher\":{\"@id\":\"https:\\\/\\\/paolos156.sg-host.com\\\/#organization\"},\"potentialAction\":[{\"@type\":\"SearchAction\",\"target\":{\"@type\":\"EntryPoint\",\"urlTemplate\":\"https:\\\/\\\/paolos156.sg-host.com\\\/?s={search_term_string}\"},\"query-input\":{\"@type\":\"PropertyValueSpecification\",\"valueRequired\":true,\"valueName\":\"search_term_string\"}}],\"inLanguage\":\"fr-FR\"},{\"@type\":\"Organization\",\"@id\":\"https:\\\/\\\/paolos156.sg-host.com\\\/#organization\",\"name\":\"Cascina San Cassiano\",\"url\":\"https:\\\/\\\/paolos156.sg-host.com\\\/\",\"logo\":{\"@type\":\"ImageObject\",\"inLanguage\":\"fr-FR\",\"@id\":\"https:\\\/\\\/paolos156.sg-host.com\\\/#\\\/schema\\\/logo\\\/image\\\/\",\"url\":\"https:\\\/\\\/cascinasancassiano.com\\\/wp-content\\\/uploads\\\/2021\\\/09\\\/cascina-san-cassiano-logo.png\",\"contentUrl\":\"https:\\\/\\\/cascinasancassiano.com\\\/wp-content\\\/uploads\\\/2021\\\/09\\\/cascina-san-cassiano-logo.png\",\"width\":700,\"height\":700,\"caption\":\"Cascina San Cassiano\"},\"image\":{\"@id\":\"https:\\\/\\\/paolos156.sg-host.com\\\/#\\\/schema\\\/logo\\\/image\\\/\"}}]}<\/script>\n<!-- \/ Yoast SEO plugin. -->","yoast_head_json":{"title":"Mayonnaise au Vinaigre Balsamique de Mod\u00e8ne IGP - Cascina San Cassiano","description":"De plus en plus originales et raffin\u00e9es, les nouvelles mayonnaises viennent enrichir la vaste gamme de sauces propos\u00e9es par Cascina San Cassiano. Tous les go\u00fbts sont satisfaits, du plus frais au plus \u00e9pic\u00e9.","robots":{"index":"index","follow":"follow","max-snippet":"max-snippet:-1","max-image-preview":"max-image-preview:large","max-video-preview":"max-video-preview:-1"},"canonical":"https:\/\/cascinasancassiano.com\/fr\/prodotto\/mayonnaise-au-vinaigre-balsamique-de-modene-igp\/","og_locale":"fr_FR","og_type":"article","og_title":"Mayonnaise au Vinaigre Balsamique de Mod\u00e8ne IGP - Cascina San Cassiano","og_description":"De plus en plus originales et raffin\u00e9es, les nouvelles mayonnaises viennent enrichir la vaste gamme de sauces propos\u00e9es par Cascina San Cassiano. Tous les go\u00fbts sont satisfaits, du plus frais au plus \u00e9pic\u00e9.","og_url":"https:\/\/cascinasancassiano.com\/fr\/prodotto\/mayonnaise-au-vinaigre-balsamique-de-modene-igp\/","og_site_name":"Cascina San Cassiano","article_modified_time":"2025-05-30T12:51:23+00:00","og_image":[{"width":1000,"height":1000,"url":"https:\/\/cascina.demoengagemint.it\/wp-content\/uploads\/2025\/05\/CSC1503_Maionese_-Aceto_Balsamico_25.png","type":"image\/png"}],"twitter_card":"summary_large_image","twitter_misc":{"Dur\u00e9e de lecture estim\u00e9e":"2 minutes"},"schema":{"@context":"https:\/\/schema.org","@graph":[{"@type":"WebPage","@id":"https:\/\/cascinasancassiano.com\/fr\/prodotto\/mayonnaise-au-vinaigre-balsamique-de-modene-igp\/","url":"https:\/\/cascinasancassiano.com\/fr\/prodotto\/mayonnaise-au-vinaigre-balsamique-de-modene-igp\/","name":"Mayonnaise au Vinaigre Balsamique de Mod\u00e8ne IGP - Cascina San Cassiano","isPartOf":{"@id":"https:\/\/paolos156.sg-host.com\/#website"},"primaryImageOfPage":{"@id":"https:\/\/cascinasancassiano.com\/fr\/prodotto\/mayonnaise-au-vinaigre-balsamique-de-modene-igp\/#primaryimage"},"image":{"@id":"https:\/\/cascinasancassiano.com\/fr\/prodotto\/mayonnaise-au-vinaigre-balsamique-de-modene-igp\/#primaryimage"},"thumbnailUrl":"https:\/\/cascinasancassiano.com\/wp-content\/uploads\/2025\/05\/CSC-1503-Maionese-Aceto-balsamico-New-26.png","datePublished":"2025-05-15T13:22:31+00:00","dateModified":"2025-05-30T12:51:23+00:00","description":"De plus en plus originales et raffin\u00e9es, les nouvelles mayonnaises viennent enrichir la vaste gamme de sauces propos\u00e9es par Cascina San Cassiano. Tous les go\u00fbts sont satisfaits, du plus frais au plus \u00e9pic\u00e9.","breadcrumb":{"@id":"https:\/\/cascinasancassiano.com\/fr\/prodotto\/mayonnaise-au-vinaigre-balsamique-de-modene-igp\/#breadcrumb"},"inLanguage":"fr-FR","potentialAction":[{"@type":"ReadAction","target":["https:\/\/cascinasancassiano.com\/fr\/prodotto\/mayonnaise-au-vinaigre-balsamique-de-modene-igp\/"]}]},{"@type":"ImageObject","inLanguage":"fr-FR","@id":"https:\/\/cascinasancassiano.com\/fr\/prodotto\/mayonnaise-au-vinaigre-balsamique-de-modene-igp\/#primaryimage","url":"https:\/\/cascinasancassiano.com\/wp-content\/uploads\/2025\/05\/CSC-1503-Maionese-Aceto-balsamico-New-26.png","contentUrl":"https:\/\/cascinasancassiano.com\/wp-content\/uploads\/2025\/05\/CSC-1503-Maionese-Aceto-balsamico-New-26.png","width":1000,"height":1000,"caption":"Maionese Aceto balsamico"},{"@type":"BreadcrumbList","@id":"https:\/\/cascinasancassiano.com\/fr\/prodotto\/mayonnaise-au-vinaigre-balsamique-de-modene-igp\/#breadcrumb","itemListElement":[{"@type":"ListItem","position":1,"name":"Produits","item":"https:\/\/cascinasancassiano.com\/fr\/shop\/"},{"@type":"ListItem","position":2,"name":"Mayonnaise au Vinaigre Balsamique de Mod\u00e8ne IGP"}]},{"@type":"WebSite","@id":"https:\/\/paolos156.sg-host.com\/#website","url":"https:\/\/paolos156.sg-host.com\/","name":"Cascina San Cassiano","description":"Gusta, credi, ama.","publisher":{"@id":"https:\/\/paolos156.sg-host.com\/#organization"},"potentialAction":[{"@type":"SearchAction","target":{"@type":"EntryPoint","urlTemplate":"https:\/\/paolos156.sg-host.com\/?s={search_term_string}"},"query-input":{"@type":"PropertyValueSpecification","valueRequired":true,"valueName":"search_term_string"}}],"inLanguage":"fr-FR"},{"@type":"Organization","@id":"https:\/\/paolos156.sg-host.com\/#organization","name":"Cascina San Cassiano","url":"https:\/\/paolos156.sg-host.com\/","logo":{"@type":"ImageObject","inLanguage":"fr-FR","@id":"https:\/\/paolos156.sg-host.com\/#\/schema\/logo\/image\/","url":"https:\/\/cascinasancassiano.com\/wp-content\/uploads\/2021\/09\/cascina-san-cassiano-logo.png","contentUrl":"https:\/\/cascinasancassiano.com\/wp-content\/uploads\/2021\/09\/cascina-san-cassiano-logo.png","width":700,"height":700,"caption":"Cascina San Cassiano"},"image":{"@id":"https:\/\/paolos156.sg-host.com\/#\/schema\/logo\/image\/"}}]}},"_links":{"self":[{"href":"https:\/\/cascinasancassiano.com\/fr\/wp-json\/wp\/v2\/product\/23837","targetHints":{"allow":["GET"]}}],"collection":[{"href":"https:\/\/cascinasancassiano.com\/fr\/wp-json\/wp\/v2\/product"}],"about":[{"href":"https:\/\/cascinasancassiano.com\/fr\/wp-json\/wp\/v2\/types\/product"}],"version-history":[{"count":0,"href":"https:\/\/cascinasancassiano.com\/fr\/wp-json\/wp\/v2\/product\/23837\/revisions"}],"wp:featuredmedia":[{"embeddable":true,"href":"https:\/\/cascinasancassiano.com\/fr\/wp-json\/wp\/v2\/media\/37240"}],"wp:attachment":[{"href":"https:\/\/cascinasancassiano.com\/fr\/wp-json\/wp\/v2\/media?parent=23837"}],"wp:term":[{"taxonomy":"product_brand","embeddable":true,"href":"https:\/\/cascinasancassiano.com\/fr\/wp-json\/wp\/v2\/product_brand?post=23837"},{"taxonomy":"product_cat","embeddable":true,"href":"https:\/\/cascinasancassiano.com\/fr\/wp-json\/wp\/v2\/product_cat?post=23837"},{"taxonomy":"product_tag","embeddable":true,"href":"https:\/\/cascinasancassiano.com\/fr\/wp-json\/wp\/v2\/product_tag?post=23837"}],"curies":[{"name":"wp","href":"https:\/\/api.w.org\/{rel}","templated":true}]}}