{"id":23772,"date":"2025-05-14T16:09:10","date_gmt":"2025-05-14T14:09:10","guid":{"rendered":"https:\/\/cascinasancassiano.com\/?post_type=product&#038;p=23772"},"modified":"2025-06-04T15:04:45","modified_gmt":"2025-06-04T13:04:45","slug":"creme-croustillante-aux-noisettes-et-au-cacao","status":"publish","type":"product","link":"https:\/\/cascinasancassiano.com\/fr\/prodotto\/creme-croustillante-aux-noisettes-et-au-cacao\/","title":{"rendered":"Cr\u00e8me croustillante aux noisettes et au cacao"},"content":{"rendered":"<p>Cr\u00e8me pr\u00e9par\u00e9e avec des noisettes de qualit\u00e9, du cacao fin et de la p\u00e2te de Kataifi qui donne au produit son croquant. Cette cr\u00e8me tr\u00e8s tendance a la saveur caract\u00e9ristique des noisettes grill\u00e9es qui se marie bien avec sa texture rugueuse et ferme. Une cr\u00e8me id\u00e9ale pour fourrer cr\u00eapes, garnir glaces, yaourts et fruits. Essayez-la sur du pain.<\/p>\n","protected":false},"excerpt":{"rendered":"<p>Cr\u00e8me pr\u00e9par\u00e9e avec des noisettes de qualit\u00e9, du cacao fin [&hellip;]<\/p>\n","protected":false},"featured_media":37696,"template":"","meta":{"_acf_changed":false},"product_brand":[],"product_cat":[159,356,179],"product_tag":[],"class_list":{"0":"post-23772","1":"product","2":"type-product","3":"status-publish","4":"has-post-thumbnail","6":"product_cat-dolce","7":"product_cat-le-croccanti","8":"product_cat-creme-dolci-e-dessert","9":"pa_novita-novita","11":"first","12":"instock","13":"taxable","14":"shipping-taxable","15":"purchasable","16":"product-type-simple"},"acf":[],"yoast_head":"<!-- This site is optimized with the Yoast SEO plugin v27.4 - https:\/\/yoast.com\/product\/yoast-seo-wordpress\/ -->\n<title>Cr\u00e8me croustillante aux noisettes et au cacao - Cascina San Cassiano<\/title>\n<meta name=\"robots\" content=\"index, follow, max-snippet:-1, max-image-preview:large, max-video-preview:-1\" \/>\n<link rel=\"canonical\" href=\"https:\/\/cascinasancassiano.com\/fr\/prodotto\/creme-croustillante-aux-noisettes-et-au-cacao\/\" \/>\n<meta property=\"og:locale\" content=\"fr_FR\" \/>\n<meta property=\"og:type\" content=\"article\" \/>\n<meta property=\"og:title\" content=\"Cr\u00e8me croustillante aux noisettes et au cacao - Cascina San Cassiano\" \/>\n<meta property=\"og:description\" content=\"Cr\u00e8me pr\u00e9par\u00e9e avec des noisettes de qualit\u00e9, du cacao fin [&hellip;]\" \/>\n<meta property=\"og:url\" content=\"https:\/\/cascinasancassiano.com\/fr\/prodotto\/creme-croustillante-aux-noisettes-et-au-cacao\/\" \/>\n<meta property=\"og:site_name\" content=\"Cascina San Cassiano\" \/>\n<meta property=\"article:modified_time\" content=\"2025-06-04T13:04:45+00:00\" \/>\n<meta property=\"og:image\" content=\"https:\/\/cascina.demoengagemint.it\/wp-content\/uploads\/2025\/06\/CSC14232_Croccante_Gianduja25.png\" \/>\n\t<meta property=\"og:image:width\" content=\"1000\" \/>\n\t<meta property=\"og:image:height\" content=\"1000\" \/>\n\t<meta property=\"og:image:type\" content=\"image\/png\" \/>\n<meta name=\"twitter:card\" content=\"summary_large_image\" \/>\n<meta name=\"twitter:label1\" content=\"Dur\u00e9e de lecture estim\u00e9e\" \/>\n\t<meta name=\"twitter:data1\" content=\"2 minutes\" \/>\n<script type=\"application\/ld+json\" class=\"yoast-schema-graph\">{\"@context\":\"https:\\\/\\\/schema.org\",\"@graph\":[{\"@type\":\"WebPage\",\"@id\":\"https:\\\/\\\/cascinasancassiano.com\\\/fr\\\/prodotto\\\/creme-croustillante-aux-noisettes-et-au-cacao\\\/\",\"url\":\"https:\\\/\\\/cascinasancassiano.com\\\/fr\\\/prodotto\\\/creme-croustillante-aux-noisettes-et-au-cacao\\\/\",\"name\":\"Cr\u00e8me croustillante aux noisettes et au cacao - Cascina San Cassiano\",\"isPartOf\":{\"@id\":\"https:\\\/\\\/paolos156.sg-host.com\\\/#website\"},\"primaryImageOfPage\":{\"@id\":\"https:\\\/\\\/cascinasancassiano.com\\\/fr\\\/prodotto\\\/creme-croustillante-aux-noisettes-et-au-cacao\\\/#primaryimage\"},\"image\":{\"@id\":\"https:\\\/\\\/cascinasancassiano.com\\\/fr\\\/prodotto\\\/creme-croustillante-aux-noisettes-et-au-cacao\\\/#primaryimage\"},\"thumbnailUrl\":\"https:\\\/\\\/cascinasancassiano.com\\\/wp-content\\\/uploads\\\/2025\\\/05\\\/CSC-14232-Croccante-Gianduja-New-26.png\",\"datePublished\":\"2025-05-14T14:09:10+00:00\",\"dateModified\":\"2025-06-04T13:04:45+00:00\",\"breadcrumb\":{\"@id\":\"https:\\\/\\\/cascinasancassiano.com\\\/fr\\\/prodotto\\\/creme-croustillante-aux-noisettes-et-au-cacao\\\/#breadcrumb\"},\"inLanguage\":\"fr-FR\",\"potentialAction\":[{\"@type\":\"ReadAction\",\"target\":[\"https:\\\/\\\/cascinasancassiano.com\\\/fr\\\/prodotto\\\/creme-croustillante-aux-noisettes-et-au-cacao\\\/\"]}]},{\"@type\":\"ImageObject\",\"inLanguage\":\"fr-FR\",\"@id\":\"https:\\\/\\\/cascinasancassiano.com\\\/fr\\\/prodotto\\\/creme-croustillante-aux-noisettes-et-au-cacao\\\/#primaryimage\",\"url\":\"https:\\\/\\\/cascinasancassiano.com\\\/wp-content\\\/uploads\\\/2025\\\/05\\\/CSC-14232-Croccante-Gianduja-New-26.png\",\"contentUrl\":\"https:\\\/\\\/cascinasancassiano.com\\\/wp-content\\\/uploads\\\/2025\\\/05\\\/CSC-14232-Croccante-Gianduja-New-26.png\",\"width\":1000,\"height\":1000,\"caption\":\"Croccante Gianduja\"},{\"@type\":\"BreadcrumbList\",\"@id\":\"https:\\\/\\\/cascinasancassiano.com\\\/fr\\\/prodotto\\\/creme-croustillante-aux-noisettes-et-au-cacao\\\/#breadcrumb\",\"itemListElement\":[{\"@type\":\"ListItem\",\"position\":1,\"name\":\"Produits\",\"item\":\"https:\\\/\\\/cascinasancassiano.com\\\/fr\\\/shop\\\/\"},{\"@type\":\"ListItem\",\"position\":2,\"name\":\"Cr\u00e8me croustillante aux noisettes et au cacao\"}]},{\"@type\":\"WebSite\",\"@id\":\"https:\\\/\\\/paolos156.sg-host.com\\\/#website\",\"url\":\"https:\\\/\\\/paolos156.sg-host.com\\\/\",\"name\":\"Cascina San Cassiano\",\"description\":\"Gusta, credi, ama.\",\"publisher\":{\"@id\":\"https:\\\/\\\/paolos156.sg-host.com\\\/#organization\"},\"potentialAction\":[{\"@type\":\"SearchAction\",\"target\":{\"@type\":\"EntryPoint\",\"urlTemplate\":\"https:\\\/\\\/paolos156.sg-host.com\\\/?s={search_term_string}\"},\"query-input\":{\"@type\":\"PropertyValueSpecification\",\"valueRequired\":true,\"valueName\":\"search_term_string\"}}],\"inLanguage\":\"fr-FR\"},{\"@type\":\"Organization\",\"@id\":\"https:\\\/\\\/paolos156.sg-host.com\\\/#organization\",\"name\":\"Cascina San Cassiano\",\"url\":\"https:\\\/\\\/paolos156.sg-host.com\\\/\",\"logo\":{\"@type\":\"ImageObject\",\"inLanguage\":\"fr-FR\",\"@id\":\"https:\\\/\\\/paolos156.sg-host.com\\\/#\\\/schema\\\/logo\\\/image\\\/\",\"url\":\"https:\\\/\\\/cascinasancassiano.com\\\/wp-content\\\/uploads\\\/2021\\\/09\\\/cascina-san-cassiano-logo.png\",\"contentUrl\":\"https:\\\/\\\/cascinasancassiano.com\\\/wp-content\\\/uploads\\\/2021\\\/09\\\/cascina-san-cassiano-logo.png\",\"width\":700,\"height\":700,\"caption\":\"Cascina San Cassiano\"},\"image\":{\"@id\":\"https:\\\/\\\/paolos156.sg-host.com\\\/#\\\/schema\\\/logo\\\/image\\\/\"}}]}<\/script>\n<!-- \/ Yoast SEO plugin. -->","yoast_head_json":{"title":"Cr\u00e8me croustillante aux noisettes et au cacao - Cascina San Cassiano","robots":{"index":"index","follow":"follow","max-snippet":"max-snippet:-1","max-image-preview":"max-image-preview:large","max-video-preview":"max-video-preview:-1"},"canonical":"https:\/\/cascinasancassiano.com\/fr\/prodotto\/creme-croustillante-aux-noisettes-et-au-cacao\/","og_locale":"fr_FR","og_type":"article","og_title":"Cr\u00e8me croustillante aux noisettes et au cacao - Cascina San Cassiano","og_description":"Cr\u00e8me pr\u00e9par\u00e9e avec des noisettes de qualit\u00e9, du cacao fin [&hellip;]","og_url":"https:\/\/cascinasancassiano.com\/fr\/prodotto\/creme-croustillante-aux-noisettes-et-au-cacao\/","og_site_name":"Cascina San Cassiano","article_modified_time":"2025-06-04T13:04:45+00:00","og_image":[{"width":1000,"height":1000,"url":"https:\/\/cascina.demoengagemint.it\/wp-content\/uploads\/2025\/06\/CSC14232_Croccante_Gianduja25.png","type":"image\/png"}],"twitter_card":"summary_large_image","twitter_misc":{"Dur\u00e9e de lecture estim\u00e9e":"2 minutes"},"schema":{"@context":"https:\/\/schema.org","@graph":[{"@type":"WebPage","@id":"https:\/\/cascinasancassiano.com\/fr\/prodotto\/creme-croustillante-aux-noisettes-et-au-cacao\/","url":"https:\/\/cascinasancassiano.com\/fr\/prodotto\/creme-croustillante-aux-noisettes-et-au-cacao\/","name":"Cr\u00e8me croustillante aux noisettes et au cacao - Cascina San Cassiano","isPartOf":{"@id":"https:\/\/paolos156.sg-host.com\/#website"},"primaryImageOfPage":{"@id":"https:\/\/cascinasancassiano.com\/fr\/prodotto\/creme-croustillante-aux-noisettes-et-au-cacao\/#primaryimage"},"image":{"@id":"https:\/\/cascinasancassiano.com\/fr\/prodotto\/creme-croustillante-aux-noisettes-et-au-cacao\/#primaryimage"},"thumbnailUrl":"https:\/\/cascinasancassiano.com\/wp-content\/uploads\/2025\/05\/CSC-14232-Croccante-Gianduja-New-26.png","datePublished":"2025-05-14T14:09:10+00:00","dateModified":"2025-06-04T13:04:45+00:00","breadcrumb":{"@id":"https:\/\/cascinasancassiano.com\/fr\/prodotto\/creme-croustillante-aux-noisettes-et-au-cacao\/#breadcrumb"},"inLanguage":"fr-FR","potentialAction":[{"@type":"ReadAction","target":["https:\/\/cascinasancassiano.com\/fr\/prodotto\/creme-croustillante-aux-noisettes-et-au-cacao\/"]}]},{"@type":"ImageObject","inLanguage":"fr-FR","@id":"https:\/\/cascinasancassiano.com\/fr\/prodotto\/creme-croustillante-aux-noisettes-et-au-cacao\/#primaryimage","url":"https:\/\/cascinasancassiano.com\/wp-content\/uploads\/2025\/05\/CSC-14232-Croccante-Gianduja-New-26.png","contentUrl":"https:\/\/cascinasancassiano.com\/wp-content\/uploads\/2025\/05\/CSC-14232-Croccante-Gianduja-New-26.png","width":1000,"height":1000,"caption":"Croccante Gianduja"},{"@type":"BreadcrumbList","@id":"https:\/\/cascinasancassiano.com\/fr\/prodotto\/creme-croustillante-aux-noisettes-et-au-cacao\/#breadcrumb","itemListElement":[{"@type":"ListItem","position":1,"name":"Produits","item":"https:\/\/cascinasancassiano.com\/fr\/shop\/"},{"@type":"ListItem","position":2,"name":"Cr\u00e8me croustillante aux noisettes et au cacao"}]},{"@type":"WebSite","@id":"https:\/\/paolos156.sg-host.com\/#website","url":"https:\/\/paolos156.sg-host.com\/","name":"Cascina San Cassiano","description":"Gusta, credi, ama.","publisher":{"@id":"https:\/\/paolos156.sg-host.com\/#organization"},"potentialAction":[{"@type":"SearchAction","target":{"@type":"EntryPoint","urlTemplate":"https:\/\/paolos156.sg-host.com\/?s={search_term_string}"},"query-input":{"@type":"PropertyValueSpecification","valueRequired":true,"valueName":"search_term_string"}}],"inLanguage":"fr-FR"},{"@type":"Organization","@id":"https:\/\/paolos156.sg-host.com\/#organization","name":"Cascina San Cassiano","url":"https:\/\/paolos156.sg-host.com\/","logo":{"@type":"ImageObject","inLanguage":"fr-FR","@id":"https:\/\/paolos156.sg-host.com\/#\/schema\/logo\/image\/","url":"https:\/\/cascinasancassiano.com\/wp-content\/uploads\/2021\/09\/cascina-san-cassiano-logo.png","contentUrl":"https:\/\/cascinasancassiano.com\/wp-content\/uploads\/2021\/09\/cascina-san-cassiano-logo.png","width":700,"height":700,"caption":"Cascina San Cassiano"},"image":{"@id":"https:\/\/paolos156.sg-host.com\/#\/schema\/logo\/image\/"}}]}},"_links":{"self":[{"href":"https:\/\/cascinasancassiano.com\/fr\/wp-json\/wp\/v2\/product\/23772","targetHints":{"allow":["GET"]}}],"collection":[{"href":"https:\/\/cascinasancassiano.com\/fr\/wp-json\/wp\/v2\/product"}],"about":[{"href":"https:\/\/cascinasancassiano.com\/fr\/wp-json\/wp\/v2\/types\/product"}],"version-history":[{"count":0,"href":"https:\/\/cascinasancassiano.com\/fr\/wp-json\/wp\/v2\/product\/23772\/revisions"}],"wp:featuredmedia":[{"embeddable":true,"href":"https:\/\/cascinasancassiano.com\/fr\/wp-json\/wp\/v2\/media\/37696"}],"wp:attachment":[{"href":"https:\/\/cascinasancassiano.com\/fr\/wp-json\/wp\/v2\/media?parent=23772"}],"wp:term":[{"taxonomy":"product_brand","embeddable":true,"href":"https:\/\/cascinasancassiano.com\/fr\/wp-json\/wp\/v2\/product_brand?post=23772"},{"taxonomy":"product_cat","embeddable":true,"href":"https:\/\/cascinasancassiano.com\/fr\/wp-json\/wp\/v2\/product_cat?post=23772"},{"taxonomy":"product_tag","embeddable":true,"href":"https:\/\/cascinasancassiano.com\/fr\/wp-json\/wp\/v2\/product_tag?post=23772"}],"curies":[{"name":"wp","href":"https:\/\/api.w.org\/{rel}","templated":true}]}}