{"id":23757,"date":"2025-05-14T11:13:55","date_gmt":"2025-05-14T09:13:55","guid":{"rendered":"https:\/\/cascinasancassiano.com\/?post_type=product&#038;p=23757"},"modified":"2025-06-16T12:53:05","modified_gmt":"2025-06-16T10:53:05","slug":"sauce-pour-pizza-a-la-pistache-sale","status":"publish","type":"product","link":"https:\/\/cascinasancassiano.com\/fr\/prodotto\/sauce-pour-pizza-a-la-pistache-sale\/","title":{"rendered":"Sauce pour pizza \u00e0 la pistache sal\u00e9"},"content":{"rendered":"<p>Originale sauce \u00e0 base de pistache sal\u00e9e, tr\u00e8s cr\u00e9meuse et au go\u00fbt international, est pr\u00eate \u00e0 assaisonner les pizzas et les focaccias blanches \u00e0 cuire au four pendant quelques minutes seulement. Elle est excellente seule ou avec l&rsquo;ajout de mozzarella et de l\u00e9gumes, et peut \u00eatre \u00e9tal\u00e9e sur du pain grill\u00e9.<\/p>\n","protected":false},"excerpt":{"rendered":"<p>Originale sauce \u00e0 base de pistache sal\u00e9e, tr\u00e8s cr\u00e9meuse et [&hellip;]<\/p>\n","protected":false},"featured_media":36935,"template":"","meta":{"_acf_changed":false},"product_brand":[],"product_cat":[118,523,315],"product_tag":[],"class_list":{"0":"post-23757","1":"product","2":"type-product","3":"status-publish","4":"has-post-thumbnail","6":"product_cat-salato","7":"product_cat-salse-pizza-bianche","8":"product_cat-salse-per-pizza","9":"pa_novita-novita","11":"first","12":"instock","13":"taxable","14":"shipping-taxable","15":"purchasable","16":"product-type-simple"},"acf":[],"yoast_head":"<!-- This site is optimized with the Yoast SEO plugin v27.4 - https:\/\/yoast.com\/product\/yoast-seo-wordpress\/ -->\n<title>Sauce pour pizza \u00e0 la pistache sal\u00e9 - Cascina San Cassiano<\/title>\n<meta name=\"description\" content=\"En 2025, la gamme de sauces pour pizza est \u00e9largie et elles changent d&#039;image avec une nouvelle \u00e9tiquette et un nouveau pot. Elles valent toutes la peine d&#039;\u00eatre essay\u00e9es\" \/>\n<meta name=\"robots\" content=\"index, follow, max-snippet:-1, max-image-preview:large, max-video-preview:-1\" \/>\n<link rel=\"canonical\" href=\"https:\/\/cascinasancassiano.com\/fr\/prodotto\/sauce-pour-pizza-a-la-pistache-sale\/\" \/>\n<meta property=\"og:locale\" content=\"fr_FR\" \/>\n<meta property=\"og:type\" content=\"article\" \/>\n<meta property=\"og:title\" content=\"Sauce pour pizza \u00e0 la pistache sal\u00e9 - Cascina San Cassiano\" \/>\n<meta property=\"og:description\" content=\"En 2025, la gamme de sauces pour pizza est \u00e9largie et elles changent d&#039;image avec une nouvelle \u00e9tiquette et un nouveau pot. Elles valent toutes la peine d&#039;\u00eatre essay\u00e9es\" \/>\n<meta property=\"og:url\" content=\"https:\/\/cascinasancassiano.com\/fr\/prodotto\/sauce-pour-pizza-a-la-pistache-sale\/\" \/>\n<meta property=\"og:site_name\" content=\"Cascina San Cassiano\" \/>\n<meta property=\"article:modified_time\" content=\"2025-06-16T10:53:05+00:00\" \/>\n<meta property=\"og:image\" content=\"https:\/\/cascina.demoengagemint.it\/wp-content\/uploads\/2025\/05\/CSC858_salsa_pizza_Pistacchio_salato_25.png\" \/>\n\t<meta property=\"og:image:width\" content=\"1000\" \/>\n\t<meta property=\"og:image:height\" content=\"1000\" \/>\n\t<meta property=\"og:image:type\" content=\"image\/png\" \/>\n<meta name=\"twitter:card\" content=\"summary_large_image\" \/>\n<meta name=\"twitter:label1\" content=\"Dur\u00e9e de lecture estim\u00e9e\" \/>\n\t<meta name=\"twitter:data1\" content=\"2 minutes\" \/>\n<script type=\"application\/ld+json\" class=\"yoast-schema-graph\">{\"@context\":\"https:\\\/\\\/schema.org\",\"@graph\":[{\"@type\":\"WebPage\",\"@id\":\"https:\\\/\\\/cascinasancassiano.com\\\/fr\\\/prodotto\\\/sauce-pour-pizza-a-la-pistache-sale\\\/\",\"url\":\"https:\\\/\\\/cascinasancassiano.com\\\/fr\\\/prodotto\\\/sauce-pour-pizza-a-la-pistache-sale\\\/\",\"name\":\"Sauce pour pizza \u00e0 la pistache sal\u00e9 - Cascina San Cassiano\",\"isPartOf\":{\"@id\":\"https:\\\/\\\/paolos156.sg-host.com\\\/#website\"},\"primaryImageOfPage\":{\"@id\":\"https:\\\/\\\/cascinasancassiano.com\\\/fr\\\/prodotto\\\/sauce-pour-pizza-a-la-pistache-sale\\\/#primaryimage\"},\"image\":{\"@id\":\"https:\\\/\\\/cascinasancassiano.com\\\/fr\\\/prodotto\\\/sauce-pour-pizza-a-la-pistache-sale\\\/#primaryimage\"},\"thumbnailUrl\":\"https:\\\/\\\/cascinasancassiano.com\\\/wp-content\\\/uploads\\\/2025\\\/05\\\/CSC-858-Sale-Pizza-Pistacchio-salato-New-26.png\",\"datePublished\":\"2025-05-14T09:13:55+00:00\",\"dateModified\":\"2025-06-16T10:53:05+00:00\",\"description\":\"En 2025, la gamme de sauces pour pizza est \u00e9largie et elles changent d'image avec une nouvelle \u00e9tiquette et un nouveau pot. Elles valent toutes la peine d'\u00eatre essay\u00e9es\",\"breadcrumb\":{\"@id\":\"https:\\\/\\\/cascinasancassiano.com\\\/fr\\\/prodotto\\\/sauce-pour-pizza-a-la-pistache-sale\\\/#breadcrumb\"},\"inLanguage\":\"fr-FR\",\"potentialAction\":[{\"@type\":\"ReadAction\",\"target\":[\"https:\\\/\\\/cascinasancassiano.com\\\/fr\\\/prodotto\\\/sauce-pour-pizza-a-la-pistache-sale\\\/\"]}]},{\"@type\":\"ImageObject\",\"inLanguage\":\"fr-FR\",\"@id\":\"https:\\\/\\\/cascinasancassiano.com\\\/fr\\\/prodotto\\\/sauce-pour-pizza-a-la-pistache-sale\\\/#primaryimage\",\"url\":\"https:\\\/\\\/cascinasancassiano.com\\\/wp-content\\\/uploads\\\/2025\\\/05\\\/CSC-858-Sale-Pizza-Pistacchio-salato-New-26.png\",\"contentUrl\":\"https:\\\/\\\/cascinasancassiano.com\\\/wp-content\\\/uploads\\\/2025\\\/05\\\/CSC-858-Sale-Pizza-Pistacchio-salato-New-26.png\",\"width\":1000,\"height\":1000,\"caption\":\"Salse Pizza Pistacchio salato\"},{\"@type\":\"BreadcrumbList\",\"@id\":\"https:\\\/\\\/cascinasancassiano.com\\\/fr\\\/prodotto\\\/sauce-pour-pizza-a-la-pistache-sale\\\/#breadcrumb\",\"itemListElement\":[{\"@type\":\"ListItem\",\"position\":1,\"name\":\"Produits\",\"item\":\"https:\\\/\\\/cascinasancassiano.com\\\/fr\\\/shop\\\/\"},{\"@type\":\"ListItem\",\"position\":2,\"name\":\"Sauce pour pizza \u00e0 la pistache sal\u00e9\"}]},{\"@type\":\"WebSite\",\"@id\":\"https:\\\/\\\/paolos156.sg-host.com\\\/#website\",\"url\":\"https:\\\/\\\/paolos156.sg-host.com\\\/\",\"name\":\"Cascina San Cassiano\",\"description\":\"Gusta, credi, ama.\",\"publisher\":{\"@id\":\"https:\\\/\\\/paolos156.sg-host.com\\\/#organization\"},\"potentialAction\":[{\"@type\":\"SearchAction\",\"target\":{\"@type\":\"EntryPoint\",\"urlTemplate\":\"https:\\\/\\\/paolos156.sg-host.com\\\/?s={search_term_string}\"},\"query-input\":{\"@type\":\"PropertyValueSpecification\",\"valueRequired\":true,\"valueName\":\"search_term_string\"}}],\"inLanguage\":\"fr-FR\"},{\"@type\":\"Organization\",\"@id\":\"https:\\\/\\\/paolos156.sg-host.com\\\/#organization\",\"name\":\"Cascina San Cassiano\",\"url\":\"https:\\\/\\\/paolos156.sg-host.com\\\/\",\"logo\":{\"@type\":\"ImageObject\",\"inLanguage\":\"fr-FR\",\"@id\":\"https:\\\/\\\/paolos156.sg-host.com\\\/#\\\/schema\\\/logo\\\/image\\\/\",\"url\":\"https:\\\/\\\/cascinasancassiano.com\\\/wp-content\\\/uploads\\\/2021\\\/09\\\/cascina-san-cassiano-logo.png\",\"contentUrl\":\"https:\\\/\\\/cascinasancassiano.com\\\/wp-content\\\/uploads\\\/2021\\\/09\\\/cascina-san-cassiano-logo.png\",\"width\":700,\"height\":700,\"caption\":\"Cascina San Cassiano\"},\"image\":{\"@id\":\"https:\\\/\\\/paolos156.sg-host.com\\\/#\\\/schema\\\/logo\\\/image\\\/\"}}]}<\/script>\n<!-- \/ Yoast SEO plugin. -->","yoast_head_json":{"title":"Sauce pour pizza \u00e0 la pistache sal\u00e9 - Cascina San Cassiano","description":"En 2025, la gamme de sauces pour pizza est \u00e9largie et elles changent d'image avec une nouvelle \u00e9tiquette et un nouveau pot. Elles valent toutes la peine d'\u00eatre essay\u00e9es","robots":{"index":"index","follow":"follow","max-snippet":"max-snippet:-1","max-image-preview":"max-image-preview:large","max-video-preview":"max-video-preview:-1"},"canonical":"https:\/\/cascinasancassiano.com\/fr\/prodotto\/sauce-pour-pizza-a-la-pistache-sale\/","og_locale":"fr_FR","og_type":"article","og_title":"Sauce pour pizza \u00e0 la pistache sal\u00e9 - Cascina San Cassiano","og_description":"En 2025, la gamme de sauces pour pizza est \u00e9largie et elles changent d'image avec une nouvelle \u00e9tiquette et un nouveau pot. Elles valent toutes la peine d'\u00eatre essay\u00e9es","og_url":"https:\/\/cascinasancassiano.com\/fr\/prodotto\/sauce-pour-pizza-a-la-pistache-sale\/","og_site_name":"Cascina San Cassiano","article_modified_time":"2025-06-16T10:53:05+00:00","og_image":[{"width":1000,"height":1000,"url":"https:\/\/cascina.demoengagemint.it\/wp-content\/uploads\/2025\/05\/CSC858_salsa_pizza_Pistacchio_salato_25.png","type":"image\/png"}],"twitter_card":"summary_large_image","twitter_misc":{"Dur\u00e9e de lecture estim\u00e9e":"2 minutes"},"schema":{"@context":"https:\/\/schema.org","@graph":[{"@type":"WebPage","@id":"https:\/\/cascinasancassiano.com\/fr\/prodotto\/sauce-pour-pizza-a-la-pistache-sale\/","url":"https:\/\/cascinasancassiano.com\/fr\/prodotto\/sauce-pour-pizza-a-la-pistache-sale\/","name":"Sauce pour pizza \u00e0 la pistache sal\u00e9 - Cascina San Cassiano","isPartOf":{"@id":"https:\/\/paolos156.sg-host.com\/#website"},"primaryImageOfPage":{"@id":"https:\/\/cascinasancassiano.com\/fr\/prodotto\/sauce-pour-pizza-a-la-pistache-sale\/#primaryimage"},"image":{"@id":"https:\/\/cascinasancassiano.com\/fr\/prodotto\/sauce-pour-pizza-a-la-pistache-sale\/#primaryimage"},"thumbnailUrl":"https:\/\/cascinasancassiano.com\/wp-content\/uploads\/2025\/05\/CSC-858-Sale-Pizza-Pistacchio-salato-New-26.png","datePublished":"2025-05-14T09:13:55+00:00","dateModified":"2025-06-16T10:53:05+00:00","description":"En 2025, la gamme de sauces pour pizza est \u00e9largie et elles changent d'image avec une nouvelle \u00e9tiquette et un nouveau pot. Elles valent toutes la peine d'\u00eatre essay\u00e9es","breadcrumb":{"@id":"https:\/\/cascinasancassiano.com\/fr\/prodotto\/sauce-pour-pizza-a-la-pistache-sale\/#breadcrumb"},"inLanguage":"fr-FR","potentialAction":[{"@type":"ReadAction","target":["https:\/\/cascinasancassiano.com\/fr\/prodotto\/sauce-pour-pizza-a-la-pistache-sale\/"]}]},{"@type":"ImageObject","inLanguage":"fr-FR","@id":"https:\/\/cascinasancassiano.com\/fr\/prodotto\/sauce-pour-pizza-a-la-pistache-sale\/#primaryimage","url":"https:\/\/cascinasancassiano.com\/wp-content\/uploads\/2025\/05\/CSC-858-Sale-Pizza-Pistacchio-salato-New-26.png","contentUrl":"https:\/\/cascinasancassiano.com\/wp-content\/uploads\/2025\/05\/CSC-858-Sale-Pizza-Pistacchio-salato-New-26.png","width":1000,"height":1000,"caption":"Salse Pizza Pistacchio salato"},{"@type":"BreadcrumbList","@id":"https:\/\/cascinasancassiano.com\/fr\/prodotto\/sauce-pour-pizza-a-la-pistache-sale\/#breadcrumb","itemListElement":[{"@type":"ListItem","position":1,"name":"Produits","item":"https:\/\/cascinasancassiano.com\/fr\/shop\/"},{"@type":"ListItem","position":2,"name":"Sauce pour pizza \u00e0 la pistache sal\u00e9"}]},{"@type":"WebSite","@id":"https:\/\/paolos156.sg-host.com\/#website","url":"https:\/\/paolos156.sg-host.com\/","name":"Cascina San Cassiano","description":"Gusta, credi, ama.","publisher":{"@id":"https:\/\/paolos156.sg-host.com\/#organization"},"potentialAction":[{"@type":"SearchAction","target":{"@type":"EntryPoint","urlTemplate":"https:\/\/paolos156.sg-host.com\/?s={search_term_string}"},"query-input":{"@type":"PropertyValueSpecification","valueRequired":true,"valueName":"search_term_string"}}],"inLanguage":"fr-FR"},{"@type":"Organization","@id":"https:\/\/paolos156.sg-host.com\/#organization","name":"Cascina San Cassiano","url":"https:\/\/paolos156.sg-host.com\/","logo":{"@type":"ImageObject","inLanguage":"fr-FR","@id":"https:\/\/paolos156.sg-host.com\/#\/schema\/logo\/image\/","url":"https:\/\/cascinasancassiano.com\/wp-content\/uploads\/2021\/09\/cascina-san-cassiano-logo.png","contentUrl":"https:\/\/cascinasancassiano.com\/wp-content\/uploads\/2021\/09\/cascina-san-cassiano-logo.png","width":700,"height":700,"caption":"Cascina San Cassiano"},"image":{"@id":"https:\/\/paolos156.sg-host.com\/#\/schema\/logo\/image\/"}}]}},"_links":{"self":[{"href":"https:\/\/cascinasancassiano.com\/fr\/wp-json\/wp\/v2\/product\/23757","targetHints":{"allow":["GET"]}}],"collection":[{"href":"https:\/\/cascinasancassiano.com\/fr\/wp-json\/wp\/v2\/product"}],"about":[{"href":"https:\/\/cascinasancassiano.com\/fr\/wp-json\/wp\/v2\/types\/product"}],"version-history":[{"count":0,"href":"https:\/\/cascinasancassiano.com\/fr\/wp-json\/wp\/v2\/product\/23757\/revisions"}],"wp:featuredmedia":[{"embeddable":true,"href":"https:\/\/cascinasancassiano.com\/fr\/wp-json\/wp\/v2\/media\/36935"}],"wp:attachment":[{"href":"https:\/\/cascinasancassiano.com\/fr\/wp-json\/wp\/v2\/media?parent=23757"}],"wp:term":[{"taxonomy":"product_brand","embeddable":true,"href":"https:\/\/cascinasancassiano.com\/fr\/wp-json\/wp\/v2\/product_brand?post=23757"},{"taxonomy":"product_cat","embeddable":true,"href":"https:\/\/cascinasancassiano.com\/fr\/wp-json\/wp\/v2\/product_cat?post=23757"},{"taxonomy":"product_tag","embeddable":true,"href":"https:\/\/cascinasancassiano.com\/fr\/wp-json\/wp\/v2\/product_tag?post=23757"}],"curies":[{"name":"wp","href":"https:\/\/api.w.org\/{rel}","templated":true}]}}