{"id":18116,"date":"2023-04-14T16:06:30","date_gmt":"2023-04-14T14:06:30","guid":{"rendered":"https:\/\/www.cascinasancassiano.it\/web\/?post_type=product&#038;p=18116"},"modified":"2023-09-28T14:36:13","modified_gmt":"2023-09-28T12:36:13","slug":"confiture-de-fraises-mara-des-bois","status":"publish","type":"product","link":"https:\/\/cascinasancassiano.com\/fr\/prodotto\/confiture-de-fraises-mara-des-bois\/","title":{"rendered":"Confiture de fraises Mara des Bois"},"content":{"rendered":"<p>Cette confiture au go\u00fbt raffin\u00e9 et \u00e0 l&rsquo;ar\u00f4me intense est \u00e9labor\u00e9e \u00e0 partir d&rsquo;une vari\u00e9t\u00e9 de fraise tr\u00e8s pris\u00e9e d&rsquo;origine fran\u00e7aise et de sucre brun. La \u00ab\u00a0Mara des Bois\u00a0\u00bb est riche en vitamines et en min\u00e9raux, poss\u00e8de des propri\u00e9t\u00e9s antioxydantes et un go\u00fbt similaire \u00e0 celui des fraises des bois. Une confiture parfaite pour remplir les desserts et garnir les glaces; elle est excellente \u00e0 tartiner sur le pain ou pour accompagner le fromage.<\/p>\n","protected":false},"excerpt":{"rendered":"<p>Cette confiture au go\u00fbt raffin\u00e9 et \u00e0 l&rsquo;ar\u00f4me intense est [&hellip;]<\/p>\n","protected":false},"featured_media":37489,"template":"","meta":{"_acf_changed":false},"product_brand":[],"product_cat":[165,341,159],"product_tag":[532],"class_list":{"0":"post-18116","1":"product","2":"type-product","3":"status-publish","4":"has-post-thumbnail","6":"product_cat-confetture-extra-e-marmellate","7":"product_cat-la-selezione-confetture","8":"product_cat-dolce","9":"product_tag-vegano","11":"first","12":"instock","13":"taxable","14":"shipping-taxable","15":"purchasable","16":"product-type-simple"},"acf":[],"yoast_head":"<!-- This site is optimized with the Yoast SEO plugin v27.4 - https:\/\/yoast.com\/product\/yoast-seo-wordpress\/ -->\n<title>Confiture de fraises Mara des Bois - Cascina San Cassiano<\/title>\n<meta name=\"robots\" content=\"index, follow, max-snippet:-1, max-image-preview:large, max-video-preview:-1\" \/>\n<link rel=\"canonical\" href=\"https:\/\/cascinasancassiano.com\/fr\/prodotto\/confiture-de-fraises-mara-des-bois\/\" \/>\n<meta property=\"og:locale\" content=\"fr_FR\" \/>\n<meta property=\"og:type\" content=\"article\" \/>\n<meta property=\"og:title\" content=\"Confiture de fraises Mara des Bois - Cascina San Cassiano\" \/>\n<meta property=\"og:description\" content=\"Cette confiture au go\u00fbt raffin\u00e9 et \u00e0 l&rsquo;ar\u00f4me intense est [&hellip;]\" \/>\n<meta property=\"og:url\" content=\"https:\/\/cascinasancassiano.com\/fr\/prodotto\/confiture-de-fraises-mara-des-bois\/\" \/>\n<meta property=\"og:site_name\" content=\"Cascina San Cassiano\" \/>\n<meta property=\"article:modified_time\" content=\"2023-09-28T12:36:13+00:00\" \/>\n<meta property=\"og:image\" content=\"https:\/\/cascina.demoengagemint.it\/wp-content\/uploads\/2023\/04\/CSC301_Confettura_fragole_mara-des_bois.png\" \/>\n\t<meta property=\"og:image:width\" content=\"1000\" \/>\n\t<meta property=\"og:image:height\" content=\"1000\" \/>\n\t<meta property=\"og:image:type\" content=\"image\/png\" \/>\n<meta name=\"twitter:card\" content=\"summary_large_image\" \/>\n<meta name=\"twitter:label1\" content=\"Dur\u00e9e de lecture estim\u00e9e\" \/>\n\t<meta name=\"twitter:data1\" content=\"1 minute\" \/>\n<script type=\"application\/ld+json\" class=\"yoast-schema-graph\">{\"@context\":\"https:\\\/\\\/schema.org\",\"@graph\":[{\"@type\":\"WebPage\",\"@id\":\"https:\\\/\\\/cascinasancassiano.com\\\/fr\\\/prodotto\\\/confiture-de-fraises-mara-des-bois\\\/\",\"url\":\"https:\\\/\\\/cascinasancassiano.com\\\/fr\\\/prodotto\\\/confiture-de-fraises-mara-des-bois\\\/\",\"name\":\"Confiture de fraises Mara des Bois - Cascina San Cassiano\",\"isPartOf\":{\"@id\":\"https:\\\/\\\/paolos156.sg-host.com\\\/#website\"},\"primaryImageOfPage\":{\"@id\":\"https:\\\/\\\/cascinasancassiano.com\\\/fr\\\/prodotto\\\/confiture-de-fraises-mara-des-bois\\\/#primaryimage\"},\"image\":{\"@id\":\"https:\\\/\\\/cascinasancassiano.com\\\/fr\\\/prodotto\\\/confiture-de-fraises-mara-des-bois\\\/#primaryimage\"},\"thumbnailUrl\":\"https:\\\/\\\/cascinasancassiano.com\\\/wp-content\\\/uploads\\\/2023\\\/04\\\/CSC-301-Mara-des-Bois-New-26.png\",\"datePublished\":\"2023-04-14T14:06:30+00:00\",\"dateModified\":\"2023-09-28T12:36:13+00:00\",\"breadcrumb\":{\"@id\":\"https:\\\/\\\/cascinasancassiano.com\\\/fr\\\/prodotto\\\/confiture-de-fraises-mara-des-bois\\\/#breadcrumb\"},\"inLanguage\":\"fr-FR\",\"potentialAction\":[{\"@type\":\"ReadAction\",\"target\":[\"https:\\\/\\\/cascinasancassiano.com\\\/fr\\\/prodotto\\\/confiture-de-fraises-mara-des-bois\\\/\"]}]},{\"@type\":\"ImageObject\",\"inLanguage\":\"fr-FR\",\"@id\":\"https:\\\/\\\/cascinasancassiano.com\\\/fr\\\/prodotto\\\/confiture-de-fraises-mara-des-bois\\\/#primaryimage\",\"url\":\"https:\\\/\\\/cascinasancassiano.com\\\/wp-content\\\/uploads\\\/2023\\\/04\\\/CSC-301-Mara-des-Bois-New-26.png\",\"contentUrl\":\"https:\\\/\\\/cascinasancassiano.com\\\/wp-content\\\/uploads\\\/2023\\\/04\\\/CSC-301-Mara-des-Bois-New-26.png\",\"width\":1000,\"height\":1000,\"caption\":\"Mara des Bois\"},{\"@type\":\"BreadcrumbList\",\"@id\":\"https:\\\/\\\/cascinasancassiano.com\\\/fr\\\/prodotto\\\/confiture-de-fraises-mara-des-bois\\\/#breadcrumb\",\"itemListElement\":[{\"@type\":\"ListItem\",\"position\":1,\"name\":\"Produits\",\"item\":\"https:\\\/\\\/cascinasancassiano.com\\\/fr\\\/shop\\\/\"},{\"@type\":\"ListItem\",\"position\":2,\"name\":\"Confiture de fraises Mara des Bois\"}]},{\"@type\":\"WebSite\",\"@id\":\"https:\\\/\\\/paolos156.sg-host.com\\\/#website\",\"url\":\"https:\\\/\\\/paolos156.sg-host.com\\\/\",\"name\":\"Cascina San Cassiano\",\"description\":\"Gusta, credi, ama.\",\"publisher\":{\"@id\":\"https:\\\/\\\/paolos156.sg-host.com\\\/#organization\"},\"potentialAction\":[{\"@type\":\"SearchAction\",\"target\":{\"@type\":\"EntryPoint\",\"urlTemplate\":\"https:\\\/\\\/paolos156.sg-host.com\\\/?s={search_term_string}\"},\"query-input\":{\"@type\":\"PropertyValueSpecification\",\"valueRequired\":true,\"valueName\":\"search_term_string\"}}],\"inLanguage\":\"fr-FR\"},{\"@type\":\"Organization\",\"@id\":\"https:\\\/\\\/paolos156.sg-host.com\\\/#organization\",\"name\":\"Cascina San Cassiano\",\"url\":\"https:\\\/\\\/paolos156.sg-host.com\\\/\",\"logo\":{\"@type\":\"ImageObject\",\"inLanguage\":\"fr-FR\",\"@id\":\"https:\\\/\\\/paolos156.sg-host.com\\\/#\\\/schema\\\/logo\\\/image\\\/\",\"url\":\"https:\\\/\\\/cascinasancassiano.com\\\/wp-content\\\/uploads\\\/2021\\\/09\\\/cascina-san-cassiano-logo.png\",\"contentUrl\":\"https:\\\/\\\/cascinasancassiano.com\\\/wp-content\\\/uploads\\\/2021\\\/09\\\/cascina-san-cassiano-logo.png\",\"width\":700,\"height\":700,\"caption\":\"Cascina San Cassiano\"},\"image\":{\"@id\":\"https:\\\/\\\/paolos156.sg-host.com\\\/#\\\/schema\\\/logo\\\/image\\\/\"}}]}<\/script>\n<!-- \/ Yoast SEO plugin. -->","yoast_head_json":{"title":"Confiture de fraises Mara des Bois - Cascina San Cassiano","robots":{"index":"index","follow":"follow","max-snippet":"max-snippet:-1","max-image-preview":"max-image-preview:large","max-video-preview":"max-video-preview:-1"},"canonical":"https:\/\/cascinasancassiano.com\/fr\/prodotto\/confiture-de-fraises-mara-des-bois\/","og_locale":"fr_FR","og_type":"article","og_title":"Confiture de fraises Mara des Bois - Cascina San Cassiano","og_description":"Cette confiture au go\u00fbt raffin\u00e9 et \u00e0 l&rsquo;ar\u00f4me intense est [&hellip;]","og_url":"https:\/\/cascinasancassiano.com\/fr\/prodotto\/confiture-de-fraises-mara-des-bois\/","og_site_name":"Cascina San Cassiano","article_modified_time":"2023-09-28T12:36:13+00:00","og_image":[{"width":1000,"height":1000,"url":"https:\/\/cascina.demoengagemint.it\/wp-content\/uploads\/2023\/04\/CSC301_Confettura_fragole_mara-des_bois.png","type":"image\/png"}],"twitter_card":"summary_large_image","twitter_misc":{"Dur\u00e9e de lecture estim\u00e9e":"1 minute"},"schema":{"@context":"https:\/\/schema.org","@graph":[{"@type":"WebPage","@id":"https:\/\/cascinasancassiano.com\/fr\/prodotto\/confiture-de-fraises-mara-des-bois\/","url":"https:\/\/cascinasancassiano.com\/fr\/prodotto\/confiture-de-fraises-mara-des-bois\/","name":"Confiture de fraises Mara des Bois - Cascina San Cassiano","isPartOf":{"@id":"https:\/\/paolos156.sg-host.com\/#website"},"primaryImageOfPage":{"@id":"https:\/\/cascinasancassiano.com\/fr\/prodotto\/confiture-de-fraises-mara-des-bois\/#primaryimage"},"image":{"@id":"https:\/\/cascinasancassiano.com\/fr\/prodotto\/confiture-de-fraises-mara-des-bois\/#primaryimage"},"thumbnailUrl":"https:\/\/cascinasancassiano.com\/wp-content\/uploads\/2023\/04\/CSC-301-Mara-des-Bois-New-26.png","datePublished":"2023-04-14T14:06:30+00:00","dateModified":"2023-09-28T12:36:13+00:00","breadcrumb":{"@id":"https:\/\/cascinasancassiano.com\/fr\/prodotto\/confiture-de-fraises-mara-des-bois\/#breadcrumb"},"inLanguage":"fr-FR","potentialAction":[{"@type":"ReadAction","target":["https:\/\/cascinasancassiano.com\/fr\/prodotto\/confiture-de-fraises-mara-des-bois\/"]}]},{"@type":"ImageObject","inLanguage":"fr-FR","@id":"https:\/\/cascinasancassiano.com\/fr\/prodotto\/confiture-de-fraises-mara-des-bois\/#primaryimage","url":"https:\/\/cascinasancassiano.com\/wp-content\/uploads\/2023\/04\/CSC-301-Mara-des-Bois-New-26.png","contentUrl":"https:\/\/cascinasancassiano.com\/wp-content\/uploads\/2023\/04\/CSC-301-Mara-des-Bois-New-26.png","width":1000,"height":1000,"caption":"Mara des Bois"},{"@type":"BreadcrumbList","@id":"https:\/\/cascinasancassiano.com\/fr\/prodotto\/confiture-de-fraises-mara-des-bois\/#breadcrumb","itemListElement":[{"@type":"ListItem","position":1,"name":"Produits","item":"https:\/\/cascinasancassiano.com\/fr\/shop\/"},{"@type":"ListItem","position":2,"name":"Confiture de fraises Mara des Bois"}]},{"@type":"WebSite","@id":"https:\/\/paolos156.sg-host.com\/#website","url":"https:\/\/paolos156.sg-host.com\/","name":"Cascina San Cassiano","description":"Gusta, credi, ama.","publisher":{"@id":"https:\/\/paolos156.sg-host.com\/#organization"},"potentialAction":[{"@type":"SearchAction","target":{"@type":"EntryPoint","urlTemplate":"https:\/\/paolos156.sg-host.com\/?s={search_term_string}"},"query-input":{"@type":"PropertyValueSpecification","valueRequired":true,"valueName":"search_term_string"}}],"inLanguage":"fr-FR"},{"@type":"Organization","@id":"https:\/\/paolos156.sg-host.com\/#organization","name":"Cascina San Cassiano","url":"https:\/\/paolos156.sg-host.com\/","logo":{"@type":"ImageObject","inLanguage":"fr-FR","@id":"https:\/\/paolos156.sg-host.com\/#\/schema\/logo\/image\/","url":"https:\/\/cascinasancassiano.com\/wp-content\/uploads\/2021\/09\/cascina-san-cassiano-logo.png","contentUrl":"https:\/\/cascinasancassiano.com\/wp-content\/uploads\/2021\/09\/cascina-san-cassiano-logo.png","width":700,"height":700,"caption":"Cascina San Cassiano"},"image":{"@id":"https:\/\/paolos156.sg-host.com\/#\/schema\/logo\/image\/"}}]}},"_links":{"self":[{"href":"https:\/\/cascinasancassiano.com\/fr\/wp-json\/wp\/v2\/product\/18116","targetHints":{"allow":["GET"]}}],"collection":[{"href":"https:\/\/cascinasancassiano.com\/fr\/wp-json\/wp\/v2\/product"}],"about":[{"href":"https:\/\/cascinasancassiano.com\/fr\/wp-json\/wp\/v2\/types\/product"}],"version-history":[{"count":0,"href":"https:\/\/cascinasancassiano.com\/fr\/wp-json\/wp\/v2\/product\/18116\/revisions"}],"wp:featuredmedia":[{"embeddable":true,"href":"https:\/\/cascinasancassiano.com\/fr\/wp-json\/wp\/v2\/media\/37489"}],"wp:attachment":[{"href":"https:\/\/cascinasancassiano.com\/fr\/wp-json\/wp\/v2\/media?parent=18116"}],"wp:term":[{"taxonomy":"product_brand","embeddable":true,"href":"https:\/\/cascinasancassiano.com\/fr\/wp-json\/wp\/v2\/product_brand?post=18116"},{"taxonomy":"product_cat","embeddable":true,"href":"https:\/\/cascinasancassiano.com\/fr\/wp-json\/wp\/v2\/product_cat?post=18116"},{"taxonomy":"product_tag","embeddable":true,"href":"https:\/\/cascinasancassiano.com\/fr\/wp-json\/wp\/v2\/product_tag?post=18116"}],"curies":[{"name":"wp","href":"https:\/\/api.w.org\/{rel}","templated":true}]}}