{"id":18070,"date":"2023-04-12T11:28:42","date_gmt":"2023-04-12T09:28:42","guid":{"rendered":"https:\/\/www.cascinasancassiano.it\/web\/?post_type=product&#038;p=18070"},"modified":"2026-02-05T14:15:30","modified_gmt":"2026-02-05T13:15:30","slug":"arrabbiata-con-peperoncino-di-calabria","status":"publish","type":"product","link":"https:\/\/cascinasancassiano.com\/fr\/prodotto\/arrabbiata-con-peperoncino-di-calabria\/","title":{"rendered":"Sauce \u00ab\u00a0Arrabbiata\u00a0\u00bb au piments piquante de Calabre"},"content":{"rendered":"<p>Une sauce pr\u00e9par\u00e9e \u00e0 partir de tomates 100% italiennes, avec l&rsquo;ajout du tr\u00e8s recherch\u00e9 piment de Calabre pour donner ces notes \u00e9pic\u00e9es typiques des plats de p\u00e2tes du sud de l&rsquo;Italie. La sauce est pr\u00eate \u00e0 l&#8217;emploi pour assaisonner les p\u00e2tes courtes telles que les pennes, les macaronis et les fusilli. Elle est id\u00e9ale sur les p\u00e2tes tir\u00e9es au bronze ou poe sur parfumer la soupe de poisson.<\/p>\n","protected":false},"excerpt":{"rendered":"<p>Une sauce pr\u00e9par\u00e9e \u00e0 partir de tomates 100% italiennes, avec [&hellip;]<\/p>\n","protected":false},"featured_media":36707,"template":"","meta":{"_acf_changed":false},"product_brand":[],"product_cat":[118,135,335],"product_tag":[532],"class_list":{"0":"post-18070","1":"product","2":"type-product","3":"status-publish","4":"has-post-thumbnail","6":"product_cat-salato","7":"product_cat-sughi","8":"product_cat-mediterranei","9":"product_tag-vegano","11":"first","12":"instock","13":"taxable","14":"shipping-taxable","15":"purchasable","16":"product-type-simple"},"acf":[],"yoast_head":"<!-- This site is optimized with the Yoast SEO plugin v27.4 - https:\/\/yoast.com\/product\/yoast-seo-wordpress\/ -->\n<title>Sauce &quot;Arrabbiata&quot; au piments piquante de Calabre - Cascina San Cassiano<\/title>\n<meta name=\"robots\" content=\"index, follow, max-snippet:-1, max-image-preview:large, max-video-preview:-1\" \/>\n<link rel=\"canonical\" href=\"https:\/\/cascinasancassiano.com\/fr\/prodotto\/arrabbiata-con-peperoncino-di-calabria\/\" \/>\n<meta property=\"og:locale\" content=\"fr_FR\" \/>\n<meta property=\"og:type\" content=\"article\" \/>\n<meta property=\"og:title\" content=\"Sauce &quot;Arrabbiata&quot; au piments piquante de Calabre - Cascina San Cassiano\" \/>\n<meta property=\"og:description\" content=\"Une sauce pr\u00e9par\u00e9e \u00e0 partir de tomates 100% italiennes, avec [&hellip;]\" \/>\n<meta property=\"og:url\" content=\"https:\/\/cascinasancassiano.com\/fr\/prodotto\/arrabbiata-con-peperoncino-di-calabria\/\" \/>\n<meta property=\"og:site_name\" content=\"Cascina San Cassiano\" \/>\n<meta property=\"article:modified_time\" content=\"2026-02-05T13:15:30+00:00\" \/>\n<meta property=\"og:image\" content=\"https:\/\/cascina.demoengagemint.it\/wp-content\/uploads\/2023\/04\/CSC-6158-Arrabbiata-New-26.png\" \/>\n\t<meta property=\"og:image:width\" content=\"1000\" \/>\n\t<meta property=\"og:image:height\" content=\"1000\" \/>\n\t<meta property=\"og:image:type\" content=\"image\/png\" \/>\n<meta name=\"twitter:card\" content=\"summary_large_image\" \/>\n<meta name=\"twitter:label1\" content=\"Dur\u00e9e de lecture estim\u00e9e\" \/>\n\t<meta name=\"twitter:data1\" content=\"2 minutes\" \/>\n<script type=\"application\/ld+json\" class=\"yoast-schema-graph\">{\"@context\":\"https:\\\/\\\/schema.org\",\"@graph\":[{\"@type\":\"WebPage\",\"@id\":\"https:\\\/\\\/cascinasancassiano.com\\\/fr\\\/prodotto\\\/arrabbiata-con-peperoncino-di-calabria\\\/\",\"url\":\"https:\\\/\\\/cascinasancassiano.com\\\/fr\\\/prodotto\\\/arrabbiata-con-peperoncino-di-calabria\\\/\",\"name\":\"Sauce \\\"Arrabbiata\\\" au piments piquante de Calabre - Cascina San Cassiano\",\"isPartOf\":{\"@id\":\"https:\\\/\\\/paolos156.sg-host.com\\\/#website\"},\"primaryImageOfPage\":{\"@id\":\"https:\\\/\\\/cascinasancassiano.com\\\/fr\\\/prodotto\\\/arrabbiata-con-peperoncino-di-calabria\\\/#primaryimage\"},\"image\":{\"@id\":\"https:\\\/\\\/cascinasancassiano.com\\\/fr\\\/prodotto\\\/arrabbiata-con-peperoncino-di-calabria\\\/#primaryimage\"},\"thumbnailUrl\":\"https:\\\/\\\/cascinasancassiano.com\\\/wp-content\\\/uploads\\\/2023\\\/04\\\/CSC-6158-Arrabbiata-New-26.png\",\"datePublished\":\"2023-04-12T09:28:42+00:00\",\"dateModified\":\"2026-02-05T13:15:30+00:00\",\"breadcrumb\":{\"@id\":\"https:\\\/\\\/cascinasancassiano.com\\\/fr\\\/prodotto\\\/arrabbiata-con-peperoncino-di-calabria\\\/#breadcrumb\"},\"inLanguage\":\"fr-FR\",\"potentialAction\":[{\"@type\":\"ReadAction\",\"target\":[\"https:\\\/\\\/cascinasancassiano.com\\\/fr\\\/prodotto\\\/arrabbiata-con-peperoncino-di-calabria\\\/\"]}]},{\"@type\":\"ImageObject\",\"inLanguage\":\"fr-FR\",\"@id\":\"https:\\\/\\\/cascinasancassiano.com\\\/fr\\\/prodotto\\\/arrabbiata-con-peperoncino-di-calabria\\\/#primaryimage\",\"url\":\"https:\\\/\\\/cascinasancassiano.com\\\/wp-content\\\/uploads\\\/2023\\\/04\\\/CSC-6158-Arrabbiata-New-26.png\",\"contentUrl\":\"https:\\\/\\\/cascinasancassiano.com\\\/wp-content\\\/uploads\\\/2023\\\/04\\\/CSC-6158-Arrabbiata-New-26.png\",\"width\":1000,\"height\":1000,\"caption\":\"Arrabbiata con peperoncino di Calabria\"},{\"@type\":\"BreadcrumbList\",\"@id\":\"https:\\\/\\\/cascinasancassiano.com\\\/fr\\\/prodotto\\\/arrabbiata-con-peperoncino-di-calabria\\\/#breadcrumb\",\"itemListElement\":[{\"@type\":\"ListItem\",\"position\":1,\"name\":\"Produits\",\"item\":\"https:\\\/\\\/cascinasancassiano.com\\\/fr\\\/shop\\\/\"},{\"@type\":\"ListItem\",\"position\":2,\"name\":\"Sauce &#8220;Arrabbiata&#8221; au piments piquante de Calabre\"}]},{\"@type\":\"WebSite\",\"@id\":\"https:\\\/\\\/paolos156.sg-host.com\\\/#website\",\"url\":\"https:\\\/\\\/paolos156.sg-host.com\\\/\",\"name\":\"Cascina San Cassiano\",\"description\":\"Gusta, credi, ama.\",\"publisher\":{\"@id\":\"https:\\\/\\\/paolos156.sg-host.com\\\/#organization\"},\"potentialAction\":[{\"@type\":\"SearchAction\",\"target\":{\"@type\":\"EntryPoint\",\"urlTemplate\":\"https:\\\/\\\/paolos156.sg-host.com\\\/?s={search_term_string}\"},\"query-input\":{\"@type\":\"PropertyValueSpecification\",\"valueRequired\":true,\"valueName\":\"search_term_string\"}}],\"inLanguage\":\"fr-FR\"},{\"@type\":\"Organization\",\"@id\":\"https:\\\/\\\/paolos156.sg-host.com\\\/#organization\",\"name\":\"Cascina San Cassiano\",\"url\":\"https:\\\/\\\/paolos156.sg-host.com\\\/\",\"logo\":{\"@type\":\"ImageObject\",\"inLanguage\":\"fr-FR\",\"@id\":\"https:\\\/\\\/paolos156.sg-host.com\\\/#\\\/schema\\\/logo\\\/image\\\/\",\"url\":\"https:\\\/\\\/cascinasancassiano.com\\\/wp-content\\\/uploads\\\/2021\\\/09\\\/cascina-san-cassiano-logo.png\",\"contentUrl\":\"https:\\\/\\\/cascinasancassiano.com\\\/wp-content\\\/uploads\\\/2021\\\/09\\\/cascina-san-cassiano-logo.png\",\"width\":700,\"height\":700,\"caption\":\"Cascina San Cassiano\"},\"image\":{\"@id\":\"https:\\\/\\\/paolos156.sg-host.com\\\/#\\\/schema\\\/logo\\\/image\\\/\"}}]}<\/script>\n<!-- \/ Yoast SEO plugin. -->","yoast_head_json":{"title":"Sauce \"Arrabbiata\" au piments piquante de Calabre - Cascina San Cassiano","robots":{"index":"index","follow":"follow","max-snippet":"max-snippet:-1","max-image-preview":"max-image-preview:large","max-video-preview":"max-video-preview:-1"},"canonical":"https:\/\/cascinasancassiano.com\/fr\/prodotto\/arrabbiata-con-peperoncino-di-calabria\/","og_locale":"fr_FR","og_type":"article","og_title":"Sauce \"Arrabbiata\" au piments piquante de Calabre - Cascina San Cassiano","og_description":"Une sauce pr\u00e9par\u00e9e \u00e0 partir de tomates 100% italiennes, avec [&hellip;]","og_url":"https:\/\/cascinasancassiano.com\/fr\/prodotto\/arrabbiata-con-peperoncino-di-calabria\/","og_site_name":"Cascina San Cassiano","article_modified_time":"2026-02-05T13:15:30+00:00","og_image":[{"width":1000,"height":1000,"url":"https:\/\/cascina.demoengagemint.it\/wp-content\/uploads\/2023\/04\/CSC-6158-Arrabbiata-New-26.png","type":"image\/png"}],"twitter_card":"summary_large_image","twitter_misc":{"Dur\u00e9e de lecture estim\u00e9e":"2 minutes"},"schema":{"@context":"https:\/\/schema.org","@graph":[{"@type":"WebPage","@id":"https:\/\/cascinasancassiano.com\/fr\/prodotto\/arrabbiata-con-peperoncino-di-calabria\/","url":"https:\/\/cascinasancassiano.com\/fr\/prodotto\/arrabbiata-con-peperoncino-di-calabria\/","name":"Sauce \"Arrabbiata\" au piments piquante de Calabre - Cascina San Cassiano","isPartOf":{"@id":"https:\/\/paolos156.sg-host.com\/#website"},"primaryImageOfPage":{"@id":"https:\/\/cascinasancassiano.com\/fr\/prodotto\/arrabbiata-con-peperoncino-di-calabria\/#primaryimage"},"image":{"@id":"https:\/\/cascinasancassiano.com\/fr\/prodotto\/arrabbiata-con-peperoncino-di-calabria\/#primaryimage"},"thumbnailUrl":"https:\/\/cascinasancassiano.com\/wp-content\/uploads\/2023\/04\/CSC-6158-Arrabbiata-New-26.png","datePublished":"2023-04-12T09:28:42+00:00","dateModified":"2026-02-05T13:15:30+00:00","breadcrumb":{"@id":"https:\/\/cascinasancassiano.com\/fr\/prodotto\/arrabbiata-con-peperoncino-di-calabria\/#breadcrumb"},"inLanguage":"fr-FR","potentialAction":[{"@type":"ReadAction","target":["https:\/\/cascinasancassiano.com\/fr\/prodotto\/arrabbiata-con-peperoncino-di-calabria\/"]}]},{"@type":"ImageObject","inLanguage":"fr-FR","@id":"https:\/\/cascinasancassiano.com\/fr\/prodotto\/arrabbiata-con-peperoncino-di-calabria\/#primaryimage","url":"https:\/\/cascinasancassiano.com\/wp-content\/uploads\/2023\/04\/CSC-6158-Arrabbiata-New-26.png","contentUrl":"https:\/\/cascinasancassiano.com\/wp-content\/uploads\/2023\/04\/CSC-6158-Arrabbiata-New-26.png","width":1000,"height":1000,"caption":"Arrabbiata con peperoncino di Calabria"},{"@type":"BreadcrumbList","@id":"https:\/\/cascinasancassiano.com\/fr\/prodotto\/arrabbiata-con-peperoncino-di-calabria\/#breadcrumb","itemListElement":[{"@type":"ListItem","position":1,"name":"Produits","item":"https:\/\/cascinasancassiano.com\/fr\/shop\/"},{"@type":"ListItem","position":2,"name":"Sauce &#8220;Arrabbiata&#8221; au piments piquante de Calabre"}]},{"@type":"WebSite","@id":"https:\/\/paolos156.sg-host.com\/#website","url":"https:\/\/paolos156.sg-host.com\/","name":"Cascina San Cassiano","description":"Gusta, credi, ama.","publisher":{"@id":"https:\/\/paolos156.sg-host.com\/#organization"},"potentialAction":[{"@type":"SearchAction","target":{"@type":"EntryPoint","urlTemplate":"https:\/\/paolos156.sg-host.com\/?s={search_term_string}"},"query-input":{"@type":"PropertyValueSpecification","valueRequired":true,"valueName":"search_term_string"}}],"inLanguage":"fr-FR"},{"@type":"Organization","@id":"https:\/\/paolos156.sg-host.com\/#organization","name":"Cascina San Cassiano","url":"https:\/\/paolos156.sg-host.com\/","logo":{"@type":"ImageObject","inLanguage":"fr-FR","@id":"https:\/\/paolos156.sg-host.com\/#\/schema\/logo\/image\/","url":"https:\/\/cascinasancassiano.com\/wp-content\/uploads\/2021\/09\/cascina-san-cassiano-logo.png","contentUrl":"https:\/\/cascinasancassiano.com\/wp-content\/uploads\/2021\/09\/cascina-san-cassiano-logo.png","width":700,"height":700,"caption":"Cascina San Cassiano"},"image":{"@id":"https:\/\/paolos156.sg-host.com\/#\/schema\/logo\/image\/"}}]}},"_links":{"self":[{"href":"https:\/\/cascinasancassiano.com\/fr\/wp-json\/wp\/v2\/product\/18070","targetHints":{"allow":["GET"]}}],"collection":[{"href":"https:\/\/cascinasancassiano.com\/fr\/wp-json\/wp\/v2\/product"}],"about":[{"href":"https:\/\/cascinasancassiano.com\/fr\/wp-json\/wp\/v2\/types\/product"}],"version-history":[{"count":0,"href":"https:\/\/cascinasancassiano.com\/fr\/wp-json\/wp\/v2\/product\/18070\/revisions"}],"wp:featuredmedia":[{"embeddable":true,"href":"https:\/\/cascinasancassiano.com\/fr\/wp-json\/wp\/v2\/media\/36707"}],"wp:attachment":[{"href":"https:\/\/cascinasancassiano.com\/fr\/wp-json\/wp\/v2\/media?parent=18070"}],"wp:term":[{"taxonomy":"product_brand","embeddable":true,"href":"https:\/\/cascinasancassiano.com\/fr\/wp-json\/wp\/v2\/product_brand?post=18070"},{"taxonomy":"product_cat","embeddable":true,"href":"https:\/\/cascinasancassiano.com\/fr\/wp-json\/wp\/v2\/product_cat?post=18070"},{"taxonomy":"product_tag","embeddable":true,"href":"https:\/\/cascinasancassiano.com\/fr\/wp-json\/wp\/v2\/product_tag?post=18070"}],"curies":[{"name":"wp","href":"https:\/\/api.w.org\/{rel}","templated":true}]}}