{"id":15197,"date":"2022-04-21T16:28:56","date_gmt":"2022-04-21T14:28:56","guid":{"rendered":"https:\/\/www.cascinasancassiano.it\/web\/?post_type=product&#038;p=15197"},"modified":"2023-01-24T12:26:14","modified_gmt":"2023-01-24T11:26:14","slug":"difrutta-tartinade-proteinee-de-myrtille","status":"publish","type":"product","link":"https:\/\/cascinasancassiano.com\/fr\/prodotto\/difrutta-tartinade-proteinee-de-myrtille\/","title":{"rendered":"\u201cDifrutta\u201d &#8211; Tartinade prot\u00e9in\u00e9e de myrtille"},"content":{"rendered":"<p>Pr\u00e9par\u00e9e avec 65% de myrtilles, collag\u00e8ne hydrolys\u00e9, \u00e9rythritol et agar-agar. Le produit ne contient que des sucres de fruits et est riche en prot\u00e9ines. Il est parfait sur du pain et du fromage pour ajouter une touche sucr\u00e9e au petit-d\u00e9jeuner ou aux snacks des sportifs et des sujets suivant un r\u00e9gime hypocalorique.<\/p>\n<p>&nbsp;<\/p>\n","protected":false},"excerpt":{"rendered":"<p>Pr\u00e9par\u00e9e avec 65% de myrtilles, collag\u00e8ne hydrolys\u00e9, \u00e9rythritol et agar-agar. [&hellip;]<\/p>\n","protected":false},"featured_media":37785,"template":"","meta":{"_acf_changed":false},"product_brand":[],"product_cat":[312,326,513],"product_tag":[],"class_list":{"0":"post-15197","1":"product","2":"type-product","3":"status-publish","4":"has-post-thumbnail","6":"product_cat-proteici","7":"product_cat-di-frutta","8":"product_cat-ricette-funzionali","10":"first","11":"instock","12":"taxable","13":"shipping-taxable","14":"purchasable","15":"product-type-simple"},"acf":[],"yoast_head":"<!-- This site is optimized with the Yoast SEO plugin v27.4 - https:\/\/yoast.com\/product\/yoast-seo-wordpress\/ -->\n<title>\u201cDifrutta\u201d - Tartinade prot\u00e9in\u00e9e de myrtille - Cascina San Cassiano<\/title>\n<meta name=\"robots\" content=\"index, follow, max-snippet:-1, max-image-preview:large, max-video-preview:-1\" \/>\n<link rel=\"canonical\" href=\"https:\/\/cascinasancassiano.com\/fr\/prodotto\/difrutta-tartinade-proteinee-de-myrtille\/\" \/>\n<meta property=\"og:locale\" content=\"fr_FR\" \/>\n<meta property=\"og:type\" content=\"article\" \/>\n<meta property=\"og:title\" content=\"\u201cDifrutta\u201d - Tartinade prot\u00e9in\u00e9e de myrtille - Cascina San Cassiano\" \/>\n<meta property=\"og:description\" content=\"Pr\u00e9par\u00e9e avec 65% de myrtilles, collag\u00e8ne hydrolys\u00e9, \u00e9rythritol et agar-agar. [&hellip;]\" \/>\n<meta property=\"og:url\" content=\"https:\/\/cascinasancassiano.com\/fr\/prodotto\/difrutta-tartinade-proteinee-de-myrtille\/\" \/>\n<meta property=\"og:site_name\" content=\"Cascina San Cassiano\" \/>\n<meta property=\"article:modified_time\" content=\"2023-01-24T11:26:14+00:00\" \/>\n<meta property=\"og:image\" content=\"https:\/\/cascina.demoengagemint.it\/wp-content\/uploads\/2022\/04\/CSC111_spalmabile_proteica_difrutta_mirtillo.png\" \/>\n\t<meta property=\"og:image:width\" content=\"500\" \/>\n\t<meta property=\"og:image:height\" content=\"500\" \/>\n\t<meta property=\"og:image:type\" content=\"image\/png\" \/>\n<meta name=\"twitter:card\" content=\"summary_large_image\" \/>\n<meta name=\"twitter:label1\" content=\"Dur\u00e9e de lecture estim\u00e9e\" \/>\n\t<meta name=\"twitter:data1\" content=\"1 minute\" \/>\n<script type=\"application\/ld+json\" class=\"yoast-schema-graph\">{\"@context\":\"https:\\\/\\\/schema.org\",\"@graph\":[{\"@type\":\"WebPage\",\"@id\":\"https:\\\/\\\/cascinasancassiano.com\\\/fr\\\/prodotto\\\/difrutta-tartinade-proteinee-de-myrtille\\\/\",\"url\":\"https:\\\/\\\/cascinasancassiano.com\\\/fr\\\/prodotto\\\/difrutta-tartinade-proteinee-de-myrtille\\\/\",\"name\":\"\u201cDifrutta\u201d - Tartinade prot\u00e9in\u00e9e de myrtille - Cascina San Cassiano\",\"isPartOf\":{\"@id\":\"https:\\\/\\\/paolos156.sg-host.com\\\/#website\"},\"primaryImageOfPage\":{\"@id\":\"https:\\\/\\\/cascinasancassiano.com\\\/fr\\\/prodotto\\\/difrutta-tartinade-proteinee-de-myrtille\\\/#primaryimage\"},\"image\":{\"@id\":\"https:\\\/\\\/cascinasancassiano.com\\\/fr\\\/prodotto\\\/difrutta-tartinade-proteinee-de-myrtille\\\/#primaryimage\"},\"thumbnailUrl\":\"https:\\\/\\\/cascinasancassiano.com\\\/wp-content\\\/uploads\\\/2022\\\/04\\\/CSC-111-Difrutta-Proteici-Mirtillo-New-26.png\",\"datePublished\":\"2022-04-21T14:28:56+00:00\",\"dateModified\":\"2023-01-24T11:26:14+00:00\",\"breadcrumb\":{\"@id\":\"https:\\\/\\\/cascinasancassiano.com\\\/fr\\\/prodotto\\\/difrutta-tartinade-proteinee-de-myrtille\\\/#breadcrumb\"},\"inLanguage\":\"fr-FR\",\"potentialAction\":[{\"@type\":\"ReadAction\",\"target\":[\"https:\\\/\\\/cascinasancassiano.com\\\/fr\\\/prodotto\\\/difrutta-tartinade-proteinee-de-myrtille\\\/\"]}]},{\"@type\":\"ImageObject\",\"inLanguage\":\"fr-FR\",\"@id\":\"https:\\\/\\\/cascinasancassiano.com\\\/fr\\\/prodotto\\\/difrutta-tartinade-proteinee-de-myrtille\\\/#primaryimage\",\"url\":\"https:\\\/\\\/cascinasancassiano.com\\\/wp-content\\\/uploads\\\/2022\\\/04\\\/CSC-111-Difrutta-Proteici-Mirtillo-New-26.png\",\"contentUrl\":\"https:\\\/\\\/cascinasancassiano.com\\\/wp-content\\\/uploads\\\/2022\\\/04\\\/CSC-111-Difrutta-Proteici-Mirtillo-New-26.png\",\"width\":1000,\"height\":1000,\"caption\":\"Difrutta Proteici Mirtillo\"},{\"@type\":\"BreadcrumbList\",\"@id\":\"https:\\\/\\\/cascinasancassiano.com\\\/fr\\\/prodotto\\\/difrutta-tartinade-proteinee-de-myrtille\\\/#breadcrumb\",\"itemListElement\":[{\"@type\":\"ListItem\",\"position\":1,\"name\":\"Produits\",\"item\":\"https:\\\/\\\/cascinasancassiano.com\\\/fr\\\/shop\\\/\"},{\"@type\":\"ListItem\",\"position\":2,\"name\":\"\u201cDifrutta\u201d &#8211; Tartinade prot\u00e9in\u00e9e de myrtille\"}]},{\"@type\":\"WebSite\",\"@id\":\"https:\\\/\\\/paolos156.sg-host.com\\\/#website\",\"url\":\"https:\\\/\\\/paolos156.sg-host.com\\\/\",\"name\":\"Cascina San Cassiano\",\"description\":\"Gusta, credi, ama.\",\"publisher\":{\"@id\":\"https:\\\/\\\/paolos156.sg-host.com\\\/#organization\"},\"potentialAction\":[{\"@type\":\"SearchAction\",\"target\":{\"@type\":\"EntryPoint\",\"urlTemplate\":\"https:\\\/\\\/paolos156.sg-host.com\\\/?s={search_term_string}\"},\"query-input\":{\"@type\":\"PropertyValueSpecification\",\"valueRequired\":true,\"valueName\":\"search_term_string\"}}],\"inLanguage\":\"fr-FR\"},{\"@type\":\"Organization\",\"@id\":\"https:\\\/\\\/paolos156.sg-host.com\\\/#organization\",\"name\":\"Cascina San Cassiano\",\"url\":\"https:\\\/\\\/paolos156.sg-host.com\\\/\",\"logo\":{\"@type\":\"ImageObject\",\"inLanguage\":\"fr-FR\",\"@id\":\"https:\\\/\\\/paolos156.sg-host.com\\\/#\\\/schema\\\/logo\\\/image\\\/\",\"url\":\"https:\\\/\\\/cascinasancassiano.com\\\/wp-content\\\/uploads\\\/2021\\\/09\\\/cascina-san-cassiano-logo.png\",\"contentUrl\":\"https:\\\/\\\/cascinasancassiano.com\\\/wp-content\\\/uploads\\\/2021\\\/09\\\/cascina-san-cassiano-logo.png\",\"width\":700,\"height\":700,\"caption\":\"Cascina San Cassiano\"},\"image\":{\"@id\":\"https:\\\/\\\/paolos156.sg-host.com\\\/#\\\/schema\\\/logo\\\/image\\\/\"}}]}<\/script>\n<!-- \/ Yoast SEO plugin. -->","yoast_head_json":{"title":"\u201cDifrutta\u201d - Tartinade prot\u00e9in\u00e9e de myrtille - Cascina San Cassiano","robots":{"index":"index","follow":"follow","max-snippet":"max-snippet:-1","max-image-preview":"max-image-preview:large","max-video-preview":"max-video-preview:-1"},"canonical":"https:\/\/cascinasancassiano.com\/fr\/prodotto\/difrutta-tartinade-proteinee-de-myrtille\/","og_locale":"fr_FR","og_type":"article","og_title":"\u201cDifrutta\u201d - Tartinade prot\u00e9in\u00e9e de myrtille - Cascina San Cassiano","og_description":"Pr\u00e9par\u00e9e avec 65% de myrtilles, collag\u00e8ne hydrolys\u00e9, \u00e9rythritol et agar-agar. [&hellip;]","og_url":"https:\/\/cascinasancassiano.com\/fr\/prodotto\/difrutta-tartinade-proteinee-de-myrtille\/","og_site_name":"Cascina San Cassiano","article_modified_time":"2023-01-24T11:26:14+00:00","og_image":[{"width":500,"height":500,"url":"https:\/\/cascina.demoengagemint.it\/wp-content\/uploads\/2022\/04\/CSC111_spalmabile_proteica_difrutta_mirtillo.png","type":"image\/png"}],"twitter_card":"summary_large_image","twitter_misc":{"Dur\u00e9e de lecture estim\u00e9e":"1 minute"},"schema":{"@context":"https:\/\/schema.org","@graph":[{"@type":"WebPage","@id":"https:\/\/cascinasancassiano.com\/fr\/prodotto\/difrutta-tartinade-proteinee-de-myrtille\/","url":"https:\/\/cascinasancassiano.com\/fr\/prodotto\/difrutta-tartinade-proteinee-de-myrtille\/","name":"\u201cDifrutta\u201d - Tartinade prot\u00e9in\u00e9e de myrtille - Cascina San Cassiano","isPartOf":{"@id":"https:\/\/paolos156.sg-host.com\/#website"},"primaryImageOfPage":{"@id":"https:\/\/cascinasancassiano.com\/fr\/prodotto\/difrutta-tartinade-proteinee-de-myrtille\/#primaryimage"},"image":{"@id":"https:\/\/cascinasancassiano.com\/fr\/prodotto\/difrutta-tartinade-proteinee-de-myrtille\/#primaryimage"},"thumbnailUrl":"https:\/\/cascinasancassiano.com\/wp-content\/uploads\/2022\/04\/CSC-111-Difrutta-Proteici-Mirtillo-New-26.png","datePublished":"2022-04-21T14:28:56+00:00","dateModified":"2023-01-24T11:26:14+00:00","breadcrumb":{"@id":"https:\/\/cascinasancassiano.com\/fr\/prodotto\/difrutta-tartinade-proteinee-de-myrtille\/#breadcrumb"},"inLanguage":"fr-FR","potentialAction":[{"@type":"ReadAction","target":["https:\/\/cascinasancassiano.com\/fr\/prodotto\/difrutta-tartinade-proteinee-de-myrtille\/"]}]},{"@type":"ImageObject","inLanguage":"fr-FR","@id":"https:\/\/cascinasancassiano.com\/fr\/prodotto\/difrutta-tartinade-proteinee-de-myrtille\/#primaryimage","url":"https:\/\/cascinasancassiano.com\/wp-content\/uploads\/2022\/04\/CSC-111-Difrutta-Proteici-Mirtillo-New-26.png","contentUrl":"https:\/\/cascinasancassiano.com\/wp-content\/uploads\/2022\/04\/CSC-111-Difrutta-Proteici-Mirtillo-New-26.png","width":1000,"height":1000,"caption":"Difrutta Proteici Mirtillo"},{"@type":"BreadcrumbList","@id":"https:\/\/cascinasancassiano.com\/fr\/prodotto\/difrutta-tartinade-proteinee-de-myrtille\/#breadcrumb","itemListElement":[{"@type":"ListItem","position":1,"name":"Produits","item":"https:\/\/cascinasancassiano.com\/fr\/shop\/"},{"@type":"ListItem","position":2,"name":"\u201cDifrutta\u201d &#8211; Tartinade prot\u00e9in\u00e9e de myrtille"}]},{"@type":"WebSite","@id":"https:\/\/paolos156.sg-host.com\/#website","url":"https:\/\/paolos156.sg-host.com\/","name":"Cascina San Cassiano","description":"Gusta, credi, ama.","publisher":{"@id":"https:\/\/paolos156.sg-host.com\/#organization"},"potentialAction":[{"@type":"SearchAction","target":{"@type":"EntryPoint","urlTemplate":"https:\/\/paolos156.sg-host.com\/?s={search_term_string}"},"query-input":{"@type":"PropertyValueSpecification","valueRequired":true,"valueName":"search_term_string"}}],"inLanguage":"fr-FR"},{"@type":"Organization","@id":"https:\/\/paolos156.sg-host.com\/#organization","name":"Cascina San Cassiano","url":"https:\/\/paolos156.sg-host.com\/","logo":{"@type":"ImageObject","inLanguage":"fr-FR","@id":"https:\/\/paolos156.sg-host.com\/#\/schema\/logo\/image\/","url":"https:\/\/cascinasancassiano.com\/wp-content\/uploads\/2021\/09\/cascina-san-cassiano-logo.png","contentUrl":"https:\/\/cascinasancassiano.com\/wp-content\/uploads\/2021\/09\/cascina-san-cassiano-logo.png","width":700,"height":700,"caption":"Cascina San Cassiano"},"image":{"@id":"https:\/\/paolos156.sg-host.com\/#\/schema\/logo\/image\/"}}]}},"_links":{"self":[{"href":"https:\/\/cascinasancassiano.com\/fr\/wp-json\/wp\/v2\/product\/15197","targetHints":{"allow":["GET"]}}],"collection":[{"href":"https:\/\/cascinasancassiano.com\/fr\/wp-json\/wp\/v2\/product"}],"about":[{"href":"https:\/\/cascinasancassiano.com\/fr\/wp-json\/wp\/v2\/types\/product"}],"version-history":[{"count":0,"href":"https:\/\/cascinasancassiano.com\/fr\/wp-json\/wp\/v2\/product\/15197\/revisions"}],"wp:featuredmedia":[{"embeddable":true,"href":"https:\/\/cascinasancassiano.com\/fr\/wp-json\/wp\/v2\/media\/37785"}],"wp:attachment":[{"href":"https:\/\/cascinasancassiano.com\/fr\/wp-json\/wp\/v2\/media?parent=15197"}],"wp:term":[{"taxonomy":"product_brand","embeddable":true,"href":"https:\/\/cascinasancassiano.com\/fr\/wp-json\/wp\/v2\/product_brand?post=15197"},{"taxonomy":"product_cat","embeddable":true,"href":"https:\/\/cascinasancassiano.com\/fr\/wp-json\/wp\/v2\/product_cat?post=15197"},{"taxonomy":"product_tag","embeddable":true,"href":"https:\/\/cascinasancassiano.com\/fr\/wp-json\/wp\/v2\/product_tag?post=15197"}],"curies":[{"name":"wp","href":"https:\/\/api.w.org\/{rel}","templated":true}]}}