{"id":39231,"date":"2026-02-09T13:24:11","date_gmt":"2026-02-09T12:24:11","guid":{"rendered":"https:\/\/cascinasancassiano.com\/cookie-policy\/"},"modified":"2026-02-09T14:34:30","modified_gmt":"2026-02-09T13:34:30","slug":"cookie-policy","status":"publish","type":"page","link":"https:\/\/cascinasancassiano.com\/fr\/cookie-policy\/","title":{"rendered":"Cookie policy"},"content":{"rendered":"\n<!-- Start CookieYes cookie policy -->\n<h2>Informations sur les cookies<\/h2>\n<div class=\"cookie-policy-date-container\">\n  <p>Date d&rsquo;entr\u00e9e en vigueur : f\u00e9vrier 2026<\/p>\n  <p>Derni\u00e8re mise \u00e0 jour : f\u00e9vrier 09, 2026<\/p>\n<\/div>\n \n<h2>Que sont les cookies ?<\/h2>\n<div class=\"cookie-policy-p\">\n  <p>La pr\u00e9sente politique en mati\u00e8re de cookies explique ce que sont les cookies, comment nous les utilisons, les types de cookies que nous utilisons (c&rsquo;est-\u00e0-dire les informations que nous recueillons \u00e0 l&rsquo;aide des cookies et comment ces informations sont utilis\u00e9es) et comment g\u00e9rer les param\u00e8tres des cookies.<\/p>\n  <p>Les cookies sont de petits fichiers texte utilis\u00e9s pour stocker des informations mineures. Ils sont stock\u00e9s sur l&rsquo;appareil de l&rsquo;utilisateur lorsqu&rsquo;un site web est charg\u00e9 dans le navigateur. Ces cookies contribuent au bon fonctionnement du site web, am\u00e9liorent la s\u00e9curit\u00e9, offrent une meilleure exp\u00e9rience utilisateur et analysent les performances afin d&rsquo;identifier ce qui fonctionne et ce qui doit \u00eatre am\u00e9lior\u00e9.  <\/p>\n<\/div> <h2>Comment utilisons-nous les cookies ?<\/h2>\n<div class=\"cookie-policy-p\">\n  <p>Comme la plupart des services en ligne, notre site Web utilise des cookies propri\u00e9taires et tiers \u00e0 diverses fins. Les cookies propri\u00e9taires sont principalement n\u00e9cessaires au bon fonctionnement du site Web et ne collectent pas de donn\u00e9es personnelles identifiables. <\/p>\n  <p>Les cookies tiers utilis\u00e9s sur notre site Web nous aident principalement \u00e0 comprendre les performances du site Web, \u00e0 suivre la mani\u00e8re dont vous interagissez avec celui-ci, \u00e0 garantir la s\u00e9curit\u00e9 de nos services, \u00e0 fournir des publicit\u00e9s pertinentes et \u00e0 am\u00e9liorer votre exp\u00e9rience globale, tout en optimisant la vitesse de vos interactions futures avec notre site Web.<\/p>\n<\/div> <h2>Types de cookies utilis\u00e9s<\/h2>\n<div class=\"cky-audit-table-element\"><\/div> <h2 style=\"margin-bottom: 20px\">G\u00e9rer les pr\u00e9f\u00e9rences en mati\u00e8re de cookies<\/h2><a class=\"cky-banner-element elementor-button elementor-button-link elementor-size-sm\" style=\"color:#fff;background-color:#000;\">Pr\u00e9f\u00e9rences relatives au consentement<\/a><br\/><br\/><div>\n  <p>Vous pouvez modifier vos param\u00e8tres de cookies \u00e0 tout moment en cliquant sur le bouton \u00ab Pr\u00e9f\u00e9rences de consentement \u00bb en haut de la page. Cela vous permettra d&rsquo;afficher \u00e0 nouveau la banni\u00e8re de consentement aux cookies et de mettre \u00e0 jour vos pr\u00e9f\u00e9rences ou de retirer imm\u00e9diatement votre consentement. <\/p>\n  <p>De plus, plusieurs navigateurs proposent diff\u00e9rentes m\u00e9thodes pour bloquer et supprimer les cookies utilis\u00e9s par les sites Web. Vous pouvez modifier les param\u00e8tres de votre navigateur pour bloquer ou supprimer les cookies. Vous trouverez ci-dessous des liens vers des documents d&rsquo;aide sur la gestion et la suppression des cookies dans les principaux navigateurs Web.  <\/p>\n  <p>Chrome: <a target=\"_blank\" rel=\"noopener noreferrer\" href=\"https:\/\/support.google.com\/accounts\/answer\/32050\">https:\/\/support.google.com\/accounts\/answer\/32050<\/a><\/p>\n  <p>Safari: <a target=\"_blank\" rel=\"noopener noreferrer\" href=\"https:\/\/support.apple.com\/en-in\/guide\/safari\/sfri11471\/mac\">https:\/\/support.apple.com\/en-in\/guide\/safari\/sfri11471\/mac<\/a><\/p>\n  <p>Firefox: <a target=\"_blank\" rel=\"noopener noreferrer\" href=\"https:\/\/support.mozilla.org\/en-US\/kb\/clear-cookies-and-site-data-firefox?redirectslug=delete-cookies-remove-info-websites-stored&#038;redirectlocale=en-US\">https:\/\/support.mozilla.org\/en-US\/kb\/clear-cookies-and-site-data-firefox?redirectslug=delete-cookies-remove-info-websites-stored&#038;redirectlocale=en-US<\/a><\/p>\n  <p>Internet Explorer: <a target=\"_blank\" rel=\"noopener noreferrer\" href=\"https:\/\/support.microsoft.com\/en-us\/topic\/how-to-delete-cookie-files-in-internet-explorer-bca9446f-d873-78de-77ba-d42645fa52fc\">https:\/\/support.microsoft.com\/en-us\/topic\/how-to-delete-cookie-files-in-internet-explorer-bca9446f-d873-78de-77ba-d42645fa52fc<\/a><\/p>\n  <p>Si vous utilisez un autre navigateur Web, veuillez vous reporter \u00e0 la documentation d&rsquo;aide officielle.<\/p>\n<\/div>\n<!-- End CookieYes cookie policy -->\n<\/p>\n<p><strong>Conservation des donn\u00e9es<\/strong>&lt; 0 &gt;Les donn\u00e9es personnelles trait\u00e9es seront conserv\u00e9es pendant le temps strictement n\u00e9cessaire pour atteindre ces m\u00eames finalit\u00e9s, dans le respect des principes de minimisation et de limitation de la conservation, conform\u00e9ment \u00e0 l&rsquo;article 5.1.e) du R\u00e8glement. De plus amples informations sur la dur\u00e9e de conservation des donn\u00e9es et les crit\u00e8res utilis\u00e9s pour d\u00e9terminer cette dur\u00e9e peuvent \u00eatre demand\u00e9es en \u00e9crivant au Responsable du traitement ou au DPO aux adresses suivantes : <a href=\"mailto:privacy@cascinasancassiano.com\">privacy@cascinasancassiano.com<\/a> <\/p>\n<p><strong>Responsable du traitement et responsable de la protection des donn\u00e9es personnelles<\/strong><br \/>Suite \u00e0 la consultation de ce site ou \u00e0 l&rsquo;inscription volontaire sur celui-ci, des donn\u00e9es, m\u00eame sensibles ou susceptibles de r\u00e9v\u00e9ler l&rsquo;\u00e9tat de sant\u00e9, relatives \u00e0 des personnes identifi\u00e9es ou identifiables peuvent \u00eatre trait\u00e9es. Le \u00ab responsable \u00bb de leur traitement est Cascina San Cassiano, Corso Piave, 182 \u2013 12051 Alba (Italie), email <a href=\"mailto:privacy@cascinasancassiano.com\">privacy@cascinasancassiano.com<\/a>, CF\/PI 02657120040.<br \/>Le responsable de la protection des donn\u00e9es personnelles (ci-apr\u00e8s \u00ab DPO \u00bb) est joignable \u00e0 l&rsquo;adresse suivante: <a href=\"mailto:privacy@cascinasancassiano.com\">privacy@cascinasancassiano.com<\/a> <\/p>\n<p><strong>CASCINA SAN CASSIANO s.r.l.<\/strong><br \/><strong>Corso Piave, 182 \u2013 12051 Alba (CN) \u2013 Tel. 0173282638 \u2013 Fax 0173287361<\/strong><br \/><strong>cascina@cascinasancassiano.com \u2013 www.cascinasancassiano.com<\/strong><br \/><strong>P.IVA\/COD. FISCALE 02657120040<\/strong><\/p>\n","protected":false},"excerpt":{"rendered":"<p>Informations sur les cookies Date d&rsquo;entr\u00e9e en vigueur : f\u00e9vrier [&hellip;]<\/p>\n","protected":false},"author":2,"featured_media":0,"parent":0,"menu_order":0,"comment_status":"closed","ping_status":"closed","template":"","meta":{"_acf_changed":false,"footnotes":""},"class_list":["post-39231","page","type-page","status-publish","hentry"],"acf":[],"yoast_head":"<!-- This site is optimized with the Yoast SEO plugin v27.4 - https:\/\/yoast.com\/product\/yoast-seo-wordpress\/ -->\n<title>Cookie policy - Cascina San Cassiano<\/title>\n<meta name=\"robots\" content=\"index, follow, max-snippet:-1, max-image-preview:large, max-video-preview:-1\" \/>\n<link rel=\"canonical\" href=\"https:\/\/cascinasancassiano.com\/fr\/cookie-policy\/\" \/>\n<meta property=\"og:locale\" content=\"fr_FR\" \/>\n<meta property=\"og:type\" content=\"article\" \/>\n<meta property=\"og:title\" content=\"Cookie policy - Cascina San Cassiano\" \/>\n<meta property=\"og:description\" content=\"Informations sur les cookies Date d&rsquo;entr\u00e9e en vigueur : f\u00e9vrier [&hellip;]\" \/>\n<meta property=\"og:url\" content=\"https:\/\/cascinasancassiano.com\/fr\/cookie-policy\/\" \/>\n<meta property=\"og:site_name\" content=\"Cascina San Cassiano\" \/>\n<meta property=\"article:modified_time\" content=\"2026-02-09T13:34:30+00:00\" \/>\n<meta name=\"twitter:card\" content=\"summary_large_image\" \/>\n<meta name=\"twitter:label1\" content=\"Dur\u00e9e de lecture estim\u00e9e\" \/>\n\t<meta name=\"twitter:data1\" content=\"3 minutes\" \/>\n<script type=\"application\/ld+json\" class=\"yoast-schema-graph\">{\"@context\":\"https:\\\/\\\/schema.org\",\"@graph\":[{\"@type\":\"WebPage\",\"@id\":\"https:\\\/\\\/cascinasancassiano.com\\\/fr\\\/cookie-policy\\\/\",\"url\":\"https:\\\/\\\/cascinasancassiano.com\\\/fr\\\/cookie-policy\\\/\",\"name\":\"Cookie policy - Cascina San Cassiano\",\"isPartOf\":{\"@id\":\"https:\\\/\\\/paolos156.sg-host.com\\\/#website\"},\"datePublished\":\"2026-02-09T12:24:11+00:00\",\"dateModified\":\"2026-02-09T13:34:30+00:00\",\"inLanguage\":\"fr-FR\",\"potentialAction\":[{\"@type\":\"ReadAction\",\"target\":[\"https:\\\/\\\/cascinasancassiano.com\\\/fr\\\/cookie-policy\\\/\"]}]},{\"@type\":\"WebSite\",\"@id\":\"https:\\\/\\\/paolos156.sg-host.com\\\/#website\",\"url\":\"https:\\\/\\\/paolos156.sg-host.com\\\/\",\"name\":\"Cascina San Cassiano\",\"description\":\"Gusta, credi, ama.\",\"publisher\":{\"@id\":\"https:\\\/\\\/paolos156.sg-host.com\\\/#organization\"},\"potentialAction\":[{\"@type\":\"SearchAction\",\"target\":{\"@type\":\"EntryPoint\",\"urlTemplate\":\"https:\\\/\\\/paolos156.sg-host.com\\\/?s={search_term_string}\"},\"query-input\":{\"@type\":\"PropertyValueSpecification\",\"valueRequired\":true,\"valueName\":\"search_term_string\"}}],\"inLanguage\":\"fr-FR\"},{\"@type\":\"Organization\",\"@id\":\"https:\\\/\\\/paolos156.sg-host.com\\\/#organization\",\"name\":\"Cascina San Cassiano\",\"url\":\"https:\\\/\\\/paolos156.sg-host.com\\\/\",\"logo\":{\"@type\":\"ImageObject\",\"inLanguage\":\"fr-FR\",\"@id\":\"https:\\\/\\\/paolos156.sg-host.com\\\/#\\\/schema\\\/logo\\\/image\\\/\",\"url\":\"https:\\\/\\\/cascinasancassiano.com\\\/wp-content\\\/uploads\\\/2021\\\/09\\\/cascina-san-cassiano-logo.png\",\"contentUrl\":\"https:\\\/\\\/cascinasancassiano.com\\\/wp-content\\\/uploads\\\/2021\\\/09\\\/cascina-san-cassiano-logo.png\",\"width\":700,\"height\":700,\"caption\":\"Cascina San Cassiano\"},\"image\":{\"@id\":\"https:\\\/\\\/paolos156.sg-host.com\\\/#\\\/schema\\\/logo\\\/image\\\/\"}}]}<\/script>\n<!-- \/ Yoast SEO plugin. -->","yoast_head_json":{"title":"Cookie policy - Cascina San Cassiano","robots":{"index":"index","follow":"follow","max-snippet":"max-snippet:-1","max-image-preview":"max-image-preview:large","max-video-preview":"max-video-preview:-1"},"canonical":"https:\/\/cascinasancassiano.com\/fr\/cookie-policy\/","og_locale":"fr_FR","og_type":"article","og_title":"Cookie policy - Cascina San Cassiano","og_description":"Informations sur les cookies Date d&rsquo;entr\u00e9e en vigueur : f\u00e9vrier [&hellip;]","og_url":"https:\/\/cascinasancassiano.com\/fr\/cookie-policy\/","og_site_name":"Cascina San Cassiano","article_modified_time":"2026-02-09T13:34:30+00:00","twitter_card":"summary_large_image","twitter_misc":{"Dur\u00e9e de lecture estim\u00e9e":"3 minutes"},"schema":{"@context":"https:\/\/schema.org","@graph":[{"@type":"WebPage","@id":"https:\/\/cascinasancassiano.com\/fr\/cookie-policy\/","url":"https:\/\/cascinasancassiano.com\/fr\/cookie-policy\/","name":"Cookie policy - Cascina San Cassiano","isPartOf":{"@id":"https:\/\/paolos156.sg-host.com\/#website"},"datePublished":"2026-02-09T12:24:11+00:00","dateModified":"2026-02-09T13:34:30+00:00","inLanguage":"fr-FR","potentialAction":[{"@type":"ReadAction","target":["https:\/\/cascinasancassiano.com\/fr\/cookie-policy\/"]}]},{"@type":"WebSite","@id":"https:\/\/paolos156.sg-host.com\/#website","url":"https:\/\/paolos156.sg-host.com\/","name":"Cascina San Cassiano","description":"Gusta, credi, ama.","publisher":{"@id":"https:\/\/paolos156.sg-host.com\/#organization"},"potentialAction":[{"@type":"SearchAction","target":{"@type":"EntryPoint","urlTemplate":"https:\/\/paolos156.sg-host.com\/?s={search_term_string}"},"query-input":{"@type":"PropertyValueSpecification","valueRequired":true,"valueName":"search_term_string"}}],"inLanguage":"fr-FR"},{"@type":"Organization","@id":"https:\/\/paolos156.sg-host.com\/#organization","name":"Cascina San Cassiano","url":"https:\/\/paolos156.sg-host.com\/","logo":{"@type":"ImageObject","inLanguage":"fr-FR","@id":"https:\/\/paolos156.sg-host.com\/#\/schema\/logo\/image\/","url":"https:\/\/cascinasancassiano.com\/wp-content\/uploads\/2021\/09\/cascina-san-cassiano-logo.png","contentUrl":"https:\/\/cascinasancassiano.com\/wp-content\/uploads\/2021\/09\/cascina-san-cassiano-logo.png","width":700,"height":700,"caption":"Cascina San Cassiano"},"image":{"@id":"https:\/\/paolos156.sg-host.com\/#\/schema\/logo\/image\/"}}]}},"_links":{"self":[{"href":"https:\/\/cascinasancassiano.com\/fr\/wp-json\/wp\/v2\/pages\/39231","targetHints":{"allow":["GET"]}}],"collection":[{"href":"https:\/\/cascinasancassiano.com\/fr\/wp-json\/wp\/v2\/pages"}],"about":[{"href":"https:\/\/cascinasancassiano.com\/fr\/wp-json\/wp\/v2\/types\/page"}],"author":[{"embeddable":true,"href":"https:\/\/cascinasancassiano.com\/fr\/wp-json\/wp\/v2\/users\/2"}],"replies":[{"embeddable":true,"href":"https:\/\/cascinasancassiano.com\/fr\/wp-json\/wp\/v2\/comments?post=39231"}],"version-history":[{"count":0,"href":"https:\/\/cascinasancassiano.com\/fr\/wp-json\/wp\/v2\/pages\/39231\/revisions"}],"wp:attachment":[{"href":"https:\/\/cascinasancassiano.com\/fr\/wp-json\/wp\/v2\/media?parent=39231"}],"curies":[{"name":"wp","href":"https:\/\/api.w.org\/{rel}","templated":true}]}}