{"id":39071,"date":"2026-02-05T09:01:27","date_gmt":"2026-02-05T08:01:27","guid":{"rendered":"https:\/\/cascinasancassiano.com\/marque-de-distributeur\/"},"modified":"2026-02-05T09:01:28","modified_gmt":"2026-02-05T08:01:28","slug":"marque-de-distributeur","status":"publish","type":"page","link":"https:\/\/cascinasancassiano.com\/fr\/marque-de-distributeur\/","title":{"rendered":"Marque de distributeur"},"content":{"rendered":"\t\t<div data-elementor-type=\"wp-page\" data-elementor-id=\"39071\" class=\"elementor elementor-39071 elementor-32918\" data-elementor-post-type=\"page\">\n\t\t\t\t<div data-dce-background-overlay-color=\"#E9D9C9\" data-dce-background-image-url=\"https:\/\/cascinasancassiano.com\/wp-content\/uploads\/2025\/12\/private-level.jpg\" class=\"elementor-element elementor-element-2c27750 e-con-full e-flex e-con e-parent\" data-id=\"2c27750\" data-element_type=\"container\" data-e-type=\"container\" data-settings=\"{&quot;background_background&quot;:&quot;classic&quot;}\">\n\t\t<div class=\"elementor-element elementor-element-5ca1b73 e-flex e-con-boxed e-con e-child\" data-id=\"5ca1b73\" data-element_type=\"container\" data-e-type=\"container\" data-settings=\"{&quot;background_background&quot;:&quot;classic&quot;}\">\n\t\t\t\t\t<div class=\"e-con-inner\">\n\t\t<div class=\"elementor-element elementor-element-b14bd03 e-con-full e-flex e-con e-child\" data-id=\"b14bd03\" data-element_type=\"container\" data-e-type=\"container\">\n\t\t\t\t<div data-dce-title-color=\"#000000\" class=\"elementor-element elementor-element-dcc3f90 elementor-widget__width-auto elementor-widget elementor-widget-heading\" data-id=\"dcc3f90\" data-element_type=\"widget\" data-e-type=\"widget\" data-widget_type=\"heading.default\">\n\t\t\t\t<div class=\"elementor-widget-container\">\n\t\t\t\t\t<div class=\"elementor-heading-title elementor-size-default\"><a href=\"https:\/\/cascinasancassiano.com\/prodotti\/\">&lt; Retour aux produits<\/a><\/div>\t\t\t\t<\/div>\n\t\t\t\t<\/div>\n\t\t\t\t<div data-dce-title-color=\"#000000\" class=\"elementor-element elementor-element-569661a elementor-widget elementor-widget-heading\" data-id=\"569661a\" data-element_type=\"widget\" data-e-type=\"widget\" data-widget_type=\"heading.default\">\n\t\t\t\t<div class=\"elementor-widget-container\">\n\t\t\t\t\t<h1 class=\"elementor-heading-title elementor-size-default\">Marque de distributeur et d\u00e9veloppement sur mesure<\/h1>\t\t\t\t<\/div>\n\t\t\t\t<\/div>\n\t\t\t\t<div data-dce-text-color=\"#000000\" class=\"elementor-element elementor-element-ff4d3f3 elementor-widget__width-initial elementor-widget elementor-widget-text-editor\" data-id=\"ff4d3f3\" data-element_type=\"widget\" data-e-type=\"widget\" data-widget_type=\"text-editor.default\">\n\t\t\t\t<div class=\"elementor-widget-container\">\n\t\t\t\t\t\t\t\t\t<p>Notre point fort est notre capacit\u00e9 \u00e0 agir comme un v\u00e9ritable d\u00e9partement R&amp;D pour nos clients. Nous \u00e9coutons vos besoins et les transformons en produits \u00e0 succ\u00e8s, pr\u00eats pour le rayon. Nous ne vous offrons pas seulement un service, mais un parcours de collaboration structur\u00e9 afin de garantir le r\u00e9sultat.<br><strong>Parlez-nous de votre projet: nous sommes pr\u00eats \u00e0 le d\u00e9velopper ensemble.<\/strong><\/p>\t\t\t\t\t\t\t\t<\/div>\n\t\t\t\t<\/div>\n\t\t<div class=\"elementor-element elementor-element-cd3ba16 e-con-full e-flex e-con e-child\" data-id=\"cd3ba16\" data-element_type=\"container\" data-e-type=\"container\">\n\t\t\t\t<div data-dce-background-color=\"#000000\" class=\"elementor-element elementor-element-69ad26d elementor-align-center elementor-widget elementor-widget-button\" data-id=\"69ad26d\" data-element_type=\"widget\" data-e-type=\"widget\" data-widget_type=\"button.default\">\n\t\t\t\t<div class=\"elementor-widget-container\">\n\t\t\t\t\t\t\t\t\t<div class=\"elementor-button-wrapper\">\n\t\t\t\t\t<a class=\"elementor-button elementor-button-link elementor-size-sm elementor-animation-sink\" href=\"https:\/\/cascinasancassiano.com\/fr\/contacts\/\">\n\t\t\t\t\t\t<span class=\"elementor-button-content-wrapper\">\n\t\t\t\t\t\t\t\t\t<span class=\"elementor-button-text\">Contacts<\/span>\n\t\t\t\t\t<\/span>\n\t\t\t\t\t<\/a>\n\t\t\t\t<\/div>\n\t\t\t\t\t\t\t\t<\/div>\n\t\t\t\t<\/div>\n\t\t\t\t<\/div>\n\t\t\t\t<\/div>\n\t\t<div class=\"elementor-element elementor-element-c56fb42 e-con-full e-flex e-con e-child\" data-id=\"c56fb42\" data-element_type=\"container\" data-e-type=\"container\">\n\t\t\t\t<\/div>\n\t\t\t\t\t<\/div>\n\t\t\t\t<\/div>\n\t\t\t\t<\/div>\n\t\t<div class=\"elementor-element elementor-element-1b6e599 e-flex e-con-boxed e-con e-child\" data-id=\"1b6e599\" data-element_type=\"container\" data-e-type=\"container\">\n\t\t\t\t\t<div class=\"e-con-inner\">\n\t\t\t\t<div data-dce-title-color=\"#000000\" class=\"elementor-element elementor-element-46c27c1 elementor-widget__width-inherit elementor-widget elementor-widget-heading\" data-id=\"46c27c1\" data-element_type=\"widget\" data-e-type=\"widget\" data-widget_type=\"heading.default\">\n\t\t\t\t<div class=\"elementor-widget-container\">\n\t\t\t\t\t<h3 class=\"elementor-heading-title elementor-size-default\">Un processus collaboratif, de l\u2019id\u00e9e au rayon<\/h3>\t\t\t\t<\/div>\n\t\t\t\t<\/div>\n\t\t\t\t\t<\/div>\n\t\t\t\t<\/div>\n\t\t<div class=\"elementor-element elementor-element-025af2f e-flex e-con-boxed e-con e-child\" data-id=\"025af2f\" data-element_type=\"container\" data-e-type=\"container\">\n\t\t\t\t\t<div class=\"e-con-inner\">\n\t\t<div class=\"elementor-element elementor-element-94b77ef e-con-full e-flex e-con e-child\" data-id=\"94b77ef\" data-element_type=\"container\" data-e-type=\"container\">\n\t\t<div class=\"elementor-element elementor-element-492df7a e-con-full e-flex e-con e-child\" data-id=\"492df7a\" data-element_type=\"container\" data-e-type=\"container\">\n\t\t\t\t<div class=\"elementor-element elementor-element-46346a4 elementor-widget elementor-widget-image\" data-id=\"46346a4\" data-element_type=\"widget\" data-e-type=\"widget\" data-widget_type=\"image.default\">\n\t\t\t\t<div class=\"elementor-widget-container\">\n\t\t\t\t\t\t\t\t\t\t\t\t\t\t\t<img decoding=\"async\" width=\"115\" height=\"115\" data-src=\"https:\/\/cascinasancassiano.com\/wp-content\/uploads\/2025\/12\/ico-1.png\" class=\"attachment-full size-full wp-image-33009 lazyload\" alt=\"\" data-srcset=\"https:\/\/cascinasancassiano.com\/wp-content\/uploads\/2025\/12\/ico-1.png 115w, https:\/\/cascinasancassiano.com\/wp-content\/uploads\/2025\/12\/ico-1-100x100.png 100w\" data-sizes=\"(max-width: 115px) 100vw, 115px\" src=\"data:image\/svg+xml;base64,PHN2ZyB3aWR0aD0iMSIgaGVpZ2h0PSIxIiB4bWxucz0iaHR0cDovL3d3dy53My5vcmcvMjAwMC9zdmciPjwvc3ZnPg==\" style=\"--smush-placeholder-width: 115px; --smush-placeholder-aspect-ratio: 115\/115;\" \/>\t\t\t\t\t\t\t\t\t\t\t\t\t\t\t<\/div>\n\t\t\t\t<\/div>\n\t\t\t\t<div class=\"elementor-element elementor-element-7a97cbc elementor-hidden-mobile elementor-widget elementor-widget-image\" data-id=\"7a97cbc\" data-element_type=\"widget\" data-e-type=\"widget\" data-widget_type=\"image.default\">\n\t\t\t\t<div class=\"elementor-widget-container\">\n\t\t\t\t\t\t\t\t\t\t\t\t\t\t\t<img decoding=\"async\" width=\"170\" height=\"15\" data-src=\"https:\/\/cascinasancassiano.com\/wp-content\/uploads\/2025\/12\/arrow.png\" class=\"attachment-full size-full wp-image-33005 lazyload\" alt=\"arrow\" src=\"data:image\/svg+xml;base64,PHN2ZyB3aWR0aD0iMSIgaGVpZ2h0PSIxIiB4bWxucz0iaHR0cDovL3d3dy53My5vcmcvMjAwMC9zdmciPjwvc3ZnPg==\" style=\"--smush-placeholder-width: 170px; --smush-placeholder-aspect-ratio: 170\/15;\" \/>\t\t\t\t\t\t\t\t\t\t\t\t\t\t\t<\/div>\n\t\t\t\t<\/div>\n\t\t\t\t<\/div>\n\t\t\t\t<div class=\"elementor-element elementor-element-3ab4e76 elementor-widget elementor-widget-heading\" data-id=\"3ab4e76\" data-element_type=\"widget\" data-e-type=\"widget\" data-widget_type=\"heading.default\">\n\t\t\t\t<div class=\"elementor-widget-container\">\n\t\t\t\t\t<h4 class=\"elementor-heading-title elementor-size-default\">Briefing et analyse<\/h4>\t\t\t\t<\/div>\n\t\t\t\t<\/div>\n\t\t\t\t<div class=\"elementor-element elementor-element-8f8cc3e elementor-widget__width-initial elementor-widget elementor-widget-text-editor\" data-id=\"8f8cc3e\" data-element_type=\"widget\" data-e-type=\"widget\" data-widget_type=\"text-editor.default\">\n\t\t\t\t<div class=\"elementor-widget-container\">\n\t\t\t\t\t\t\t\t\t<p>Notre dialogue commence avec vous. Nous \u00e9coutons vos besoins en mati\u00e8re de go\u00fbt, de positionnement et de prix.<br>Nous analysons ensemble votre march\u00e9 de r\u00e9f\u00e9rence afin de d\u00e9finir des objectifs clairs et partag\u00e9s.  <\/p>\t\t\t\t\t\t\t\t<\/div>\n\t\t\t\t<\/div>\n\t\t\t\t<\/div>\n\t\t<div class=\"elementor-element elementor-element-01d74ad e-con-full e-flex e-con e-child\" data-id=\"01d74ad\" data-element_type=\"container\" data-e-type=\"container\">\n\t\t<div class=\"elementor-element elementor-element-c945f81 e-con-full e-flex e-con e-child\" data-id=\"c945f81\" data-element_type=\"container\" data-e-type=\"container\">\n\t\t\t\t<div class=\"elementor-element elementor-element-c620059 elementor-widget elementor-widget-image\" data-id=\"c620059\" data-element_type=\"widget\" data-e-type=\"widget\" data-widget_type=\"image.default\">\n\t\t\t\t<div class=\"elementor-widget-container\">\n\t\t\t\t\t\t\t\t\t\t\t\t\t\t\t<img decoding=\"async\" width=\"115\" height=\"115\" data-src=\"https:\/\/cascinasancassiano.com\/wp-content\/uploads\/2025\/12\/ico-2.png\" class=\"attachment-full size-full wp-image-33013 lazyload\" alt=\"\" data-srcset=\"https:\/\/cascinasancassiano.com\/wp-content\/uploads\/2025\/12\/ico-2.png 115w, https:\/\/cascinasancassiano.com\/wp-content\/uploads\/2025\/12\/ico-2-100x100.png 100w\" data-sizes=\"(max-width: 115px) 100vw, 115px\" src=\"data:image\/svg+xml;base64,PHN2ZyB3aWR0aD0iMSIgaGVpZ2h0PSIxIiB4bWxucz0iaHR0cDovL3d3dy53My5vcmcvMjAwMC9zdmciPjwvc3ZnPg==\" style=\"--smush-placeholder-width: 115px; --smush-placeholder-aspect-ratio: 115\/115;\" \/>\t\t\t\t\t\t\t\t\t\t\t\t\t\t\t<\/div>\n\t\t\t\t<\/div>\n\t\t\t\t<div class=\"elementor-element elementor-element-073cdf3 elementor-hidden-mobile elementor-widget elementor-widget-image\" data-id=\"073cdf3\" data-element_type=\"widget\" data-e-type=\"widget\" data-widget_type=\"image.default\">\n\t\t\t\t<div class=\"elementor-widget-container\">\n\t\t\t\t\t\t\t\t\t\t\t\t\t\t\t<img decoding=\"async\" width=\"170\" height=\"15\" data-src=\"https:\/\/cascinasancassiano.com\/wp-content\/uploads\/2025\/12\/arrow.png\" class=\"attachment-full size-full wp-image-33005 lazyload\" alt=\"arrow\" src=\"data:image\/svg+xml;base64,PHN2ZyB3aWR0aD0iMSIgaGVpZ2h0PSIxIiB4bWxucz0iaHR0cDovL3d3dy53My5vcmcvMjAwMC9zdmciPjwvc3ZnPg==\" style=\"--smush-placeholder-width: 170px; --smush-placeholder-aspect-ratio: 170\/15;\" \/>\t\t\t\t\t\t\t\t\t\t\t\t\t\t\t<\/div>\n\t\t\t\t<\/div>\n\t\t\t\t<\/div>\n\t\t\t\t<div class=\"elementor-element elementor-element-17f8444 elementor-widget elementor-widget-heading\" data-id=\"17f8444\" data-element_type=\"widget\" data-e-type=\"widget\" data-widget_type=\"heading.default\">\n\t\t\t\t<div class=\"elementor-widget-container\">\n\t\t\t\t\t<h4 class=\"elementor-heading-title elementor-size-default\">D\u00e9veloppement et \u00e9chantillonnage<\/h4>\t\t\t\t<\/div>\n\t\t\t\t<\/div>\n\t\t\t\t<div class=\"elementor-element elementor-element-894fb01 elementor-widget__width-initial elementor-widget elementor-widget-text-editor\" data-id=\"894fb01\" data-element_type=\"widget\" data-e-type=\"widget\" data-widget_type=\"text-editor.default\">\n\t\t\t\t<div class=\"elementor-widget-container\">\n\t\t\t\t\t\t\t\t\tAvec notre technologue alimentaire, nous cr\u00e9ons les premi\u00e8res propositions en laboratoire.\nNous travaillons selon un cycle d\u2019\u00e9chantillons et de retours jusqu\u2019\u00e0 obtenir la recette parfaite, r\u00e9pondant pleinement \u00e0 vos attentes. \t\t\t\t\t\t\t\t<\/div>\n\t\t\t\t<\/div>\n\t\t\t\t<\/div>\n\t\t<div class=\"elementor-element elementor-element-174270a e-con-full e-flex e-con e-child\" data-id=\"174270a\" data-element_type=\"container\" data-e-type=\"container\">\n\t\t<div class=\"elementor-element elementor-element-73ffa6c e-con-full e-flex e-con e-child\" data-id=\"73ffa6c\" data-element_type=\"container\" data-e-type=\"container\">\n\t\t\t\t<div class=\"elementor-element elementor-element-d751758 elementor-widget elementor-widget-image\" data-id=\"d751758\" data-element_type=\"widget\" data-e-type=\"widget\" data-widget_type=\"image.default\">\n\t\t\t\t<div class=\"elementor-widget-container\">\n\t\t\t\t\t\t\t\t\t\t\t\t\t\t\t<img decoding=\"async\" width=\"115\" height=\"115\" data-src=\"https:\/\/cascinasancassiano.com\/wp-content\/uploads\/2025\/12\/ico-3.png\" class=\"attachment-full size-full wp-image-33017 lazyload\" alt=\"\" data-srcset=\"https:\/\/cascinasancassiano.com\/wp-content\/uploads\/2025\/12\/ico-3.png 115w, https:\/\/cascinasancassiano.com\/wp-content\/uploads\/2025\/12\/ico-3-100x100.png 100w\" data-sizes=\"(max-width: 115px) 100vw, 115px\" src=\"data:image\/svg+xml;base64,PHN2ZyB3aWR0aD0iMSIgaGVpZ2h0PSIxIiB4bWxucz0iaHR0cDovL3d3dy53My5vcmcvMjAwMC9zdmciPjwvc3ZnPg==\" style=\"--smush-placeholder-width: 115px; --smush-placeholder-aspect-ratio: 115\/115;\" \/>\t\t\t\t\t\t\t\t\t\t\t\t\t\t\t<\/div>\n\t\t\t\t<\/div>\n\t\t\t\t<div class=\"elementor-element elementor-element-d07a654 elementor-hidden-mobile elementor-widget elementor-widget-image\" data-id=\"d07a654\" data-element_type=\"widget\" data-e-type=\"widget\" data-widget_type=\"image.default\">\n\t\t\t\t<div class=\"elementor-widget-container\">\n\t\t\t\t\t\t\t\t\t\t\t\t\t\t\t<img decoding=\"async\" width=\"170\" height=\"15\" data-src=\"https:\/\/cascinasancassiano.com\/wp-content\/uploads\/2025\/12\/arrow.png\" class=\"attachment-full size-full wp-image-33005 lazyload\" alt=\"arrow\" src=\"data:image\/svg+xml;base64,PHN2ZyB3aWR0aD0iMSIgaGVpZ2h0PSIxIiB4bWxucz0iaHR0cDovL3d3dy53My5vcmcvMjAwMC9zdmciPjwvc3ZnPg==\" style=\"--smush-placeholder-width: 170px; --smush-placeholder-aspect-ratio: 170\/15;\" \/>\t\t\t\t\t\t\t\t\t\t\t\t\t\t\t<\/div>\n\t\t\t\t<\/div>\n\t\t\t\t<\/div>\n\t\t\t\t<div class=\"elementor-element elementor-element-d37730e elementor-widget elementor-widget-heading\" data-id=\"d37730e\" data-element_type=\"widget\" data-e-type=\"widget\" data-widget_type=\"heading.default\">\n\t\t\t\t<div class=\"elementor-widget-container\">\n\t\t\t\t\t<h4 class=\"elementor-heading-title elementor-size-default\">Production et packaging<\/h4>\t\t\t\t<\/div>\n\t\t\t\t<\/div>\n\t\t\t\t<div class=\"elementor-element elementor-element-b461139 elementor-widget__width-initial elementor-widget elementor-widget-text-editor\" data-id=\"b461139\" data-element_type=\"widget\" data-e-type=\"widget\" data-widget_type=\"text-editor.default\">\n\t\t\t\t<div class=\"elementor-widget-container\">\n\t\t\t\t\t\t\t\t\tUne fois la recette approuv\u00e9e, nous planifions la production avec le m\u00eame soin et les m\u00eames processus de qualit\u00e9 que pour nos produits standards. Nous collaborons au choix d\u2019un packaging adapt\u00e9 et fonctionnel.\t\t\t\t\t\t\t\t<\/div>\n\t\t\t\t<\/div>\n\t\t\t\t<\/div>\n\t\t<div class=\"elementor-element elementor-element-52658a0 e-con-full e-flex e-con e-child\" data-id=\"52658a0\" data-element_type=\"container\" data-e-type=\"container\">\n\t\t<div class=\"elementor-element elementor-element-3a28080 e-con-full e-flex e-con e-child\" data-id=\"3a28080\" data-element_type=\"container\" data-e-type=\"container\">\n\t\t\t\t<div class=\"elementor-element elementor-element-402a127 elementor-widget elementor-widget-image\" data-id=\"402a127\" data-element_type=\"widget\" data-e-type=\"widget\" data-widget_type=\"image.default\">\n\t\t\t\t<div class=\"elementor-widget-container\">\n\t\t\t\t\t\t\t\t\t\t\t\t\t\t\t<img decoding=\"async\" width=\"115\" height=\"115\" data-src=\"https:\/\/cascinasancassiano.com\/wp-content\/uploads\/2025\/12\/ico-4.png\" class=\"attachment-full size-full wp-image-33021 lazyload\" alt=\"\" data-srcset=\"https:\/\/cascinasancassiano.com\/wp-content\/uploads\/2025\/12\/ico-4.png 115w, https:\/\/cascinasancassiano.com\/wp-content\/uploads\/2025\/12\/ico-4-100x100.png 100w\" data-sizes=\"(max-width: 115px) 100vw, 115px\" src=\"data:image\/svg+xml;base64,PHN2ZyB3aWR0aD0iMSIgaGVpZ2h0PSIxIiB4bWxucz0iaHR0cDovL3d3dy53My5vcmcvMjAwMC9zdmciPjwvc3ZnPg==\" style=\"--smush-placeholder-width: 115px; --smush-placeholder-aspect-ratio: 115\/115;\" \/>\t\t\t\t\t\t\t\t\t\t\t\t\t\t\t<\/div>\n\t\t\t\t<\/div>\n\t\t\t\t<\/div>\n\t\t\t\t<div class=\"elementor-element elementor-element-290af80 elementor-widget elementor-widget-heading\" data-id=\"290af80\" data-element_type=\"widget\" data-e-type=\"widget\" data-widget_type=\"heading.default\">\n\t\t\t\t<div class=\"elementor-widget-container\">\n\t\t\t\t\t<h4 class=\"elementor-heading-title elementor-size-default\">Commandes et logistique<\/h4>\t\t\t\t<\/div>\n\t\t\t\t<\/div>\n\t\t\t\t<div class=\"elementor-element elementor-element-ff2c8d8 elementor-widget__width-initial elementor-widget elementor-widget-text-editor\" data-id=\"ff2c8d8\" data-element_type=\"widget\" data-e-type=\"widget\" data-widget_type=\"text-editor.default\">\n\t\t\t\t<div class=\"elementor-widget-container\">\n\t\t\t\t\t\t\t\t\tNous nous accordons avec le client et coordonnons l\u2019ensemble de la phase logistique, de la pr\u00e9paration de la commande \u00e0 l\u2019exp\u00e9dition, afin de garantir des livraisons ponctuelles, tra\u00e7ables et optimis\u00e9es en termes de co\u00fbts, pour que chaque exp\u00e9dition arrive \u00e0 destination dans les conditions les plus avantageuses. \t\t\t\t\t\t\t\t<\/div>\n\t\t\t\t<\/div>\n\t\t\t\t<\/div>\n\t\t\t\t\t<\/div>\n\t\t\t\t<\/div>\n\t\t\t\t<\/div>\n\t\t","protected":false},"excerpt":{"rendered":"<p>&lt; Retour aux produits Marque de distributeur et d\u00e9veloppement sur [&hellip;]<\/p>\n","protected":false},"author":2,"featured_media":0,"parent":0,"menu_order":0,"comment_status":"closed","ping_status":"closed","template":"","meta":{"_acf_changed":false,"footnotes":""},"class_list":["post-39071","page","type-page","status-publish","hentry"],"acf":[],"yoast_head":"<!-- This site is optimized with the Yoast SEO plugin v27.4 - https:\/\/yoast.com\/product\/yoast-seo-wordpress\/ -->\n<title>Marque de distributeur - Cascina San Cassiano<\/title>\n<meta name=\"robots\" content=\"index, follow, max-snippet:-1, max-image-preview:large, max-video-preview:-1\" \/>\n<link rel=\"canonical\" href=\"https:\/\/cascinasancassiano.com\/fr\/marque-de-distributeur\/\" \/>\n<meta property=\"og:locale\" content=\"fr_FR\" \/>\n<meta property=\"og:type\" content=\"article\" \/>\n<meta property=\"og:title\" content=\"Marque de distributeur - Cascina San Cassiano\" \/>\n<meta property=\"og:description\" content=\"&lt; Retour aux produits Marque de distributeur et d\u00e9veloppement sur [&hellip;]\" \/>\n<meta property=\"og:url\" content=\"https:\/\/cascinasancassiano.com\/fr\/marque-de-distributeur\/\" \/>\n<meta property=\"og:site_name\" content=\"Cascina San Cassiano\" \/>\n<meta property=\"article:modified_time\" content=\"2026-02-05T08:01:28+00:00\" \/>\n<meta property=\"og:image\" content=\"https:\/\/cascinasancassiano.com\/wp-content\/uploads\/2025\/12\/ico-1.png\" \/>\n\t<meta property=\"og:image:width\" content=\"115\" \/>\n\t<meta property=\"og:image:height\" content=\"115\" \/>\n\t<meta property=\"og:image:type\" content=\"image\/png\" \/>\n<meta name=\"twitter:card\" content=\"summary_large_image\" \/>\n<meta name=\"twitter:label1\" content=\"Dur\u00e9e de lecture estim\u00e9e\" \/>\n\t<meta name=\"twitter:data1\" content=\"1 minute\" \/>\n<script type=\"application\/ld+json\" class=\"yoast-schema-graph\">{\"@context\":\"https:\\\/\\\/schema.org\",\"@graph\":[{\"@type\":\"WebPage\",\"@id\":\"https:\\\/\\\/cascinasancassiano.com\\\/fr\\\/marque-de-distributeur\\\/\",\"url\":\"https:\\\/\\\/cascinasancassiano.com\\\/fr\\\/marque-de-distributeur\\\/\",\"name\":\"Marque de distributeur - Cascina San Cassiano\",\"isPartOf\":{\"@id\":\"https:\\\/\\\/paolos156.sg-host.com\\\/#website\"},\"primaryImageOfPage\":{\"@id\":\"https:\\\/\\\/cascinasancassiano.com\\\/fr\\\/marque-de-distributeur\\\/#primaryimage\"},\"image\":{\"@id\":\"https:\\\/\\\/cascinasancassiano.com\\\/fr\\\/marque-de-distributeur\\\/#primaryimage\"},\"thumbnailUrl\":\"https:\\\/\\\/cascinasancassiano.com\\\/wp-content\\\/uploads\\\/2025\\\/12\\\/ico-1.png\",\"datePublished\":\"2026-02-05T08:01:27+00:00\",\"dateModified\":\"2026-02-05T08:01:28+00:00\",\"inLanguage\":\"fr-FR\",\"potentialAction\":[{\"@type\":\"ReadAction\",\"target\":[\"https:\\\/\\\/cascinasancassiano.com\\\/fr\\\/marque-de-distributeur\\\/\"]}]},{\"@type\":\"ImageObject\",\"inLanguage\":\"fr-FR\",\"@id\":\"https:\\\/\\\/cascinasancassiano.com\\\/fr\\\/marque-de-distributeur\\\/#primaryimage\",\"url\":\"https:\\\/\\\/cascinasancassiano.com\\\/wp-content\\\/uploads\\\/2025\\\/12\\\/ico-1.png\",\"contentUrl\":\"https:\\\/\\\/cascinasancassiano.com\\\/wp-content\\\/uploads\\\/2025\\\/12\\\/ico-1.png\"},{\"@type\":\"WebSite\",\"@id\":\"https:\\\/\\\/paolos156.sg-host.com\\\/#website\",\"url\":\"https:\\\/\\\/paolos156.sg-host.com\\\/\",\"name\":\"Cascina San Cassiano\",\"description\":\"Gusta, credi, ama.\",\"publisher\":{\"@id\":\"https:\\\/\\\/paolos156.sg-host.com\\\/#organization\"},\"potentialAction\":[{\"@type\":\"SearchAction\",\"target\":{\"@type\":\"EntryPoint\",\"urlTemplate\":\"https:\\\/\\\/paolos156.sg-host.com\\\/?s={search_term_string}\"},\"query-input\":{\"@type\":\"PropertyValueSpecification\",\"valueRequired\":true,\"valueName\":\"search_term_string\"}}],\"inLanguage\":\"fr-FR\"},{\"@type\":\"Organization\",\"@id\":\"https:\\\/\\\/paolos156.sg-host.com\\\/#organization\",\"name\":\"Cascina San Cassiano\",\"url\":\"https:\\\/\\\/paolos156.sg-host.com\\\/\",\"logo\":{\"@type\":\"ImageObject\",\"inLanguage\":\"fr-FR\",\"@id\":\"https:\\\/\\\/paolos156.sg-host.com\\\/#\\\/schema\\\/logo\\\/image\\\/\",\"url\":\"https:\\\/\\\/cascinasancassiano.com\\\/wp-content\\\/uploads\\\/2021\\\/09\\\/cascina-san-cassiano-logo.png\",\"contentUrl\":\"https:\\\/\\\/cascinasancassiano.com\\\/wp-content\\\/uploads\\\/2021\\\/09\\\/cascina-san-cassiano-logo.png\",\"width\":700,\"height\":700,\"caption\":\"Cascina San Cassiano\"},\"image\":{\"@id\":\"https:\\\/\\\/paolos156.sg-host.com\\\/#\\\/schema\\\/logo\\\/image\\\/\"}}]}<\/script>\n<!-- \/ Yoast SEO plugin. -->","yoast_head_json":{"title":"Marque de distributeur - Cascina San Cassiano","robots":{"index":"index","follow":"follow","max-snippet":"max-snippet:-1","max-image-preview":"max-image-preview:large","max-video-preview":"max-video-preview:-1"},"canonical":"https:\/\/cascinasancassiano.com\/fr\/marque-de-distributeur\/","og_locale":"fr_FR","og_type":"article","og_title":"Marque de distributeur - Cascina San Cassiano","og_description":"&lt; Retour aux produits Marque de distributeur et d\u00e9veloppement sur [&hellip;]","og_url":"https:\/\/cascinasancassiano.com\/fr\/marque-de-distributeur\/","og_site_name":"Cascina San Cassiano","article_modified_time":"2026-02-05T08:01:28+00:00","og_image":[{"width":115,"height":115,"url":"https:\/\/cascinasancassiano.com\/wp-content\/uploads\/2025\/12\/ico-1.png","type":"image\/png"}],"twitter_card":"summary_large_image","twitter_misc":{"Dur\u00e9e de lecture estim\u00e9e":"1 minute"},"schema":{"@context":"https:\/\/schema.org","@graph":[{"@type":"WebPage","@id":"https:\/\/cascinasancassiano.com\/fr\/marque-de-distributeur\/","url":"https:\/\/cascinasancassiano.com\/fr\/marque-de-distributeur\/","name":"Marque de distributeur - Cascina San Cassiano","isPartOf":{"@id":"https:\/\/paolos156.sg-host.com\/#website"},"primaryImageOfPage":{"@id":"https:\/\/cascinasancassiano.com\/fr\/marque-de-distributeur\/#primaryimage"},"image":{"@id":"https:\/\/cascinasancassiano.com\/fr\/marque-de-distributeur\/#primaryimage"},"thumbnailUrl":"https:\/\/cascinasancassiano.com\/wp-content\/uploads\/2025\/12\/ico-1.png","datePublished":"2026-02-05T08:01:27+00:00","dateModified":"2026-02-05T08:01:28+00:00","inLanguage":"fr-FR","potentialAction":[{"@type":"ReadAction","target":["https:\/\/cascinasancassiano.com\/fr\/marque-de-distributeur\/"]}]},{"@type":"ImageObject","inLanguage":"fr-FR","@id":"https:\/\/cascinasancassiano.com\/fr\/marque-de-distributeur\/#primaryimage","url":"https:\/\/cascinasancassiano.com\/wp-content\/uploads\/2025\/12\/ico-1.png","contentUrl":"https:\/\/cascinasancassiano.com\/wp-content\/uploads\/2025\/12\/ico-1.png"},{"@type":"WebSite","@id":"https:\/\/paolos156.sg-host.com\/#website","url":"https:\/\/paolos156.sg-host.com\/","name":"Cascina San Cassiano","description":"Gusta, credi, ama.","publisher":{"@id":"https:\/\/paolos156.sg-host.com\/#organization"},"potentialAction":[{"@type":"SearchAction","target":{"@type":"EntryPoint","urlTemplate":"https:\/\/paolos156.sg-host.com\/?s={search_term_string}"},"query-input":{"@type":"PropertyValueSpecification","valueRequired":true,"valueName":"search_term_string"}}],"inLanguage":"fr-FR"},{"@type":"Organization","@id":"https:\/\/paolos156.sg-host.com\/#organization","name":"Cascina San Cassiano","url":"https:\/\/paolos156.sg-host.com\/","logo":{"@type":"ImageObject","inLanguage":"fr-FR","@id":"https:\/\/paolos156.sg-host.com\/#\/schema\/logo\/image\/","url":"https:\/\/cascinasancassiano.com\/wp-content\/uploads\/2021\/09\/cascina-san-cassiano-logo.png","contentUrl":"https:\/\/cascinasancassiano.com\/wp-content\/uploads\/2021\/09\/cascina-san-cassiano-logo.png","width":700,"height":700,"caption":"Cascina San Cassiano"},"image":{"@id":"https:\/\/paolos156.sg-host.com\/#\/schema\/logo\/image\/"}}]}},"_links":{"self":[{"href":"https:\/\/cascinasancassiano.com\/fr\/wp-json\/wp\/v2\/pages\/39071","targetHints":{"allow":["GET"]}}],"collection":[{"href":"https:\/\/cascinasancassiano.com\/fr\/wp-json\/wp\/v2\/pages"}],"about":[{"href":"https:\/\/cascinasancassiano.com\/fr\/wp-json\/wp\/v2\/types\/page"}],"author":[{"embeddable":true,"href":"https:\/\/cascinasancassiano.com\/fr\/wp-json\/wp\/v2\/users\/2"}],"replies":[{"embeddable":true,"href":"https:\/\/cascinasancassiano.com\/fr\/wp-json\/wp\/v2\/comments?post=39071"}],"version-history":[{"count":0,"href":"https:\/\/cascinasancassiano.com\/fr\/wp-json\/wp\/v2\/pages\/39071\/revisions"}],"wp:attachment":[{"href":"https:\/\/cascinasancassiano.com\/fr\/wp-json\/wp\/v2\/media?parent=39071"}],"curies":[{"name":"wp","href":"https:\/\/api.w.org\/{rel}","templated":true}]}}