{"id":2113,"date":"2019-07-18T17:31:19","date_gmt":"2019-07-18T15:31:19","guid":{"rendered":"http:\/\/www.cascinasancassiano.it\/web\/vegan\/"},"modified":"2025-04-14T10:10:37","modified_gmt":"2025-04-14T08:10:37","slug":"vegetalien","status":"publish","type":"page","link":"https:\/\/cascinasancassiano.com\/fr\/vegetalien\/","title":{"rendered":"Les classiques"},"content":{"rendered":"\t\t<div data-elementor-type=\"wp-page\" data-elementor-id=\"2113\" class=\"elementor elementor-2113 elementor-562\" data-elementor-post-type=\"page\">\n\t\t\t\t<div data-dce-background-image-url=\"https:\/\/cascinasancassiano.com\/wp-content\/uploads\/2019\/09\/home-slider-3_ok.jpg\" class=\"elementor-element elementor-element-c872564 e-flex e-con-boxed e-con e-parent\" data-id=\"c872564\" data-element_type=\"container\" data-e-type=\"container\" data-settings=\"{&quot;background_background&quot;:&quot;classic&quot;}\">\n\t\t\t\t\t<div class=\"e-con-inner\">\n\t\t\t\t<div class=\"elementor-element elementor-element-989500d elementor-widget elementor-widget-heading\" data-id=\"989500d\" data-element_type=\"widget\" data-e-type=\"widget\" data-widget_type=\"heading.default\">\n\t\t\t\t<div class=\"elementor-widget-container\">\n\t\t\t\t\t<h1 class=\"elementor-heading-title elementor-size-default\">Quoi go\u00fbter<\/h1>\t\t\t\t<\/div>\n\t\t\t\t<\/div>\n\t\t\t\t<div class=\"elementor-element elementor-element-cb742f3 elementor-widget elementor-widget-image\" data-id=\"cb742f3\" data-element_type=\"widget\" data-e-type=\"widget\" data-widget_type=\"image.default\">\n\t\t\t\t<div class=\"elementor-widget-container\">\n\t\t\t\t\t\t\t\t\t\t\t\t\t\t\t<img decoding=\"async\" data-src=\"\/wp-content\/uploads\/svg\/separetor-bianco.svg\" title=\"\" alt=\"\" src=\"data:image\/svg+xml;base64,PHN2ZyB3aWR0aD0iMSIgaGVpZ2h0PSIxIiB4bWxucz0iaHR0cDovL3d3dy53My5vcmcvMjAwMC9zdmciPjwvc3ZnPg==\" class=\"lazyload\" \/>\t\t\t\t\t\t\t\t\t\t\t\t\t\t\t<\/div>\n\t\t\t\t<\/div>\n\t\t\t\t\t<\/div>\n\t\t\t\t<\/div>\n\t\t<div class=\"elementor-element elementor-element-fa4487f e-flex e-con-boxed e-con e-parent\" data-id=\"fa4487f\" data-element_type=\"container\" data-e-type=\"container\">\n\t\t\t\t\t<div class=\"e-con-inner\">\n\t\t\t\t<div class=\"elementor-element elementor-element-78c1be9 elementor-widget elementor-widget-heading\" data-id=\"78c1be9\" data-element_type=\"widget\" data-e-type=\"widget\" data-widget_type=\"heading.default\">\n\t\t\t\t<div class=\"elementor-widget-container\">\n\t\t\t\t\t<h2 class=\"elementor-heading-title elementor-size-default\">Les classiques<\/h2>\t\t\t\t<\/div>\n\t\t\t\t<\/div>\n\t\t\t\t<div class=\"elementor-element elementor-element-956c882 elementor-widget elementor-widget-image\" data-id=\"956c882\" data-element_type=\"widget\" data-e-type=\"widget\" data-widget_type=\"image.default\">\n\t\t\t\t<div class=\"elementor-widget-container\">\n\t\t\t\t\t\t\t\t\t\t\t\t\t\t\t<img decoding=\"async\" width=\"311\" height=\"42\" data-src=\"https:\/\/cascinasancassiano.com\/wp-content\/uploads\/2019\/07\/separetor.svg\" class=\"attachment-large size-large wp-image-29 lazyload\" alt=\"\" src=\"data:image\/svg+xml;base64,PHN2ZyB3aWR0aD0iMSIgaGVpZ2h0PSIxIiB4bWxucz0iaHR0cDovL3d3dy53My5vcmcvMjAwMC9zdmciPjwvc3ZnPg==\" style=\"--smush-placeholder-width: 311px; --smush-placeholder-aspect-ratio: 311\/42;\" \/>\t\t\t\t\t\t\t\t\t\t\t\t\t\t\t<\/div>\n\t\t\t\t<\/div>\n\t\t\t\t<div class=\"elementor-element elementor-element-c3b4a05 elementor-widget elementor-widget-text-editor\" data-id=\"c3b4a05\" data-element_type=\"widget\" data-e-type=\"widget\" data-widget_type=\"text-editor.default\">\n\t\t\t\t<div class=\"elementor-widget-container\">\n\t\t\t\t\t\t\t\t\t<p><strong>Un patrimoine gastronomique transmis au fil du temps et repropos\u00e9 dans sa richesse.<\/strong><\/p><p>Aimer la bonne cuisine, c&rsquo;est d\u00e9couvrir ce qui se cache derri\u00e8re un grand plat traditionnel, quelle est son origine et pourquoi il est devenu le symbole d&rsquo;un pays, d&rsquo;un peuple ou d&rsquo;une partie du monde.<br>En tant qu&rsquo;Italiens, nous savons \u00e0 quel point notre tradition culinaire a travers\u00e9 les si\u00e8cles et les territoires, en variant les recettes et les techniques pour s&rsquo;adapter aux changements des habitudes. Nous savons reconna\u00eetre les diff\u00e9rentes cultures culinaires et les appr\u00e9cier dans leur caract\u00e8re original; nous savons aussi les enrichir et les adapter \u00e0 l&rsquo;\u00e9volution des go\u00fbts.<br>\u00c0 la Cascina San Cassiano, nous recherchons toujours ce qu&rsquo;y il a de meilleur, l&rsquo;ingr\u00e9dient qui rend une recette unique et reconnaissable. Qu&rsquo;il s&rsquo;agisse de la cuisine italienne classique, de la cuisine internationale ou d&rsquo;autres grandes \u00e9coles gastronomiques &#8211; de la France aux Cara\u00efbes en passant par le Moyen-Orient, de la Chine \u00e0 l&rsquo;Am\u00e9rique du Nord et du Sud &#8211; nous trouvons toujours des d\u00e9lices \u00e0 savourer, des combinaisons \u00e0 d\u00e9couvrir qui enrichissent la culture de ceux qui ont produit et de ceux qui mangent. Dans nos recettes traditionnelles, il y a des mati\u00e8res premi\u00e8res de grande qualit\u00e9 et de la culture, ainsi que le plaisir de faire de la bonne cuisine.     <\/p>\t\t\t\t\t\t\t\t<\/div>\n\t\t\t\t<\/div>\n\t\t\t\t\t<\/div>\n\t\t\t\t<\/div>\n\t\t<div class=\"elementor-element elementor-element-3b7604e e-flex e-con-boxed e-con e-parent\" data-id=\"3b7604e\" data-element_type=\"container\" data-e-type=\"container\">\n\t\t\t\t\t<div class=\"e-con-inner\">\n\t\t\t\t<div data-dce-text-color=\"#8D8D8D\" data-dce-title-color=\"#FFFFFF\" class=\"elementor-element elementor-element-466fef1 elementor-widget elementor-widget-ucaddon_post_tile\" data-id=\"466fef1\" data-element_type=\"widget\" data-e-type=\"widget\" data-widget_type=\"ucaddon_post_tile.default\">\n\t\t\t\t<div class=\"elementor-widget-container\">\n\t\t\t\t\t\n<!-- start Post Tile -->\n<style>\/* widget: Post Tile *\/\n\n\n\n#uc_post_tile_elementor_466fef1 *\n{\n  box-sizing:border-box;\n}\n#uc_post_tile_elementor_466fef1\n{\n  display: grid;\n}\n\n#uc_post_tile_elementor_466fef1 .gridItem\n{\n  overflow:hidden;\n  position:relative;\n  background-repeat:no-repeat;\n}\n\n#uc_post_tile_elementor_466fef1 .gridItem .postDate\n{\n  position:absolute;\n  left:0px;\n  top:0px;\n  text-align:center;\n}\n\n.postDateDay\n{\n  font-size:32px;\n}\n\n\t\n\n\n#uc_post_tile_elementor_466fef1 .gridItem .gridDescription\n{\n  position:absolute;\n  bottom:0px;\n  width:100%;\n}\n\t\n\n\n\n\n\n.postTitle\n{\n  font-size:32px;\n}\n\n\n#uc_post_tile_elementor_466fef1 .gridItem .gridDescription .postLink a\n{\n  display:inline-block;\n  text-decoration:none;\n  transition:0.3s;\n}\n\n#uc_post_tile_elementor_466fef1 .gridItemOverlay\n{\n  position:absolute;\n  top:0;\n  bottom:0;\n  right:0;\n  left:0;\n  transition:0.3s;\n}\n\n.ue-tile-item-category a{\n  display:inline-block;\n  font-size:10px;\n  position: relative;\n  z-index: 1;\n}\n\n\n\n<\/style>\n\n<div id=\"uc_post_tile_elementor_466fef1\" class=\"ue-post-tile  uc-items-wrapper\" >\n  \n<\/div>\n<!-- end Post Tile -->\t\t\t\t<\/div>\n\t\t\t\t<\/div>\n\t\t\t\t\t<\/div>\n\t\t\t\t<\/div>\n\t\t<div class=\"elementor-element elementor-element-cdafa59 e-flex e-con-boxed e-con e-parent\" data-id=\"cdafa59\" data-element_type=\"container\" data-e-type=\"container\">\n\t\t\t\t\t<div class=\"e-con-inner\">\n\t\t\t\t<div class=\"elementor-element elementor-element-bb735a6 elementor-widget elementor-widget-ucaddon_ue_buttons_post_filter\" data-id=\"bb735a6\" data-element_type=\"widget\" data-e-type=\"widget\" data-widget_type=\"ucaddon_ue_buttons_post_filter.default\">\n\t\t\t\t<div class=\"elementor-widget-container\">\n\t\t\t\t\t\n<!-- start Tabs Filter -->\n\t\t<link id='font-awesome-css' href='https:\/\/cascinasancassiano.com\/wp-content\/plugins\/unlimited-elements-for-elementor-premium\/assets_libraries\/font-awesome6\/fontawesome-all.min.css' type='text\/css' rel='stylesheet' >\n\t\t<link id='font-awesome-4-shim-css' href='https:\/\/cascinasancassiano.com\/wp-content\/plugins\/unlimited-elements-for-elementor-premium\/assets_libraries\/font-awesome6\/fontawesome-v4-shims.min.css' type='text\/css' rel='stylesheet' >\n\n<style>\/* widget: Tabs Filter *\/\n\n#uc_ue_buttons_post_filter_elementor_bb735a6.uc-filter-initing{\n    opacity:0.8;\n    cursor:default;\n}\n\n#uc_ue_buttons_post_filter_elementor_bb735a6 .ue-debug-meta\n{\n  font-size:10px;\n  border:1px solid red;\n  padding:10px;\n}\n\n#uc_ue_buttons_post_filter_elementor_bb735a6 .ue_taxonomy_image img\n{\n  display:block;\n}\n\n#uc_ue_buttons_post_filter_elementor_bb735a6.ue_taxonomy\n{\n  flex-wrap: wrap;\n}\n\n#uc_ue_buttons_post_filter_elementor_bb735a6 a.ue_taxonomy_item\n{\n  display:block;\n}\n\n\n\n#uc_ue_buttons_post_filter_elementor_bb735a6 .uc-item-hidden{\n\tdisplay:none !important;\n}\n\n\n#uc_ue_buttons_post_filter_elementor_bb735a6.uc-filter-initing a{\n   cursor:default;\n   background-color:lightgray !important;\n}\n\n#uc_ue_buttons_post_filter_elementor_bb735a6.uc-filter-initing .ue_taxonomy_item_content{\n\tvisibility:hidden;\n}\n\n\n\n\n#uc_ue_buttons_post_filter_elementor_bb735a6.uc-filter-hidden,\n#uc_ue_buttons_post_filter_elementor_bb735a6.uc-filter-initing.uc-initing-filter-hidden{\n  display:none !important;\n}\n\n\n#uc_ue_buttons_post_filter_elementor_bb735a6 .ue_taxonomy_item_content\n{\n  display:flex;\n  align-items:center;\n}\n\n#uc_ue_buttons_post_filter_elementor_bb735a6 .ue_taxonomy_item_icon\n{\n  flex-grow:0;\n  flex-shrink:0;\n}\n\n#uc_ue_buttons_post_filter_elementor_bb735a6 .ue_taxonomy_item_icon_spacer\n{\n  flex-grow:0;\n  flex-shrink:0;\n}\n\n#uc_ue_buttons_post_filter_elementor_bb735a6 .ue_taxonomy_item_num_posts\n{\n  flex-grow:0;\n  flex-shrink:0;\n}\n\n#uc_ue_buttons_post_filter_elementor_bb735a6 .ue_taxonomy_item_title\n{\n  flex-grow:1;\n}\n\n\n#uc_ue_buttons_post_filter_elementor_bb735a6 .ue_taxonomy_item_num_posts_spacer\n{\n  flex-grow:0;\n  flex-shrink:0;\n}\n\n#uc_ue_buttons_post_filter_elementor_bb735a6 .uc-hide-loading-item{\n\tdisplay:none !important;\n}\n\n\n#uc_ue_buttons_post_filter_elementor_bb735a6-toggle\n{\n  display:none;\n}\n\n#uc_ue_buttons_post_filter_elementor_bb735a6-toggle .#uc_ue_buttons_post_filter_elementor_bb735a6-toggle\n{\n  display:none;\n}\n\n#uc_ue_buttons_post_filter_elementor_bb735a6-toggle .ue_taxonomy_toggle_icon\n{\n  display:inline-flex;\n  align-items:center;\n  justify-content:center;\n  line-height:1em;\n  cursor:pointer;\n}\n\n#uc_ue_buttons_post_filter_elementor_bb735a6-toggle .ue_taxonomy_toggle_icon svg\n{\n  height:1em;\n  width:1em;\n}\n\n\n#uc_ue_buttons_post_filter_elementor_bb735a6-toggle .ue_taxonomy_toggle_icon_close\n{\n  display:none;\n}\n\n  #uc_ue_buttons_post_filter_elementor_bb735a6 .uc-item-all .ue_taxonomy_item_num_posts_spacer,\n  #uc_ue_buttons_post_filter_elementor_bb735a6 .uc-item-all .ue_taxonomy_item_num_posts{\n\t \tdisplay:none !important;\n  }\n\n\n\n\n\n<\/style>\n\n\n<div class=\"ue_taxonomy_toggle\" id=\"uc_ue_buttons_post_filter_elementor_bb735a6-toggle\">\n  <div class=\"ue_taxonomy_toggle_icon\">\n    <div class=\"ue_taxonomy_toggle_icon_open\"><i class='fas fa-bars'><\/i><\/div>\n    <div class=\"ue_taxonomy_toggle_icon_close\"><i class='fas fa-times'><\/i><\/div>\n  <\/div>\n<\/div>\n\n\n<div id=\"uc_ue_buttons_post_filter_elementor_bb735a6-container\">\n  \n<div id=\"uc_ue_buttons_post_filter_elementor_bb735a6\" class=\"ue_taxonomy  uc-grid-filter \"  data-isfilter=\"\" data-filtertype=\"terms_list\"  data-connectgroup=\"group1\" style=\"\">\n    \n    \n  \n      \n        \n  \t<a href=\"javascript:void(0)\" class=\"ue_taxonomy_item  uc-item-all  \"     >\n          \n          \n   \n      \n    <div class=\"ue_taxonomy_item_content\">\n            <span  class=\"ue_taxonomy_item_title\">Toutes les recettes<\/span>          <\/div>\n      \n            \n      \n            \n  <\/a>\n  \n  \n  \n  \n  \n  \n      \n        \n  \t<a href=\"javascript:void(0)\" class=\"ue_taxonomy_item   \"  data-id=\"270\" data-type=\"term\" data-slug=\"colazione-fr\" data-taxonomy=\"pasto\" data-title=\"Petit d\u00e9jeuner\" data-key=\"term|pasto|colazione-fr\"     >\n          \n          \n   \n      \n    <div class=\"ue_taxonomy_item_content\">\n            <span  class=\"ue_taxonomy_item_title\">Petit d\u00e9jeuner<\/span>          <\/div>\n      \n            \n      \n            \n  <\/a>\n  \n  \n  \n  \n  \n  \n      \n        \n  \t<a href=\"javascript:void(0)\" class=\"ue_taxonomy_item   \"  data-id=\"273\" data-type=\"term\" data-slug=\"antipasti-fr\" data-taxonomy=\"pasto\" data-title=\"Hors d\u2019\u0153uvre\" data-key=\"term|pasto|antipasti-fr\"     >\n          \n          \n   \n      \n    <div class=\"ue_taxonomy_item_content\">\n            <span  class=\"ue_taxonomy_item_title\">Hors d\u2019\u0153uvre<\/span>          <\/div>\n      \n            \n      \n            \n  <\/a>\n  \n  \n  \n  \n  \n  \n      \n        \n  \t<a href=\"javascript:void(0)\" class=\"ue_taxonomy_item   \"  data-id=\"276\" data-type=\"term\" data-slug=\"dolci-fr\" data-taxonomy=\"pasto\" data-title=\"Desserts\" data-key=\"term|pasto|dolci-fr\"     >\n          \n          \n   \n      \n    <div class=\"ue_taxonomy_item_content\">\n            <span  class=\"ue_taxonomy_item_title\">Desserts<\/span>          <\/div>\n      \n            \n      \n            \n  <\/a>\n  \n  \n  \n  \n  \n  \n      \n        \n  \t<a href=\"javascript:void(0)\" class=\"ue_taxonomy_item   \"  data-id=\"280\" data-type=\"term\" data-slug=\"primi-fr\" data-taxonomy=\"pasto\" data-title=\"Premiers plats\" data-key=\"term|pasto|primi-fr\"     >\n          \n          \n   \n      \n    <div class=\"ue_taxonomy_item_content\">\n            <span  class=\"ue_taxonomy_item_title\">Premiers plats<\/span>          <\/div>\n      \n            \n      \n            \n  <\/a>\n  \n  \n  \n  \n  \n  \n      \n        \n  \t<a href=\"javascript:void(0)\" class=\"ue_taxonomy_item   \"  data-id=\"281\" data-type=\"term\" data-slug=\"secondi-fr\" data-taxonomy=\"pasto\" data-title=\"Seconds plats\" data-key=\"term|pasto|secondi-fr\"     >\n          \n          \n   \n      \n    <div class=\"ue_taxonomy_item_content\">\n            <span  class=\"ue_taxonomy_item_title\">Seconds plats<\/span>          <\/div>\n      \n            \n      \n            \n  <\/a>\n  \n  \n  \n  \n  \n    \n<\/div>\n\n  \n<\/div>\n\n<!-- end Tabs Filter -->\t\t\t\t<\/div>\n\t\t\t\t<\/div>\n\t\t\t\t<div data-dce-text-color=\"#FFFFFF\" data-dce-title-color=\"#FFFFFF\" class=\"elementor-element elementor-element-85b6f1e elementor-widget elementor-widget-ucaddon_post_grid\" data-id=\"85b6f1e\" data-element_type=\"widget\" data-e-type=\"widget\" data-widget_type=\"ucaddon_post_grid.default\">\n\t\t\t\t<div class=\"elementor-widget-container\">\n\t\t\t\t\t\n<!-- start Post Grid -->\n\n<style>\/* widget: Post Grid *\/\n\n\n\n#uc_post_grid_elementor_85b6f1e{\n  min-height: 1px;\n}\n\n#uc_post_grid_elementor_85b6f1e.uc_post_grid_style_one .uc_post_grid_style_one_wrap {\n   display:grid;\n}\n\n\n#uc_post_grid_elementor_85b6f1e .uc_post_grid_style_one_item{\n  position:relative;\n}\n\n#uc_post_grid_elementor_85b6f1e .uc_post_image{\n  transition:0.3s;\n  position:relative;\n  overflow:hidden;\n}\n\n#uc_post_grid_elementor_85b6f1e .uc_post_image img{\n  width:100%;\n  display:block;\n  transition:0.3s;\n}\n\n\t\n\n#uc_post_grid_elementor_85b6f1e .uc_post_image_overlay{\n  position:absolute;\n  top:0px;\n  left:0px;\n  height:100%;\n  width:100%;\n  transition:0.3s;\n}\n\n#uc_post_grid_elementor_85b6f1e .uc_more_btn-custom-field{\n  display:inline-block;\n  text-align:center;\n  text-decoration:none;\n  transition:0.3s;\n}\n\n#uc_post_grid_elementor_85b6f1e .uc_more_btn{\n  display:inline-block;\n  text-align:center;\n  text-decoration:none;\n  transition:0.3s;\n}\n\n.ue-grid-item-category a{\n  display:inline-block;\n  font-size:10px;\n  position: relative;\n  z-index: 1;\n}\n\n\n.uc_post_title{\n  font-size:21px;\n}\n\n\n\n\n\t#uc_post_grid_elementor_85b6f1e.uc_post_grid_style_one .uc_content{\n      position:absolute;      \n      display:flex;\n      align-items:center;\n      flex-direction:column;\n      justify-content: center;\n    }\n\n\t      #uc_post_grid_elementor_85b6f1e.uc_post_grid_style_one .uc_content{\n        top:0px;\n        left:0px;\n        bottom:0px;\n        right:0px;\n        opacity:0;\n        transition:1s;\n      }\n\n      #uc_post_grid_elementor_85b6f1e .uc_post_grid_style_one_item:hover .uc_content{\n        opacity:1;\n      }\n\t\n\t\n\n\n\n\n\n\n\n\n\n\n\n#uc_post_grid_elementor_85b6f1e .ue-meta-data{  \n  display:flex !important;\n  flex-wrap: wrap;\n  line-height:1em;\n}\n\n#uc_post_grid_elementor_85b6f1e .ue-grid-item-meta-data{\n  display:inline-flex;\n  align-items:center;\n}\n\n#uc_post_grid_elementor_85b6f1e .ue-grid-item-meta-data a{\n  color:inherit;\n}\n\n.ue-grid-item-meta-data{\n  font-size:12px;\n}\n\n#uc_post_grid_elementor_85b6f1e .ue-grid-item-meta-data-icon{\n  line-height:1em;\n}\n\n#uc_post_grid_elementor_85b6f1e .ue-grid-item-meta-data-icon svg{\n  width:1em;\n  height:1em;\n}\n\n#uc_post_grid_elementor_85b6f1e .ue-debug-meta{\n  padding:10px;\n  border:1px solid red;\n  position:relative;\n  line-height:1.5em;\n  font-size:11px;\n  width:100%;\n}\n\n#uc_post_grid_elementor_85b6f1e .uc_btn_inner{\n  display:inline-flex;\n  align-items:center;\n  pointer-events:none;\n}\n\n#uc_post_grid_elementor_85b6f1e .uc_btn_inner svg{\n  width:1em;\n  height:1em;\n}\n#uc_post_grid_elementor_85b6f1e .ue_p_title{\n  pointer-events:none;\n}\n  #uc_post_grid_elementor_85b6f1e .ue_post_full_link{\n    position:absolute;\n    width:100%;\n    height:100%;\n    top:0;\n    left:0;\n  }\n\n\n#uc_post_grid_elementor_85b6f1e .uc_content_inner{\n  width: 100%;\n}\n\n\n<\/style>\n\n<div class=\"uc_post_grid_style_one uc-filterable-grid \" id=\"uc_post_grid_elementor_85b6f1e\"  data-ajax='true'  data-filterbehave='ajax'  data-filtergroup='group1'  querydata='{&quot;count_posts&quot;:0,&quot;total_posts&quot;:0,&quot;page&quot;:1,&quot;num_pages&quot;:1}' >\n\t\t<div class=\"uc_post_grid_style_one_wrap ue_post_grid uc-items-wrapper\">\n\t\t\t\n\t\t<\/div>\n\t<\/div>\n\n\n\n  <div id=\"uc_post_grid_elementor_85b6f1e_empty_message\" class=\"ue-no-posts-found\" >Aucune recette trouv\u00e9e<\/div>\n\n\n<!-- end Post Grid -->\t\t\t\t<\/div>\n\t\t\t\t<\/div>\n\t\t\t\t\t<\/div>\n\t\t\t\t<\/div>\n\t\t\t\t<\/div>\n\t\t","protected":false},"excerpt":{"rendered":"<p>Quoi go\u00fbter Les classiques Un patrimoine gastronomique transmis au fil [&hellip;]<\/p>\n","protected":false},"author":2,"featured_media":2271,"parent":0,"menu_order":0,"comment_status":"closed","ping_status":"closed","template":"","meta":{"_acf_changed":false,"footnotes":""},"class_list":["post-2113","page","type-page","status-publish","has-post-thumbnail","hentry"],"acf":[],"yoast_head":"<!-- This site is optimized with the Yoast SEO plugin v27.4 - https:\/\/yoast.com\/product\/yoast-seo-wordpress\/ -->\n<title>Les classiques - Cascina San Cassiano<\/title>\n<meta name=\"robots\" content=\"index, follow, max-snippet:-1, max-image-preview:large, max-video-preview:-1\" \/>\n<link rel=\"canonical\" href=\"https:\/\/cascinasancassiano.com\/fr\/vegetalien\/\" \/>\n<meta property=\"og:locale\" content=\"fr_FR\" \/>\n<meta property=\"og:type\" content=\"article\" \/>\n<meta property=\"og:title\" content=\"Les classiques - Cascina San Cassiano\" \/>\n<meta property=\"og:description\" content=\"Quoi go\u00fbter Les classiques Un patrimoine gastronomique transmis au fil [&hellip;]\" \/>\n<meta property=\"og:url\" content=\"https:\/\/cascinasancassiano.com\/fr\/vegetalien\/\" \/>\n<meta property=\"og:site_name\" content=\"Cascina San Cassiano\" \/>\n<meta property=\"article:modified_time\" content=\"2025-04-14T08:10:37+00:00\" \/>\n<meta property=\"og:image\" content=\"http:\/\/paolos156.sg-host.com\/wp-content\/uploads\/2019\/09\/home-slider-3_ok.jpg\" \/>\n\t<meta property=\"og:image:width\" content=\"1500\" \/>\n\t<meta property=\"og:image:height\" content=\"765\" \/>\n\t<meta property=\"og:image:type\" content=\"image\/jpeg\" \/>\n<meta name=\"twitter:card\" content=\"summary_large_image\" \/>\n<meta name=\"twitter:label1\" content=\"Dur\u00e9e de lecture estim\u00e9e\" \/>\n\t<meta name=\"twitter:data1\" content=\"3 minutes\" \/>\n<script type=\"application\/ld+json\" class=\"yoast-schema-graph\">{\"@context\":\"https:\\\/\\\/schema.org\",\"@graph\":[{\"@type\":\"WebPage\",\"@id\":\"https:\\\/\\\/cascinasancassiano.com\\\/fr\\\/vegetalien\\\/\",\"url\":\"https:\\\/\\\/cascinasancassiano.com\\\/fr\\\/vegetalien\\\/\",\"name\":\"Les classiques - Cascina San Cassiano\",\"isPartOf\":{\"@id\":\"https:\\\/\\\/paolos156.sg-host.com\\\/#website\"},\"primaryImageOfPage\":{\"@id\":\"https:\\\/\\\/cascinasancassiano.com\\\/fr\\\/vegetalien\\\/#primaryimage\"},\"image\":{\"@id\":\"https:\\\/\\\/cascinasancassiano.com\\\/fr\\\/vegetalien\\\/#primaryimage\"},\"thumbnailUrl\":\"https:\\\/\\\/cascinasancassiano.com\\\/wp-content\\\/uploads\\\/2019\\\/09\\\/home-slider-3_ok.jpg\",\"datePublished\":\"2019-07-18T15:31:19+00:00\",\"dateModified\":\"2025-04-14T08:10:37+00:00\",\"inLanguage\":\"fr-FR\",\"potentialAction\":[{\"@type\":\"ReadAction\",\"target\":[\"https:\\\/\\\/cascinasancassiano.com\\\/fr\\\/vegetalien\\\/\"]}]},{\"@type\":\"ImageObject\",\"inLanguage\":\"fr-FR\",\"@id\":\"https:\\\/\\\/cascinasancassiano.com\\\/fr\\\/vegetalien\\\/#primaryimage\",\"url\":\"https:\\\/\\\/cascinasancassiano.com\\\/wp-content\\\/uploads\\\/2019\\\/09\\\/home-slider-3_ok.jpg\",\"contentUrl\":\"https:\\\/\\\/cascinasancassiano.com\\\/wp-content\\\/uploads\\\/2019\\\/09\\\/home-slider-3_ok.jpg\",\"width\":1500,\"height\":765},{\"@type\":\"WebSite\",\"@id\":\"https:\\\/\\\/paolos156.sg-host.com\\\/#website\",\"url\":\"https:\\\/\\\/paolos156.sg-host.com\\\/\",\"name\":\"Cascina San Cassiano\",\"description\":\"Gusta, credi, ama.\",\"publisher\":{\"@id\":\"https:\\\/\\\/paolos156.sg-host.com\\\/#organization\"},\"potentialAction\":[{\"@type\":\"SearchAction\",\"target\":{\"@type\":\"EntryPoint\",\"urlTemplate\":\"https:\\\/\\\/paolos156.sg-host.com\\\/?s={search_term_string}\"},\"query-input\":{\"@type\":\"PropertyValueSpecification\",\"valueRequired\":true,\"valueName\":\"search_term_string\"}}],\"inLanguage\":\"fr-FR\"},{\"@type\":\"Organization\",\"@id\":\"https:\\\/\\\/paolos156.sg-host.com\\\/#organization\",\"name\":\"Cascina San Cassiano\",\"url\":\"https:\\\/\\\/paolos156.sg-host.com\\\/\",\"logo\":{\"@type\":\"ImageObject\",\"inLanguage\":\"fr-FR\",\"@id\":\"https:\\\/\\\/paolos156.sg-host.com\\\/#\\\/schema\\\/logo\\\/image\\\/\",\"url\":\"https:\\\/\\\/cascinasancassiano.com\\\/wp-content\\\/uploads\\\/2021\\\/09\\\/cascina-san-cassiano-logo.png\",\"contentUrl\":\"https:\\\/\\\/cascinasancassiano.com\\\/wp-content\\\/uploads\\\/2021\\\/09\\\/cascina-san-cassiano-logo.png\",\"width\":700,\"height\":700,\"caption\":\"Cascina San Cassiano\"},\"image\":{\"@id\":\"https:\\\/\\\/paolos156.sg-host.com\\\/#\\\/schema\\\/logo\\\/image\\\/\"}}]}<\/script>\n<!-- \/ Yoast SEO plugin. -->","yoast_head_json":{"title":"Les classiques - Cascina San Cassiano","robots":{"index":"index","follow":"follow","max-snippet":"max-snippet:-1","max-image-preview":"max-image-preview:large","max-video-preview":"max-video-preview:-1"},"canonical":"https:\/\/cascinasancassiano.com\/fr\/vegetalien\/","og_locale":"fr_FR","og_type":"article","og_title":"Les classiques - Cascina San Cassiano","og_description":"Quoi go\u00fbter Les classiques Un patrimoine gastronomique transmis au fil [&hellip;]","og_url":"https:\/\/cascinasancassiano.com\/fr\/vegetalien\/","og_site_name":"Cascina San Cassiano","article_modified_time":"2025-04-14T08:10:37+00:00","og_image":[{"width":1500,"height":765,"url":"http:\/\/paolos156.sg-host.com\/wp-content\/uploads\/2019\/09\/home-slider-3_ok.jpg","type":"image\/jpeg"}],"twitter_card":"summary_large_image","twitter_misc":{"Dur\u00e9e de lecture estim\u00e9e":"3 minutes"},"schema":{"@context":"https:\/\/schema.org","@graph":[{"@type":"WebPage","@id":"https:\/\/cascinasancassiano.com\/fr\/vegetalien\/","url":"https:\/\/cascinasancassiano.com\/fr\/vegetalien\/","name":"Les classiques - Cascina San Cassiano","isPartOf":{"@id":"https:\/\/paolos156.sg-host.com\/#website"},"primaryImageOfPage":{"@id":"https:\/\/cascinasancassiano.com\/fr\/vegetalien\/#primaryimage"},"image":{"@id":"https:\/\/cascinasancassiano.com\/fr\/vegetalien\/#primaryimage"},"thumbnailUrl":"https:\/\/cascinasancassiano.com\/wp-content\/uploads\/2019\/09\/home-slider-3_ok.jpg","datePublished":"2019-07-18T15:31:19+00:00","dateModified":"2025-04-14T08:10:37+00:00","inLanguage":"fr-FR","potentialAction":[{"@type":"ReadAction","target":["https:\/\/cascinasancassiano.com\/fr\/vegetalien\/"]}]},{"@type":"ImageObject","inLanguage":"fr-FR","@id":"https:\/\/cascinasancassiano.com\/fr\/vegetalien\/#primaryimage","url":"https:\/\/cascinasancassiano.com\/wp-content\/uploads\/2019\/09\/home-slider-3_ok.jpg","contentUrl":"https:\/\/cascinasancassiano.com\/wp-content\/uploads\/2019\/09\/home-slider-3_ok.jpg","width":1500,"height":765},{"@type":"WebSite","@id":"https:\/\/paolos156.sg-host.com\/#website","url":"https:\/\/paolos156.sg-host.com\/","name":"Cascina San Cassiano","description":"Gusta, credi, ama.","publisher":{"@id":"https:\/\/paolos156.sg-host.com\/#organization"},"potentialAction":[{"@type":"SearchAction","target":{"@type":"EntryPoint","urlTemplate":"https:\/\/paolos156.sg-host.com\/?s={search_term_string}"},"query-input":{"@type":"PropertyValueSpecification","valueRequired":true,"valueName":"search_term_string"}}],"inLanguage":"fr-FR"},{"@type":"Organization","@id":"https:\/\/paolos156.sg-host.com\/#organization","name":"Cascina San Cassiano","url":"https:\/\/paolos156.sg-host.com\/","logo":{"@type":"ImageObject","inLanguage":"fr-FR","@id":"https:\/\/paolos156.sg-host.com\/#\/schema\/logo\/image\/","url":"https:\/\/cascinasancassiano.com\/wp-content\/uploads\/2021\/09\/cascina-san-cassiano-logo.png","contentUrl":"https:\/\/cascinasancassiano.com\/wp-content\/uploads\/2021\/09\/cascina-san-cassiano-logo.png","width":700,"height":700,"caption":"Cascina San Cassiano"},"image":{"@id":"https:\/\/paolos156.sg-host.com\/#\/schema\/logo\/image\/"}}]}},"_links":{"self":[{"href":"https:\/\/cascinasancassiano.com\/fr\/wp-json\/wp\/v2\/pages\/2113","targetHints":{"allow":["GET"]}}],"collection":[{"href":"https:\/\/cascinasancassiano.com\/fr\/wp-json\/wp\/v2\/pages"}],"about":[{"href":"https:\/\/cascinasancassiano.com\/fr\/wp-json\/wp\/v2\/types\/page"}],"author":[{"embeddable":true,"href":"https:\/\/cascinasancassiano.com\/fr\/wp-json\/wp\/v2\/users\/2"}],"replies":[{"embeddable":true,"href":"https:\/\/cascinasancassiano.com\/fr\/wp-json\/wp\/v2\/comments?post=2113"}],"version-history":[{"count":0,"href":"https:\/\/cascinasancassiano.com\/fr\/wp-json\/wp\/v2\/pages\/2113\/revisions"}],"wp:featuredmedia":[{"embeddable":true,"href":"https:\/\/cascinasancassiano.com\/fr\/wp-json\/wp\/v2\/media\/2271"}],"wp:attachment":[{"href":"https:\/\/cascinasancassiano.com\/fr\/wp-json\/wp\/v2\/media?parent=2113"}],"curies":[{"name":"wp","href":"https:\/\/api.w.org\/{rel}","templated":true}]}}