{"id":3458,"date":"2018-02-15T10:00:55","date_gmt":"2018-02-15T09:00:55","guid":{"rendered":"http:\/\/www.cascinasancassiano.it\/web\/prodotto\/pat-di-olive-nere-con-pomodori-secchi\/"},"modified":"2026-01-28T15:26:42","modified_gmt":"2026-01-28T14:26:42","slug":"pat-di-olive-con-pomodori-secchi","status":"publish","type":"product","link":"https:\/\/cascinasancassiano.com\/en\/prodotto\/pat-di-olive-con-pomodori-secchi\/","title":{"rendered":"Olives and dried tomatoes pat\u00e9"},"content":{"rendered":"<p>Black olives pat\u00e9 with dried tomatoes, ideal to prepare canap\u00e9s and appetizers. Excellent also in combination with main courses of red meat or fish for anyone who wants it.<\/p>\n","protected":false},"excerpt":{"rendered":"<p>Black olives pat\u00e9 with dried tomatoes, ideal to prepare canap\u00e9s [&hellip;]<\/p>\n","protected":false},"featured_media":37160,"template":"","meta":{"_acf_changed":false},"product_brand":[],"product_cat":[488,132,146],"product_tag":[502],"class_list":{"0":"post-3458","1":"product","2":"type-product","3":"status-publish","4":"has-post-thumbnail","6":"product_cat-salse-vegane","7":"product_cat-salato","8":"product_cat-salse-gourmet","9":"product_tag-vegano","11":"first","12":"instock","13":"taxable","14":"shipping-taxable","15":"purchasable","16":"product-type-simple"},"acf":[],"yoast_head":"<!-- This site is optimized with the Yoast SEO plugin v27.4 - https:\/\/yoast.com\/product\/yoast-seo-wordpress\/ -->\n<title>Olives and dried tomatoes pat\u00e9 - Cascina San Cassiano<\/title>\n<meta name=\"robots\" content=\"index, follow, max-snippet:-1, max-image-preview:large, max-video-preview:-1\" \/>\n<link rel=\"canonical\" href=\"https:\/\/cascinasancassiano.com\/en\/prodotto\/pat-di-olive-con-pomodori-secchi\/\" \/>\n<meta property=\"og:locale\" content=\"en_US\" \/>\n<meta property=\"og:type\" content=\"article\" \/>\n<meta property=\"og:title\" content=\"Olives and dried tomatoes pat\u00e9 - Cascina San Cassiano\" \/>\n<meta property=\"og:description\" content=\"Black olives pat\u00e9 with dried tomatoes, ideal to prepare canap\u00e9s [&hellip;]\" \/>\n<meta property=\"og:url\" content=\"https:\/\/cascinasancassiano.com\/en\/prodotto\/pat-di-olive-con-pomodori-secchi\/\" \/>\n<meta property=\"og:site_name\" content=\"Cascina San Cassiano\" \/>\n<meta property=\"article:modified_time\" content=\"2026-01-28T14:26:42+00:00\" \/>\n<meta property=\"og:image\" content=\"https:\/\/cascina.demoengagemint.it\/wp-content\/uploads\/2018\/02\/CSC-624A-Pate-olive-pomodori-secchi-New-26.png\" \/>\n\t<meta property=\"og:image:width\" content=\"1000\" \/>\n\t<meta property=\"og:image:height\" content=\"1000\" \/>\n\t<meta property=\"og:image:type\" content=\"image\/png\" \/>\n<meta name=\"twitter:card\" content=\"summary_large_image\" \/>\n<meta name=\"twitter:label1\" content=\"Est. reading time\" \/>\n\t<meta name=\"twitter:data1\" content=\"1 minute\" \/>\n<script type=\"application\/ld+json\" class=\"yoast-schema-graph\">{\"@context\":\"https:\\\/\\\/schema.org\",\"@graph\":[{\"@type\":\"WebPage\",\"@id\":\"https:\\\/\\\/cascinasancassiano.com\\\/en\\\/prodotto\\\/pat-di-olive-con-pomodori-secchi\\\/\",\"url\":\"https:\\\/\\\/cascinasancassiano.com\\\/en\\\/prodotto\\\/pat-di-olive-con-pomodori-secchi\\\/\",\"name\":\"Olives and dried tomatoes pat\u00e9 - Cascina San Cassiano\",\"isPartOf\":{\"@id\":\"https:\\\/\\\/paolos156.sg-host.com\\\/#website\"},\"primaryImageOfPage\":{\"@id\":\"https:\\\/\\\/cascinasancassiano.com\\\/en\\\/prodotto\\\/pat-di-olive-con-pomodori-secchi\\\/#primaryimage\"},\"image\":{\"@id\":\"https:\\\/\\\/cascinasancassiano.com\\\/en\\\/prodotto\\\/pat-di-olive-con-pomodori-secchi\\\/#primaryimage\"},\"thumbnailUrl\":\"https:\\\/\\\/cascinasancassiano.com\\\/wp-content\\\/uploads\\\/2018\\\/02\\\/CSC-624A-Pate-olive-pomodori-secchi-New-26.png\",\"datePublished\":\"2018-02-15T09:00:55+00:00\",\"dateModified\":\"2026-01-28T14:26:42+00:00\",\"breadcrumb\":{\"@id\":\"https:\\\/\\\/cascinasancassiano.com\\\/en\\\/prodotto\\\/pat-di-olive-con-pomodori-secchi\\\/#breadcrumb\"},\"inLanguage\":\"en-US\",\"potentialAction\":[{\"@type\":\"ReadAction\",\"target\":[\"https:\\\/\\\/cascinasancassiano.com\\\/en\\\/prodotto\\\/pat-di-olive-con-pomodori-secchi\\\/\"]}]},{\"@type\":\"ImageObject\",\"inLanguage\":\"en-US\",\"@id\":\"https:\\\/\\\/cascinasancassiano.com\\\/en\\\/prodotto\\\/pat-di-olive-con-pomodori-secchi\\\/#primaryimage\",\"url\":\"https:\\\/\\\/cascinasancassiano.com\\\/wp-content\\\/uploads\\\/2018\\\/02\\\/CSC-624A-Pate-olive-pomodori-secchi-New-26.png\",\"contentUrl\":\"https:\\\/\\\/cascinasancassiano.com\\\/wp-content\\\/uploads\\\/2018\\\/02\\\/CSC-624A-Pate-olive-pomodori-secchi-New-26.png\",\"width\":1000,\"height\":1000,\"caption\":\"Pate\u0300 olive pomodori secchi\"},{\"@type\":\"BreadcrumbList\",\"@id\":\"https:\\\/\\\/cascinasancassiano.com\\\/en\\\/prodotto\\\/pat-di-olive-con-pomodori-secchi\\\/#breadcrumb\",\"itemListElement\":[{\"@type\":\"ListItem\",\"position\":1,\"name\":\"Products\",\"item\":\"https:\\\/\\\/cascinasancassiano.com\\\/en\\\/shop\\\/\"},{\"@type\":\"ListItem\",\"position\":2,\"name\":\"Olives and dried tomatoes pat\u00e9\"}]},{\"@type\":\"WebSite\",\"@id\":\"https:\\\/\\\/paolos156.sg-host.com\\\/#website\",\"url\":\"https:\\\/\\\/paolos156.sg-host.com\\\/\",\"name\":\"Cascina San Cassiano\",\"description\":\"Gusta, credi, ama.\",\"publisher\":{\"@id\":\"https:\\\/\\\/paolos156.sg-host.com\\\/#organization\"},\"potentialAction\":[{\"@type\":\"SearchAction\",\"target\":{\"@type\":\"EntryPoint\",\"urlTemplate\":\"https:\\\/\\\/paolos156.sg-host.com\\\/?s={search_term_string}\"},\"query-input\":{\"@type\":\"PropertyValueSpecification\",\"valueRequired\":true,\"valueName\":\"search_term_string\"}}],\"inLanguage\":\"en-US\"},{\"@type\":\"Organization\",\"@id\":\"https:\\\/\\\/paolos156.sg-host.com\\\/#organization\",\"name\":\"Cascina San Cassiano\",\"url\":\"https:\\\/\\\/paolos156.sg-host.com\\\/\",\"logo\":{\"@type\":\"ImageObject\",\"inLanguage\":\"en-US\",\"@id\":\"https:\\\/\\\/paolos156.sg-host.com\\\/#\\\/schema\\\/logo\\\/image\\\/\",\"url\":\"https:\\\/\\\/cascinasancassiano.com\\\/wp-content\\\/uploads\\\/2021\\\/09\\\/cascina-san-cassiano-logo.png\",\"contentUrl\":\"https:\\\/\\\/cascinasancassiano.com\\\/wp-content\\\/uploads\\\/2021\\\/09\\\/cascina-san-cassiano-logo.png\",\"width\":700,\"height\":700,\"caption\":\"Cascina San Cassiano\"},\"image\":{\"@id\":\"https:\\\/\\\/paolos156.sg-host.com\\\/#\\\/schema\\\/logo\\\/image\\\/\"}}]}<\/script>\n<!-- \/ Yoast SEO plugin. -->","yoast_head_json":{"title":"Olives and dried tomatoes pat\u00e9 - Cascina San Cassiano","robots":{"index":"index","follow":"follow","max-snippet":"max-snippet:-1","max-image-preview":"max-image-preview:large","max-video-preview":"max-video-preview:-1"},"canonical":"https:\/\/cascinasancassiano.com\/en\/prodotto\/pat-di-olive-con-pomodori-secchi\/","og_locale":"en_US","og_type":"article","og_title":"Olives and dried tomatoes pat\u00e9 - Cascina San Cassiano","og_description":"Black olives pat\u00e9 with dried tomatoes, ideal to prepare canap\u00e9s [&hellip;]","og_url":"https:\/\/cascinasancassiano.com\/en\/prodotto\/pat-di-olive-con-pomodori-secchi\/","og_site_name":"Cascina San Cassiano","article_modified_time":"2026-01-28T14:26:42+00:00","og_image":[{"width":1000,"height":1000,"url":"https:\/\/cascina.demoengagemint.it\/wp-content\/uploads\/2018\/02\/CSC-624A-Pate-olive-pomodori-secchi-New-26.png","type":"image\/png"}],"twitter_card":"summary_large_image","twitter_misc":{"Est. reading time":"1 minute"},"schema":{"@context":"https:\/\/schema.org","@graph":[{"@type":"WebPage","@id":"https:\/\/cascinasancassiano.com\/en\/prodotto\/pat-di-olive-con-pomodori-secchi\/","url":"https:\/\/cascinasancassiano.com\/en\/prodotto\/pat-di-olive-con-pomodori-secchi\/","name":"Olives and dried tomatoes pat\u00e9 - Cascina San Cassiano","isPartOf":{"@id":"https:\/\/paolos156.sg-host.com\/#website"},"primaryImageOfPage":{"@id":"https:\/\/cascinasancassiano.com\/en\/prodotto\/pat-di-olive-con-pomodori-secchi\/#primaryimage"},"image":{"@id":"https:\/\/cascinasancassiano.com\/en\/prodotto\/pat-di-olive-con-pomodori-secchi\/#primaryimage"},"thumbnailUrl":"https:\/\/cascinasancassiano.com\/wp-content\/uploads\/2018\/02\/CSC-624A-Pate-olive-pomodori-secchi-New-26.png","datePublished":"2018-02-15T09:00:55+00:00","dateModified":"2026-01-28T14:26:42+00:00","breadcrumb":{"@id":"https:\/\/cascinasancassiano.com\/en\/prodotto\/pat-di-olive-con-pomodori-secchi\/#breadcrumb"},"inLanguage":"en-US","potentialAction":[{"@type":"ReadAction","target":["https:\/\/cascinasancassiano.com\/en\/prodotto\/pat-di-olive-con-pomodori-secchi\/"]}]},{"@type":"ImageObject","inLanguage":"en-US","@id":"https:\/\/cascinasancassiano.com\/en\/prodotto\/pat-di-olive-con-pomodori-secchi\/#primaryimage","url":"https:\/\/cascinasancassiano.com\/wp-content\/uploads\/2018\/02\/CSC-624A-Pate-olive-pomodori-secchi-New-26.png","contentUrl":"https:\/\/cascinasancassiano.com\/wp-content\/uploads\/2018\/02\/CSC-624A-Pate-olive-pomodori-secchi-New-26.png","width":1000,"height":1000,"caption":"Pate\u0300 olive pomodori secchi"},{"@type":"BreadcrumbList","@id":"https:\/\/cascinasancassiano.com\/en\/prodotto\/pat-di-olive-con-pomodori-secchi\/#breadcrumb","itemListElement":[{"@type":"ListItem","position":1,"name":"Products","item":"https:\/\/cascinasancassiano.com\/en\/shop\/"},{"@type":"ListItem","position":2,"name":"Olives and dried tomatoes pat\u00e9"}]},{"@type":"WebSite","@id":"https:\/\/paolos156.sg-host.com\/#website","url":"https:\/\/paolos156.sg-host.com\/","name":"Cascina San Cassiano","description":"Gusta, credi, ama.","publisher":{"@id":"https:\/\/paolos156.sg-host.com\/#organization"},"potentialAction":[{"@type":"SearchAction","target":{"@type":"EntryPoint","urlTemplate":"https:\/\/paolos156.sg-host.com\/?s={search_term_string}"},"query-input":{"@type":"PropertyValueSpecification","valueRequired":true,"valueName":"search_term_string"}}],"inLanguage":"en-US"},{"@type":"Organization","@id":"https:\/\/paolos156.sg-host.com\/#organization","name":"Cascina San Cassiano","url":"https:\/\/paolos156.sg-host.com\/","logo":{"@type":"ImageObject","inLanguage":"en-US","@id":"https:\/\/paolos156.sg-host.com\/#\/schema\/logo\/image\/","url":"https:\/\/cascinasancassiano.com\/wp-content\/uploads\/2021\/09\/cascina-san-cassiano-logo.png","contentUrl":"https:\/\/cascinasancassiano.com\/wp-content\/uploads\/2021\/09\/cascina-san-cassiano-logo.png","width":700,"height":700,"caption":"Cascina San Cassiano"},"image":{"@id":"https:\/\/paolos156.sg-host.com\/#\/schema\/logo\/image\/"}}]}},"_links":{"self":[{"href":"https:\/\/cascinasancassiano.com\/en\/wp-json\/wp\/v2\/product\/3458","targetHints":{"allow":["GET"]}}],"collection":[{"href":"https:\/\/cascinasancassiano.com\/en\/wp-json\/wp\/v2\/product"}],"about":[{"href":"https:\/\/cascinasancassiano.com\/en\/wp-json\/wp\/v2\/types\/product"}],"version-history":[{"count":0,"href":"https:\/\/cascinasancassiano.com\/en\/wp-json\/wp\/v2\/product\/3458\/revisions"}],"wp:featuredmedia":[{"embeddable":true,"href":"https:\/\/cascinasancassiano.com\/en\/wp-json\/wp\/v2\/media\/37160"}],"wp:attachment":[{"href":"https:\/\/cascinasancassiano.com\/en\/wp-json\/wp\/v2\/media?parent=3458"}],"wp:term":[{"taxonomy":"product_brand","embeddable":true,"href":"https:\/\/cascinasancassiano.com\/en\/wp-json\/wp\/v2\/product_brand?post=3458"},{"taxonomy":"product_cat","embeddable":true,"href":"https:\/\/cascinasancassiano.com\/en\/wp-json\/wp\/v2\/product_cat?post=3458"},{"taxonomy":"product_tag","embeddable":true,"href":"https:\/\/cascinasancassiano.com\/en\/wp-json\/wp\/v2\/product_tag?post=3458"}],"curies":[{"name":"wp","href":"https:\/\/api.w.org\/{rel}","templated":true}]}}