{"id":23935,"date":"2025-05-19T17:57:23","date_gmt":"2025-05-19T15:57:23","guid":{"rendered":"https:\/\/cascinasancassiano.com\/?post_type=product&#038;p=23935"},"modified":"2026-01-28T12:27:02","modified_gmt":"2026-01-28T11:27:02","slug":"bechamel-con-mascarpone","status":"publish","type":"product","link":"https:\/\/cascinasancassiano.com\/en\/prodotto\/bechamel-con-mascarpone\/","title":{"rendered":"B\u00e9chamel sauce"},"content":{"rendered":"<p>A B\u00e9chamel sauce made with soft Mascarpone cheese, butter and flavored with nutmeg, without any flour. This velvety b\u00e9chamel has a smooth texture and delicate flavor, making it ideal for dressing lasagna, baked vegetable casseroles and pasta or rice timbales.<\/p>\n","protected":false},"excerpt":{"rendered":"<p>A B\u00e9chamel sauce made with soft Mascarpone cheese, butter and [&hellip;]<\/p>\n","protected":false},"featured_media":36843,"template":"","meta":{"_acf_changed":false},"product_brand":[],"product_cat":[231,478,132],"product_tag":[],"class_list":{"0":"post-23935","1":"product","2":"type-product","3":"status-publish","4":"has-post-thumbnail","6":"product_cat-creme-a-base-di-formaggio","7":"product_cat-creme-formaggio","8":"product_cat-salato","9":"pa_novita-novita","11":"first","12":"instock","13":"taxable","14":"shipping-taxable","15":"purchasable","16":"product-type-simple"},"acf":[],"yoast_head":"<!-- This site is optimized with the Yoast SEO plugin v27.4 - https:\/\/yoast.com\/product\/yoast-seo-wordpress\/ -->\n<title>B\u00e9chamel sauce - Cascina San Cassiano<\/title>\n<meta name=\"description\" content=\"Velvety b\u00e9chamel made with mascarpone and butter, delicately flavored with nutmeg. Ready-to-use sauce for lasagna, cannelloni, and any baked or gratin\u00e9ed dish.\" \/>\n<meta name=\"robots\" content=\"index, follow, max-snippet:-1, max-image-preview:large, max-video-preview:-1\" \/>\n<link rel=\"canonical\" href=\"https:\/\/cascinasancassiano.com\/en\/prodotto\/bechamel-con-mascarpone\/\" \/>\n<meta property=\"og:locale\" content=\"en_US\" \/>\n<meta property=\"og:type\" content=\"article\" \/>\n<meta property=\"og:title\" content=\"B\u00e9chamel sauce - Cascina San Cassiano\" \/>\n<meta property=\"og:description\" content=\"Velvety b\u00e9chamel made with mascarpone and butter, delicately flavored with nutmeg. Ready-to-use sauce for lasagna, cannelloni, and any baked or gratin\u00e9ed dish.\" \/>\n<meta property=\"og:url\" content=\"https:\/\/cascinasancassiano.com\/en\/prodotto\/bechamel-con-mascarpone\/\" \/>\n<meta property=\"og:site_name\" content=\"Cascina San Cassiano\" \/>\n<meta property=\"article:modified_time\" content=\"2026-01-28T11:27:02+00:00\" \/>\n<meta property=\"og:image\" content=\"https:\/\/cascina.demoengagemint.it\/wp-content\/uploads\/2025\/05\/CSC-750-Salsa-Bechamel-New-26.png\" \/>\n\t<meta property=\"og:image:width\" content=\"1000\" \/>\n\t<meta property=\"og:image:height\" content=\"1000\" \/>\n\t<meta property=\"og:image:type\" content=\"image\/png\" \/>\n<meta name=\"twitter:card\" content=\"summary_large_image\" \/>\n<meta name=\"twitter:label1\" content=\"Est. reading time\" \/>\n\t<meta name=\"twitter:data1\" content=\"2 minutes\" \/>\n<script type=\"application\/ld+json\" class=\"yoast-schema-graph\">{\"@context\":\"https:\\\/\\\/schema.org\",\"@graph\":[{\"@type\":\"WebPage\",\"@id\":\"https:\\\/\\\/cascinasancassiano.com\\\/en\\\/prodotto\\\/bechamel-con-mascarpone\\\/\",\"url\":\"https:\\\/\\\/cascinasancassiano.com\\\/en\\\/prodotto\\\/bechamel-con-mascarpone\\\/\",\"name\":\"B\u00e9chamel sauce - Cascina San Cassiano\",\"isPartOf\":{\"@id\":\"https:\\\/\\\/paolos156.sg-host.com\\\/#website\"},\"primaryImageOfPage\":{\"@id\":\"https:\\\/\\\/cascinasancassiano.com\\\/en\\\/prodotto\\\/bechamel-con-mascarpone\\\/#primaryimage\"},\"image\":{\"@id\":\"https:\\\/\\\/cascinasancassiano.com\\\/en\\\/prodotto\\\/bechamel-con-mascarpone\\\/#primaryimage\"},\"thumbnailUrl\":\"https:\\\/\\\/cascinasancassiano.com\\\/wp-content\\\/uploads\\\/2025\\\/05\\\/CSC-750-Salsa-Bechamel-New-26.png\",\"datePublished\":\"2025-05-19T15:57:23+00:00\",\"dateModified\":\"2026-01-28T11:27:02+00:00\",\"description\":\"Velvety b\u00e9chamel made with mascarpone and butter, delicately flavored with nutmeg. Ready-to-use sauce for lasagna, cannelloni, and any baked or gratin\u00e9ed dish.\",\"breadcrumb\":{\"@id\":\"https:\\\/\\\/cascinasancassiano.com\\\/en\\\/prodotto\\\/bechamel-con-mascarpone\\\/#breadcrumb\"},\"inLanguage\":\"en-US\",\"potentialAction\":[{\"@type\":\"ReadAction\",\"target\":[\"https:\\\/\\\/cascinasancassiano.com\\\/en\\\/prodotto\\\/bechamel-con-mascarpone\\\/\"]}]},{\"@type\":\"ImageObject\",\"inLanguage\":\"en-US\",\"@id\":\"https:\\\/\\\/cascinasancassiano.com\\\/en\\\/prodotto\\\/bechamel-con-mascarpone\\\/#primaryimage\",\"url\":\"https:\\\/\\\/cascinasancassiano.com\\\/wp-content\\\/uploads\\\/2025\\\/05\\\/CSC-750-Salsa-Bechamel-New-26.png\",\"contentUrl\":\"https:\\\/\\\/cascinasancassiano.com\\\/wp-content\\\/uploads\\\/2025\\\/05\\\/CSC-750-Salsa-Bechamel-New-26.png\",\"width\":1000,\"height\":1000,\"caption\":\"Salsa Be\u0300chamel\"},{\"@type\":\"BreadcrumbList\",\"@id\":\"https:\\\/\\\/cascinasancassiano.com\\\/en\\\/prodotto\\\/bechamel-con-mascarpone\\\/#breadcrumb\",\"itemListElement\":[{\"@type\":\"ListItem\",\"position\":1,\"name\":\"Products\",\"item\":\"https:\\\/\\\/cascinasancassiano.com\\\/en\\\/shop\\\/\"},{\"@type\":\"ListItem\",\"position\":2,\"name\":\"B\u00e9chamel sauce\"}]},{\"@type\":\"WebSite\",\"@id\":\"https:\\\/\\\/paolos156.sg-host.com\\\/#website\",\"url\":\"https:\\\/\\\/paolos156.sg-host.com\\\/\",\"name\":\"Cascina San Cassiano\",\"description\":\"Gusta, credi, ama.\",\"publisher\":{\"@id\":\"https:\\\/\\\/paolos156.sg-host.com\\\/#organization\"},\"potentialAction\":[{\"@type\":\"SearchAction\",\"target\":{\"@type\":\"EntryPoint\",\"urlTemplate\":\"https:\\\/\\\/paolos156.sg-host.com\\\/?s={search_term_string}\"},\"query-input\":{\"@type\":\"PropertyValueSpecification\",\"valueRequired\":true,\"valueName\":\"search_term_string\"}}],\"inLanguage\":\"en-US\"},{\"@type\":\"Organization\",\"@id\":\"https:\\\/\\\/paolos156.sg-host.com\\\/#organization\",\"name\":\"Cascina San Cassiano\",\"url\":\"https:\\\/\\\/paolos156.sg-host.com\\\/\",\"logo\":{\"@type\":\"ImageObject\",\"inLanguage\":\"en-US\",\"@id\":\"https:\\\/\\\/paolos156.sg-host.com\\\/#\\\/schema\\\/logo\\\/image\\\/\",\"url\":\"https:\\\/\\\/cascinasancassiano.com\\\/wp-content\\\/uploads\\\/2021\\\/09\\\/cascina-san-cassiano-logo.png\",\"contentUrl\":\"https:\\\/\\\/cascinasancassiano.com\\\/wp-content\\\/uploads\\\/2021\\\/09\\\/cascina-san-cassiano-logo.png\",\"width\":700,\"height\":700,\"caption\":\"Cascina San Cassiano\"},\"image\":{\"@id\":\"https:\\\/\\\/paolos156.sg-host.com\\\/#\\\/schema\\\/logo\\\/image\\\/\"}}]}<\/script>\n<!-- \/ Yoast SEO plugin. -->","yoast_head_json":{"title":"B\u00e9chamel sauce - Cascina San Cassiano","description":"Velvety b\u00e9chamel made with mascarpone and butter, delicately flavored with nutmeg. Ready-to-use sauce for lasagna, cannelloni, and any baked or gratin\u00e9ed dish.","robots":{"index":"index","follow":"follow","max-snippet":"max-snippet:-1","max-image-preview":"max-image-preview:large","max-video-preview":"max-video-preview:-1"},"canonical":"https:\/\/cascinasancassiano.com\/en\/prodotto\/bechamel-con-mascarpone\/","og_locale":"en_US","og_type":"article","og_title":"B\u00e9chamel sauce - Cascina San Cassiano","og_description":"Velvety b\u00e9chamel made with mascarpone and butter, delicately flavored with nutmeg. Ready-to-use sauce for lasagna, cannelloni, and any baked or gratin\u00e9ed dish.","og_url":"https:\/\/cascinasancassiano.com\/en\/prodotto\/bechamel-con-mascarpone\/","og_site_name":"Cascina San Cassiano","article_modified_time":"2026-01-28T11:27:02+00:00","og_image":[{"width":1000,"height":1000,"url":"https:\/\/cascina.demoengagemint.it\/wp-content\/uploads\/2025\/05\/CSC-750-Salsa-Bechamel-New-26.png","type":"image\/png"}],"twitter_card":"summary_large_image","twitter_misc":{"Est. reading time":"2 minutes"},"schema":{"@context":"https:\/\/schema.org","@graph":[{"@type":"WebPage","@id":"https:\/\/cascinasancassiano.com\/en\/prodotto\/bechamel-con-mascarpone\/","url":"https:\/\/cascinasancassiano.com\/en\/prodotto\/bechamel-con-mascarpone\/","name":"B\u00e9chamel sauce - Cascina San Cassiano","isPartOf":{"@id":"https:\/\/paolos156.sg-host.com\/#website"},"primaryImageOfPage":{"@id":"https:\/\/cascinasancassiano.com\/en\/prodotto\/bechamel-con-mascarpone\/#primaryimage"},"image":{"@id":"https:\/\/cascinasancassiano.com\/en\/prodotto\/bechamel-con-mascarpone\/#primaryimage"},"thumbnailUrl":"https:\/\/cascinasancassiano.com\/wp-content\/uploads\/2025\/05\/CSC-750-Salsa-Bechamel-New-26.png","datePublished":"2025-05-19T15:57:23+00:00","dateModified":"2026-01-28T11:27:02+00:00","description":"Velvety b\u00e9chamel made with mascarpone and butter, delicately flavored with nutmeg. Ready-to-use sauce for lasagna, cannelloni, and any baked or gratin\u00e9ed dish.","breadcrumb":{"@id":"https:\/\/cascinasancassiano.com\/en\/prodotto\/bechamel-con-mascarpone\/#breadcrumb"},"inLanguage":"en-US","potentialAction":[{"@type":"ReadAction","target":["https:\/\/cascinasancassiano.com\/en\/prodotto\/bechamel-con-mascarpone\/"]}]},{"@type":"ImageObject","inLanguage":"en-US","@id":"https:\/\/cascinasancassiano.com\/en\/prodotto\/bechamel-con-mascarpone\/#primaryimage","url":"https:\/\/cascinasancassiano.com\/wp-content\/uploads\/2025\/05\/CSC-750-Salsa-Bechamel-New-26.png","contentUrl":"https:\/\/cascinasancassiano.com\/wp-content\/uploads\/2025\/05\/CSC-750-Salsa-Bechamel-New-26.png","width":1000,"height":1000,"caption":"Salsa Be\u0300chamel"},{"@type":"BreadcrumbList","@id":"https:\/\/cascinasancassiano.com\/en\/prodotto\/bechamel-con-mascarpone\/#breadcrumb","itemListElement":[{"@type":"ListItem","position":1,"name":"Products","item":"https:\/\/cascinasancassiano.com\/en\/shop\/"},{"@type":"ListItem","position":2,"name":"B\u00e9chamel sauce"}]},{"@type":"WebSite","@id":"https:\/\/paolos156.sg-host.com\/#website","url":"https:\/\/paolos156.sg-host.com\/","name":"Cascina San Cassiano","description":"Gusta, credi, ama.","publisher":{"@id":"https:\/\/paolos156.sg-host.com\/#organization"},"potentialAction":[{"@type":"SearchAction","target":{"@type":"EntryPoint","urlTemplate":"https:\/\/paolos156.sg-host.com\/?s={search_term_string}"},"query-input":{"@type":"PropertyValueSpecification","valueRequired":true,"valueName":"search_term_string"}}],"inLanguage":"en-US"},{"@type":"Organization","@id":"https:\/\/paolos156.sg-host.com\/#organization","name":"Cascina San Cassiano","url":"https:\/\/paolos156.sg-host.com\/","logo":{"@type":"ImageObject","inLanguage":"en-US","@id":"https:\/\/paolos156.sg-host.com\/#\/schema\/logo\/image\/","url":"https:\/\/cascinasancassiano.com\/wp-content\/uploads\/2021\/09\/cascina-san-cassiano-logo.png","contentUrl":"https:\/\/cascinasancassiano.com\/wp-content\/uploads\/2021\/09\/cascina-san-cassiano-logo.png","width":700,"height":700,"caption":"Cascina San Cassiano"},"image":{"@id":"https:\/\/paolos156.sg-host.com\/#\/schema\/logo\/image\/"}}]}},"_links":{"self":[{"href":"https:\/\/cascinasancassiano.com\/en\/wp-json\/wp\/v2\/product\/23935","targetHints":{"allow":["GET"]}}],"collection":[{"href":"https:\/\/cascinasancassiano.com\/en\/wp-json\/wp\/v2\/product"}],"about":[{"href":"https:\/\/cascinasancassiano.com\/en\/wp-json\/wp\/v2\/types\/product"}],"version-history":[{"count":0,"href":"https:\/\/cascinasancassiano.com\/en\/wp-json\/wp\/v2\/product\/23935\/revisions"}],"wp:featuredmedia":[{"embeddable":true,"href":"https:\/\/cascinasancassiano.com\/en\/wp-json\/wp\/v2\/media\/36843"}],"wp:attachment":[{"href":"https:\/\/cascinasancassiano.com\/en\/wp-json\/wp\/v2\/media?parent=23935"}],"wp:term":[{"taxonomy":"product_brand","embeddable":true,"href":"https:\/\/cascinasancassiano.com\/en\/wp-json\/wp\/v2\/product_brand?post=23935"},{"taxonomy":"product_cat","embeddable":true,"href":"https:\/\/cascinasancassiano.com\/en\/wp-json\/wp\/v2\/product_cat?post=23935"},{"taxonomy":"product_tag","embeddable":true,"href":"https:\/\/cascinasancassiano.com\/en\/wp-json\/wp\/v2\/product_tag?post=23935"}],"curies":[{"name":"wp","href":"https:\/\/api.w.org\/{rel}","templated":true}]}}