{"id":39200,"date":"2026-02-09T11:32:27","date_gmt":"2026-02-09T10:32:27","guid":{"rendered":"https:\/\/cascinasancassiano.com\/privacy-policy-2\/"},"modified":"2026-02-09T13:00:04","modified_gmt":"2026-02-09T12:00:04","slug":"privacy-policy","status":"publish","type":"page","link":"https:\/\/cascinasancassiano.com\/en\/privacy-policy\/","title":{"rendered":"Privacy Policy"},"content":{"rendered":"<p><strong>INFORMATIVA SULLA PRIVACY<\/strong><br \/>\nIn questa informativa si descrivono le modalit\u00e0 di gestione del sito in riferimento al trattamento dei dati personali degli utenti che lo consultano, nonch\u00e9 le pratiche di trattamento dei dati trasmessi dall\u2019interessato al Titolare tramite questo sito.<br \/>\nSi tratta di un\u2019informativa che \u00e8 resa ai sensi dell\u2019art. 13 Regolamento UE 2016\/679 \u2013 Regolamento generale sulla protezione dei dati (\u201cRegolamento\u201d) a coloro che interagiscono con i servizi web della societ\u00e0 Cascina San Cassiano con sede in Corso Piave, 182 \u2013 12051 Alba (Italy), accessibili per via telematica a partire dagli indirizzi <a href=\"http:\/\/www.cascinasancassiano.it\/\" target=\"_blank\" rel=\"noopener noreferrer\" data-link-type=\"external\" data-type=\"linkpicker\">www.cascinasancassiano.it<\/a> e <a href=\"https:\/\/cascinasancassiano.com\/en\/\" target=\"_blank\" rel=\"noopener noreferrer\" data-link-type=\"external\" data-type=\"linkpicker\">www.cascinasancassiano.com<\/a>, corrispondenti alla pagina iniziale del sito Cascina San Cassiano.<br \/>\nSecondo le norme del Regolamento, i trattamenti effettuati da Cascina San Cassiano saranno improntati ai principi di liceit\u00e0, correttezza, trasparenza, limitazione delle finalit\u00e0 e della conservazione, minimizzazione dei dati, esattezza, integrit\u00e0 e riservatezza.<br \/>\nL\u2019informativa \u00e8 resa solo per il sito in questione e non anche per altri siti web eventualmente consultati dall\u2019utente tramite link. <\/p>\n<p><strong>Titolare del trattamento e Responsabile della Protezione dei Dati personali<\/strong><br \/>\nA seguito della consultazione di questo sito, o della volontaria registrazione in esso, possono essere trattati dati, anche sensibili o idonei a rivelare lo stato di salute, relativi a persone identificate o identificabili. Il \u201ctitolare\u201d del loro trattamento \u00e8 Cascina San Cassiano, Corso Piave, 182 \u2013 12051 Alba (Italy), email <a href=\"mailto:privacy@cascinasancassiano.com\">privacy@cascinasancassiano.com<\/a>, CF\/PI 02657120040.<br \/>\nIl Responsabile per la protezione dei dati personali (di seguito, \u201cDPO\u201d) \u00e8 raggiungibile al seguente indirizzo: <a href=\"mailto:privacy@cascinasancassiano.com\">privacy@cascinasancassiano.com<\/a> <\/p>\n<p><strong>Dati personali oggetto del trattamento<\/strong><br \/>\nA seguito della navigazione del Sito, informiamo l\u2019utente che Cascina San Cassiano tratter\u00e0 i suoi dati personali, che potranno essere costituiti da un identificativo come il nome, un identificativo online o a uno o pi\u00f9 elementi caratteristici della sua identit\u00e0 fisica, economica, culturale o sociale idonea a rendere il soggetto interessato identificato o identificabile (di seguito anche soltanto \u201cdati personali\u201d).<\/p>\n<p><strong>Modalit\u00e0 del trattamento<\/strong><br \/>\nI dati personali sono trattati, anche con strumenti automatizzati ed elettronici, per il tempo strettamente necessario a conseguire le finalit\u00e0 per cui sono stati raccolti.<br \/>\nSpecifiche misure di sicurezza sono osservate per prevenire la perdita dei dati, usi illeciti o non corretti ed accessi non autorizzati, tra cui il protocollo sicuro https per alcune parti riservate del sito e delle applicazioni e le protezioni da accessi abusivi nei server e negli altri elaboratori in uso.<br \/>\nI dati personali forniti dagli utenti che si registrano o inoltrano richieste di invio di materiale informativo (bollettini, newsletter, risposte a quesiti, ecc.) sono utilizzati al solo fine di eseguire il servizio o la prestazione richiesta e sono comunicati a terzi non nominati incaricati o responsabili dal Titolare nel solo caso in cui ci\u00f2 sia a tal fine necessario (previo consenso dell\u2019interessato).<\/p>\n<p><strong>Tipi di dati trattati<\/strong><br \/>\nDati di navigazione<br \/>\nI sistemi informatici e le procedure software preposte al funzionamento di questo sito web acquisiscono, nel corso del loro normale esercizio, alcuni dati personali la cui trasmissione \u00e8 implicita nell\u2019uso dei protocolli di comunicazione di Internet.<br \/>\nSi tratta di informazioni che non sono raccolte per essere associate a interessati identificati, ma che per loro stessa natura potrebbero, attraverso elaborazioni ed associazioni con dati detenuti da terzi, permettere di identificare gli utenti.<br \/>\nIn questa categoria di dati rientrano gli indirizzi IP o i nomi a dominio dei computer utilizzati dagli utenti che si connettono al sito, gli indirizzi in notazione URI (Uniform Resource Identifier) delle risorse richieste, l\u2019orario della richiesta, il metodo utilizzato nel sottoporre la richiesta al server, la dimensione del file ottenuto in risposta, il codice numerico indicante lo stato della risposta data dal server (buon fine, errore, ecc.) ed altri parametri relativi al sistema operativo e all\u2019ambiente informatico dell\u2019utente.<br \/>\nQuesti dati vengono utilizzati al solo fine di ricavare informazioni statistiche anonime sull\u2019uso del sito e per controllarne il corretto funzionamento (si veda anche il paragrafo sui Cookies). I dati potrebbero essere utilizzati dalle autorit\u00e0 competenti per l\u2019accertamento di responsabilit\u00e0 in caso di ipotetici reati informatici ai danni del sito.<br \/>\nPossono essere trattati inoltre dati personali forniti volontariamente dall\u2019utente. <\/p>\n<p><strong>Cookies<\/strong><br \/>\nI cookies sono file di testo che vengono depositati sul vostro computer e letti da remoto dai nostri server o dai server di terze parti di cui ci serviamo. L\u2019uso di cookies tecnici permanenti oppure di cookies sessione (cio\u00e8 che non vengono memorizzati in modo persistente sul computer dell\u2019utente e svaniscono con la chiusura del browser) \u00e8 strettamente limitato alla fornitura tecnica del servizio richiesto dall\u2019utente e alla trasmissione di identificativi di sessione (costituiti da numeri casuali generati dal server) necessari per consentire l\u2019esplorazione sicura ed efficiente del sito e delle sue applicazioni.<br \/>\nI cookies tecnici utilizzati in questo sito evitano il ricorso ad altre tecniche informatiche potenzialmente pregiudizievoli per la riservatezza della navigazione degli utenti.<br \/>\nQuesto sito web utilizza, con il consenso preventivo dell\u2019utente (fatto salvo per cookie strettamente necessari sul piano tecnico o meramente statistici con dati aggregati), anche alcuni sistemi \u2013 cookies, beacons \u2013 che analizzano la navigazione degli utenti per realizzare statistiche sulle visite o per migliorare l\u2019offerta dei contenuti e posizionare, eventualmente, advertising mirato nelle pagine web. I sistemi attualmente utilizzati sono Etracker e SmarterStats. Questi sistemi, come altri, utilizzano dei \u201ccookies\u201d. Le informazioni generate dal cookie sull\u2019utilizzo del sito web da parte Vostra (compreso il Vostro indirizzo IP) verranno trasmesse a, e depositate presso i server dei sopracitati sistemi presso le loro sedi e verranno utilizzate allo scopo di tracciare ed esaminare il Vostro utilizzo del sito web, compilare report sulle attivit\u00e0 del sito web per gli operatori del sito web e fornire altri servizi relativi alle attivit\u00e0 del sito web e all\u2019utilizzo di Internet. I sistemi potranno anche trasferire queste informazioni a terzi ove ci\u00f2 sia imposto dalla legge o laddove tali terzi trattino le suddette informazioni per conto di Etracker e\/o SmarterStats. Il vostro indirizzo IP non verr\u00e0 associato ad alcun altro dato posseduto dai sopracitati sistemi.<br \/>\nNon viene fatto altro uso di cookies per la trasmissione di informazioni di carattere personale, n\u00e9 vengono utilizzati altri cookies persistenti di alcun tipo, ovvero sistemi per il tracciamento degli utenti. Vi ricordiamo che potete impostare il vostro software browser per Internet (es. Firefox, Internet Explorer, Edge, Safari, Chrome, opera, altro) in modalit\u00e0 tale da non accettare i cookies, anche tecnici, attivando la cosiddetta navigazione anonima, e che in tal caso nessun dato verr\u00e0 trattato attraverso questi sistemi.       <\/p>\n<p><strong>Plug-in social<\/strong><br \/>\nI \u201cpulsanti sociali\u201d sono visibili sul sito per consentire all\u2019utente di utilizzare le informazioni di registrazione dei social network, per richiedere la registrazione\/iscrizione ai servizi offerti da Cascina San Cassiano.<br \/>\nQueste piattaforme potrebbero depositare dei cookies nel dispositivo dell\u2019utente per il tramite del sito (cookie di terza parte), al fine di raccogliere informazioni sulla navigazione dell\u2019utente.<br \/>\nFacoltativit\u00e0 del conferimento dei dati diversi da quelli di navigazione.<br \/>\nA parte quanto specificato per i dati di navigazione, l\u2019utente \u00e8 libero di fornire i dati personali riportati nei moduli di registrazione\/iscrizione (alcuni con specifica e separata richiesta di consenso per trattamenti che lo richiedono) o comunque indicati in contatti con Cascina San Cassiano per sollecitare l\u2019invio di materiale informativo o di altre comunicazioni (es. la gestione delle richieste personali di contatto per preventivi o informazioni sui servizi offerti da Cascina San Cassiano).<br \/>\nL\u2019invio facoltativo, esplicito e volontario di posta elettronica agli indirizzi indicati su questo sito, o attraverso i moduli di comunicazione, comporta la successiva acquisizione dell\u2019indirizzo del mittente, necessario per rispondere alle richieste, nonch\u00e9 degli eventuali altri dati personali inseriti nella missiva.<br \/>\nIn particolare, i dati personali dell\u2019utente, cos\u00ec come inseriti nei vari form presenti sul sito, verranno trattati per rispondere alle richieste inviate dall\u2019interessato e\/o allo scopo di fornire la newsletter periodica e\/o il materiale informativo, lo scaricamento di altri contenuti. Il conferimento dei dati \u00e8 facoltativo.<br \/>\nTuttavia, il mancato inserimento dei dati necessari rende impossibile l\u2019esecuzione della richiesta. I dati cos\u00ec trasmessi potranno essere trattati, solo per il tempo necessario alle finalit\u00e0 indicate, anche con strumenti elettronici, da parte di incaricati appartenenti alle aree commerciale, redazionale e amministrativa.<br \/>\nI dati cos\u00ec conferiti potranno essere utilizzati dal Titolare anche per informare gli interessati sugli sviluppi o su nuove edizioni di newsletter, nonch\u00e9 di iniziative ad essi collegate, con esclusione di contenuti promozionali o commerciali. Eventuali ulteriori trattamenti, per diverse finalit\u00e0, saranno di volta in volta oggetto di informativa e di richiesta di specifico consenso: questo accade, per esempio, in caso di profilazione o di trattamenti per finalit\u00e0 promozionali di marketing diretto con strumenti automatizzati (sms, mms, email, fax, autorisponditori, messaggistica sui social network) e non automatizzati (telefono con operatore o posta cartacea).<br \/>\nPer i trattamenti effettuati ai fini di invio diretto di proprio materiale pubblicitario o di propria vendita diretta o per il compimento di proprie ricerche di mercato o di comunicazioni commerciali in relazione a prodotti o servizi del Titolare analoghi a quelli da acquistati, ContactLab pu\u00f2 utilizzare, senza il consenso dell\u2019interessato, gli indirizzi di posta elettronica e di posta cartacea ai sensi e nei limiti consentiti dall\u2019art. 130, comma 4 del Codice e dal provvedimento dell\u2019Autorit\u00e0 Garante per la protezione dei dati personali del 19 giugno 2008. La base giuridica del trattamento dei tuoi dati per tale finalit\u00e0 \u00e8 l\u2019art. 6, comma 1, lett. f) del Regolamento. L\u2019interessato ha la possibilit\u00e0 di opporsi a tale trattamento in ogni momento, inizialmente o in occasione di successive comunicazioni, in maniera agevole e gratuitamente anche scrivendo all\u2019indirizzo di posta elettronica <a href=\"mailto:privacy@cascinasancassiano.com\">privacy@cascinasancassiano.com<\/a>, nonch\u00e9 di ottenere un immediato riscontro che confermi l\u2019interruzione di tale trattamento (art. 15 del Regolamento).<br \/>\nNel caso in cui l\u2019utente richieda la registrazione\/iscrizione a determinati servizi di Cascina San Cassiano mediante l\u2019utilizzo di tecnologie plug-in di social networks, acconsente alla comunicazione di dati del proprio profilo\/account da parte del social network a Cascina San Cassiano, nella misura necessaria alla gestione della registrazione\/iscrizione.    <\/p>\n<p><strong>Incaricati, responsabili e sedi del trattamento dei dati<\/strong><br \/>\nI dati personali potranno essere condivisi con: soggetti che agiscono tipicamente in qualit\u00e0 di responsabili del trattamento ex art. 28 del Regolamento ossia: I) persone, societ\u00e0 o studi professionali che prestano attivit\u00e0 di assistenza e consulenza al Titolare in materia contabile, amministrativa, legale, tributaria, finanziaria e di recupero crediti relativamente alla erogazione dei Servizi; II) soggetti con i quali sia necessario interagire per l\u2019erogazione dei Servizi (ad esempio gli hosting provider) III) ovvero soggetti delegati a svolgere attivit\u00e0 di manutenzione tecnica (inclusa la manutenzione degli apparati di rete e delle reti di comunicazione elettronica); (collettivamente \u201cdestinatari\u201d); l\u2019elenco dei responsabili del trattamento che trattano dati pu\u00f2 essere richiesto al Titolare ovvero al DPO scrivendo ai seguenti indirizzi: <a href=\"mailto:privacy@cascinasancassiano.com\">privacy@cascinasancassiano.com<\/a>; soggetti, enti od autorit\u00e0, autonomi titolari del trattamento, a cui sia obbligatorio comunicare i Suoi dati personali in forza di disposizioni di legge o di ordini delle autorit\u00e0; persone autorizzate dal Titolare al trattamento dei dati personali ex art. 29 del Regolamento necessario a svolgere attivit\u00e0 strettamente correlate all\u2019erogazione dei Servizi, che si siano impegnate alla riservatezza o abbiano un adeguato obbligo legale di riservatezza.   <\/p>\n<p><strong>Trasferimenti dei dati personali<\/strong><br \/>\nPer quanto concerne l\u2019eventuale trasferimento dei Dati verso Paesi Terzi, il Titolare rende noto che il trattamento avverr\u00e0 secondo una delle modalit\u00e0 consentite dalla legge vigente, quali ad esempio il consenso dell\u2019interessato, l\u2019adozione di Clausole Standard approvate dalla Commissione Europea, la selezione di soggetti aderenti a programmi internazionali per la libera circolazione dei dati (es. EU-USA Privacy Shield) od operanti in Paesi considerati sicuri dalla Commissione Europea. \u00c8 possibile avere maggiori informazioni, su richiesta, presso il Titolare ai contatti sopraindicati. <\/p>\n<p><strong>Conservazione dei dati<\/strong><br \/>\nI dati personali trattati saranno conservati per il tempo strettamente necessario a raggiungere quelle stesse finalit\u00e0 nel rispetto dei principi di minimizzazione e limitazione della conservazione ex artt. 5.1.e) del Regolamento. Maggiori informazioni in merito al periodo di conservazione dei dati e ai criteri utilizzati per determinare tale periodo possono essere richieste scrivendo al Titolare o al DPO al seguenti indirizzi: <a href=\"mailto:privacy@cascinasancassiano.com\">privacy@cascinasancassiano.com<\/a> <\/p>\n<p><strong>Diritti degli interessati<\/strong><br \/>\nAi sensi degli articoli 15 e seguenti del Regolamento, l\u2019utente ha il diritto di chiedere in qualunque momento, l\u2019accesso ai suoi dati personali, la rettifica o la cancellazione degli stessi, la limitazione del trattamento nei casi previsti dall\u2019art. 18 del Regolamento, ottenere in un formato strutturato, di uso comune e leggibile da dispositivo automatico i dati che lo riguardano, nei casi previsti dall\u2019art. 20 del Regolamento. In ogni momento, l\u2019utente pu\u00f2 revocare ex art. 7 del Regolamento il consenso prestato; proporre reclamo all\u2019autorit\u00e0 di controllo competente ex articolo 77 del GDPR (Garante per la Protezione dei Dati Personali) ai sensi dell\u2019art. 77 del Regolamento, qualora ritenga che il trattamento dei suoi dati sia contrario alla normativa in vigore.<br \/>\nL\u2019utente pu\u00f2 formulare una richiesta di opposizione al trattamento dei suoi dati personali ex articolo 21 del GDPR nella quale dare evidenza delle ragioni che giustifichino l\u2019opposizione: il Titolare si riserva di valutare l\u2019istanza, che non verrebbe accettata in caso di esistenza di motivi legittimi cogenti per procedere al trattamento che prevalgano sugli interessi, diritti e libert\u00e0 dell\u2019utente.<br \/>\nLe richieste vanno rivolte per iscritto al Titolare ovvero al DPO a seguente indirizzo: <a href=\"mailto:privacy@cascinasancassiano.com\">privacy@cascinasancassiano.com<\/a>.    <\/p>\n<p><strong>CASCINA SAN CASSIANO s.r.l.<\/strong><br \/>\n<strong>Corso Piave, 182 \u2013 12051 Alba (CN) \u2013 Tel. 0173282638 \u2013 Fax 0173287361<\/strong><br \/>\n<strong>cascina@cascinasancassiano.com \u2013 www.cascinasancassiano.com<\/strong><br \/>\n<strong>P.IVA\/COD. FISCALE 02657120040 <\/strong><\/p>\n","protected":false},"excerpt":{"rendered":"<p>INFORMATIVA SULLA PRIVACY In questa informativa si descrivono le modalit\u00e0 [&hellip;]<\/p>\n","protected":false},"author":2,"featured_media":0,"parent":0,"menu_order":0,"comment_status":"closed","ping_status":"closed","template":"","meta":{"_acf_changed":false,"footnotes":""},"class_list":["post-39200","page","type-page","status-publish","hentry"],"acf":[],"yoast_head":"<!-- This site is optimized with the Yoast SEO plugin v27.4 - https:\/\/yoast.com\/product\/yoast-seo-wordpress\/ -->\n<title>Privacy Policy - Cascina San Cassiano<\/title>\n<meta name=\"robots\" content=\"index, follow, max-snippet:-1, max-image-preview:large, max-video-preview:-1\" \/>\n<link rel=\"canonical\" href=\"https:\/\/cascinasancassiano.com\/en\/privacy-policy\/\" \/>\n<meta property=\"og:locale\" content=\"en_US\" \/>\n<meta property=\"og:type\" content=\"article\" \/>\n<meta property=\"og:title\" content=\"Privacy Policy - Cascina San Cassiano\" \/>\n<meta property=\"og:description\" content=\"INFORMATIVA SULLA PRIVACY In questa informativa si descrivono le modalit\u00e0 [&hellip;]\" \/>\n<meta property=\"og:url\" content=\"https:\/\/cascinasancassiano.com\/en\/privacy-policy\/\" \/>\n<meta property=\"og:site_name\" content=\"Cascina San Cassiano\" \/>\n<meta property=\"article:modified_time\" content=\"2026-02-09T12:00:04+00:00\" \/>\n<meta name=\"twitter:card\" content=\"summary_large_image\" \/>\n<meta name=\"twitter:label1\" content=\"Est. reading time\" \/>\n\t<meta name=\"twitter:data1\" content=\"11 minutes\" \/>\n<script type=\"application\/ld+json\" class=\"yoast-schema-graph\">{\"@context\":\"https:\\\/\\\/schema.org\",\"@graph\":[{\"@type\":\"WebPage\",\"@id\":\"https:\\\/\\\/cascinasancassiano.com\\\/en\\\/privacy-policy\\\/\",\"url\":\"https:\\\/\\\/cascinasancassiano.com\\\/en\\\/privacy-policy\\\/\",\"name\":\"Privacy Policy - Cascina San Cassiano\",\"isPartOf\":{\"@id\":\"https:\\\/\\\/paolos156.sg-host.com\\\/#website\"},\"datePublished\":\"2026-02-09T10:32:27+00:00\",\"dateModified\":\"2026-02-09T12:00:04+00:00\",\"inLanguage\":\"en-US\",\"potentialAction\":[{\"@type\":\"ReadAction\",\"target\":[\"https:\\\/\\\/cascinasancassiano.com\\\/en\\\/privacy-policy\\\/\"]}]},{\"@type\":\"WebSite\",\"@id\":\"https:\\\/\\\/paolos156.sg-host.com\\\/#website\",\"url\":\"https:\\\/\\\/paolos156.sg-host.com\\\/\",\"name\":\"Cascina San Cassiano\",\"description\":\"Gusta, credi, ama.\",\"publisher\":{\"@id\":\"https:\\\/\\\/paolos156.sg-host.com\\\/#organization\"},\"potentialAction\":[{\"@type\":\"SearchAction\",\"target\":{\"@type\":\"EntryPoint\",\"urlTemplate\":\"https:\\\/\\\/paolos156.sg-host.com\\\/?s={search_term_string}\"},\"query-input\":{\"@type\":\"PropertyValueSpecification\",\"valueRequired\":true,\"valueName\":\"search_term_string\"}}],\"inLanguage\":\"en-US\"},{\"@type\":\"Organization\",\"@id\":\"https:\\\/\\\/paolos156.sg-host.com\\\/#organization\",\"name\":\"Cascina San Cassiano\",\"url\":\"https:\\\/\\\/paolos156.sg-host.com\\\/\",\"logo\":{\"@type\":\"ImageObject\",\"inLanguage\":\"en-US\",\"@id\":\"https:\\\/\\\/paolos156.sg-host.com\\\/#\\\/schema\\\/logo\\\/image\\\/\",\"url\":\"https:\\\/\\\/cascinasancassiano.com\\\/wp-content\\\/uploads\\\/2021\\\/09\\\/cascina-san-cassiano-logo.png\",\"contentUrl\":\"https:\\\/\\\/cascinasancassiano.com\\\/wp-content\\\/uploads\\\/2021\\\/09\\\/cascina-san-cassiano-logo.png\",\"width\":700,\"height\":700,\"caption\":\"Cascina San Cassiano\"},\"image\":{\"@id\":\"https:\\\/\\\/paolos156.sg-host.com\\\/#\\\/schema\\\/logo\\\/image\\\/\"}}]}<\/script>\n<!-- \/ Yoast SEO plugin. -->","yoast_head_json":{"title":"Privacy Policy - Cascina San Cassiano","robots":{"index":"index","follow":"follow","max-snippet":"max-snippet:-1","max-image-preview":"max-image-preview:large","max-video-preview":"max-video-preview:-1"},"canonical":"https:\/\/cascinasancassiano.com\/en\/privacy-policy\/","og_locale":"en_US","og_type":"article","og_title":"Privacy Policy - Cascina San Cassiano","og_description":"INFORMATIVA SULLA PRIVACY In questa informativa si descrivono le modalit\u00e0 [&hellip;]","og_url":"https:\/\/cascinasancassiano.com\/en\/privacy-policy\/","og_site_name":"Cascina San Cassiano","article_modified_time":"2026-02-09T12:00:04+00:00","twitter_card":"summary_large_image","twitter_misc":{"Est. reading time":"11 minutes"},"schema":{"@context":"https:\/\/schema.org","@graph":[{"@type":"WebPage","@id":"https:\/\/cascinasancassiano.com\/en\/privacy-policy\/","url":"https:\/\/cascinasancassiano.com\/en\/privacy-policy\/","name":"Privacy Policy - Cascina San Cassiano","isPartOf":{"@id":"https:\/\/paolos156.sg-host.com\/#website"},"datePublished":"2026-02-09T10:32:27+00:00","dateModified":"2026-02-09T12:00:04+00:00","inLanguage":"en-US","potentialAction":[{"@type":"ReadAction","target":["https:\/\/cascinasancassiano.com\/en\/privacy-policy\/"]}]},{"@type":"WebSite","@id":"https:\/\/paolos156.sg-host.com\/#website","url":"https:\/\/paolos156.sg-host.com\/","name":"Cascina San Cassiano","description":"Gusta, credi, ama.","publisher":{"@id":"https:\/\/paolos156.sg-host.com\/#organization"},"potentialAction":[{"@type":"SearchAction","target":{"@type":"EntryPoint","urlTemplate":"https:\/\/paolos156.sg-host.com\/?s={search_term_string}"},"query-input":{"@type":"PropertyValueSpecification","valueRequired":true,"valueName":"search_term_string"}}],"inLanguage":"en-US"},{"@type":"Organization","@id":"https:\/\/paolos156.sg-host.com\/#organization","name":"Cascina San Cassiano","url":"https:\/\/paolos156.sg-host.com\/","logo":{"@type":"ImageObject","inLanguage":"en-US","@id":"https:\/\/paolos156.sg-host.com\/#\/schema\/logo\/image\/","url":"https:\/\/cascinasancassiano.com\/wp-content\/uploads\/2021\/09\/cascina-san-cassiano-logo.png","contentUrl":"https:\/\/cascinasancassiano.com\/wp-content\/uploads\/2021\/09\/cascina-san-cassiano-logo.png","width":700,"height":700,"caption":"Cascina San Cassiano"},"image":{"@id":"https:\/\/paolos156.sg-host.com\/#\/schema\/logo\/image\/"}}]}},"_links":{"self":[{"href":"https:\/\/cascinasancassiano.com\/en\/wp-json\/wp\/v2\/pages\/39200","targetHints":{"allow":["GET"]}}],"collection":[{"href":"https:\/\/cascinasancassiano.com\/en\/wp-json\/wp\/v2\/pages"}],"about":[{"href":"https:\/\/cascinasancassiano.com\/en\/wp-json\/wp\/v2\/types\/page"}],"author":[{"embeddable":true,"href":"https:\/\/cascinasancassiano.com\/en\/wp-json\/wp\/v2\/users\/2"}],"replies":[{"embeddable":true,"href":"https:\/\/cascinasancassiano.com\/en\/wp-json\/wp\/v2\/comments?post=39200"}],"version-history":[{"count":0,"href":"https:\/\/cascinasancassiano.com\/en\/wp-json\/wp\/v2\/pages\/39200\/revisions"}],"wp:attachment":[{"href":"https:\/\/cascinasancassiano.com\/en\/wp-json\/wp\/v2\/media?parent=39200"}],"curies":[{"name":"wp","href":"https:\/\/api.w.org\/{rel}","templated":true}]}}